{"id":5103,"date":"2021-01-27T11:36:25","date_gmt":"2021-01-27T10:36:25","guid":{"rendered":"https:\/\/www.raytecvision.com\/applicazioni\/"},"modified":"2025-09-22T08:39:15","modified_gmt":"2025-09-22T07:39:15","slug":"applikationen","status":"publish","type":"page","link":"https:\/\/www.raytecvision.com\/de\/applikationen\/","title":{"rendered":"Applikationen"},"content":{"rendered":"\t\t<div data-elementor-type=\"wp-page\" data-elementor-id=\"5103\" class=\"elementor elementor-5103\">\n\t\t\t\t\t\t<div class=\"elementor-inner\">\n\t\t\t\t<div class=\"elementor-section-wrap\">\n\t\t\t\t\t\t\t\t\t<section class=\"elementor-section elementor-top-section elementor-element elementor-element-5395733d elementor-section-boxed elementor-section-height-default elementor-section-height-default\" data-id=\"5395733d\" data-element_type=\"section\">\n\t\t\t\t\t\t<div class=\"elementor-container elementor-column-gap-default\">\n\t\t\t\t\t\t\t<div class=\"elementor-row\">\n\t\t\t\t\t<div class=\"elementor-column elementor-col-100 elementor-top-column elementor-element elementor-element-1b6ba542\" data-id=\"1b6ba542\" data-element_type=\"column\">\n\t\t\t<div class=\"elementor-column-wrap elementor-element-populated\">\n\t\t\t\t\t\t\t<div class=\"elementor-widget-wrap\">\n\t\t\t\t\t\t<div class=\"elementor-element elementor-element-75e553d5 elementor-widget elementor-widget-heading\" data-id=\"75e553d5\" data-element_type=\"widget\" data-widget_type=\"heading.default\">\n\t\t\t\t<div class=\"elementor-widget-container\">\n\t\t\t<h2 class=\"elementor-heading-title elementor-size-default\">Applikationen<\/h2>\t\t<\/div>\n\t\t\t\t<\/div>\n\t\t\t\t<div class=\"elementor-element elementor-element-698d1738 elementor-widget-divider--view-line elementor-widget elementor-widget-divider\" data-id=\"698d1738\" data-element_type=\"widget\" data-widget_type=\"divider.default\">\n\t\t\t\t<div class=\"elementor-widget-container\">\n\t\t\t\t\t<div class=\"elementor-divider\">\n\t\t\t<span class=\"elementor-divider-separator\">\n\t\t\t\t\t\t<\/span>\n\t\t<\/div>\n\t\t\t\t<\/div>\n\t\t\t\t<\/div>\n\t\t\t\t<div class=\"elementor-element elementor-element-1cd2bd2b elementor-widget__width-initial elementor-widget elementor-widget-text-editor\" data-id=\"1cd2bd2b\" data-element_type=\"widget\" data-widget_type=\"text-editor.default\">\n\t\t\t\t<div class=\"elementor-widget-container\">\n\t\t\t\t\t\t\t\t<div class=\"elementor-text-editor elementor-clearfix\">\n\t\t\t\t<div class=\"sub-heading\">Unsere Lebensmittelsortiermaschinen k\u00f6nnen f\u00fcr eine Vielzahl von Anwendungen eingesetzt werden. Entdecken Sie alle Anwendungen<\/div>\t\t\t\t\t<\/div>\n\t\t\t\t\t\t<\/div>\n\t\t\t\t<\/div>\n\t\t\t\t\t\t<\/div>\n\t\t\t\t\t<\/div>\n\t\t<\/div>\n\t\t\t\t\t\t\t\t<\/div>\n\t\t\t\t\t<\/div>\n\t\t<\/section>\n\t\t\t\t<section class=\"elementor-section elementor-top-section elementor-element elementor-element-1cf009aa elementor-section-full_width elementor-section-height-default elementor-section-height-default\" data-id=\"1cf009aa\" data-element_type=\"section\">\n\t\t\t\t\t\t<div class=\"elementor-container elementor-column-gap-narrow\">\n\t\t\t\t\t\t\t<div class=\"elementor-row\">\n\t\t\t\t\t<div class=\"elementor-column elementor-col-25 elementor-top-column elementor-element elementor-element-54ff532e\" data-id=\"54ff532e\" data-element_type=\"column\">\n\t\t\t<div class=\"elementor-column-wrap elementor-element-populated\">\n\t\t\t\t\t\t\t<div class=\"elementor-widget-wrap\">\n\t\t\t\t\t\t<div class=\"elementor-element elementor-element-2eee69f1 elementor-position-top elementor-vertical-align-top elementor-widget elementor-widget-image-box\" data-id=\"2eee69f1\" data-element_type=\"widget\" data-widget_type=\"image-box.default\">\n\t\t\t\t<div class=\"elementor-widget-container\">\n\t\t\t<div class=\"elementor-image-box-wrapper\"><figure class=\"elementor-image-box-img\"><a href=\"https:\/\/www.raytecvision.com\/de\/applikationen\/obst\/\"><img loading=\"lazy\" decoding=\"async\" width=\"540\" height=\"398\" src=\"https:\/\/www.raytecvision.com\/wp-content\/uploads\/sites\/50\/2022\/04\/fragole.jpg\" class=\"elementor-animation-sink attachment-full size-full wp-image-17331\" alt=\"\" srcset=\"https:\/\/www.raytecvision.com\/wp-content\/uploads\/sites\/50\/2022\/04\/fragole.jpg 540w, https:\/\/www.raytecvision.com\/wp-content\/uploads\/sites\/50\/2022\/04\/fragole.jpg?resize=300,221 300w\" sizes=\"auto, (max-width: 540px) 100vw, 540px\" \/><\/a><\/figure><div class=\"elementor-image-box-content\"><h5 class=\"elementor-image-box-title\"><a href=\"https:\/\/www.raytecvision.com\/de\/applikationen\/obst\/\">Obst<\/a><\/h5><\/div><\/div>\t\t<\/div>\n\t\t\t\t<\/div>\n\t\t\t\t<div class=\"elementor-element elementor-element-57cf9c90 elementor-position-top elementor-vertical-align-top elementor-widget elementor-widget-image-box\" data-id=\"57cf9c90\" data-element_type=\"widget\" data-widget_type=\"image-box.default\">\n\t\t\t\t<div class=\"elementor-widget-container\">\n\t\t\t<div class=\"elementor-image-box-wrapper\"><figure class=\"elementor-image-box-img\"><a href=\"https:\/\/www.raytecvision.com\/de\/applicazioni\/vegetali\/\"><img decoding=\"async\" src=\"https:\/\/www.raytecvision.com\/wp-content\/uploads\/sites\/50\/piselli.jpg\" title=\"\" alt=\"\" class=\"elementor-animation-sink\" loading=\"lazy\" \/><\/a><\/figure><div class=\"elementor-image-box-content\"><h5 class=\"elementor-image-box-title\"><a href=\"https:\/\/www.raytecvision.com\/de\/applicazioni\/vegetali\/\">Gem\u00fcse<\/a><\/h5><\/div><\/div>\t\t<\/div>\n\t\t\t\t<\/div>\n\t\t\t\t\t\t<\/div>\n\t\t\t\t\t<\/div>\n\t\t<\/div>\n\t\t\t\t<div class=\"elementor-column elementor-col-25 elementor-top-column elementor-element elementor-element-230d00dc\" data-id=\"230d00dc\" data-element_type=\"column\" data-settings=\"{&quot;background_background&quot;:&quot;classic&quot;}\">\n\t\t\t<div class=\"elementor-column-wrap elementor-element-populated\">\n\t\t\t\t\t\t\t<div class=\"elementor-widget-wrap\">\n\t\t\t\t\t\t<div class=\"elementor-element elementor-element-35112e17 elementor-position-top elementor-vertical-align-top elementor-widget elementor-widget-image-box\" data-id=\"35112e17\" data-element_type=\"widget\" data-widget_type=\"image-box.default\">\n\t\t\t\t<div class=\"elementor-widget-container\">\n\t\t\t<div class=\"elementor-image-box-wrapper\"><figure class=\"elementor-image-box-img\"><a href=\"https:\/\/www.raytecvision.com\/de\/applicazioni\/caramelle\/\"><img decoding=\"async\" src=\"https:\/\/www.raytecvision.com\/wp-content\/uploads\/sites\/50\/caramelle.jpg\" title=\"\" alt=\"\" class=\"elementor-animation-sink\" loading=\"lazy\" \/><\/a><\/figure><div class=\"elementor-image-box-content\"><h5 class=\"elementor-image-box-title\"><a href=\"https:\/\/www.raytecvision.com\/de\/applicazioni\/caramelle\/\">S\u00fc\u00dfigkeiten<\/a><\/h5><\/div><\/div>\t\t<\/div>\n\t\t\t\t<\/div>\n\t\t\t\t<div class=\"elementor-element elementor-element-5c0115ac elementor-position-top elementor-vertical-align-top elementor-widget elementor-widget-image-box\" data-id=\"5c0115ac\" data-element_type=\"widget\" data-widget_type=\"image-box.default\">\n\t\t\t\t<div class=\"elementor-widget-container\">\n\t\t\t<div class=\"elementor-image-box-wrapper\"><figure class=\"elementor-image-box-img\"><a href=\"https:\/\/www.raytecvision.com\/de\/applicazioni\/patate\/\"><img decoding=\"async\" src=\"https:\/\/www.raytecvision.com\/wp-content\/uploads\/sites\/50\/patate.jpg\" title=\"\" alt=\"\" class=\"elementor-animation-sink\" loading=\"lazy\" \/><\/a><\/figure><div class=\"elementor-image-box-content\"><h5 class=\"elementor-image-box-title\"><a href=\"https:\/\/www.raytecvision.com\/de\/applicazioni\/patate\/\">Kartoffeln<\/a><\/h5><\/div><\/div>\t\t<\/div>\n\t\t\t\t<\/div>\n\t\t\t\t\t\t<\/div>\n\t\t\t\t\t<\/div>\n\t\t<\/div>\n\t\t\t\t<div class=\"elementor-column elementor-col-25 elementor-top-column elementor-element elementor-element-5cc43b\" data-id=\"5cc43b\" data-element_type=\"column\">\n\t\t\t<div class=\"elementor-column-wrap elementor-element-populated\">\n\t\t\t\t\t\t\t<div class=\"elementor-widget-wrap\">\n\t\t\t\t\t\t<div class=\"elementor-element elementor-element-69ec498d elementor-position-top elementor-vertical-align-top elementor-widget elementor-widget-image-box\" data-id=\"69ec498d\" data-element_type=\"widget\" data-widget_type=\"image-box.default\">\n\t\t\t\t<div class=\"elementor-widget-container\">\n\t\t\t<div class=\"elementor-image-box-wrapper\"><figure class=\"elementor-image-box-img\"><a href=\"https:\/\/www.raytecvision.com\/de\/applicazioni\/prodotti-ittici\/\"><img decoding=\"async\" src=\"https:\/\/www.raytecvision.com\/wp-content\/uploads\/sites\/50\/frutti-di-mare.jpg\" title=\"\" alt=\"\" class=\"elementor-animation-sink\" loading=\"lazy\" \/><\/a><\/figure><div class=\"elementor-image-box-content\"><h5 class=\"elementor-image-box-title\"><a href=\"https:\/\/www.raytecvision.com\/de\/applicazioni\/prodotti-ittici\/\">Meeresfr\u00fcchte<\/a><\/h5><\/div><\/div>\t\t<\/div>\n\t\t\t\t<\/div>\n\t\t\t\t<div class=\"elementor-element elementor-element-716a1752 elementor-position-top elementor-vertical-align-top elementor-widget elementor-widget-image-box\" data-id=\"716a1752\" data-element_type=\"widget\" data-widget_type=\"image-box.default\">\n\t\t\t\t<div class=\"elementor-widget-container\">\n\t\t\t<div class=\"elementor-image-box-wrapper\"><figure class=\"elementor-image-box-img\"><a href=\"https:\/\/www.raytecvision.com\/de\/applicazioni\/pomodori\/\"><img decoding=\"async\" src=\"https:\/\/www.raytecvision.com\/wp-content\/uploads\/sites\/50\/pomodori.jpg\" title=\"\" alt=\"\" class=\"elementor-animation-sink\" loading=\"lazy\" \/><\/a><\/figure><div class=\"elementor-image-box-content\"><h5 class=\"elementor-image-box-title\"><a href=\"https:\/\/www.raytecvision.com\/de\/applicazioni\/pomodori\/\">Tomaten<\/a><\/h5><\/div><\/div>\t\t<\/div>\n\t\t\t\t<\/div>\n\t\t\t\t\t\t<\/div>\n\t\t\t\t\t<\/div>\n\t\t<\/div>\n\t\t\t\t<div class=\"elementor-column elementor-col-25 elementor-top-column elementor-element elementor-element-841b398\" data-id=\"841b398\" data-element_type=\"column\">\n\t\t\t<div class=\"elementor-column-wrap elementor-element-populated\">\n\t\t\t\t\t\t\t<div class=\"elementor-widget-wrap\">\n\t\t\t\t\t\t<div class=\"elementor-element elementor-element-46e4bc37 elementor-position-top elementor-vertical-align-top elementor-widget elementor-widget-image-box\" data-id=\"46e4bc37\" data-element_type=\"widget\" data-widget_type=\"image-box.default\">\n\t\t\t\t<div class=\"elementor-widget-container\">\n\t\t\t<div class=\"elementor-image-box-wrapper\"><figure class=\"elementor-image-box-img\"><a href=\"https:\/\/www.raytecvision.com\/de\/applicazioni\/produzione-vino\/\"><img decoding=\"async\" src=\"https:\/\/www.raytecvision.com\/wp-content\/uploads\/sites\/50\/uva.jpg\" title=\"\" alt=\"\" class=\"elementor-animation-sink\" loading=\"lazy\" \/><\/a><\/figure><div class=\"elementor-image-box-content\"><h5 class=\"elementor-image-box-title\"><a href=\"https:\/\/www.raytecvision.com\/de\/applicazioni\/produzione-vino\/\">Weinindustrie<\/a><\/h5><\/div><\/div>\t\t<\/div>\n\t\t\t\t<\/div>\n\t\t\t\t<div class=\"elementor-element elementor-element-202e00c8 elementor-position-top elementor-vertical-align-top elementor-widget elementor-widget-image-box\" data-id=\"202e00c8\" data-element_type=\"widget\" data-widget_type=\"image-box.default\">\n\t\t\t\t<div class=\"elementor-widget-container\">\n\t\t\t<div class=\"elementor-image-box-wrapper\"><figure class=\"elementor-image-box-img\"><a href=\"https:\/\/www.raytecvision.com\/de\/applicazioni\/cibo-confezionato\/\"><img decoding=\"async\" src=\"https:\/\/www.raytecvision.com\/wp-content\/uploads\/sites\/50\/cibo-confezionato.jpg\" title=\"\" alt=\"\" class=\"elementor-animation-sink\" loading=\"lazy\" \/><\/a><\/figure><div class=\"elementor-image-box-content\"><h5 class=\"elementor-image-box-title\"><a href=\"https:\/\/www.raytecvision.com\/de\/applicazioni\/cibo-confezionato\/\">Verpackte Lebensmittel<\/a><\/h5><\/div><\/div>\t\t<\/div>\n\t\t\t\t<\/div>\n\t\t\t\t\t\t<\/div>\n\t\t\t\t\t<\/div>\n\t\t<\/div>\n\t\t\t\t\t\t\t\t<\/div>\n\t\t\t\t\t<\/div>\n\t\t<\/section>\n\t\t\t\t<section class=\"elementor-section elementor-top-section elementor-element elementor-element-a337bd elementor-section-stretched elementor-section-boxed elementor-section-height-default elementor-section-height-default\" data-id=\"a337bd\" data-element_type=\"section\" data-settings=\"{&quot;stretch_section&quot;:&quot;section-stretched&quot;,&quot;background_background&quot;:&quot;classic&quot;}\">\n\t\t\t\t\t\t<div class=\"elementor-container elementor-column-gap-default\">\n\t\t\t\t\t\t\t<div class=\"elementor-row\">\n\t\t\t\t\t<div class=\"elementor-column elementor-col-50 elementor-top-column elementor-element elementor-element-3ca10b72\" data-id=\"3ca10b72\" data-element_type=\"column\">\n\t\t\t<div class=\"elementor-column-wrap elementor-element-populated\">\n\t\t\t\t\t\t\t<div class=\"elementor-widget-wrap\">\n\t\t\t\t\t\t<div class=\"elementor-element elementor-element-620dd961 elementor-widget elementor-widget-heading\" data-id=\"620dd961\" data-element_type=\"widget\" data-widget_type=\"heading.default\">\n\t\t\t\t<div class=\"elementor-widget-container\">\n\t\t\t<h2 class=\"elementor-heading-title elementor-size-default\">Fordern Sie Informationen<\/h2>\t\t<\/div>\n\t\t\t\t<\/div>\n\t\t\t\t<div class=\"elementor-element elementor-element-2a8492d7 elementor-widget-divider--view-line elementor-widget elementor-widget-divider\" data-id=\"2a8492d7\" data-element_type=\"widget\" data-widget_type=\"divider.default\">\n\t\t\t\t<div class=\"elementor-widget-container\">\n\t\t\t\t\t<div class=\"elementor-divider\">\n\t\t\t<span class=\"elementor-divider-separator\">\n\t\t\t\t\t\t<\/span>\n\t\t<\/div>\n\t\t\t\t<\/div>\n\t\t\t\t<\/div>\n\t\t\t\t<div class=\"elementor-element elementor-element-46903f3 elementor-widget elementor-widget-text-editor\" data-id=\"46903f3\" data-element_type=\"widget\" data-widget_type=\"text-editor.default\">\n\t\t\t\t<div class=\"elementor-widget-container\">\n\t\t\t\t\t\t\t\t<div class=\"elementor-text-editor elementor-clearfix\">\n\t\t\t\t<p>Kontaktieren Sie uns, um Informationen oder ein kostenloses Angebot anzufordern<\/p>\t\t\t\t\t<\/div>\n\t\t\t\t\t\t<\/div>\n\t\t\t\t<\/div>\n\t\t\t\t\t\t<\/div>\n\t\t\t\t\t<\/div>\n\t\t<\/div>\n\t\t\t\t<div class=\"elementor-column elementor-col-50 elementor-top-column elementor-element elementor-element-28373ef\" data-id=\"28373ef\" data-element_type=\"column\">\n\t\t\t<div class=\"elementor-column-wrap elementor-element-populated\">\n\t\t\t\t\t\t\t<div class=\"elementor-widget-wrap\">\n\t\t\t\t\t\t<div class=\"elementor-element elementor-element-0da597d elementor-align-center elementor-widget elementor-widget-button\" data-id=\"0da597d\" data-element_type=\"widget\" data-widget_type=\"button.default\">\n\t\t\t\t<div class=\"elementor-widget-container\">\n\t\t\t\t\t<div class=\"elementor-button-wrapper\">\n\t\t\t<a class=\"elementor-button elementor-button-link elementor-size-sm\" href=\"https:\/\/www.raytecvision.com\/de\/kontakte\/\">\n\t\t\t\t\t\t<span class=\"elementor-button-content-wrapper\">\n\t\t\t\t\t\t<span class=\"elementor-button-text\">Kontaktiere uns<\/span>\n\t\t<\/span>\n\t\t\t\t\t<\/a>\n\t\t<\/div>\n\t\t\t\t<\/div>\n\t\t\t\t<\/div>\n\t\t\t\t\t\t<\/div>\n\t\t\t\t\t<\/div>\n\t\t<\/div>\n\t\t\t\t\t\t\t\t<\/div>\n\t\t\t\t\t<\/div>\n\t\t<\/section>\n\t\t\t\t\t\t\t\t\t<\/div>\n\t\t\t<\/div>\n\t\t\t\t\t<\/div>\n\t\t","protected":false},"excerpt":{"rendered":"<p>Applikationen Unsere Lebensmittelsortiermaschinen k\u00f6nnen f\u00fcr eine Vielzahl von Anwendungen eingesetzt werden. Entdecken Sie alle Anwendungen Obst Gem\u00fcse S\u00fc\u00dfigkeiten Kartoffeln Meeresfr\u00fcchte Tomaten Weinindustrie Verpackte Lebensmittel Fordern Sie Informationen Kontaktieren Sie uns, um Informationen oder ein kostenloses Angebot anzufordern Kontaktiere uns<\/p>\n","protected":false},"author":3,"featured_media":0,"parent":0,"menu_order":0,"comment_status":"closed","ping_status":"closed","template":"","meta":{"inline_featured_image":false,"footnotes":""},"class_list":["post-5103","page","type-page","status-publish","hentry"],"yoast_head":"<!-- This site is optimized with the Yoast SEO Premium plugin v26.8 (Yoast SEO v26.8) - https:\/\/yoast.com\/product\/yoast-seo-premium-wordpress\/ -->\n<title>Entdecken die Applikationen f\u00fcr Lebensmittel unseren Sortiermaschinen<\/title>\n<meta name=\"description\" content=\"Entdecken wir Raytec Vision Sortiermaschinen f\u00fcr verschiedene Lebensmittelanwendungen. Kontaktieren Sie uns f\u00fcr mehr\" \/>\n<meta name=\"robots\" content=\"index, follow, max-snippet:-1, max-image-preview:large, max-video-preview:-1\" \/>\n<link rel=\"canonical\" href=\"https:\/\/www.raytecvision.com\/de\/applikationen\/\" \/>\n<meta property=\"og:locale\" content=\"de_DE\" \/>\n<meta property=\"og:type\" content=\"article\" \/>\n<meta property=\"og:title\" content=\"Applikationen\" \/>\n<meta property=\"og:description\" content=\"Entdecken wir Raytec Vision Sortiermaschinen f\u00fcr verschiedene Lebensmittelanwendungen. Kontaktieren Sie uns f\u00fcr mehr\" \/>\n<meta property=\"og:url\" content=\"https:\/\/www.raytecvision.com\/de\/applikationen\/\" \/>\n<meta property=\"og:site_name\" content=\"Raytec Vision\" \/>\n<meta property=\"article:publisher\" content=\"https:\/\/www.facebook.com\/RaytecVision\" \/>\n<meta property=\"article:modified_time\" content=\"2025-09-22T07:39:15+00:00\" \/>\n<meta property=\"og:image\" content=\"https:\/\/www.raytecvision.com\/wp-content\/uploads\/sites\/50\/2022\/04\/fragole.jpg\" \/>\n\t<meta property=\"og:image:width\" content=\"540\" \/>\n\t<meta property=\"og:image:height\" content=\"398\" \/>\n\t<meta property=\"og:image:type\" content=\"image\/jpeg\" \/>\n<meta name=\"twitter:card\" content=\"summary_large_image\" \/>\n<meta name=\"twitter:site\" content=\"@raytec_sorting\" \/>\n<meta name=\"twitter:label1\" content=\"Gesch\u00e4tzte Lesezeit\" \/>\n\t<meta name=\"twitter:data1\" content=\"2 Minuten\" \/>\n<script type=\"application\/ld+json\" class=\"yoast-schema-graph\">{\"@context\":\"https:\/\/schema.org\",\"@graph\":[{\"@type\":\"WebPage\",\"@id\":\"https:\/\/www.raytecvision.com\/de\/applikationen\/\",\"url\":\"https:\/\/www.raytecvision.com\/de\/applikationen\/\",\"name\":\"Entdecken die Applikationen f\u00fcr Lebensmittel unseren Sortiermaschinen\",\"isPartOf\":{\"@id\":\"https:\/\/www.raytecvision.com\/de\/#website\"},\"primaryImageOfPage\":{\"@id\":\"https:\/\/www.raytecvision.com\/de\/applikationen\/#primaryimage\"},\"image\":{\"@id\":\"https:\/\/www.raytecvision.com\/de\/applikationen\/#primaryimage\"},\"thumbnailUrl\":\"https:\/\/www.raytecvision.com\/wp-content\/uploads\/sites\/50\/2022\/04\/fragole.jpg\",\"datePublished\":\"2021-01-27T10:36:25+00:00\",\"dateModified\":\"2025-09-22T07:39:15+00:00\",\"description\":\"Entdecken wir Raytec Vision Sortiermaschinen f\u00fcr verschiedene Lebensmittelanwendungen. Kontaktieren Sie uns f\u00fcr mehr\",\"breadcrumb\":{\"@id\":\"https:\/\/www.raytecvision.com\/de\/applikationen\/#breadcrumb\"},\"inLanguage\":\"de-DE\",\"potentialAction\":[{\"@type\":\"ReadAction\",\"target\":[\"https:\/\/www.raytecvision.com\/de\/applikationen\/\"]}]},{\"@type\":\"ImageObject\",\"inLanguage\":\"de-DE\",\"@id\":\"https:\/\/www.raytecvision.com\/de\/applikationen\/#primaryimage\",\"url\":\"https:\/\/www.raytecvision.com\/wp-content\/uploads\/sites\/50\/2022\/04\/fragole.jpg\",\"contentUrl\":\"https:\/\/www.raytecvision.com\/wp-content\/uploads\/sites\/50\/2022\/04\/fragole.jpg\"},{\"@type\":\"BreadcrumbList\",\"@id\":\"https:\/\/www.raytecvision.com\/de\/applikationen\/#breadcrumb\",\"itemListElement\":[{\"@type\":\"ListItem\",\"position\":1,\"name\":\"Home\",\"item\":\"https:\/\/www.raytecvision.com\/de\/\"},{\"@type\":\"ListItem\",\"position\":2,\"name\":\"Applikationen\"}]},{\"@type\":\"WebSite\",\"@id\":\"https:\/\/www.raytecvision.com\/de\/#website\",\"url\":\"https:\/\/www.raytecvision.com\/de\/\",\"name\":\"Raytec Vision\",\"description\":\"Innovation in Sorting Equipment\",\"publisher\":{\"@id\":\"https:\/\/www.raytecvision.com\/de\/#organization\"},\"potentialAction\":[{\"@type\":\"SearchAction\",\"target\":{\"@type\":\"EntryPoint\",\"urlTemplate\":\"https:\/\/www.raytecvision.com\/de\/?s={search_term_string}\"},\"query-input\":{\"@type\":\"PropertyValueSpecification\",\"valueRequired\":true,\"valueName\":\"search_term_string\"}}],\"inLanguage\":\"de-DE\"},{\"@type\":\"Organization\",\"@id\":\"https:\/\/www.raytecvision.com\/de\/#organization\",\"name\":\"Raytec Vision\",\"url\":\"https:\/\/www.raytecvision.com\/de\/\",\"logo\":{\"@type\":\"ImageObject\",\"inLanguage\":\"de-DE\",\"@id\":\"https:\/\/www.raytecvision.com\/de\/#\/schema\/logo\/image\/\",\"url\":\"\",\"contentUrl\":\"\",\"caption\":\"Raytec Vision\"},\"image\":{\"@id\":\"https:\/\/www.raytecvision.com\/de\/#\/schema\/logo\/image\/\"},\"sameAs\":[\"https:\/\/www.facebook.com\/RaytecVision\",\"https:\/\/x.com\/raytec_sorting\",\"https:\/\/www.linkedin.com\/company\/raytec-vision\/\"],\"publishingPrinciples\":\"https:\/\/www.raytecvision.com\/privacy-policy\/\",\"ownershipFundingInfo\":\"https:\/\/www.raytecvision.com\/chi-siamo-2\/la-nostra-storia\/\"}]}<\/script>\n<!-- \/ Yoast SEO Premium plugin. -->","yoast_head_json":{"title":"Entdecken die Applikationen f\u00fcr Lebensmittel unseren Sortiermaschinen","description":"Entdecken wir Raytec Vision Sortiermaschinen f\u00fcr verschiedene Lebensmittelanwendungen. Kontaktieren Sie uns f\u00fcr mehr","robots":{"index":"index","follow":"follow","max-snippet":"max-snippet:-1","max-image-preview":"max-image-preview:large","max-video-preview":"max-video-preview:-1"},"canonical":"https:\/\/www.raytecvision.com\/de\/applikationen\/","og_locale":"de_DE","og_type":"article","og_title":"Applikationen","og_description":"Entdecken wir Raytec Vision Sortiermaschinen f\u00fcr verschiedene Lebensmittelanwendungen. Kontaktieren Sie uns f\u00fcr mehr","og_url":"https:\/\/www.raytecvision.com\/de\/applikationen\/","og_site_name":"Raytec Vision","article_publisher":"https:\/\/www.facebook.com\/RaytecVision","article_modified_time":"2025-09-22T07:39:15+00:00","og_image":[{"width":540,"height":398,"url":"https:\/\/www.raytecvision.com\/wp-content\/uploads\/sites\/50\/2022\/04\/fragole.jpg","type":"image\/jpeg"}],"twitter_card":"summary_large_image","twitter_site":"@raytec_sorting","twitter_misc":{"Gesch\u00e4tzte Lesezeit":"2 Minuten"},"schema":{"@context":"https:\/\/schema.org","@graph":[{"@type":"WebPage","@id":"https:\/\/www.raytecvision.com\/de\/applikationen\/","url":"https:\/\/www.raytecvision.com\/de\/applikationen\/","name":"Entdecken die Applikationen f\u00fcr Lebensmittel unseren Sortiermaschinen","isPartOf":{"@id":"https:\/\/www.raytecvision.com\/de\/#website"},"primaryImageOfPage":{"@id":"https:\/\/www.raytecvision.com\/de\/applikationen\/#primaryimage"},"image":{"@id":"https:\/\/www.raytecvision.com\/de\/applikationen\/#primaryimage"},"thumbnailUrl":"https:\/\/www.raytecvision.com\/wp-content\/uploads\/sites\/50\/2022\/04\/fragole.jpg","datePublished":"2021-01-27T10:36:25+00:00","dateModified":"2025-09-22T07:39:15+00:00","description":"Entdecken wir Raytec Vision Sortiermaschinen f\u00fcr verschiedene Lebensmittelanwendungen. Kontaktieren Sie uns f\u00fcr mehr","breadcrumb":{"@id":"https:\/\/www.raytecvision.com\/de\/applikationen\/#breadcrumb"},"inLanguage":"de-DE","potentialAction":[{"@type":"ReadAction","target":["https:\/\/www.raytecvision.com\/de\/applikationen\/"]}]},{"@type":"ImageObject","inLanguage":"de-DE","@id":"https:\/\/www.raytecvision.com\/de\/applikationen\/#primaryimage","url":"https:\/\/www.raytecvision.com\/wp-content\/uploads\/sites\/50\/2022\/04\/fragole.jpg","contentUrl":"https:\/\/www.raytecvision.com\/wp-content\/uploads\/sites\/50\/2022\/04\/fragole.jpg"},{"@type":"BreadcrumbList","@id":"https:\/\/www.raytecvision.com\/de\/applikationen\/#breadcrumb","itemListElement":[{"@type":"ListItem","position":1,"name":"Home","item":"https:\/\/www.raytecvision.com\/de\/"},{"@type":"ListItem","position":2,"name":"Applikationen"}]},{"@type":"WebSite","@id":"https:\/\/www.raytecvision.com\/de\/#website","url":"https:\/\/www.raytecvision.com\/de\/","name":"Raytec Vision","description":"Innovation in Sorting Equipment","publisher":{"@id":"https:\/\/www.raytecvision.com\/de\/#organization"},"potentialAction":[{"@type":"SearchAction","target":{"@type":"EntryPoint","urlTemplate":"https:\/\/www.raytecvision.com\/de\/?s={search_term_string}"},"query-input":{"@type":"PropertyValueSpecification","valueRequired":true,"valueName":"search_term_string"}}],"inLanguage":"de-DE"},{"@type":"Organization","@id":"https:\/\/www.raytecvision.com\/de\/#organization","name":"Raytec Vision","url":"https:\/\/www.raytecvision.com\/de\/","logo":{"@type":"ImageObject","inLanguage":"de-DE","@id":"https:\/\/www.raytecvision.com\/de\/#\/schema\/logo\/image\/","url":"","contentUrl":"","caption":"Raytec Vision"},"image":{"@id":"https:\/\/www.raytecvision.com\/de\/#\/schema\/logo\/image\/"},"sameAs":["https:\/\/www.facebook.com\/RaytecVision","https:\/\/x.com\/raytec_sorting","https:\/\/www.linkedin.com\/company\/raytec-vision\/"],"publishingPrinciples":"https:\/\/www.raytecvision.com\/privacy-policy\/","ownershipFundingInfo":"https:\/\/www.raytecvision.com\/chi-siamo-2\/la-nostra-storia\/"}]}},"jetpack_sharing_enabled":true,"_links":{"self":[{"href":"https:\/\/www.raytecvision.com\/de\/wp-json\/wp\/v2\/pages\/5103","targetHints":{"allow":["GET"]}}],"collection":[{"href":"https:\/\/www.raytecvision.com\/de\/wp-json\/wp\/v2\/pages"}],"about":[{"href":"https:\/\/www.raytecvision.com\/de\/wp-json\/wp\/v2\/types\/page"}],"author":[{"embeddable":true,"href":"https:\/\/www.raytecvision.com\/de\/wp-json\/wp\/v2\/users\/3"}],"replies":[{"embeddable":true,"href":"https:\/\/www.raytecvision.com\/de\/wp-json\/wp\/v2\/comments?post=5103"}],"version-history":[{"count":35,"href":"https:\/\/www.raytecvision.com\/de\/wp-json\/wp\/v2\/pages\/5103\/revisions"}],"predecessor-version":[{"id":34018,"href":"https:\/\/www.raytecvision.com\/de\/wp-json\/wp\/v2\/pages\/5103\/revisions\/34018"}],"wp:attachment":[{"href":"https:\/\/www.raytecvision.com\/de\/wp-json\/wp\/v2\/media?parent=5103"}],"curies":[{"name":"wp","href":"https:\/\/api.w.org\/{rel}","templated":true}]}}