{"id":5231,"date":"2021-02-18T10:36:57","date_gmt":"2021-02-18T09:36:57","guid":{"rendered":"https:\/\/www.raytecvision.com\/applicazioni\/frutta\/prugne\/"},"modified":"2022-07-27T14:14:36","modified_gmt":"2022-07-27T13:14:36","slug":"pflaumen","status":"publish","type":"page","link":"https:\/\/www.raytecvision.com\/de\/applikationen\/obst\/pflaumen\/","title":{"rendered":"Pflaumen"},"content":{"rendered":"\t\t<div data-elementor-type=\"wp-page\" data-elementor-id=\"5231\" class=\"elementor elementor-5231\">\n\t\t\t\t\t\t<div class=\"elementor-inner\">\n\t\t\t\t<div class=\"elementor-section-wrap\">\n\t\t\t\t\t\t\t\t\t<section class=\"elementor-section elementor-top-section elementor-element elementor-element-d778ab9 elementor-section-stretched elementor-section-boxed elementor-section-height-default elementor-section-height-default\" data-id=\"d778ab9\" data-element_type=\"section\" data-settings=\"{&quot;stretch_section&quot;:&quot;section-stretched&quot;}\">\n\t\t\t\t\t\t<div class=\"elementor-container elementor-column-gap-extended\">\n\t\t\t\t\t\t\t<div class=\"elementor-row\">\n\t\t\t\t\t<div class=\"elementor-column elementor-col-100 elementor-top-column elementor-element elementor-element-637ecb6\" data-id=\"637ecb6\" data-element_type=\"column\">\n\t\t\t<div class=\"elementor-column-wrap elementor-element-populated\">\n\t\t\t\t\t\t\t<div class=\"elementor-widget-wrap\">\n\t\t\t\t\t\t<div class=\"elementor-element elementor-element-345ee42 elementor-widget elementor-widget-video\" data-id=\"345ee42\" data-element_type=\"widget\" data-settings=\"{&quot;youtube_url&quot;:&quot;http:\\\/\\\/www.youtube.com\\\/watch?v=W2Ne4w9YWK4&quot;,&quot;video_type&quot;:&quot;youtube&quot;,&quot;controls&quot;:&quot;yes&quot;}\" data-widget_type=\"video.default\">\n\t\t\t\t<div class=\"elementor-widget-container\">\n\t\t\t\t\t<div class=\"elementor-wrapper elementor-open-inline\">\n\t\t\t<div class=\"elementor-video\"><\/div>\t\t<\/div>\n\t\t\t\t<\/div>\n\t\t\t\t<\/div>\n\t\t\t\t<div class=\"elementor-element elementor-element-fca176e elementor-widget elementor-widget-spacer\" data-id=\"fca176e\" data-element_type=\"widget\" data-widget_type=\"spacer.default\">\n\t\t\t\t<div class=\"elementor-widget-container\">\n\t\t\t\t\t<div class=\"elementor-spacer\">\n\t\t\t<div class=\"elementor-spacer-inner\"><\/div>\n\t\t<\/div>\n\t\t\t\t<\/div>\n\t\t\t\t<\/div>\n\t\t\t\t<section class=\"elementor-section elementor-inner-section elementor-element elementor-element-d09036c elementor-section-boxed elementor-section-height-default elementor-section-height-default\" data-id=\"d09036c\" data-element_type=\"section\">\n\t\t\t\t\t\t<div class=\"elementor-container elementor-column-gap-default\">\n\t\t\t\t\t\t\t<div class=\"elementor-row\">\n\t\t\t\t\t<div class=\"elementor-column elementor-col-50 elementor-inner-column elementor-element elementor-element-8f6b119\" data-id=\"8f6b119\" data-element_type=\"column\">\n\t\t\t<div class=\"elementor-column-wrap elementor-element-populated\">\n\t\t\t\t\t\t\t<div class=\"elementor-widget-wrap\">\n\t\t\t\t\t\t<div class=\"elementor-element elementor-element-5d064af elementor-align-justify elementor-widget elementor-widget-button\" data-id=\"5d064af\" data-element_type=\"widget\" data-widget_type=\"button.default\">\n\t\t\t\t<div class=\"elementor-widget-container\">\n\t\t\t\t\t<div class=\"elementor-button-wrapper\">\n\t\t\t<a class=\"elementor-button elementor-button-link elementor-size-sm\" href=\"https:\/\/www.raytecvision.com\/wp-content\/uploads\/sites\/50\/Spray-Discovery-Scheda-Tecnica.pdf\" target=\"_blank\" rel=\"nofollow\">\n\t\t\t\t\t\t<span class=\"elementor-button-content-wrapper\">\n\t\t\t\t\t\t<span class=\"elementor-button-text\">Datenblatt<\/span>\n\t\t<\/span>\n\t\t\t\t\t<\/a>\n\t\t<\/div>\n\t\t\t\t<\/div>\n\t\t\t\t<\/div>\n\t\t\t\t\t\t<\/div>\n\t\t\t\t\t<\/div>\n\t\t<\/div>\n\t\t\t\t<div class=\"elementor-column elementor-col-50 elementor-inner-column elementor-element elementor-element-c85499b\" data-id=\"c85499b\" data-element_type=\"column\">\n\t\t\t<div class=\"elementor-column-wrap elementor-element-populated\">\n\t\t\t\t\t\t\t<div class=\"elementor-widget-wrap\">\n\t\t\t\t\t\t<div class=\"elementor-element elementor-element-909d5ae elementor-align-justify elementor-widget elementor-widget-button\" data-id=\"909d5ae\" data-element_type=\"widget\" data-widget_type=\"button.default\">\n\t\t\t\t<div class=\"elementor-widget-container\">\n\t\t\t\t\t<div class=\"elementor-button-wrapper\">\n\t\t\t<a class=\"elementor-button elementor-button-link elementor-size-sm\" href=\"https:\/\/www.raytecvision.com\/selezionatrici-ottiche-alimentari\/discovery\/\">\n\t\t\t\t\t\t<span class=\"elementor-button-content-wrapper\">\n\t\t\t\t\t\t<span class=\"elementor-button-text\">Produktdetails<\/span>\n\t\t<\/span>\n\t\t\t\t\t<\/a>\n\t\t<\/div>\n\t\t\t\t<\/div>\n\t\t\t\t<\/div>\n\t\t\t\t\t\t<\/div>\n\t\t\t\t\t<\/div>\n\t\t<\/div>\n\t\t\t\t\t\t\t\t<\/div>\n\t\t\t\t\t<\/div>\n\t\t<\/section>\n\t\t\t\t<div class=\"elementor-element elementor-element-bb043d1 elementor-widget elementor-widget-spacer\" data-id=\"bb043d1\" data-element_type=\"widget\" data-widget_type=\"spacer.default\">\n\t\t\t\t<div class=\"elementor-widget-container\">\n\t\t\t\t\t<div class=\"elementor-spacer\">\n\t\t\t<div class=\"elementor-spacer-inner\"><\/div>\n\t\t<\/div>\n\t\t\t\t<\/div>\n\t\t\t\t<\/div>\n\t\t\t\t\t\t<\/div>\n\t\t\t\t\t<\/div>\n\t\t<\/div>\n\t\t\t\t\t\t\t\t<\/div>\n\t\t\t\t\t<\/div>\n\t\t<\/section>\n\t\t\t\t<section class=\"elementor-section elementor-top-section elementor-element elementor-element-5396e73 elementor-section-stretched elementor-section-boxed elementor-section-height-default elementor-section-height-default\" data-id=\"5396e73\" data-element_type=\"section\" data-settings=\"{&quot;stretch_section&quot;:&quot;section-stretched&quot;,&quot;background_background&quot;:&quot;classic&quot;}\">\n\t\t\t\t\t\t<div class=\"elementor-container elementor-column-gap-default\">\n\t\t\t\t\t\t\t<div class=\"elementor-row\">\n\t\t\t\t\t<div class=\"elementor-column elementor-col-100 elementor-top-column elementor-element elementor-element-5d3061a\" data-id=\"5d3061a\" data-element_type=\"column\">\n\t\t\t<div class=\"elementor-column-wrap\">\n\t\t\t\t\t\t\t<div class=\"elementor-widget-wrap\">\n\t\t\t\t\t\t\t\t<\/div>\n\t\t\t\t\t<\/div>\n\t\t<\/div>\n\t\t\t\t\t\t\t\t<\/div>\n\t\t\t\t\t<\/div>\n\t\t<\/section>\n\t\t\t\t<section class=\"elementor-section elementor-top-section elementor-element elementor-element-133d913 elementor-section-full_width elementor-section-stretched elementor-section-height-default elementor-section-height-default\" data-id=\"133d913\" data-element_type=\"section\" data-settings=\"{&quot;background_background&quot;:&quot;classic&quot;,&quot;stretch_section&quot;:&quot;section-stretched&quot;}\">\n\t\t\t\t\t\t<div class=\"elementor-container elementor-column-gap-narrow\">\n\t\t\t\t\t\t\t<div class=\"elementor-row\">\n\t\t\t\t\t<div class=\"elementor-column elementor-col-25 elementor-top-column elementor-element elementor-element-73cf119\" data-id=\"73cf119\" data-element_type=\"column\">\n\t\t\t<div class=\"elementor-column-wrap elementor-element-populated\">\n\t\t\t\t\t\t\t<div class=\"elementor-widget-wrap\">\n\t\t\t\t\t\t<div class=\"elementor-element elementor-element-fe79ac4 elementor-widget elementor-widget-spacer\" data-id=\"fe79ac4\" data-element_type=\"widget\" data-widget_type=\"spacer.default\">\n\t\t\t\t<div class=\"elementor-widget-container\">\n\t\t\t\t\t<div class=\"elementor-spacer\">\n\t\t\t<div class=\"elementor-spacer-inner\"><\/div>\n\t\t<\/div>\n\t\t\t\t<\/div>\n\t\t\t\t<\/div>\n\t\t\t\t<div class=\"elementor-element elementor-element-0d950ca elementor-widget elementor-widget-spacer\" data-id=\"0d950ca\" data-element_type=\"widget\" data-widget_type=\"spacer.default\">\n\t\t\t\t<div class=\"elementor-widget-container\">\n\t\t\t\t\t<div class=\"elementor-spacer\">\n\t\t\t<div class=\"elementor-spacer-inner\"><\/div>\n\t\t<\/div>\n\t\t\t\t<\/div>\n\t\t\t\t<\/div>\n\t\t\t\t\t\t<\/div>\n\t\t\t\t\t<\/div>\n\t\t<\/div>\n\t\t\t\t<div class=\"elementor-column elementor-col-25 elementor-top-column elementor-element elementor-element-7b5b132\" data-id=\"7b5b132\" data-element_type=\"column\" data-settings=\"{&quot;background_background&quot;:&quot;classic&quot;}\">\n\t\t\t<div class=\"elementor-column-wrap elementor-element-populated\">\n\t\t\t\t\t\t\t<div class=\"elementor-widget-wrap\">\n\t\t\t\t\t\t<div class=\"elementor-element elementor-element-5232eb6 elementor-widget elementor-widget-spacer\" data-id=\"5232eb6\" data-element_type=\"widget\" data-widget_type=\"spacer.default\">\n\t\t\t\t<div class=\"elementor-widget-container\">\n\t\t\t\t\t<div class=\"elementor-spacer\">\n\t\t\t<div class=\"elementor-spacer-inner\"><\/div>\n\t\t<\/div>\n\t\t\t\t<\/div>\n\t\t\t\t<\/div>\n\t\t\t\t<div class=\"elementor-element elementor-element-5a91967 elementor-widget elementor-widget-spacer\" data-id=\"5a91967\" data-element_type=\"widget\" data-widget_type=\"spacer.default\">\n\t\t\t\t<div class=\"elementor-widget-container\">\n\t\t\t\t\t<div class=\"elementor-spacer\">\n\t\t\t<div class=\"elementor-spacer-inner\"><\/div>\n\t\t<\/div>\n\t\t\t\t<\/div>\n\t\t\t\t<\/div>\n\t\t\t\t\t\t<\/div>\n\t\t\t\t\t<\/div>\n\t\t<\/div>\n\t\t\t\t<div class=\"elementor-column elementor-col-25 elementor-top-column elementor-element elementor-element-f677801\" data-id=\"f677801\" data-element_type=\"column\">\n\t\t\t<div class=\"elementor-column-wrap elementor-element-populated\">\n\t\t\t\t\t\t\t<div class=\"elementor-widget-wrap\">\n\t\t\t\t\t\t<div class=\"elementor-element elementor-element-8cdb30a elementor-widget elementor-widget-spacer\" data-id=\"8cdb30a\" data-element_type=\"widget\" data-widget_type=\"spacer.default\">\n\t\t\t\t<div class=\"elementor-widget-container\">\n\t\t\t\t\t<div class=\"elementor-spacer\">\n\t\t\t<div class=\"elementor-spacer-inner\"><\/div>\n\t\t<\/div>\n\t\t\t\t<\/div>\n\t\t\t\t<\/div>\n\t\t\t\t<div class=\"elementor-element elementor-element-c4bd056 elementor-widget elementor-widget-spacer\" data-id=\"c4bd056\" data-element_type=\"widget\" data-widget_type=\"spacer.default\">\n\t\t\t\t<div class=\"elementor-widget-container\">\n\t\t\t\t\t<div class=\"elementor-spacer\">\n\t\t\t<div class=\"elementor-spacer-inner\"><\/div>\n\t\t<\/div>\n\t\t\t\t<\/div>\n\t\t\t\t<\/div>\n\t\t\t\t\t\t<\/div>\n\t\t\t\t\t<\/div>\n\t\t<\/div>\n\t\t\t\t<div class=\"elementor-column elementor-col-25 elementor-top-column elementor-element elementor-element-b6825f6\" data-id=\"b6825f6\" data-element_type=\"column\">\n\t\t\t<div class=\"elementor-column-wrap elementor-element-populated\">\n\t\t\t\t\t\t\t<div class=\"elementor-widget-wrap\">\n\t\t\t\t\t\t<div class=\"elementor-element elementor-element-bee177c elementor-widget elementor-widget-spacer\" data-id=\"bee177c\" data-element_type=\"widget\" data-widget_type=\"spacer.default\">\n\t\t\t\t<div class=\"elementor-widget-container\">\n\t\t\t\t\t<div class=\"elementor-spacer\">\n\t\t\t<div class=\"elementor-spacer-inner\"><\/div>\n\t\t<\/div>\n\t\t\t\t<\/div>\n\t\t\t\t<\/div>\n\t\t\t\t<div class=\"elementor-element elementor-element-b299c52 elementor-widget elementor-widget-spacer\" data-id=\"b299c52\" data-element_type=\"widget\" data-widget_type=\"spacer.default\">\n\t\t\t\t<div class=\"elementor-widget-container\">\n\t\t\t\t\t<div class=\"elementor-spacer\">\n\t\t\t<div class=\"elementor-spacer-inner\"><\/div>\n\t\t<\/div>\n\t\t\t\t<\/div>\n\t\t\t\t<\/div>\n\t\t\t\t\t\t<\/div>\n\t\t\t\t\t<\/div>\n\t\t<\/div>\n\t\t\t\t\t\t\t\t<\/div>\n\t\t\t\t\t<\/div>\n\t\t<\/section>\n\t\t\t\t<section class=\"elementor-section elementor-top-section elementor-element elementor-element-89de6dd elementor-section-stretched elementor-section-boxed elementor-section-height-default elementor-section-height-default\" data-id=\"89de6dd\" data-element_type=\"section\" data-settings=\"{&quot;stretch_section&quot;:&quot;section-stretched&quot;,&quot;background_background&quot;:&quot;classic&quot;}\">\n\t\t\t\t\t\t<div class=\"elementor-container elementor-column-gap-default\">\n\t\t\t\t\t\t\t<div class=\"elementor-row\">\n\t\t\t\t\t<div class=\"elementor-column elementor-col-50 elementor-top-column elementor-element elementor-element-b581f76\" data-id=\"b581f76\" data-element_type=\"column\">\n\t\t\t<div class=\"elementor-column-wrap\">\n\t\t\t\t\t\t\t<div class=\"elementor-widget-wrap\">\n\t\t\t\t\t\t\t\t<\/div>\n\t\t\t\t\t<\/div>\n\t\t<\/div>\n\t\t\t\t<div class=\"elementor-column elementor-col-50 elementor-top-column elementor-element elementor-element-6e6356b\" data-id=\"6e6356b\" data-element_type=\"column\">\n\t\t\t<div class=\"elementor-column-wrap elementor-element-populated\">\n\t\t\t\t\t\t\t<div class=\"elementor-widget-wrap\">\n\t\t\t\t\t\t<div class=\"elementor-element elementor-element-ec9dbfa elementor-align-center elementor-widget elementor-widget-button\" data-id=\"ec9dbfa\" data-element_type=\"widget\" data-widget_type=\"button.default\">\n\t\t\t\t<div class=\"elementor-widget-container\">\n\t\t\t\t\t<div class=\"elementor-button-wrapper\">\n\t\t\t<a class=\"elementor-button elementor-button-link elementor-size-md\" href=\"#\">\n\t\t\t\t\t\t<span class=\"elementor-button-content-wrapper\">\n\t\t\t\t\t\t<span class=\"elementor-button-text\">Kontaktiere uns<\/span>\n\t\t<\/span>\n\t\t\t\t\t<\/a>\n\t\t<\/div>\n\t\t\t\t<\/div>\n\t\t\t\t<\/div>\n\t\t\t\t\t\t<\/div>\n\t\t\t\t\t<\/div>\n\t\t<\/div>\n\t\t\t\t\t\t\t\t<\/div>\n\t\t\t\t\t<\/div>\n\t\t<\/section>\n\t\t\t\t\t\t\t\t\t<\/div>\n\t\t\t<\/div>\n\t\t\t\t\t<\/div>\n\t\t","protected":false},"excerpt":{"rendered":"<p>Ganze Pflaumen Datenblatt Produktdetails Andere Anwendungsbereiche Abgepacktes Essen Entdecke mehr S\u00fc\u00dfwaren Entdecke mehr Tomaten Entdecke mehr Gem\u00fcse Entdecke mehr Meeresfr\u00fcchte Entdecke mehr Kartoffeln Entdecke mehr Weinproduktion Entdecke mehr Salat und Blattgem\u00fcse Entdecke mehr Anfrage Informationen Schreiben Sie uns, um Informationen oder ein kostenloses Angebot anzufordern Kontaktiere uns<\/p>\n","protected":false},"author":3,"featured_media":0,"parent":5157,"menu_order":0,"comment_status":"closed","ping_status":"closed","template":"","meta":{"inline_featured_image":false,"footnotes":""},"class_list":["post-5231","page","type-page","status-publish","hentry"],"yoast_head":"<!-- This site is optimized with the Yoast SEO Premium plugin v26.8 (Yoast SEO v26.8) - https:\/\/yoast.com\/product\/yoast-seo-premium-wordpress\/ -->\n<title>Entdecken Sie die Sortiermaschinen f\u00fcr Pflaumen von Raytec Vision<\/title>\n<meta name=\"description\" content=\"Entdecken wir Raytec Vision Sortiermaschinen f\u00fcr Pflaumen. Schauen Sie die Videos an oder Kontaktieren Sie uns f\u00fcr mehrere Informationen\" \/>\n<meta name=\"robots\" content=\"index, follow, max-snippet:-1, max-image-preview:large, max-video-preview:-1\" \/>\n<link rel=\"canonical\" href=\"https:\/\/www.raytecvision.com\/de\/applikationen\/obst\/pflaumen\/\" \/>\n<meta property=\"og:locale\" content=\"de_DE\" \/>\n<meta property=\"og:type\" content=\"article\" \/>\n<meta property=\"og:title\" content=\"Pflaumen\" \/>\n<meta property=\"og:description\" content=\"Entdecken wir Raytec Vision Sortiermaschinen f\u00fcr Pflaumen. Schauen Sie die Videos an oder Kontaktieren Sie uns f\u00fcr mehrere Informationen\" \/>\n<meta property=\"og:url\" content=\"https:\/\/www.raytecvision.com\/de\/applikationen\/obst\/pflaumen\/\" \/>\n<meta property=\"og:site_name\" content=\"Raytec Vision\" \/>\n<meta property=\"article:publisher\" content=\"https:\/\/www.facebook.com\/RaytecVision\" \/>\n<meta property=\"article:modified_time\" content=\"2022-07-27T13:14:36+00:00\" \/>\n<meta name=\"twitter:card\" content=\"summary_large_image\" \/>\n<meta name=\"twitter:site\" content=\"@raytec_sorting\" \/>\n<meta name=\"twitter:label1\" content=\"Gesch\u00e4tzte Lesezeit\" \/>\n\t<meta name=\"twitter:data1\" content=\"1 Minute\" \/>\n<script type=\"application\/ld+json\" class=\"yoast-schema-graph\">{\"@context\":\"https:\/\/schema.org\",\"@graph\":[{\"@type\":\"WebPage\",\"@id\":\"https:\/\/www.raytecvision.com\/de\/applikationen\/obst\/pflaumen\/\",\"url\":\"https:\/\/www.raytecvision.com\/de\/applikationen\/obst\/pflaumen\/\",\"name\":\"Entdecken Sie die Sortiermaschinen f\u00fcr Pflaumen von Raytec Vision\",\"isPartOf\":{\"@id\":\"https:\/\/www.raytecvision.com\/de\/#website\"},\"datePublished\":\"2021-02-18T09:36:57+00:00\",\"dateModified\":\"2022-07-27T13:14:36+00:00\",\"description\":\"Entdecken wir Raytec Vision Sortiermaschinen f\u00fcr Pflaumen. Schauen Sie die Videos an oder Kontaktieren Sie uns f\u00fcr mehrere Informationen\",\"breadcrumb\":{\"@id\":\"https:\/\/www.raytecvision.com\/de\/applikationen\/obst\/pflaumen\/#breadcrumb\"},\"inLanguage\":\"de-DE\",\"potentialAction\":[{\"@type\":\"ReadAction\",\"target\":[\"https:\/\/www.raytecvision.com\/de\/applikationen\/obst\/pflaumen\/\"]}]},{\"@type\":\"BreadcrumbList\",\"@id\":\"https:\/\/www.raytecvision.com\/de\/applikationen\/obst\/pflaumen\/#breadcrumb\",\"itemListElement\":[{\"@type\":\"ListItem\",\"position\":1,\"name\":\"Home\",\"item\":\"https:\/\/www.raytecvision.com\/de\/\"},{\"@type\":\"ListItem\",\"position\":2,\"name\":\"Applikationen\",\"item\":\"https:\/\/www.raytecvision.com\/de\/applications\/\"},{\"@type\":\"ListItem\",\"position\":3,\"name\":\"Obst\",\"item\":\"https:\/\/www.raytecvision.com\/de\/applications\/fruit\/\"},{\"@type\":\"ListItem\",\"position\":4,\"name\":\"Pflaumen\"}]},{\"@type\":\"WebSite\",\"@id\":\"https:\/\/www.raytecvision.com\/de\/#website\",\"url\":\"https:\/\/www.raytecvision.com\/de\/\",\"name\":\"Raytec Vision\",\"description\":\"Innovation in Sorting Equipment\",\"publisher\":{\"@id\":\"https:\/\/www.raytecvision.com\/de\/#organization\"},\"potentialAction\":[{\"@type\":\"SearchAction\",\"target\":{\"@type\":\"EntryPoint\",\"urlTemplate\":\"https:\/\/www.raytecvision.com\/de\/?s={search_term_string}\"},\"query-input\":{\"@type\":\"PropertyValueSpecification\",\"valueRequired\":true,\"valueName\":\"search_term_string\"}}],\"inLanguage\":\"de-DE\"},{\"@type\":\"Organization\",\"@id\":\"https:\/\/www.raytecvision.com\/de\/#organization\",\"name\":\"Raytec Vision\",\"url\":\"https:\/\/www.raytecvision.com\/de\/\",\"logo\":{\"@type\":\"ImageObject\",\"inLanguage\":\"de-DE\",\"@id\":\"https:\/\/www.raytecvision.com\/de\/#\/schema\/logo\/image\/\",\"url\":\"\",\"contentUrl\":\"\",\"caption\":\"Raytec Vision\"},\"image\":{\"@id\":\"https:\/\/www.raytecvision.com\/de\/#\/schema\/logo\/image\/\"},\"sameAs\":[\"https:\/\/www.facebook.com\/RaytecVision\",\"https:\/\/x.com\/raytec_sorting\",\"https:\/\/www.linkedin.com\/company\/raytec-vision\/\"],\"publishingPrinciples\":\"https:\/\/www.raytecvision.com\/privacy-policy\/\",\"ownershipFundingInfo\":\"https:\/\/www.raytecvision.com\/chi-siamo-2\/la-nostra-storia\/\"}]}<\/script>\n<!-- \/ Yoast SEO Premium plugin. -->","yoast_head_json":{"title":"Entdecken Sie die Sortiermaschinen f\u00fcr Pflaumen von Raytec Vision","description":"Entdecken wir Raytec Vision Sortiermaschinen f\u00fcr Pflaumen. Schauen Sie die Videos an oder Kontaktieren Sie uns f\u00fcr mehrere Informationen","robots":{"index":"index","follow":"follow","max-snippet":"max-snippet:-1","max-image-preview":"max-image-preview:large","max-video-preview":"max-video-preview:-1"},"canonical":"https:\/\/www.raytecvision.com\/de\/applikationen\/obst\/pflaumen\/","og_locale":"de_DE","og_type":"article","og_title":"Pflaumen","og_description":"Entdecken wir Raytec Vision Sortiermaschinen f\u00fcr Pflaumen. Schauen Sie die Videos an oder Kontaktieren Sie uns f\u00fcr mehrere Informationen","og_url":"https:\/\/www.raytecvision.com\/de\/applikationen\/obst\/pflaumen\/","og_site_name":"Raytec Vision","article_publisher":"https:\/\/www.facebook.com\/RaytecVision","article_modified_time":"2022-07-27T13:14:36+00:00","twitter_card":"summary_large_image","twitter_site":"@raytec_sorting","twitter_misc":{"Gesch\u00e4tzte Lesezeit":"1 Minute"},"schema":{"@context":"https:\/\/schema.org","@graph":[{"@type":"WebPage","@id":"https:\/\/www.raytecvision.com\/de\/applikationen\/obst\/pflaumen\/","url":"https:\/\/www.raytecvision.com\/de\/applikationen\/obst\/pflaumen\/","name":"Entdecken Sie die Sortiermaschinen f\u00fcr Pflaumen von Raytec Vision","isPartOf":{"@id":"https:\/\/www.raytecvision.com\/de\/#website"},"datePublished":"2021-02-18T09:36:57+00:00","dateModified":"2022-07-27T13:14:36+00:00","description":"Entdecken wir Raytec Vision Sortiermaschinen f\u00fcr Pflaumen. Schauen Sie die Videos an oder Kontaktieren Sie uns f\u00fcr mehrere Informationen","breadcrumb":{"@id":"https:\/\/www.raytecvision.com\/de\/applikationen\/obst\/pflaumen\/#breadcrumb"},"inLanguage":"de-DE","potentialAction":[{"@type":"ReadAction","target":["https:\/\/www.raytecvision.com\/de\/applikationen\/obst\/pflaumen\/"]}]},{"@type":"BreadcrumbList","@id":"https:\/\/www.raytecvision.com\/de\/applikationen\/obst\/pflaumen\/#breadcrumb","itemListElement":[{"@type":"ListItem","position":1,"name":"Home","item":"https:\/\/www.raytecvision.com\/de\/"},{"@type":"ListItem","position":2,"name":"Applikationen","item":"https:\/\/www.raytecvision.com\/de\/applications\/"},{"@type":"ListItem","position":3,"name":"Obst","item":"https:\/\/www.raytecvision.com\/de\/applications\/fruit\/"},{"@type":"ListItem","position":4,"name":"Pflaumen"}]},{"@type":"WebSite","@id":"https:\/\/www.raytecvision.com\/de\/#website","url":"https:\/\/www.raytecvision.com\/de\/","name":"Raytec Vision","description":"Innovation in Sorting Equipment","publisher":{"@id":"https:\/\/www.raytecvision.com\/de\/#organization"},"potentialAction":[{"@type":"SearchAction","target":{"@type":"EntryPoint","urlTemplate":"https:\/\/www.raytecvision.com\/de\/?s={search_term_string}"},"query-input":{"@type":"PropertyValueSpecification","valueRequired":true,"valueName":"search_term_string"}}],"inLanguage":"de-DE"},{"@type":"Organization","@id":"https:\/\/www.raytecvision.com\/de\/#organization","name":"Raytec Vision","url":"https:\/\/www.raytecvision.com\/de\/","logo":{"@type":"ImageObject","inLanguage":"de-DE","@id":"https:\/\/www.raytecvision.com\/de\/#\/schema\/logo\/image\/","url":"","contentUrl":"","caption":"Raytec Vision"},"image":{"@id":"https:\/\/www.raytecvision.com\/de\/#\/schema\/logo\/image\/"},"sameAs":["https:\/\/www.facebook.com\/RaytecVision","https:\/\/x.com\/raytec_sorting","https:\/\/www.linkedin.com\/company\/raytec-vision\/"],"publishingPrinciples":"https:\/\/www.raytecvision.com\/privacy-policy\/","ownershipFundingInfo":"https:\/\/www.raytecvision.com\/chi-siamo-2\/la-nostra-storia\/"}]}},"jetpack_sharing_enabled":true,"_links":{"self":[{"href":"https:\/\/www.raytecvision.com\/de\/wp-json\/wp\/v2\/pages\/5231","targetHints":{"allow":["GET"]}}],"collection":[{"href":"https:\/\/www.raytecvision.com\/de\/wp-json\/wp\/v2\/pages"}],"about":[{"href":"https:\/\/www.raytecvision.com\/de\/wp-json\/wp\/v2\/types\/page"}],"author":[{"embeddable":true,"href":"https:\/\/www.raytecvision.com\/de\/wp-json\/wp\/v2\/users\/3"}],"replies":[{"embeddable":true,"href":"https:\/\/www.raytecvision.com\/de\/wp-json\/wp\/v2\/comments?post=5231"}],"version-history":[{"count":4,"href":"https:\/\/www.raytecvision.com\/de\/wp-json\/wp\/v2\/pages\/5231\/revisions"}],"predecessor-version":[{"id":19828,"href":"https:\/\/www.raytecvision.com\/de\/wp-json\/wp\/v2\/pages\/5231\/revisions\/19828"}],"up":[{"embeddable":true,"href":"https:\/\/www.raytecvision.com\/de\/wp-json\/wp\/v2\/pages\/5157"}],"wp:attachment":[{"href":"https:\/\/www.raytecvision.com\/de\/wp-json\/wp\/v2\/media?parent=5231"}],"curies":[{"name":"wp","href":"https:\/\/api.w.org\/{rel}","templated":true}]}}