{"id":6592,"date":"2021-02-03T09:17:51","date_gmt":"2021-02-03T08:17:51","guid":{"rendered":"https:\/\/www.raytecvision.com\/test-rooms\/"},"modified":"2024-09-04T15:22:01","modified_gmt":"2024-09-04T14:22:01","slug":"testraume","status":"publish","type":"page","link":"https:\/\/www.raytecvision.com\/de\/ueber-uns\/testraume\/","title":{"rendered":"Testr\u00e4ume"},"content":{"rendered":"\t\t<div data-elementor-type=\"wp-page\" data-elementor-id=\"6592\" class=\"elementor elementor-6592\">\n\t\t\t\t\t\t<div class=\"elementor-inner\">\n\t\t\t\t<div class=\"elementor-section-wrap\">\n\t\t\t\t\t\t\t\t\t<section class=\"elementor-section elementor-top-section elementor-element elementor-element-8864ed3 elementor-section-stretched elementor-section-boxed elementor-section-height-default elementor-section-height-default\" data-id=\"8864ed3\" data-element_type=\"section\" data-settings=\"{&quot;stretch_section&quot;:&quot;section-stretched&quot;,&quot;background_background&quot;:&quot;classic&quot;}\">\n\t\t\t\t\t\t<div class=\"elementor-container elementor-column-gap-default\">\n\t\t\t\t\t\t\t<div class=\"elementor-row\">\n\t\t\t\t\t<div class=\"elementor-column elementor-col-100 elementor-top-column elementor-element elementor-element-5f5185a\" data-id=\"5f5185a\" data-element_type=\"column\">\n\t\t\t<div class=\"elementor-column-wrap elementor-element-populated\">\n\t\t\t\t\t\t\t<div class=\"elementor-widget-wrap\">\n\t\t\t\t\t\t<div class=\"elementor-element elementor-element-c54d0fa elementor-widget elementor-widget-heading\" data-id=\"c54d0fa\" data-element_type=\"widget\" data-widget_type=\"heading.default\">\n\t\t\t\t<div class=\"elementor-widget-container\">\n\t\t\t<h2 class=\"elementor-heading-title elementor-size-default\">Testr\u00e4ume im Hauptsitz<\/h2>\t\t<\/div>\n\t\t\t\t<\/div>\n\t\t\t\t\t\t<\/div>\n\t\t\t\t\t<\/div>\n\t\t<\/div>\n\t\t\t\t\t\t\t\t<\/div>\n\t\t\t\t\t<\/div>\n\t\t<\/section>\n\t\t\t\t<section class=\"elementor-section elementor-top-section elementor-element elementor-element-ec6dc7e elementor-section-stretched elementor-section-boxed elementor-section-height-default elementor-section-height-default\" data-id=\"ec6dc7e\" data-element_type=\"section\" data-settings=\"{&quot;stretch_section&quot;:&quot;section-stretched&quot;,&quot;background_background&quot;:&quot;classic&quot;}\">\n\t\t\t\t\t\t\t<div class=\"elementor-background-overlay\"><\/div>\n\t\t\t\t\t\t\t<div class=\"elementor-container elementor-column-gap-wide\">\n\t\t\t\t\t\t\t<div class=\"elementor-row\">\n\t\t\t\t\t<div class=\"elementor-column elementor-col-33 elementor-top-column elementor-element elementor-element-66666338\" data-id=\"66666338\" data-element_type=\"column\">\n\t\t\t<div class=\"elementor-column-wrap elementor-element-populated\">\n\t\t\t\t\t\t\t<div class=\"elementor-widget-wrap\">\n\t\t\t\t\t\t<div class=\"elementor-element elementor-element-2994706 elementor-widget elementor-widget-image\" data-id=\"2994706\" data-element_type=\"widget\" data-widget_type=\"image.default\">\n\t\t\t\t<div class=\"elementor-widget-container\">\n\t\t\t\t\t\t\t\t<div class=\"elementor-image\">\n\t\t\t\t\t\t\t\t\t\t\t\t<img decoding=\"async\" src=\"https:\/\/www.raytecvision.com\/wp-content\/uploads\/sites\/50\/sala-fresh.jpg\" title=\"\" alt=\"\" loading=\"lazy\" \/>\t\t\t\t\t\t\t\t\t\t\t\t\t\t<\/div>\n\t\t\t\t\t\t<\/div>\n\t\t\t\t<\/div>\n\t\t\t\t<div class=\"elementor-element elementor-element-453ce56 elementor-widget elementor-widget-spacer\" data-id=\"453ce56\" data-element_type=\"widget\" data-widget_type=\"spacer.default\">\n\t\t\t\t<div class=\"elementor-widget-container\">\n\t\t\t\t\t<div class=\"elementor-spacer\">\n\t\t\t<div class=\"elementor-spacer-inner\"><\/div>\n\t\t<\/div>\n\t\t\t\t<\/div>\n\t\t\t\t<\/div>\n\t\t\t\t<div class=\"elementor-element elementor-element-321ca74 elementor-widget elementor-widget-text-editor\" data-id=\"321ca74\" data-element_type=\"widget\" data-widget_type=\"text-editor.default\">\n\t\t\t\t<div class=\"elementor-widget-container\">\n\t\t\t\t\t\t\t\t<div class=\"elementor-text-editor elementor-clearfix\">\n\t\t\t\t<h4>Testraum Fresh<\/h4><p>In diesem 450 m\u00b2 gro\u00dfen Raum befinden sich 4 verschiedene Maschinentypen, die alle darauf ausgelegt sind, das f\u00fcr die Kunden wesentliche Ma\u00df an Sicherheit und Lebensmittelqualit\u00e4t zu erreichen.<\/p><p>Die Umgebung wird in Bezug auf Temperatur und Luftfeuchtigkeit kontrolliert und ist vollst\u00e4ndig waschbar und desinfiziert, wodurch die strengen hygienischen Bedingungen der Produktionsanlagen wiederhergestellt werden.<\/p><p>In diesem Raum kann der Kunde Tests an Gem\u00fcse- und Obstkonserven, Fisch und S\u00fc\u00dfwaren durchf\u00fchren.<\/p>\t\t\t\t\t<\/div>\n\t\t\t\t\t\t<\/div>\n\t\t\t\t<\/div>\n\t\t\t\t<div class=\"elementor-element elementor-element-2683800 elementor-widget elementor-widget-spacer\" data-id=\"2683800\" data-element_type=\"widget\" data-widget_type=\"spacer.default\">\n\t\t\t\t<div class=\"elementor-widget-container\">\n\t\t\t\t\t<div class=\"elementor-spacer\">\n\t\t\t<div class=\"elementor-spacer-inner\"><\/div>\n\t\t<\/div>\n\t\t\t\t<\/div>\n\t\t\t\t<\/div>\n\t\t\t\t<div class=\"elementor-element elementor-element-5f57326 elementor-widget elementor-widget-spacer\" data-id=\"5f57326\" data-element_type=\"widget\" data-widget_type=\"spacer.default\">\n\t\t\t\t<div class=\"elementor-widget-container\">\n\t\t\t\t\t<div class=\"elementor-spacer\">\n\t\t\t<div class=\"elementor-spacer-inner\"><\/div>\n\t\t<\/div>\n\t\t\t\t<\/div>\n\t\t\t\t<\/div>\n\t\t\t\t\t\t<\/div>\n\t\t\t\t\t<\/div>\n\t\t<\/div>\n\t\t\t\t<div class=\"elementor-column elementor-col-33 elementor-top-column elementor-element elementor-element-446365d\" data-id=\"446365d\" data-element_type=\"column\">\n\t\t\t<div class=\"elementor-column-wrap elementor-element-populated\">\n\t\t\t\t\t\t\t<div class=\"elementor-widget-wrap\">\n\t\t\t\t\t\t<div class=\"elementor-element elementor-element-aaf14ee elementor-widget elementor-widget-image\" data-id=\"aaf14ee\" data-element_type=\"widget\" data-widget_type=\"image.default\">\n\t\t\t\t<div class=\"elementor-widget-container\">\n\t\t\t\t\t\t\t\t<div class=\"elementor-image\">\n\t\t\t\t\t\t\t\t\t\t\t\t<img decoding=\"async\" src=\"https:\/\/www.raytecvision.com\/wp-content\/uploads\/sites\/50\/Sala-X-Ray.jpg\" title=\"\" alt=\"\" loading=\"lazy\" \/>\t\t\t\t\t\t\t\t\t\t\t\t\t\t<\/div>\n\t\t\t\t\t\t<\/div>\n\t\t\t\t<\/div>\n\t\t\t\t<div class=\"elementor-element elementor-element-3fed36b elementor-widget elementor-widget-spacer\" data-id=\"3fed36b\" data-element_type=\"widget\" data-widget_type=\"spacer.default\">\n\t\t\t\t<div class=\"elementor-widget-container\">\n\t\t\t\t\t<div class=\"elementor-spacer\">\n\t\t\t<div class=\"elementor-spacer-inner\"><\/div>\n\t\t<\/div>\n\t\t\t\t<\/div>\n\t\t\t\t<\/div>\n\t\t\t\t<div class=\"elementor-element elementor-element-96adcbd elementor-widget elementor-widget-text-editor\" data-id=\"96adcbd\" data-element_type=\"widget\" data-widget_type=\"text-editor.default\">\n\t\t\t\t<div class=\"elementor-widget-container\">\n\t\t\t\t\t\t\t\t<div class=\"elementor-text-editor elementor-clearfix\">\n\t\t\t\t<h4>R\u00f6ntgenraum<\/h4><p>Der R\u00f6ntgenraum ist der einzige Proberaum mit Klimaanlage.<\/p><p>Neben dem Raum befindet sich eine Lagerhalle f\u00fcr die kontaminierten Produkte, die w\u00e4hrend der Tests verwendet werden sollen. In diesem Raum befinden sich zwei verschiedene Raybox- und Rayview-Inspektoren.<\/p><p>Hier k\u00f6nnen unsere Kunden Tests durchf\u00fchren, um Fremdk\u00f6rper auf verschiedenen Verpackungsarten wie Metalldosen, Tetra-Packs, Plastikflaschen, Gl\u00e4sern und Glasflaschen zu erkennen.<\/p>\t\t\t\t\t<\/div>\n\t\t\t\t\t\t<\/div>\n\t\t\t\t<\/div>\n\t\t\t\t<div class=\"elementor-element elementor-element-d3e61ec elementor-widget elementor-widget-spacer\" data-id=\"d3e61ec\" data-element_type=\"widget\" data-widget_type=\"spacer.default\">\n\t\t\t\t<div class=\"elementor-widget-container\">\n\t\t\t\t\t<div class=\"elementor-spacer\">\n\t\t\t<div class=\"elementor-spacer-inner\"><\/div>\n\t\t<\/div>\n\t\t\t\t<\/div>\n\t\t\t\t<\/div>\n\t\t\t\t\t\t<\/div>\n\t\t\t\t\t<\/div>\n\t\t<\/div>\n\t\t\t\t<div class=\"elementor-column elementor-col-33 elementor-top-column elementor-element elementor-element-4996354\" data-id=\"4996354\" data-element_type=\"column\">\n\t\t\t<div class=\"elementor-column-wrap elementor-element-populated\">\n\t\t\t\t\t\t\t<div class=\"elementor-widget-wrap\">\n\t\t\t\t\t\t<div class=\"elementor-element elementor-element-1cc1e49 elementor-widget elementor-widget-image\" data-id=\"1cc1e49\" data-element_type=\"widget\" data-widget_type=\"image.default\">\n\t\t\t\t<div class=\"elementor-widget-container\">\n\t\t\t\t\t\t\t\t<div class=\"elementor-image\">\n\t\t\t\t\t\t\t\t\t\t\t\t<img decoding=\"async\" src=\"https:\/\/www.raytecvision.com\/wp-content\/uploads\/sites\/50\/Sala-Test-Hot-Frozen-001.jpg\" title=\"\" alt=\"\" loading=\"lazy\" \/>\t\t\t\t\t\t\t\t\t\t\t\t\t\t<\/div>\n\t\t\t\t\t\t<\/div>\n\t\t\t\t<\/div>\n\t\t\t\t<div class=\"elementor-element elementor-element-41ddbc0 elementor-widget elementor-widget-spacer\" data-id=\"41ddbc0\" data-element_type=\"widget\" data-widget_type=\"spacer.default\">\n\t\t\t\t<div class=\"elementor-widget-container\">\n\t\t\t\t\t<div class=\"elementor-spacer\">\n\t\t\t<div class=\"elementor-spacer-inner\"><\/div>\n\t\t<\/div>\n\t\t\t\t<\/div>\n\t\t\t\t<\/div>\n\t\t\t\t<div class=\"elementor-element elementor-element-16ae341 elementor-widget elementor-widget-text-editor\" data-id=\"16ae341\" data-element_type=\"widget\" data-widget_type=\"text-editor.default\">\n\t\t\t\t<div class=\"elementor-widget-container\">\n\t\t\t\t\t\t\t\t<div class=\"elementor-text-editor elementor-clearfix\">\n\t\t\t\t<h4>Testaum Hot-Frozen<\/h4><p>Der Testaum HOT-FROZEN ist so konzipiert, dass die typische Produktionsumgebung von Tiefk\u00fchlprodukten sowie Trockenfr\u00fcchten nachgebildet wird.<\/p><p>Der 250 m\u00b2 gro\u00dfe Raum ist klimatisiert und kann zur Kontrolle von Temperatur und Luftfeuchtigkeit programmiert werden, haupts\u00e4chlich f\u00fcr verschiedene Situationen:<\/p><ul><li>Tests an gefrorenem Obst und Gem\u00fcse mit einer Temperatur von -7 \u00b0C und 80% Luftfeuchtigkeit;<\/li><li>Tests an frisch geschnittenen Produkten mit einer Temperatur von 7 \u00b0C und 90% Luftfeuchtigkeit;<\/li><li>Tests an N\u00fcssen wie Mandeln, Waln\u00fcssen und Haseln\u00fcssen mit einer Temperatur von 30 \u00b0C und einer Luftfeuchtigkeit von 60%.<\/li><\/ul><p>\u00a0<\/p>\t\t\t\t\t<\/div>\n\t\t\t\t\t\t<\/div>\n\t\t\t\t<\/div>\n\t\t\t\t\t\t<\/div>\n\t\t\t\t\t<\/div>\n\t\t<\/div>\n\t\t\t\t\t\t\t\t<\/div>\n\t\t\t\t\t<\/div>\n\t\t<\/section>\n\t\t\t\t<section class=\"elementor-section elementor-top-section elementor-element elementor-element-4822a8e elementor-section-boxed elementor-section-height-default elementor-section-height-default\" data-id=\"4822a8e\" data-element_type=\"section\">\n\t\t\t\t\t\t<div class=\"elementor-container elementor-column-gap-default\">\n\t\t\t\t\t\t\t<div class=\"elementor-row\">\n\t\t\t\t\t<div class=\"elementor-column elementor-col-100 elementor-top-column elementor-element elementor-element-3a993d0\" data-id=\"3a993d0\" data-element_type=\"column\">\n\t\t\t<div class=\"elementor-column-wrap elementor-element-populated\">\n\t\t\t\t\t\t\t<div class=\"elementor-widget-wrap\">\n\t\t\t\t\t\t<div class=\"elementor-element elementor-element-f4c6647 elementor-widget elementor-widget-google_maps\" data-id=\"f4c6647\" data-element_type=\"widget\" data-widget_type=\"google_maps.default\">\n\t\t\t\t<div class=\"elementor-widget-container\">\n\t\t\t\t\t<div class=\"elementor-custom-embed\">\n\t\t\t<iframe loading=\"lazy\"\n\t\t\t\t\tsrc=\"https:\/\/maps.google.com\/maps?q=via%20rudolf%20diesel%2C%202%20parma&#038;t=m&#038;z=15&#038;output=embed&#038;iwloc=near\"\n\t\t\t\t\ttitle=\"via rudolf diesel, 2 parma\"\n\t\t\t\t\taria-label=\"via rudolf diesel, 2 parma\"\n\t\t\t><\/iframe>\n\t\t<\/div>\n\t\t\t\t<\/div>\n\t\t\t\t<\/div>\n\t\t\t\t\t\t<\/div>\n\t\t\t\t\t<\/div>\n\t\t<\/div>\n\t\t\t\t\t\t\t\t<\/div>\n\t\t\t\t\t<\/div>\n\t\t<\/section>\n\t\t\t\t<section class=\"elementor-section elementor-top-section elementor-element elementor-element-0a94274 elementor-section-stretched elementor-section-boxed elementor-section-height-default elementor-section-height-default\" data-id=\"0a94274\" data-element_type=\"section\" data-settings=\"{&quot;stretch_section&quot;:&quot;section-stretched&quot;,&quot;background_background&quot;:&quot;classic&quot;}\">\n\t\t\t\t\t\t<div class=\"elementor-container elementor-column-gap-default\">\n\t\t\t\t\t\t\t<div class=\"elementor-row\">\n\t\t\t\t\t<div class=\"elementor-column elementor-col-50 elementor-top-column elementor-element elementor-element-e51f371\" data-id=\"e51f371\" data-element_type=\"column\">\n\t\t\t<div class=\"elementor-column-wrap elementor-element-populated\">\n\t\t\t\t\t\t\t<div class=\"elementor-widget-wrap\">\n\t\t\t\t\t\t<div class=\"elementor-element elementor-element-7833abb elementor-widget elementor-widget-heading\" data-id=\"7833abb\" data-element_type=\"widget\" data-widget_type=\"heading.default\">\n\t\t\t\t<div class=\"elementor-widget-container\">\n\t\t\t<h2 class=\"elementor-heading-title elementor-size-default\">Fordern Sie Informationen<\/h2>\t\t<\/div>\n\t\t\t\t<\/div>\n\t\t\t\t<div class=\"elementor-element elementor-element-0202214 elementor-widget-divider--view-line elementor-widget elementor-widget-divider\" data-id=\"0202214\" data-element_type=\"widget\" data-widget_type=\"divider.default\">\n\t\t\t\t<div class=\"elementor-widget-container\">\n\t\t\t\t\t<div class=\"elementor-divider\">\n\t\t\t<span class=\"elementor-divider-separator\">\n\t\t\t\t\t\t<\/span>\n\t\t<\/div>\n\t\t\t\t<\/div>\n\t\t\t\t<\/div>\n\t\t\t\t<div class=\"elementor-element elementor-element-ab6293d elementor-widget elementor-widget-text-editor\" data-id=\"ab6293d\" data-element_type=\"widget\" data-widget_type=\"text-editor.default\">\n\t\t\t\t<div class=\"elementor-widget-container\">\n\t\t\t\t\t\t\t\t<div class=\"elementor-text-editor elementor-clearfix\">\n\t\t\t\t<p>Kontaktieren Sie uns, um Informationen oder ein kostenloses Angebot anzufordern<\/p>\t\t\t\t\t<\/div>\n\t\t\t\t\t\t<\/div>\n\t\t\t\t<\/div>\n\t\t\t\t\t\t<\/div>\n\t\t\t\t\t<\/div>\n\t\t<\/div>\n\t\t\t\t<div class=\"elementor-column elementor-col-50 elementor-top-column elementor-element elementor-element-3e1b825\" data-id=\"3e1b825\" data-element_type=\"column\">\n\t\t\t<div class=\"elementor-column-wrap elementor-element-populated\">\n\t\t\t\t\t\t\t<div class=\"elementor-widget-wrap\">\n\t\t\t\t\t\t<div class=\"elementor-element elementor-element-285f70a elementor-align-center elementor-widget elementor-widget-button\" data-id=\"285f70a\" data-element_type=\"widget\" data-widget_type=\"button.default\">\n\t\t\t\t<div class=\"elementor-widget-container\">\n\t\t\t\t\t<div class=\"elementor-button-wrapper\">\n\t\t\t<a class=\"elementor-button elementor-button-link elementor-size-sm\" href=\"https:\/\/www.raytecvision.com\/de\/kontakte\/\">\n\t\t\t\t\t\t<span class=\"elementor-button-content-wrapper\">\n\t\t\t\t\t\t<span class=\"elementor-button-text\">Kontaktiere uns<\/span>\n\t\t<\/span>\n\t\t\t\t\t<\/a>\n\t\t<\/div>\n\t\t\t\t<\/div>\n\t\t\t\t<\/div>\n\t\t\t\t\t\t<\/div>\n\t\t\t\t\t<\/div>\n\t\t<\/div>\n\t\t\t\t\t\t\t\t<\/div>\n\t\t\t\t\t<\/div>\n\t\t<\/section>\n\t\t\t\t\t\t\t\t\t<\/div>\n\t\t\t<\/div>\n\t\t\t\t\t<\/div>\n\t\t","protected":false},"excerpt":{"rendered":"<p>Testr\u00e4ume im Hauptsitz Testraum Fresh In diesem 450 m\u00b2 gro\u00dfen Raum befinden sich 4 verschiedene Maschinentypen, die alle darauf ausgelegt sind, das f\u00fcr die Kunden wesentliche Ma\u00df an Sicherheit und Lebensmittelqualit\u00e4t zu erreichen. Die Umgebung wird in Bezug auf Temperatur und Luftfeuchtigkeit kontrolliert und ist vollst\u00e4ndig waschbar und desinfiziert, wodurch<\/p>\n","protected":false},"author":3,"featured_media":0,"parent":8762,"menu_order":0,"comment_status":"closed","ping_status":"closed","template":"","meta":{"inline_featured_image":false,"footnotes":""},"class_list":["post-6592","page","type-page","status-publish","hentry"],"yoast_head":"<!-- This site is optimized with the Yoast SEO Premium plugin v26.8 (Yoast SEO v26.8) - https:\/\/yoast.com\/product\/yoast-seo-premium-wordpress\/ -->\n<title>Probieren Sie die Raytec Vision Sortiermaschinen vor dem Kauf aus.<\/title>\n<meta name=\"description\" content=\"Raytec Vision f\u00f6rdert die &quot;test&amp;buy&quot; Formel. Probieren Sie unsere Sortieramschinenf\u00fcr Lebensmittel in unseren Testr\u00e4umen aus!\" \/>\n<meta name=\"robots\" content=\"index, follow, max-snippet:-1, max-image-preview:large, max-video-preview:-1\" \/>\n<link rel=\"canonical\" href=\"https:\/\/www.raytecvision.com\/de\/ueber-uns\/testraume\/\" \/>\n<meta property=\"og:locale\" content=\"de_DE\" \/>\n<meta property=\"og:type\" content=\"article\" \/>\n<meta property=\"og:title\" content=\"Testr\u00e4ume\" \/>\n<meta property=\"og:description\" content=\"Raytec Vision f\u00f6rdert die &quot;test&amp;buy&quot; Formel. Probieren Sie unsere Sortieramschinenf\u00fcr Lebensmittel in unseren Testr\u00e4umen aus!\" \/>\n<meta property=\"og:url\" content=\"https:\/\/www.raytecvision.com\/de\/ueber-uns\/testraume\/\" \/>\n<meta property=\"og:site_name\" content=\"Raytec Vision\" \/>\n<meta property=\"article:publisher\" content=\"https:\/\/www.facebook.com\/RaytecVision\" \/>\n<meta property=\"article:modified_time\" content=\"2024-09-04T14:22:01+00:00\" \/>\n<meta property=\"og:image\" content=\"https:\/\/www.raytecvision.com\/wp-content\/uploads\/sites\/50\/sala-fresh.jpg\" \/>\n<meta name=\"twitter:card\" content=\"summary_large_image\" \/>\n<meta name=\"twitter:site\" content=\"@raytec_sorting\" \/>\n<meta name=\"twitter:label1\" content=\"Gesch\u00e4tzte Lesezeit\" \/>\n\t<meta name=\"twitter:data1\" content=\"2 Minuten\" \/>\n<script type=\"application\/ld+json\" class=\"yoast-schema-graph\">{\"@context\":\"https:\/\/schema.org\",\"@graph\":[{\"@type\":\"WebPage\",\"@id\":\"https:\/\/www.raytecvision.com\/de\/ueber-uns\/testraume\/\",\"url\":\"https:\/\/www.raytecvision.com\/de\/ueber-uns\/testraume\/\",\"name\":\"Probieren Sie die Raytec Vision Sortiermaschinen vor dem Kauf aus.\",\"isPartOf\":{\"@id\":\"https:\/\/www.raytecvision.com\/de\/#website\"},\"primaryImageOfPage\":{\"@id\":\"https:\/\/www.raytecvision.com\/de\/ueber-uns\/testraume\/#primaryimage\"},\"image\":{\"@id\":\"https:\/\/www.raytecvision.com\/de\/ueber-uns\/testraume\/#primaryimage\"},\"thumbnailUrl\":\"https:\/\/www.raytecvision.com\/wp-content\/uploads\/sites\/50\/sala-fresh.jpg\",\"datePublished\":\"2021-02-03T08:17:51+00:00\",\"dateModified\":\"2024-09-04T14:22:01+00:00\",\"description\":\"Raytec Vision f\u00f6rdert die \\\"test&buy\\\" Formel. Probieren Sie unsere Sortieramschinenf\u00fcr Lebensmittel in unseren Testr\u00e4umen aus!\",\"breadcrumb\":{\"@id\":\"https:\/\/www.raytecvision.com\/de\/ueber-uns\/testraume\/#breadcrumb\"},\"inLanguage\":\"de-DE\",\"potentialAction\":[{\"@type\":\"ReadAction\",\"target\":[\"https:\/\/www.raytecvision.com\/de\/ueber-uns\/testraume\/\"]}]},{\"@type\":\"ImageObject\",\"inLanguage\":\"de-DE\",\"@id\":\"https:\/\/www.raytecvision.com\/de\/ueber-uns\/testraume\/#primaryimage\",\"url\":\"https:\/\/www.raytecvision.com\/wp-content\/uploads\/sites\/50\/sala-fresh.jpg\",\"contentUrl\":\"https:\/\/www.raytecvision.com\/wp-content\/uploads\/sites\/50\/sala-fresh.jpg\"},{\"@type\":\"BreadcrumbList\",\"@id\":\"https:\/\/www.raytecvision.com\/de\/ueber-uns\/testraume\/#breadcrumb\",\"itemListElement\":[{\"@type\":\"ListItem\",\"position\":1,\"name\":\"Home\",\"item\":\"https:\/\/www.raytecvision.com\/de\/\"},{\"@type\":\"ListItem\",\"position\":2,\"name\":\"\u00dcber uns\",\"item\":\"https:\/\/www.raytecvision.com\/de\/quienes-somos\/\"},{\"@type\":\"ListItem\",\"position\":3,\"name\":\"Testr\u00e4ume\"}]},{\"@type\":\"WebSite\",\"@id\":\"https:\/\/www.raytecvision.com\/de\/#website\",\"url\":\"https:\/\/www.raytecvision.com\/de\/\",\"name\":\"Raytec Vision\",\"description\":\"Innovation in Sorting Equipment\",\"publisher\":{\"@id\":\"https:\/\/www.raytecvision.com\/de\/#organization\"},\"potentialAction\":[{\"@type\":\"SearchAction\",\"target\":{\"@type\":\"EntryPoint\",\"urlTemplate\":\"https:\/\/www.raytecvision.com\/de\/?s={search_term_string}\"},\"query-input\":{\"@type\":\"PropertyValueSpecification\",\"valueRequired\":true,\"valueName\":\"search_term_string\"}}],\"inLanguage\":\"de-DE\"},{\"@type\":\"Organization\",\"@id\":\"https:\/\/www.raytecvision.com\/de\/#organization\",\"name\":\"Raytec Vision\",\"url\":\"https:\/\/www.raytecvision.com\/de\/\",\"logo\":{\"@type\":\"ImageObject\",\"inLanguage\":\"de-DE\",\"@id\":\"https:\/\/www.raytecvision.com\/de\/#\/schema\/logo\/image\/\",\"url\":\"\",\"contentUrl\":\"\",\"caption\":\"Raytec Vision\"},\"image\":{\"@id\":\"https:\/\/www.raytecvision.com\/de\/#\/schema\/logo\/image\/\"},\"sameAs\":[\"https:\/\/www.facebook.com\/RaytecVision\",\"https:\/\/x.com\/raytec_sorting\",\"https:\/\/www.linkedin.com\/company\/raytec-vision\/\"],\"publishingPrinciples\":\"https:\/\/www.raytecvision.com\/privacy-policy\/\",\"ownershipFundingInfo\":\"https:\/\/www.raytecvision.com\/chi-siamo-2\/la-nostra-storia\/\"}]}<\/script>\n<!-- \/ Yoast SEO Premium plugin. -->","yoast_head_json":{"title":"Probieren Sie die Raytec Vision Sortiermaschinen vor dem Kauf aus.","description":"Raytec Vision f\u00f6rdert die \"test&buy\" Formel. Probieren Sie unsere Sortieramschinenf\u00fcr Lebensmittel in unseren Testr\u00e4umen aus!","robots":{"index":"index","follow":"follow","max-snippet":"max-snippet:-1","max-image-preview":"max-image-preview:large","max-video-preview":"max-video-preview:-1"},"canonical":"https:\/\/www.raytecvision.com\/de\/ueber-uns\/testraume\/","og_locale":"de_DE","og_type":"article","og_title":"Testr\u00e4ume","og_description":"Raytec Vision f\u00f6rdert die \"test&buy\" Formel. Probieren Sie unsere Sortieramschinenf\u00fcr Lebensmittel in unseren Testr\u00e4umen aus!","og_url":"https:\/\/www.raytecvision.com\/de\/ueber-uns\/testraume\/","og_site_name":"Raytec Vision","article_publisher":"https:\/\/www.facebook.com\/RaytecVision","article_modified_time":"2024-09-04T14:22:01+00:00","og_image":[{"url":"https:\/\/www.raytecvision.com\/wp-content\/uploads\/sites\/50\/sala-fresh.jpg","type":"","width":"","height":""}],"twitter_card":"summary_large_image","twitter_site":"@raytec_sorting","twitter_misc":{"Gesch\u00e4tzte Lesezeit":"2 Minuten"},"schema":{"@context":"https:\/\/schema.org","@graph":[{"@type":"WebPage","@id":"https:\/\/www.raytecvision.com\/de\/ueber-uns\/testraume\/","url":"https:\/\/www.raytecvision.com\/de\/ueber-uns\/testraume\/","name":"Probieren Sie die Raytec Vision Sortiermaschinen vor dem Kauf aus.","isPartOf":{"@id":"https:\/\/www.raytecvision.com\/de\/#website"},"primaryImageOfPage":{"@id":"https:\/\/www.raytecvision.com\/de\/ueber-uns\/testraume\/#primaryimage"},"image":{"@id":"https:\/\/www.raytecvision.com\/de\/ueber-uns\/testraume\/#primaryimage"},"thumbnailUrl":"https:\/\/www.raytecvision.com\/wp-content\/uploads\/sites\/50\/sala-fresh.jpg","datePublished":"2021-02-03T08:17:51+00:00","dateModified":"2024-09-04T14:22:01+00:00","description":"Raytec Vision f\u00f6rdert die \"test&buy\" Formel. Probieren Sie unsere Sortieramschinenf\u00fcr Lebensmittel in unseren Testr\u00e4umen aus!","breadcrumb":{"@id":"https:\/\/www.raytecvision.com\/de\/ueber-uns\/testraume\/#breadcrumb"},"inLanguage":"de-DE","potentialAction":[{"@type":"ReadAction","target":["https:\/\/www.raytecvision.com\/de\/ueber-uns\/testraume\/"]}]},{"@type":"ImageObject","inLanguage":"de-DE","@id":"https:\/\/www.raytecvision.com\/de\/ueber-uns\/testraume\/#primaryimage","url":"https:\/\/www.raytecvision.com\/wp-content\/uploads\/sites\/50\/sala-fresh.jpg","contentUrl":"https:\/\/www.raytecvision.com\/wp-content\/uploads\/sites\/50\/sala-fresh.jpg"},{"@type":"BreadcrumbList","@id":"https:\/\/www.raytecvision.com\/de\/ueber-uns\/testraume\/#breadcrumb","itemListElement":[{"@type":"ListItem","position":1,"name":"Home","item":"https:\/\/www.raytecvision.com\/de\/"},{"@type":"ListItem","position":2,"name":"\u00dcber uns","item":"https:\/\/www.raytecvision.com\/de\/quienes-somos\/"},{"@type":"ListItem","position":3,"name":"Testr\u00e4ume"}]},{"@type":"WebSite","@id":"https:\/\/www.raytecvision.com\/de\/#website","url":"https:\/\/www.raytecvision.com\/de\/","name":"Raytec Vision","description":"Innovation in Sorting Equipment","publisher":{"@id":"https:\/\/www.raytecvision.com\/de\/#organization"},"potentialAction":[{"@type":"SearchAction","target":{"@type":"EntryPoint","urlTemplate":"https:\/\/www.raytecvision.com\/de\/?s={search_term_string}"},"query-input":{"@type":"PropertyValueSpecification","valueRequired":true,"valueName":"search_term_string"}}],"inLanguage":"de-DE"},{"@type":"Organization","@id":"https:\/\/www.raytecvision.com\/de\/#organization","name":"Raytec Vision","url":"https:\/\/www.raytecvision.com\/de\/","logo":{"@type":"ImageObject","inLanguage":"de-DE","@id":"https:\/\/www.raytecvision.com\/de\/#\/schema\/logo\/image\/","url":"","contentUrl":"","caption":"Raytec Vision"},"image":{"@id":"https:\/\/www.raytecvision.com\/de\/#\/schema\/logo\/image\/"},"sameAs":["https:\/\/www.facebook.com\/RaytecVision","https:\/\/x.com\/raytec_sorting","https:\/\/www.linkedin.com\/company\/raytec-vision\/"],"publishingPrinciples":"https:\/\/www.raytecvision.com\/privacy-policy\/","ownershipFundingInfo":"https:\/\/www.raytecvision.com\/chi-siamo-2\/la-nostra-storia\/"}]}},"jetpack_sharing_enabled":true,"_links":{"self":[{"href":"https:\/\/www.raytecvision.com\/de\/wp-json\/wp\/v2\/pages\/6592","targetHints":{"allow":["GET"]}}],"collection":[{"href":"https:\/\/www.raytecvision.com\/de\/wp-json\/wp\/v2\/pages"}],"about":[{"href":"https:\/\/www.raytecvision.com\/de\/wp-json\/wp\/v2\/types\/page"}],"author":[{"embeddable":true,"href":"https:\/\/www.raytecvision.com\/de\/wp-json\/wp\/v2\/users\/3"}],"replies":[{"embeddable":true,"href":"https:\/\/www.raytecvision.com\/de\/wp-json\/wp\/v2\/comments?post=6592"}],"version-history":[{"count":14,"href":"https:\/\/www.raytecvision.com\/de\/wp-json\/wp\/v2\/pages\/6592\/revisions"}],"predecessor-version":[{"id":29393,"href":"https:\/\/www.raytecvision.com\/de\/wp-json\/wp\/v2\/pages\/6592\/revisions\/29393"}],"up":[{"embeddable":true,"href":"https:\/\/www.raytecvision.com\/de\/wp-json\/wp\/v2\/pages\/8762"}],"wp:attachment":[{"href":"https:\/\/www.raytecvision.com\/de\/wp-json\/wp\/v2\/media?parent=6592"}],"curies":[{"name":"wp","href":"https:\/\/api.w.org\/{rel}","templated":true}]}}