{"id":13210,"date":"2021-03-04T11:42:26","date_gmt":"2021-03-04T10:42:26","guid":{"rendered":"https:\/\/www.raytecvision.com\/cookie-policy\/"},"modified":"2023-03-27T15:31:15","modified_gmt":"2023-03-27T14:31:15","slug":"cookie-policy","status":"publish","type":"page","link":"https:\/\/www.raytecvision.com\/es\/cookie-policy\/","title":{"rendered":"Cookie Policy"},"content":{"rendered":"\r\n<p>La gesti\u00f3n de la propensi\u00f3n es la gesti\u00f3n de la inclinaci\u00f3n o tendencia natural de un individuo hacia ciertos intereses, productos, necesidades, etc. Para personalizar nuestras comunicaciones con usted y asegurarnos de que abordemos sus necesidades espec\u00edficas y no lo abrumaremos con informaci\u00f3n no deseada, utilizamos cookies para gestionar la propensi\u00f3n. Una cookie es un fragmento de informaci\u00f3n que el navegador web almacena en el disco duro de su ordenador. Cuando vuelve a visitar cualquiera de nuestros sitios, nuestro servidor reconoce la cookie y nos brinda informaci\u00f3n sobre su \u00faltima visita. La mayor\u00eda de los navegadores aceptan las cookies autom\u00e1ticamente, pero puede modificar la configuraci\u00f3n de su navegador para evitar su aceptaci\u00f3n autom\u00e1tica. Si elige no recibir cookies, puede optar por no recibirlas en su navegador, pero podr\u00e1 seguir utilizando la mayor\u00eda de las funciones de nuestro sitio web.<\/p>\r\n<ol>\r\n<li><strong>C\u00f3mo utiliza ATS las Cookies<\/strong><\/li>\r\n<\/ol>\r\n<p>Esta Pol\u00edtica de cookies describe c\u00f3mo ATS, nuestros socios y otros terceros utilizan cookies o tecnolog\u00edas similares (como etiquetas de p\u00edxeles, web beacons, clear GIF, JavaScript y almacenamiento local). A lo largo de esta Pol\u00edtica, nos referimos a estas cookies y tecnolog\u00edas similares simplemente como \u00abCookies\u00bb. Tambi\u00e9n describimos las opciones que puede tener en relaci\u00f3n con dichas cookies. Esta Pol\u00edtica cubre el uso de cookies por parte de ATS que pueden usarse en relaci\u00f3n con los sitios web (incluidos los sitios web y aplicaciones m\u00f3viles) que son propiedad de ATS y est\u00e1n controlados por ATS (los \u00abSitios\u00bb).<\/p>\r\n<p>En algunos casos, podemos utilizar cookies para recopilar informaci\u00f3n que se define como datos personales o que puede convertirse en datos personales si la combinamos con otra informaci\u00f3n. En tales casos, se aplicar\u00e1 la Pol\u00edtica global de privacidad de datos de ATS adem\u00e1s de esta Pol\u00edtica de cookies de ATS.<\/p>\r\n<ol start=\"2\">\r\n<li><strong>\u00bfQu\u00e9 son las cookies?<\/strong><\/li>\r\n<\/ol>\r\n<p>Las cookies son peque\u00f1os archivos, que normalmente constan de letras y n\u00fameros, y que se colocan en su ordenador, tableta, tel\u00e9fono o dispositivo similar cuando utiliza ese dispositivo para visitar un sitio web. Los propietarios de sitios web utilizan ampliamente las cookies para que sus sitios web funcionen de forma m\u00e1s eficaz y proporcionen informaci\u00f3n anal\u00edtica.<\/p>\r\n<p>Estos son los diferentes tipos de cookies que nosotros y nuestros proveedores de servicios podemos utilizar en nuestros Sitios:<\/p>\r\n<ul>\r\n<li><strong>Cookies estrictamente necesarias.<\/strong>\u00a0Estas cookies son necesarias para el funcionamiento de nuestros Sitios (por ejemplo, para permitirle iniciar sesi\u00f3n en \u00e1reas seguras de nuestro sitio web). Estas cookies le permiten desplazarse por los Sitios y utilizar sus funciones. Si desactiva estas cookies, el rendimiento de los Sitios se ver\u00e1 reducido y algunas de las caracter\u00edsticas y servicios pueden no estar disponibles.<\/li>\r\n<li><strong>Cookies de an\u00e1lisis y rendimiento.<\/strong>\u00a0Estas cookies nos permiten analizar las actividades en nuestros Sitios y en otros sitios donde publicamos contenido para mejorar y optimizar el funcionamiento de nuestros Sitios. Por ejemplo, podemos utilizar este tipo de cookies para garantizar que los visitantes puedan encontrar f\u00e1cilmente la informaci\u00f3n que buscan en nuestros Sitios. Una forma de hacerlo es reconocer y contar el n\u00famero de visitantes y ver c\u00f3mo se mueven por nuestros Sitios cuando los utilizan. Las cookies de an\u00e1lisis tambi\u00e9n nos ayudan a medir el rendimiento de nuestras campa\u00f1as publicitarias para ayudarnos a mejorar nuestras campa\u00f1as publicitarias y optimizar el contenido de nuestros sitios para quienes interact\u00faen con nuestra publicidad.<\/li>\r\n<li><strong>Cookies de funcionalidad.<\/strong>\u00a0Estas cookies se utilizan para reconocerlo cuando regrese a nuestros sitios. Esto nos permite personalizar nuestro contenido para usted, saludarlo por su nombre y recordar sus preferencias (por ejemplo, su elecci\u00f3n de idioma o regi\u00f3n).<\/li>\r\n<li><strong>Cookies publicitarias.<\/strong>\u00a0Estas cookies registran sus actividades en l\u00ednea, incluidas sus visitas a nuestros sitios, las p\u00e1ginas que ha visitado y los enlaces y anuncios en los que ha hecho clic. Uno de los prop\u00f3sitos de esto es ayudar a que el contenido que se muestra en nuestros Sitios sea m\u00e1s relevante para usted. Otro prop\u00f3sito es permitirnos a nosotros y a nuestros proveedores de servicios enviarle anuncios u otras comunicaciones que est\u00e9n dise\u00f1adas para ser m\u00e1s relevantes para sus intereses aparentes. (Cuando lo hacemos nosotros y nuestros proveedores de servicios, tambi\u00e9n participan socios como editores, plataformas de gesti\u00f3n de datos y plataformas del lado de la demanda que ayudan a gestionar los datos). Por ejemplo, si consulta una p\u00e1gina de uno de nuestros Sitios, podemos hacer que se le env\u00ede un anuncio, en nuestros Sitios o en otros sitios, de productos a los que se hace referencia en esa p\u00e1gina o de productos y servicios similares. Nosotros y nuestros proveedores de servicios y socios tambi\u00e9n podemos a\u00f1adir otros datos a la informaci\u00f3n recopilada por estas cookies, incluida la informaci\u00f3n obtenida de terceros, y compartir esta informaci\u00f3n con terceros con el fin de enviarle anuncios.<\/li>\r\n<\/ul>\r\n<ol start=\"3\">\r\n<li><strong>\u00bfC\u00f3mo recopila y utiliza ATS otra informaci\u00f3n?<\/strong><\/li>\r\n<\/ol>\r\n<p>Nosotros y nuestros proveedores de servicios podemos utilizar cookies para diversos fines, que incluyen:<\/p>\r\n<ul>\r\n<li>Ayudarnos a nosotros y a terceros a obtener informaci\u00f3n sobre sus visitas a los Sitios;<\/li>\r\n<li>Procesar sus pedidos;<\/li>\r\n<li>Analizar sus patrones de visita para mejorar nuestros sitios;<\/li>\r\n<li>Ofrecer publicidad, comunicaciones, funciones sociales y contenido de nosotros y de terceros, en nuestros Sitios y en los de terceros, espec\u00edficos para sus intereses;<\/li>\r\n<li>Recordar su idioma y otras preferencias;<\/li>\r\n<li>Ayudarle a obtener la informaci\u00f3n que busca;<\/li>\r\n<li>Proporcionar un servicio seguro y protegido para las transacciones en l\u00ednea;<\/li>\r\n<li>Medir cu\u00e1ntas personas usan nuestros Sitios y c\u00f3mo los usan para que nuestros Sitios funcionen de manera eficiente y para comprender mejor las audiencias de nuestros Sitios;<\/li>\r\n<li>Si se registra en uno de nuestros Sitios o nos proporciona su informaci\u00f3n personal de otro modo, podemos asociar esa informaci\u00f3n con otra informaci\u00f3n que recopilemos de usted o sobre usted o que usted proporcione, informaci\u00f3n sobre su uso de nuestros Sitios o informaci\u00f3n que recibamos de terceros o sobre usted. Utilizaremos estos datos combinados con fines de marketing y an\u00e1lisis.<\/li>\r\n<\/ul>\r\n<ol start=\"4\">\r\n<li><strong>\u00bfCu\u00e1nto tiempo permanecen las cookies en los dispositivos?<\/strong><\/li>\r\n<\/ol>\r\n<p>Algunas de nuestras Cookies operan desde el momento en que usted visita un servicio de ATS hasta el final de esa sesi\u00f3n de navegaci\u00f3n web en particular. Estas cookies caducan y se eliminan autom\u00e1ticamente al cerrar el navegador de Internet. Estas cookies se denominan cookies de \u00absesi\u00f3n\u00bb.<\/p>\r\n<p>Algunas cookies permanecer\u00e1n en su dispositivo entre las sesiones de navegaci\u00f3n. No caducan al cerrar el navegador. Estas cookies se denominan cookies \u00abpersistentes\u00bb. El tiempo que una cookie persistente permanece en el dispositivo var\u00eda de una cookie a otra. Nosotros y otros terceros utilizamos cookies persistentes para diversos fines, como almacenar sus preferencias para que est\u00e9n disponibles en la pr\u00f3xima visita y para llevar un registro m\u00e1s preciso de la frecuencia con la que visita nuestros Sitios, la frecuencia con la que regresa, la forma en que el uso de los Sitios puede variar con el tiempo y la eficacia de las iniciativas publicitarias.<\/p>\r\n<ol start=\"5\">\r\n<li><strong>\u00bfQui\u00e9n coloca las cookies en los dispositivos?<\/strong><\/li>\r\n<\/ol>\r\n<p>ATS, como operador del Sitio, puede colocar cookies en su dispositivo. Estas cookies se denominan cookies \u00abpropias\u00bb.\u00a0 Algunas cookies pueden ser colocadas en su dispositivo por un tercero distinto de ATS. Estas cookies se denominan cookies de \u00abterceros\u00bb. Por ejemplo, un socio de ATS puede colocar una cookie de terceros para habilitar los servicios de chat en l\u00ednea.<\/p>\r\n<p>Tambi\u00e9n se pueden utilizar cookies que nos permiten a nosotros y a terceros saber cu\u00e1ndo visita nuestros Sitios y entender c\u00f3mo interact\u00faa con los correos electr\u00f3nicos, los anuncios u otro contenido. A trav\u00e9s de las cookies, se puede obtener y utilizar informaci\u00f3n agregada y de otro tipo que no se considera informaci\u00f3n personal (como el sistema operativo, la versi\u00f3n del navegador y la URL de la que proviene, incluidos los correos electr\u00f3nicos y los anuncios) para mejorar su experiencia y comprender los patrones de tr\u00e1fico. Esta tecnolog\u00eda cuenta el n\u00famero de usuarios que visitan un servicio en particular a trav\u00e9s de anuncios publicitarios espec\u00edficos fuera del sitio de ATS o que hicieron clic en los enlaces o gr\u00e1ficos incluidos en los boletines por correo electr\u00f3nico recibidos por ATS. Tambi\u00e9n se utiliza como una herramienta para recopilar estad\u00edsticas agregadas sobre c\u00f3mo se utilizan los sitios de ATS, para realizar an\u00e1lisis y ayudarnos a optimizar nuestros sitios, y para ayudar a ofrecerle publicidad en funci\u00f3n de sus intereses, como se describe con m\u00e1s detalle a continuaci\u00f3n.<\/p>\r\n<ol start=\"6\">\r\n<li><strong>\u00bfC\u00f3mo utiliza ATS la publicidad en l\u00ednea y m\u00f3vil?<\/strong><\/li>\r\n<\/ol>\r\n<p>Nosotros y terceros, incluidos los socios tecnol\u00f3gicos y los proveedores de servicios, utilizamos publicidad basada en intereses para ofrecer anuncios y contenido personalizado que nosotros y otros anunciantes creemos que le interesar\u00e1n. En la medida en que los proveedores de terceros utilicen cookies para prestar estos servicios a ATS, ATS no controla el uso de esta tecnolog\u00eda ni la informaci\u00f3n resultante y no es responsable de las acciones o pol\u00edticas de dichos terceros.<\/p>\r\n<p>Es posible que le env\u00eden anuncios en funci\u00f3n de su comportamiento en l\u00ednea o m\u00f3vil (en sitios web de ATS y sitios web que no pertenecen a ATS), su actividad de b\u00fasqueda, sus respuestas a uno de nuestros anuncios o correos electr\u00f3nicos, las p\u00e1ginas que visita, su ubicaci\u00f3n geogr\u00e1fica general u otra informaci\u00f3n. Estos anuncios pueden aparecer en nuestros Sitios o en sitios web de terceros.<\/p>\r\n<ol start=\"7\">\r\n<li><strong>\u00bfC\u00f3mo se administran las cookies?<\/strong><\/li>\r\n<\/ol>\r\n<p>Puede decidir si acepta o no cookies.\u00a0 ATS cumple con todas las leyes de protecci\u00f3n de datos aplicables, incluido, entre otros, el RGPD de la UE, y con todas las regulaciones globales aplicables relacionadas con el uso de cookies. Cuando lo exija la legislaci\u00f3n local, se pregunta a los visitantes de nuestros Sitios si desean o no que se coloquen cookies en sus navegadores. Si elige que no se coloquen cookies en su dispositivo, ATS cumplir\u00e1 con su opci\u00f3n de exclusi\u00f3n y no se colocar\u00e1 en su dispositivo ninguna cookie que controlemos personalmente. En los pa\u00edses en los que no se requiere una suscripci\u00f3n expl\u00edcita, le ofrecemos la oportunidad de excluirse en cualquier momento; de lo contrario, colocaremos cookies en su dispositivo para los fines indicados anteriormente.<\/p>\r\n<p>Es importante saber que ATS cumple con todas las normas de cookies y leyes de protecci\u00f3n de datos aplicables. A medida que las leyes de protecci\u00f3n de datos cambian en todo el mundo, ATS cambia sus pol\u00edticas, procedimientos y procesos para garantizar el cumplimiento de todas las leyes, los reglamentos y las directivas pertinentes.<\/p>\r\n<ol start=\"8\">\r\n<li><strong>Cumplimiento de ATS con las leyes y los reglamentos sobre cookies<\/strong><\/li>\r\n<\/ol>\r\n<p>ATS se compromete a cumplir con todas las leyes aplicables espec\u00edficas de cada pa\u00eds, independientemente de d\u00f3nde se encuentre nuestra sede corporativa. Nos tomamos muy en serio la privacidad de nuestros empleados, clientes, clientes potenciales, proveedores, socios y cualquier otro visitante de nuestros Sitios y nos aseguramos de haber establecido las pol\u00edticas, los procedimientos y los procesos necesarios para garantizar el cumplimiento de nuestras obligaciones legales y proteger la privacidad de todas las personas. Cuando lo exija la ley, le exigimos que usted d\u00e9 su consentimiento expl\u00edcito antes de colocar cookies en sus dispositivos. Si la legislaci\u00f3n local no exige una suscripci\u00f3n expl\u00edcita, le ofrecemos la oportunidad de excluirse. Sin embargo, colocaremos cookies en sus dispositivos como se indic\u00f3 anteriormente hasta que decida excluirse.<\/p>\r\n<ol start=\"9\">\r\n<li><strong>Privacidad en ATS<\/strong><\/li>\r\n<\/ol>\r\n<p>ATS est\u00e1 comprometido con la privacidad. Para obtener m\u00e1s informaci\u00f3n sobre el enfoque de privacidad de ATS, consulte nuestra Pol\u00edtica global de privacidad de datos de ATS o p\u00f3ngase en contacto con nosotros en <u>privacy@atsautomation.com<\/u>.<\/p>\r\n<ol start=\"10\">\r\n<li><strong>C\u00f3mo ponerse en contacto con nosotros<\/strong><\/li>\r\n<\/ol>\r\n<p>Si tiene alguna pregunta sobre c\u00f3mo ATS utiliza las cookies, puede ponerse en contacto con ATS utilizando la direcci\u00f3n postal que aparece a continuaci\u00f3n o envi\u00e1ndonos un correo electr\u00f3nico a\u00a0<a href=\"mailto:privacy@atsautomation.com\">privacy@atsautomation.com<\/a>. Incluya su informaci\u00f3n de contacto, el nombre del sitio o servicio de ATS y una descripci\u00f3n detallada de su solicitud o problema con las cookies.<\/p>\r\n<p><strong>\u00a0<\/strong><strong>ATS Automation Tooling Systems Inc.<\/strong><\/p>\r\n<p><strong>ATTN: Corporate Compliance<\/strong><\/p>\r\n<p><strong>730 Fountain Street North, Building #3<\/strong><\/p>\r\n<p><strong>Cambridge, Ontario, Canada<\/strong> <strong>N3H 4R7<\/strong><\/p>\r\n<p>Podemos cambiar esta Pol\u00edtica en cualquier momento. Cualquier cambio en esta Pol\u00edtica entrar\u00e1 en vigor cuando publiquemos la Pol\u00edtica revisada en o a trav\u00e9s de los Sitios.<\/p>\r\n","protected":false},"excerpt":{"rendered":"<p>La gesti\u00f3n de la propensi\u00f3n es la gesti\u00f3n de la inclinaci\u00f3n o tendencia natural de un individuo hacia ciertos intereses, productos, necesidades, etc. Para personalizar nuestras comunicaciones con usted y asegurarnos de que abordemos sus necesidades espec\u00edficas y no lo abrumaremos con informaci\u00f3n no deseada, utilizamos cookies para gestionar la<\/p>\n","protected":false},"author":3,"featured_media":0,"parent":0,"menu_order":0,"comment_status":"closed","ping_status":"closed","template":"","meta":{"inline_featured_image":false,"footnotes":""},"class_list":["post-13210","page","type-page","status-publish","hentry"],"yoast_head":"<!-- This site is optimized with the Yoast SEO Premium plugin v26.8 (Yoast SEO v26.8) - https:\/\/yoast.com\/product\/yoast-seo-premium-wordpress\/ -->\n<title>Cookie Policy - Raytec Vision<\/title>\n<meta name=\"robots\" content=\"index, nofollow, max-snippet:-1, max-image-preview:large, max-video-preview:-1\" \/>\n<link rel=\"canonical\" href=\"https:\/\/www.raytecvision.com\/es\/cookie-policy\/\" \/>\n<meta property=\"og:locale\" content=\"es_ES\" \/>\n<meta property=\"og:type\" content=\"article\" \/>\n<meta property=\"og:title\" content=\"Cookie Policy\" \/>\n<meta property=\"og:description\" content=\"La gesti\u00f3n de la propensi\u00f3n es la gesti\u00f3n de la inclinaci\u00f3n o tendencia natural de un individuo hacia ciertos intereses, productos, necesidades, etc. Para personalizar nuestras comunicaciones con usted y asegurarnos de que abordemos sus necesidades espec\u00edficas y no lo abrumaremos con informaci\u00f3n no deseada, utilizamos cookies para gestionar la\" \/>\n<meta property=\"og:url\" content=\"https:\/\/www.raytecvision.com\/es\/cookie-policy\/\" \/>\n<meta property=\"og:site_name\" content=\"Raytec Vision\" \/>\n<meta property=\"article:publisher\" content=\"https:\/\/www.facebook.com\/RaytecVision\" \/>\n<meta property=\"article:modified_time\" content=\"2023-03-27T14:31:15+00:00\" \/>\n<meta name=\"twitter:card\" content=\"summary_large_image\" \/>\n<meta name=\"twitter:site\" content=\"@raytec_sorting\" \/>\n<meta name=\"twitter:label1\" content=\"Tiempo de lectura\" \/>\n\t<meta name=\"twitter:data1\" content=\"11 minutos\" \/>\n<script type=\"application\/ld+json\" class=\"yoast-schema-graph\">{\"@context\":\"https:\/\/schema.org\",\"@graph\":[{\"@type\":\"WebPage\",\"@id\":\"https:\/\/www.raytecvision.com\/es\/cookie-policy\/\",\"url\":\"https:\/\/www.raytecvision.com\/es\/cookie-policy\/\",\"name\":\"Cookie Policy - Raytec Vision\",\"isPartOf\":{\"@id\":\"https:\/\/www.raytecvision.com\/es\/#website\"},\"datePublished\":\"2021-03-04T10:42:26+00:00\",\"dateModified\":\"2023-03-27T14:31:15+00:00\",\"breadcrumb\":{\"@id\":\"https:\/\/www.raytecvision.com\/es\/cookie-policy\/#breadcrumb\"},\"inLanguage\":\"es\",\"potentialAction\":[{\"@type\":\"ReadAction\",\"target\":[\"https:\/\/www.raytecvision.com\/es\/cookie-policy\/\"]}]},{\"@type\":\"BreadcrumbList\",\"@id\":\"https:\/\/www.raytecvision.com\/es\/cookie-policy\/#breadcrumb\",\"itemListElement\":[{\"@type\":\"ListItem\",\"position\":1,\"name\":\"Home\",\"item\":\"https:\/\/www.raytecvision.com\/es\/\"},{\"@type\":\"ListItem\",\"position\":2,\"name\":\"Cookie Policy\"}]},{\"@type\":\"WebSite\",\"@id\":\"https:\/\/www.raytecvision.com\/es\/#website\",\"url\":\"https:\/\/www.raytecvision.com\/es\/\",\"name\":\"Raytec Vision\",\"description\":\"Innovation in Sorting Equipment\",\"publisher\":{\"@id\":\"https:\/\/www.raytecvision.com\/es\/#organization\"},\"potentialAction\":[{\"@type\":\"SearchAction\",\"target\":{\"@type\":\"EntryPoint\",\"urlTemplate\":\"https:\/\/www.raytecvision.com\/es\/?s={search_term_string}\"},\"query-input\":{\"@type\":\"PropertyValueSpecification\",\"valueRequired\":true,\"valueName\":\"search_term_string\"}}],\"inLanguage\":\"es\"},{\"@type\":\"Organization\",\"@id\":\"https:\/\/www.raytecvision.com\/es\/#organization\",\"name\":\"Raytec Vision\",\"url\":\"https:\/\/www.raytecvision.com\/es\/\",\"logo\":{\"@type\":\"ImageObject\",\"inLanguage\":\"es\",\"@id\":\"https:\/\/www.raytecvision.com\/es\/#\/schema\/logo\/image\/\",\"url\":\"\",\"contentUrl\":\"\",\"caption\":\"Raytec Vision\"},\"image\":{\"@id\":\"https:\/\/www.raytecvision.com\/es\/#\/schema\/logo\/image\/\"},\"sameAs\":[\"https:\/\/www.facebook.com\/RaytecVision\",\"https:\/\/x.com\/raytec_sorting\",\"https:\/\/www.linkedin.com\/company\/raytec-vision\/\"],\"publishingPrinciples\":\"https:\/\/www.raytecvision.com\/privacy-policy\/\",\"ownershipFundingInfo\":\"https:\/\/www.raytecvision.com\/chi-siamo-2\/la-nostra-storia\/\"}]}<\/script>\n<!-- \/ Yoast SEO Premium plugin. -->","yoast_head_json":{"title":"Cookie Policy - Raytec Vision","robots":{"index":"index","follow":"nofollow","max-snippet":"max-snippet:-1","max-image-preview":"max-image-preview:large","max-video-preview":"max-video-preview:-1"},"canonical":"https:\/\/www.raytecvision.com\/es\/cookie-policy\/","og_locale":"es_ES","og_type":"article","og_title":"Cookie Policy","og_description":"La gesti\u00f3n de la propensi\u00f3n es la gesti\u00f3n de la inclinaci\u00f3n o tendencia natural de un individuo hacia ciertos intereses, productos, necesidades, etc. Para personalizar nuestras comunicaciones con usted y asegurarnos de que abordemos sus necesidades espec\u00edficas y no lo abrumaremos con informaci\u00f3n no deseada, utilizamos cookies para gestionar la","og_url":"https:\/\/www.raytecvision.com\/es\/cookie-policy\/","og_site_name":"Raytec Vision","article_publisher":"https:\/\/www.facebook.com\/RaytecVision","article_modified_time":"2023-03-27T14:31:15+00:00","twitter_card":"summary_large_image","twitter_site":"@raytec_sorting","twitter_misc":{"Tiempo de lectura":"11 minutos"},"schema":{"@context":"https:\/\/schema.org","@graph":[{"@type":"WebPage","@id":"https:\/\/www.raytecvision.com\/es\/cookie-policy\/","url":"https:\/\/www.raytecvision.com\/es\/cookie-policy\/","name":"Cookie Policy - Raytec Vision","isPartOf":{"@id":"https:\/\/www.raytecvision.com\/es\/#website"},"datePublished":"2021-03-04T10:42:26+00:00","dateModified":"2023-03-27T14:31:15+00:00","breadcrumb":{"@id":"https:\/\/www.raytecvision.com\/es\/cookie-policy\/#breadcrumb"},"inLanguage":"es","potentialAction":[{"@type":"ReadAction","target":["https:\/\/www.raytecvision.com\/es\/cookie-policy\/"]}]},{"@type":"BreadcrumbList","@id":"https:\/\/www.raytecvision.com\/es\/cookie-policy\/#breadcrumb","itemListElement":[{"@type":"ListItem","position":1,"name":"Home","item":"https:\/\/www.raytecvision.com\/es\/"},{"@type":"ListItem","position":2,"name":"Cookie Policy"}]},{"@type":"WebSite","@id":"https:\/\/www.raytecvision.com\/es\/#website","url":"https:\/\/www.raytecvision.com\/es\/","name":"Raytec Vision","description":"Innovation in Sorting Equipment","publisher":{"@id":"https:\/\/www.raytecvision.com\/es\/#organization"},"potentialAction":[{"@type":"SearchAction","target":{"@type":"EntryPoint","urlTemplate":"https:\/\/www.raytecvision.com\/es\/?s={search_term_string}"},"query-input":{"@type":"PropertyValueSpecification","valueRequired":true,"valueName":"search_term_string"}}],"inLanguage":"es"},{"@type":"Organization","@id":"https:\/\/www.raytecvision.com\/es\/#organization","name":"Raytec Vision","url":"https:\/\/www.raytecvision.com\/es\/","logo":{"@type":"ImageObject","inLanguage":"es","@id":"https:\/\/www.raytecvision.com\/es\/#\/schema\/logo\/image\/","url":"","contentUrl":"","caption":"Raytec Vision"},"image":{"@id":"https:\/\/www.raytecvision.com\/es\/#\/schema\/logo\/image\/"},"sameAs":["https:\/\/www.facebook.com\/RaytecVision","https:\/\/x.com\/raytec_sorting","https:\/\/www.linkedin.com\/company\/raytec-vision\/"],"publishingPrinciples":"https:\/\/www.raytecvision.com\/privacy-policy\/","ownershipFundingInfo":"https:\/\/www.raytecvision.com\/chi-siamo-2\/la-nostra-storia\/"}]}},"jetpack_sharing_enabled":true,"_links":{"self":[{"href":"https:\/\/www.raytecvision.com\/es\/wp-json\/wp\/v2\/pages\/13210","targetHints":{"allow":["GET"]}}],"collection":[{"href":"https:\/\/www.raytecvision.com\/es\/wp-json\/wp\/v2\/pages"}],"about":[{"href":"https:\/\/www.raytecvision.com\/es\/wp-json\/wp\/v2\/types\/page"}],"author":[{"embeddable":true,"href":"https:\/\/www.raytecvision.com\/es\/wp-json\/wp\/v2\/users\/3"}],"replies":[{"embeddable":true,"href":"https:\/\/www.raytecvision.com\/es\/wp-json\/wp\/v2\/comments?post=13210"}],"version-history":[{"count":4,"href":"https:\/\/www.raytecvision.com\/es\/wp-json\/wp\/v2\/pages\/13210\/revisions"}],"predecessor-version":[{"id":23540,"href":"https:\/\/www.raytecvision.com\/es\/wp-json\/wp\/v2\/pages\/13210\/revisions\/23540"}],"wp:attachment":[{"href":"https:\/\/www.raytecvision.com\/es\/wp-json\/wp\/v2\/media?parent=13210"}],"curies":[{"name":"wp","href":"https:\/\/api.w.org\/{rel}","templated":true}]}}