{"id":14000,"date":"2021-08-06T15:29:47","date_gmt":"2021-08-06T14:29:47","guid":{"rendered":"https:\/\/www.raytecvision.com\/macchine-ispezionatrici-raggi-x-alimentari\/"},"modified":"2025-11-27T17:19:47","modified_gmt":"2025-11-27T16:19:47","slug":"inspeccionador-de-rayos-x","status":"publish","type":"page","link":"https:\/\/www.raytecvision.com\/es\/inspeccionador-de-rayos-x\/","title":{"rendered":"Inspeccionador de Rayos X"},"content":{"rendered":"\t\t<div data-elementor-type=\"wp-page\" data-elementor-id=\"14000\" class=\"elementor elementor-14000\">\n\t\t\t\t\t\t<div class=\"elementor-inner\">\n\t\t\t\t<div class=\"elementor-section-wrap\">\n\t\t\t\t\t\t\t\t\t<section class=\"elementor-section elementor-top-section elementor-element elementor-element-06e4042 elementor-section-boxed elementor-section-height-default elementor-section-height-default\" data-id=\"06e4042\" data-element_type=\"section\">\n\t\t\t\t\t\t<div class=\"elementor-container elementor-column-gap-default\">\n\t\t\t\t\t\t\t<div class=\"elementor-row\">\n\t\t\t\t\t<div class=\"elementor-column elementor-col-100 elementor-top-column elementor-element elementor-element-70154ad\" data-id=\"70154ad\" data-element_type=\"column\">\n\t\t\t<div class=\"elementor-column-wrap elementor-element-populated\">\n\t\t\t\t\t\t\t<div class=\"elementor-widget-wrap\">\n\t\t\t\t\t\t<div class=\"elementor-element elementor-element-005272c elementor-widget elementor-widget-text-editor\" data-id=\"005272c\" data-element_type=\"widget\" data-widget_type=\"text-editor.default\">\n\t\t\t\t<div class=\"elementor-widget-container\">\n\t\t\t\t\t\t\t\t<div class=\"elementor-text-editor elementor-clearfix\">\n\t\t\t\t<p>Las clasificadoras \u00f3pticas fabricadas por Raytec Vision combinan la tecnolog\u00eda de visi\u00f3n m\u00e1s avanzada con un dise\u00f1o mec\u00e1nico ergon\u00f3mico para adaptarse a las necesidades de las l\u00edneas de procesamiento de alimentos<\/p>\t\t\t\t\t<\/div>\n\t\t\t\t\t\t<\/div>\n\t\t\t\t<\/div>\n\t\t\t\t\t\t<\/div>\n\t\t\t\t\t<\/div>\n\t\t<\/div>\n\t\t\t\t\t\t\t\t<\/div>\n\t\t\t\t\t<\/div>\n\t\t<\/section>\n\t\t\t\t<section class=\"elementor-section elementor-top-section elementor-element elementor-element-d6eb2a3 elementor-section-boxed elementor-section-height-default elementor-section-height-default\" data-id=\"d6eb2a3\" data-element_type=\"section\">\n\t\t\t\t\t\t<div class=\"elementor-container elementor-column-gap-default\">\n\t\t\t\t\t\t\t<div class=\"elementor-row\">\n\t\t\t\t\t<div class=\"elementor-column elementor-col-33 elementor-top-column elementor-element elementor-element-cd494ee\" data-id=\"cd494ee\" data-element_type=\"column\">\n\t\t\t<div class=\"elementor-column-wrap elementor-element-populated\">\n\t\t\t\t\t\t\t<div class=\"elementor-widget-wrap\">\n\t\t\t\t\t\t<div class=\"elementor-element elementor-element-fd35c02 elementor-position-top elementor-vertical-align-top elementor-widget elementor-widget-image-box\" data-id=\"fd35c02\" data-element_type=\"widget\" data-widget_type=\"image-box.default\">\n\t\t\t\t<div class=\"elementor-widget-container\">\n\t\t\t<div class=\"elementor-image-box-wrapper\"><figure class=\"elementor-image-box-img\"><a href=\"https:\/\/www.raytecvision.com\/es\/inspeccionador-de-rayos-x\/raybox\/\"><img loading=\"lazy\" decoding=\"async\" width=\"600\" height=\"600\" src=\"https:\/\/www.raytecvision.com\/wp-content\/uploads\/sites\/50\/2025\/09\/Raybox_sito_web.jpg\" class=\"elementor-animation-grow attachment-full size-full wp-image-34091\" alt=\"\" srcset=\"https:\/\/www.raytecvision.com\/wp-content\/uploads\/sites\/50\/2025\/09\/Raybox_sito_web.jpg 600w, https:\/\/www.raytecvision.com\/wp-content\/uploads\/sites\/50\/2025\/09\/Raybox_sito_web.jpg?resize=150,150 150w, https:\/\/www.raytecvision.com\/wp-content\/uploads\/sites\/50\/2025\/09\/Raybox_sito_web.jpg?resize=300,300 300w, https:\/\/www.raytecvision.com\/wp-content\/uploads\/sites\/50\/2025\/09\/Raybox_sito_web.jpg?resize=140,140 140w\" sizes=\"auto, (max-width: 600px) 100vw, 600px\" \/><\/a><\/figure><div class=\"elementor-image-box-content\"><h4 class=\"elementor-image-box-title\"><a href=\"https:\/\/www.raytecvision.com\/es\/inspeccionador-de-rayos-x\/raybox\/\">Raybox<\/a><\/h4><p class=\"elementor-image-box-description\">M\u00e1quina de inspecci\u00f3n de contenedores completos por rayos X<\/p><\/div><\/div>\t\t<\/div>\n\t\t\t\t<\/div>\n\t\t\t\t<div class=\"elementor-element elementor-element-9f3094a elementor-align-center elementor-mobile-align-center elementor-widget elementor-widget-button\" data-id=\"9f3094a\" data-element_type=\"widget\" data-widget_type=\"button.default\">\n\t\t\t\t<div class=\"elementor-widget-container\">\n\t\t\t\t\t<div class=\"elementor-button-wrapper\">\n\t\t\t<a class=\"elementor-button elementor-button-link elementor-size-sm elementor-animation-grow\" href=\"https:\/\/www.raytecvision.com\/en\/x-ray-inspecting-machines\/raybox\/\">\n\t\t\t\t\t\t<span class=\"elementor-button-content-wrapper\">\n\t\t\t\t\t\t<span class=\"elementor-button-text\">DESCUBRA M\u00c1S<\/span>\n\t\t<\/span>\n\t\t\t\t\t<\/a>\n\t\t<\/div>\n\t\t\t\t<\/div>\n\t\t\t\t<\/div>\n\t\t\t\t\t\t<\/div>\n\t\t\t\t\t<\/div>\n\t\t<\/div>\n\t\t\t\t<div class=\"elementor-column elementor-col-33 elementor-top-column elementor-element elementor-element-682abcc\" data-id=\"682abcc\" data-element_type=\"column\">\n\t\t\t<div class=\"elementor-column-wrap\">\n\t\t\t\t\t\t\t<div class=\"elementor-widget-wrap\">\n\t\t\t\t\t\t\t\t<\/div>\n\t\t\t\t\t<\/div>\n\t\t<\/div>\n\t\t\t\t<div class=\"elementor-column elementor-col-33 elementor-top-column elementor-element elementor-element-f1a5fa3\" data-id=\"f1a5fa3\" data-element_type=\"column\">\n\t\t\t<div class=\"elementor-column-wrap\">\n\t\t\t\t\t\t\t<div class=\"elementor-widget-wrap\">\n\t\t\t\t\t\t\t\t<\/div>\n\t\t\t\t\t<\/div>\n\t\t<\/div>\n\t\t\t\t\t\t\t\t<\/div>\n\t\t\t\t\t<\/div>\n\t\t<\/section>\n\t\t\t\t<section class=\"elementor-section elementor-top-section elementor-element elementor-element-f90d1de elementor-reverse-mobile elementor-section-height-min-height elementor-section-boxed elementor-section-height-default elementor-section-items-middle\" data-id=\"f90d1de\" data-element_type=\"section\" data-settings=\"{&quot;background_background&quot;:&quot;classic&quot;,&quot;animation&quot;:&quot;none&quot;}\">\n\t\t\t\t\t\t\t<div class=\"elementor-background-overlay\"><\/div>\n\t\t\t\t\t\t\t<div class=\"elementor-container elementor-column-gap-no\">\n\t\t\t\t\t\t\t<div class=\"elementor-row\">\n\t\t\t\t\t<div class=\"elementor-column elementor-col-100 elementor-top-column elementor-element elementor-element-bb6b4f6\" data-id=\"bb6b4f6\" data-element_type=\"column\">\n\t\t\t<div class=\"elementor-column-wrap elementor-element-populated\">\n\t\t\t\t\t\t\t<div class=\"elementor-widget-wrap\">\n\t\t\t\t\t\t<div class=\"elementor-element elementor-element-c869e91 elementor-widget elementor-widget-text-editor\" data-id=\"c869e91\" data-element_type=\"widget\" data-widget_type=\"text-editor.default\">\n\t\t\t\t<div class=\"elementor-widget-container\">\n\t\t\t\t\t\t\t\t<div class=\"elementor-text-editor elementor-clearfix\">\n\t\t\t\t<p>Escriba para solicitar informaci\u00f3n <br \/>o un presupuesto gratuito<\/p>\t\t\t\t\t<\/div>\n\t\t\t\t\t\t<\/div>\n\t\t\t\t<\/div>\n\t\t\t\t<div class=\"elementor-element elementor-element-9983c3d elementor-mobile-align-center elementor-align-left elementor-widget elementor-widget-button\" data-id=\"9983c3d\" data-element_type=\"widget\" data-widget_type=\"button.default\">\n\t\t\t\t<div class=\"elementor-widget-container\">\n\t\t\t\t\t<div class=\"elementor-button-wrapper\">\n\t\t\t<a class=\"elementor-button elementor-button-link elementor-size-sm elementor-animation-grow\" href=\"https:\/\/www.raytecvision.com\/es\/contacto\/\">\n\t\t\t\t\t\t<span class=\"elementor-button-content-wrapper\">\n\t\t\t\t\t\t<span class=\"elementor-button-text\">CONTACTO<\/span>\n\t\t<\/span>\n\t\t\t\t\t<\/a>\n\t\t<\/div>\n\t\t\t\t<\/div>\n\t\t\t\t<\/div>\n\t\t\t\t\t\t<\/div>\n\t\t\t\t\t<\/div>\n\t\t<\/div>\n\t\t\t\t\t\t\t\t<\/div>\n\t\t\t\t\t<\/div>\n\t\t<\/section>\n\t\t\t\t\t\t\t\t\t<\/div>\n\t\t\t<\/div>\n\t\t\t\t\t<\/div>\n\t\t","protected":false},"excerpt":{"rendered":"<p>Las clasificadoras \u00f3pticas fabricadas por Raytec Vision combinan la tecnolog\u00eda de visi\u00f3n m\u00e1s avanzada con un dise\u00f1o mec\u00e1nico ergon\u00f3mico para adaptarse a las necesidades de las l\u00edneas de procesamiento de alimentos Raybox M\u00e1quina de inspecci\u00f3n de contenedores completos por rayos X DESCUBRA M\u00c1S Escriba para solicitar informaci\u00f3n o un presupuesto<\/p>\n","protected":false},"author":253,"featured_media":0,"parent":0,"menu_order":0,"comment_status":"closed","ping_status":"closed","template":"","meta":{"inline_featured_image":false,"footnotes":""},"class_list":["post-14000","page","type-page","status-publish","hentry"],"yoast_head":"<!-- This site is optimized with the Yoast SEO Premium plugin v26.8 (Yoast SEO v26.8) - https:\/\/yoast.com\/product\/yoast-seo-premium-wordpress\/ -->\n<title>Descubra Inspeccionador de Rayos X para la inspecci\u00f3n de alimentos por Raytec Vision<\/title>\n<meta name=\"description\" content=\"Consulte el Inspeccionador de Rayos X de Raytec Vision para la inspecci\u00f3n de alimentos. Descubra toda la gama de productos.\" \/>\n<meta name=\"robots\" content=\"index, follow, max-snippet:-1, max-image-preview:large, max-video-preview:-1\" \/>\n<link rel=\"canonical\" href=\"https:\/\/www.raytecvision.com\/es\/inspeccionador-de-rayos-x\/\" \/>\n<meta property=\"og:locale\" content=\"es_ES\" \/>\n<meta property=\"og:type\" content=\"article\" \/>\n<meta property=\"og:title\" content=\"Inspeccionador de Rayos X\" \/>\n<meta property=\"og:description\" content=\"Consulte el Inspeccionador de Rayos X de Raytec Vision para la inspecci\u00f3n de alimentos. Descubra toda la gama de productos.\" \/>\n<meta property=\"og:url\" content=\"https:\/\/www.raytecvision.com\/es\/inspeccionador-de-rayos-x\/\" \/>\n<meta property=\"og:site_name\" content=\"Raytec Vision\" \/>\n<meta property=\"article:publisher\" content=\"https:\/\/www.facebook.com\/RaytecVision\" \/>\n<meta property=\"article:modified_time\" content=\"2025-11-27T16:19:47+00:00\" \/>\n<meta property=\"og:image\" content=\"https:\/\/www.raytecvision.com\/wp-content\/uploads\/sites\/50\/2025\/09\/Raybox_sito_web.jpg\" \/>\n\t<meta property=\"og:image:width\" content=\"600\" \/>\n\t<meta property=\"og:image:height\" content=\"600\" \/>\n\t<meta property=\"og:image:type\" content=\"image\/jpeg\" \/>\n<meta name=\"twitter:card\" content=\"summary_large_image\" \/>\n<meta name=\"twitter:site\" content=\"@raytec_sorting\" \/>\n<meta name=\"twitter:label1\" content=\"Tiempo de lectura\" \/>\n\t<meta name=\"twitter:data1\" content=\"1 minuto\" \/>\n<script type=\"application\/ld+json\" class=\"yoast-schema-graph\">{\"@context\":\"https:\/\/schema.org\",\"@graph\":[{\"@type\":\"WebPage\",\"@id\":\"https:\/\/www.raytecvision.com\/es\/inspeccionador-de-rayos-x\/\",\"url\":\"https:\/\/www.raytecvision.com\/es\/inspeccionador-de-rayos-x\/\",\"name\":\"Descubra Inspeccionador de Rayos X para la inspecci\u00f3n de alimentos por Raytec Vision\",\"isPartOf\":{\"@id\":\"https:\/\/www.raytecvision.com\/es\/#website\"},\"primaryImageOfPage\":{\"@id\":\"https:\/\/www.raytecvision.com\/es\/inspeccionador-de-rayos-x\/#primaryimage\"},\"image\":{\"@id\":\"https:\/\/www.raytecvision.com\/es\/inspeccionador-de-rayos-x\/#primaryimage\"},\"thumbnailUrl\":\"https:\/\/www.raytecvision.com\/wp-content\/uploads\/sites\/50\/2025\/09\/Raybox_sito_web.jpg\",\"datePublished\":\"2021-08-06T14:29:47+00:00\",\"dateModified\":\"2025-11-27T16:19:47+00:00\",\"description\":\"Consulte el Inspeccionador de Rayos X de Raytec Vision para la inspecci\u00f3n de alimentos. Descubra toda la gama de productos.\",\"breadcrumb\":{\"@id\":\"https:\/\/www.raytecvision.com\/es\/inspeccionador-de-rayos-x\/#breadcrumb\"},\"inLanguage\":\"es\",\"potentialAction\":[{\"@type\":\"ReadAction\",\"target\":[\"https:\/\/www.raytecvision.com\/es\/inspeccionador-de-rayos-x\/\"]}]},{\"@type\":\"ImageObject\",\"inLanguage\":\"es\",\"@id\":\"https:\/\/www.raytecvision.com\/es\/inspeccionador-de-rayos-x\/#primaryimage\",\"url\":\"https:\/\/www.raytecvision.com\/wp-content\/uploads\/sites\/50\/2025\/09\/Raybox_sito_web.jpg\",\"contentUrl\":\"https:\/\/www.raytecvision.com\/wp-content\/uploads\/sites\/50\/2025\/09\/Raybox_sito_web.jpg\"},{\"@type\":\"BreadcrumbList\",\"@id\":\"https:\/\/www.raytecvision.com\/es\/inspeccionador-de-rayos-x\/#breadcrumb\",\"itemListElement\":[{\"@type\":\"ListItem\",\"position\":1,\"name\":\"Home\",\"item\":\"https:\/\/www.raytecvision.com\/es\/\"},{\"@type\":\"ListItem\",\"position\":2,\"name\":\"Inspeccionador de Rayos X\"}]},{\"@type\":\"WebSite\",\"@id\":\"https:\/\/www.raytecvision.com\/es\/#website\",\"url\":\"https:\/\/www.raytecvision.com\/es\/\",\"name\":\"Raytec Vision\",\"description\":\"Innovation in Sorting Equipment\",\"publisher\":{\"@id\":\"https:\/\/www.raytecvision.com\/es\/#organization\"},\"potentialAction\":[{\"@type\":\"SearchAction\",\"target\":{\"@type\":\"EntryPoint\",\"urlTemplate\":\"https:\/\/www.raytecvision.com\/es\/?s={search_term_string}\"},\"query-input\":{\"@type\":\"PropertyValueSpecification\",\"valueRequired\":true,\"valueName\":\"search_term_string\"}}],\"inLanguage\":\"es\"},{\"@type\":\"Organization\",\"@id\":\"https:\/\/www.raytecvision.com\/es\/#organization\",\"name\":\"Raytec Vision\",\"url\":\"https:\/\/www.raytecvision.com\/es\/\",\"logo\":{\"@type\":\"ImageObject\",\"inLanguage\":\"es\",\"@id\":\"https:\/\/www.raytecvision.com\/es\/#\/schema\/logo\/image\/\",\"url\":\"\",\"contentUrl\":\"\",\"caption\":\"Raytec Vision\"},\"image\":{\"@id\":\"https:\/\/www.raytecvision.com\/es\/#\/schema\/logo\/image\/\"},\"sameAs\":[\"https:\/\/www.facebook.com\/RaytecVision\",\"https:\/\/x.com\/raytec_sorting\",\"https:\/\/www.linkedin.com\/company\/raytec-vision\/\"],\"publishingPrinciples\":\"https:\/\/www.raytecvision.com\/privacy-policy\/\",\"ownershipFundingInfo\":\"https:\/\/www.raytecvision.com\/chi-siamo-2\/la-nostra-storia\/\"}]}<\/script>\n<!-- \/ Yoast SEO Premium plugin. -->","yoast_head_json":{"title":"Descubra Inspeccionador de Rayos X para la inspecci\u00f3n de alimentos por Raytec Vision","description":"Consulte el Inspeccionador de Rayos X de Raytec Vision para la inspecci\u00f3n de alimentos. Descubra toda la gama de productos.","robots":{"index":"index","follow":"follow","max-snippet":"max-snippet:-1","max-image-preview":"max-image-preview:large","max-video-preview":"max-video-preview:-1"},"canonical":"https:\/\/www.raytecvision.com\/es\/inspeccionador-de-rayos-x\/","og_locale":"es_ES","og_type":"article","og_title":"Inspeccionador de Rayos X","og_description":"Consulte el Inspeccionador de Rayos X de Raytec Vision para la inspecci\u00f3n de alimentos. Descubra toda la gama de productos.","og_url":"https:\/\/www.raytecvision.com\/es\/inspeccionador-de-rayos-x\/","og_site_name":"Raytec Vision","article_publisher":"https:\/\/www.facebook.com\/RaytecVision","article_modified_time":"2025-11-27T16:19:47+00:00","og_image":[{"width":600,"height":600,"url":"https:\/\/www.raytecvision.com\/wp-content\/uploads\/sites\/50\/2025\/09\/Raybox_sito_web.jpg","type":"image\/jpeg"}],"twitter_card":"summary_large_image","twitter_site":"@raytec_sorting","twitter_misc":{"Tiempo de lectura":"1 minuto"},"schema":{"@context":"https:\/\/schema.org","@graph":[{"@type":"WebPage","@id":"https:\/\/www.raytecvision.com\/es\/inspeccionador-de-rayos-x\/","url":"https:\/\/www.raytecvision.com\/es\/inspeccionador-de-rayos-x\/","name":"Descubra Inspeccionador de Rayos X para la inspecci\u00f3n de alimentos por Raytec Vision","isPartOf":{"@id":"https:\/\/www.raytecvision.com\/es\/#website"},"primaryImageOfPage":{"@id":"https:\/\/www.raytecvision.com\/es\/inspeccionador-de-rayos-x\/#primaryimage"},"image":{"@id":"https:\/\/www.raytecvision.com\/es\/inspeccionador-de-rayos-x\/#primaryimage"},"thumbnailUrl":"https:\/\/www.raytecvision.com\/wp-content\/uploads\/sites\/50\/2025\/09\/Raybox_sito_web.jpg","datePublished":"2021-08-06T14:29:47+00:00","dateModified":"2025-11-27T16:19:47+00:00","description":"Consulte el Inspeccionador de Rayos X de Raytec Vision para la inspecci\u00f3n de alimentos. Descubra toda la gama de productos.","breadcrumb":{"@id":"https:\/\/www.raytecvision.com\/es\/inspeccionador-de-rayos-x\/#breadcrumb"},"inLanguage":"es","potentialAction":[{"@type":"ReadAction","target":["https:\/\/www.raytecvision.com\/es\/inspeccionador-de-rayos-x\/"]}]},{"@type":"ImageObject","inLanguage":"es","@id":"https:\/\/www.raytecvision.com\/es\/inspeccionador-de-rayos-x\/#primaryimage","url":"https:\/\/www.raytecvision.com\/wp-content\/uploads\/sites\/50\/2025\/09\/Raybox_sito_web.jpg","contentUrl":"https:\/\/www.raytecvision.com\/wp-content\/uploads\/sites\/50\/2025\/09\/Raybox_sito_web.jpg"},{"@type":"BreadcrumbList","@id":"https:\/\/www.raytecvision.com\/es\/inspeccionador-de-rayos-x\/#breadcrumb","itemListElement":[{"@type":"ListItem","position":1,"name":"Home","item":"https:\/\/www.raytecvision.com\/es\/"},{"@type":"ListItem","position":2,"name":"Inspeccionador de Rayos X"}]},{"@type":"WebSite","@id":"https:\/\/www.raytecvision.com\/es\/#website","url":"https:\/\/www.raytecvision.com\/es\/","name":"Raytec Vision","description":"Innovation in Sorting Equipment","publisher":{"@id":"https:\/\/www.raytecvision.com\/es\/#organization"},"potentialAction":[{"@type":"SearchAction","target":{"@type":"EntryPoint","urlTemplate":"https:\/\/www.raytecvision.com\/es\/?s={search_term_string}"},"query-input":{"@type":"PropertyValueSpecification","valueRequired":true,"valueName":"search_term_string"}}],"inLanguage":"es"},{"@type":"Organization","@id":"https:\/\/www.raytecvision.com\/es\/#organization","name":"Raytec Vision","url":"https:\/\/www.raytecvision.com\/es\/","logo":{"@type":"ImageObject","inLanguage":"es","@id":"https:\/\/www.raytecvision.com\/es\/#\/schema\/logo\/image\/","url":"","contentUrl":"","caption":"Raytec Vision"},"image":{"@id":"https:\/\/www.raytecvision.com\/es\/#\/schema\/logo\/image\/"},"sameAs":["https:\/\/www.facebook.com\/RaytecVision","https:\/\/x.com\/raytec_sorting","https:\/\/www.linkedin.com\/company\/raytec-vision\/"],"publishingPrinciples":"https:\/\/www.raytecvision.com\/privacy-policy\/","ownershipFundingInfo":"https:\/\/www.raytecvision.com\/chi-siamo-2\/la-nostra-storia\/"}]}},"jetpack_sharing_enabled":true,"_links":{"self":[{"href":"https:\/\/www.raytecvision.com\/es\/wp-json\/wp\/v2\/pages\/14000","targetHints":{"allow":["GET"]}}],"collection":[{"href":"https:\/\/www.raytecvision.com\/es\/wp-json\/wp\/v2\/pages"}],"about":[{"href":"https:\/\/www.raytecvision.com\/es\/wp-json\/wp\/v2\/types\/page"}],"author":[{"embeddable":true,"href":"https:\/\/www.raytecvision.com\/es\/wp-json\/wp\/v2\/users\/253"}],"replies":[{"embeddable":true,"href":"https:\/\/www.raytecvision.com\/es\/wp-json\/wp\/v2\/comments?post=14000"}],"version-history":[{"count":19,"href":"https:\/\/www.raytecvision.com\/es\/wp-json\/wp\/v2\/pages\/14000\/revisions"}],"predecessor-version":[{"id":36064,"href":"https:\/\/www.raytecvision.com\/es\/wp-json\/wp\/v2\/pages\/14000\/revisions\/36064"}],"wp:attachment":[{"href":"https:\/\/www.raytecvision.com\/es\/wp-json\/wp\/v2\/media?parent=14000"}],"curies":[{"name":"wp","href":"https:\/\/api.w.org\/{rel}","templated":true}]}}