{"id":5105,"date":"2021-01-27T11:36:25","date_gmt":"2021-01-27T10:36:25","guid":{"rendered":"https:\/\/www.raytecvision.com\/applicazioni\/"},"modified":"2025-09-22T08:41:52","modified_gmt":"2025-09-22T07:41:52","slug":"aplicaciones","status":"publish","type":"page","link":"https:\/\/www.raytecvision.com\/es\/aplicaciones\/","title":{"rendered":"Aplicaciones"},"content":{"rendered":"\t\t<div data-elementor-type=\"wp-page\" data-elementor-id=\"5105\" class=\"elementor elementor-5105\">\n\t\t\t\t\t\t<div class=\"elementor-inner\">\n\t\t\t\t<div class=\"elementor-section-wrap\">\n\t\t\t\t\t\t\t\t\t<section class=\"elementor-section elementor-top-section elementor-element elementor-element-522bf2a elementor-section-boxed elementor-section-height-default elementor-section-height-default\" data-id=\"522bf2a\" data-element_type=\"section\">\n\t\t\t\t\t\t<div class=\"elementor-container elementor-column-gap-default\">\n\t\t\t\t\t\t\t<div class=\"elementor-row\">\n\t\t\t\t\t<div class=\"elementor-column elementor-col-100 elementor-top-column elementor-element elementor-element-a6ec107\" data-id=\"a6ec107\" data-element_type=\"column\">\n\t\t\t<div class=\"elementor-column-wrap elementor-element-populated\">\n\t\t\t\t\t\t\t<div class=\"elementor-widget-wrap\">\n\t\t\t\t\t\t<div class=\"elementor-element elementor-element-0852ecd elementor-widget elementor-widget-heading\" data-id=\"0852ecd\" data-element_type=\"widget\" data-widget_type=\"heading.default\">\n\t\t\t\t<div class=\"elementor-widget-container\">\n\t\t\t<h2 class=\"elementor-heading-title elementor-size-default\">Sectores de aplicaci\u00f3n<\/h2>\t\t<\/div>\n\t\t\t\t<\/div>\n\t\t\t\t<div class=\"elementor-element elementor-element-2206e20 elementor-widget-divider--view-line elementor-widget elementor-widget-divider\" data-id=\"2206e20\" data-element_type=\"widget\" data-widget_type=\"divider.default\">\n\t\t\t\t<div class=\"elementor-widget-container\">\n\t\t\t\t\t<div class=\"elementor-divider\">\n\t\t\t<span class=\"elementor-divider-separator\">\n\t\t\t\t\t\t<\/span>\n\t\t<\/div>\n\t\t\t\t<\/div>\n\t\t\t\t<\/div>\n\t\t\t\t<div class=\"elementor-element elementor-element-b245e89 elementor-widget__width-initial elementor-widget elementor-widget-text-editor\" data-id=\"b245e89\" data-element_type=\"widget\" data-widget_type=\"text-editor.default\">\n\t\t\t\t<div class=\"elementor-widget-container\">\n\t\t\t\t\t\t\t\t<div class=\"elementor-text-editor elementor-clearfix\">\n\t\t\t\t<div class=\"sub-heading\">Nuestras m\u00e1quinas de clasificaci\u00f3n de alimentos se pueden utilizar para muchas aplicaciones. Descubra todas las aplicaciones<\/div>\t\t\t\t\t<\/div>\n\t\t\t\t\t\t<\/div>\n\t\t\t\t<\/div>\n\t\t\t\t\t\t<\/div>\n\t\t\t\t\t<\/div>\n\t\t<\/div>\n\t\t\t\t\t\t\t\t<\/div>\n\t\t\t\t\t<\/div>\n\t\t<\/section>\n\t\t\t\t<section class=\"elementor-section elementor-top-section elementor-element elementor-element-06925cd elementor-section-full_width elementor-section-height-default elementor-section-height-default\" data-id=\"06925cd\" data-element_type=\"section\">\n\t\t\t\t\t\t<div class=\"elementor-container elementor-column-gap-narrow\">\n\t\t\t\t\t\t\t<div class=\"elementor-row\">\n\t\t\t\t\t<div class=\"elementor-column elementor-col-25 elementor-top-column elementor-element elementor-element-824a664\" data-id=\"824a664\" data-element_type=\"column\">\n\t\t\t<div class=\"elementor-column-wrap elementor-element-populated\">\n\t\t\t\t\t\t\t<div class=\"elementor-widget-wrap\">\n\t\t\t\t\t\t<div class=\"elementor-element elementor-element-091e8a9 elementor-position-top elementor-vertical-align-top elementor-widget elementor-widget-image-box\" data-id=\"091e8a9\" data-element_type=\"widget\" data-widget_type=\"image-box.default\">\n\t\t\t\t<div class=\"elementor-widget-container\">\n\t\t\t<div class=\"elementor-image-box-wrapper\"><figure class=\"elementor-image-box-img\"><a href=\"https:\/\/www.raytecvision.com\/es\/aplicaciones\/fruta\/\"><img decoding=\"async\" src=\"https:\/\/www.raytecvision.com\/wp-content\/uploads\/sites\/50\/fragole.jpg\" title=\"\" alt=\"\" class=\"elementor-animation-sink\" loading=\"lazy\" \/><\/a><\/figure><div class=\"elementor-image-box-content\"><h5 class=\"elementor-image-box-title\"><a href=\"https:\/\/www.raytecvision.com\/es\/aplicaciones\/fruta\/\">Fruta<\/a><\/h5><\/div><\/div>\t\t<\/div>\n\t\t\t\t<\/div>\n\t\t\t\t<div class=\"elementor-element elementor-element-f0865b2 elementor-position-top elementor-vertical-align-top elementor-widget elementor-widget-image-box\" data-id=\"f0865b2\" data-element_type=\"widget\" data-widget_type=\"image-box.default\">\n\t\t\t\t<div class=\"elementor-widget-container\">\n\t\t\t<div class=\"elementor-image-box-wrapper\"><figure class=\"elementor-image-box-img\"><a href=\"https:\/\/www.raytecvision.com\/es\/applicazioni\/vegetali\/\"><img decoding=\"async\" src=\"https:\/\/www.raytecvision.com\/wp-content\/uploads\/sites\/50\/piselli.jpg\" title=\"\" alt=\"\" class=\"elementor-animation-sink\" loading=\"lazy\" \/><\/a><\/figure><div class=\"elementor-image-box-content\"><h5 class=\"elementor-image-box-title\"><a href=\"https:\/\/www.raytecvision.com\/es\/applicazioni\/vegetali\/\">Vegetales<\/a><\/h5><\/div><\/div>\t\t<\/div>\n\t\t\t\t<\/div>\n\t\t\t\t\t\t<\/div>\n\t\t\t\t\t<\/div>\n\t\t<\/div>\n\t\t\t\t<div class=\"elementor-column elementor-col-25 elementor-top-column elementor-element elementor-element-76e29ee\" data-id=\"76e29ee\" data-element_type=\"column\" data-settings=\"{&quot;background_background&quot;:&quot;classic&quot;}\">\n\t\t\t<div class=\"elementor-column-wrap elementor-element-populated\">\n\t\t\t\t\t\t\t<div class=\"elementor-widget-wrap\">\n\t\t\t\t\t\t<div class=\"elementor-element elementor-element-ec9bcf2 elementor-position-top elementor-vertical-align-top elementor-widget elementor-widget-image-box\" data-id=\"ec9bcf2\" data-element_type=\"widget\" data-widget_type=\"image-box.default\">\n\t\t\t\t<div class=\"elementor-widget-container\">\n\t\t\t<div class=\"elementor-image-box-wrapper\"><figure class=\"elementor-image-box-img\"><a href=\"https:\/\/www.raytecvision.com\/es\/applicazioni\/caramelle\/\"><img decoding=\"async\" src=\"https:\/\/www.raytecvision.com\/wp-content\/uploads\/sites\/50\/caramelle.jpg\" title=\"\" alt=\"\" class=\"elementor-animation-sink\" loading=\"lazy\" \/><\/a><\/figure><div class=\"elementor-image-box-content\"><h5 class=\"elementor-image-box-title\"><a href=\"https:\/\/www.raytecvision.com\/es\/applicazioni\/caramelle\/\">Confiteria<\/a><\/h5><\/div><\/div>\t\t<\/div>\n\t\t\t\t<\/div>\n\t\t\t\t<div class=\"elementor-element elementor-element-eea9465 elementor-position-top elementor-vertical-align-top elementor-widget elementor-widget-image-box\" data-id=\"eea9465\" data-element_type=\"widget\" data-widget_type=\"image-box.default\">\n\t\t\t\t<div class=\"elementor-widget-container\">\n\t\t\t<div class=\"elementor-image-box-wrapper\"><figure class=\"elementor-image-box-img\"><a href=\"https:\/\/www.raytecvision.com\/de\/applicazioni\/patate\/\"><img decoding=\"async\" src=\"https:\/\/www.raytecvision.com\/wp-content\/uploads\/sites\/50\/patate.jpg\" title=\"\" alt=\"\" class=\"elementor-animation-sink\" loading=\"lazy\" \/><\/a><\/figure><div class=\"elementor-image-box-content\"><h5 class=\"elementor-image-box-title\"><a href=\"https:\/\/www.raytecvision.com\/de\/applicazioni\/patate\/\">Patatas<\/a><\/h5><\/div><\/div>\t\t<\/div>\n\t\t\t\t<\/div>\n\t\t\t\t\t\t<\/div>\n\t\t\t\t\t<\/div>\n\t\t<\/div>\n\t\t\t\t<div class=\"elementor-column elementor-col-25 elementor-top-column elementor-element elementor-element-ea209a5\" data-id=\"ea209a5\" data-element_type=\"column\">\n\t\t\t<div class=\"elementor-column-wrap elementor-element-populated\">\n\t\t\t\t\t\t\t<div class=\"elementor-widget-wrap\">\n\t\t\t\t\t\t<div class=\"elementor-element elementor-element-00a1b4c elementor-position-top elementor-vertical-align-top elementor-widget elementor-widget-image-box\" data-id=\"00a1b4c\" data-element_type=\"widget\" data-widget_type=\"image-box.default\">\n\t\t\t\t<div class=\"elementor-widget-container\">\n\t\t\t<div class=\"elementor-image-box-wrapper\"><figure class=\"elementor-image-box-img\"><a href=\"https:\/\/www.raytecvision.com\/es\/applicazioni\/prodotti-ittici\/\"><img decoding=\"async\" src=\"https:\/\/www.raytecvision.com\/wp-content\/uploads\/sites\/50\/frutti-di-mare.jpg\" title=\"\" alt=\"\" class=\"elementor-animation-sink\" loading=\"lazy\" \/><\/a><\/figure><div class=\"elementor-image-box-content\"><h5 class=\"elementor-image-box-title\"><a href=\"https:\/\/www.raytecvision.com\/es\/applicazioni\/prodotti-ittici\/\">Frutos de mar<\/a><\/h5><\/div><\/div>\t\t<\/div>\n\t\t\t\t<\/div>\n\t\t\t\t<div class=\"elementor-element elementor-element-50000ab elementor-position-top elementor-vertical-align-top elementor-widget elementor-widget-image-box\" data-id=\"50000ab\" data-element_type=\"widget\" data-widget_type=\"image-box.default\">\n\t\t\t\t<div class=\"elementor-widget-container\">\n\t\t\t<div class=\"elementor-image-box-wrapper\"><figure class=\"elementor-image-box-img\"><a href=\"https:\/\/www.raytecvision.com\/es\/applicazioni\/pomodori\/\"><img decoding=\"async\" src=\"https:\/\/www.raytecvision.com\/wp-content\/uploads\/sites\/50\/pomodori.jpg\" title=\"\" alt=\"\" class=\"elementor-animation-sink\" loading=\"lazy\" \/><\/a><\/figure><div class=\"elementor-image-box-content\"><h5 class=\"elementor-image-box-title\"><a href=\"https:\/\/www.raytecvision.com\/es\/applicazioni\/pomodori\/\">Tomates<\/a><\/h5><\/div><\/div>\t\t<\/div>\n\t\t\t\t<\/div>\n\t\t\t\t\t\t<\/div>\n\t\t\t\t\t<\/div>\n\t\t<\/div>\n\t\t\t\t<div class=\"elementor-column elementor-col-25 elementor-top-column elementor-element elementor-element-2aad7ec\" data-id=\"2aad7ec\" data-element_type=\"column\">\n\t\t\t<div class=\"elementor-column-wrap elementor-element-populated\">\n\t\t\t\t\t\t\t<div class=\"elementor-widget-wrap\">\n\t\t\t\t\t\t<div class=\"elementor-element elementor-element-a56b84e elementor-position-top elementor-vertical-align-top elementor-widget elementor-widget-image-box\" data-id=\"a56b84e\" data-element_type=\"widget\" data-widget_type=\"image-box.default\">\n\t\t\t\t<div class=\"elementor-widget-container\">\n\t\t\t<div class=\"elementor-image-box-wrapper\"><figure class=\"elementor-image-box-img\"><a href=\"https:\/\/www.raytecvision.com\/es\/applicazioni\/produzione-vino\/\"><img decoding=\"async\" src=\"https:\/\/www.raytecvision.com\/wp-content\/uploads\/sites\/50\/uva.jpg\" title=\"\" alt=\"\" class=\"elementor-animation-sink\" loading=\"lazy\" \/><\/a><\/figure><div class=\"elementor-image-box-content\"><h5 class=\"elementor-image-box-title\"><a href=\"https:\/\/www.raytecvision.com\/es\/applicazioni\/produzione-vino\/\">Industria vitivin\u00edcola<\/a><\/h5><\/div><\/div>\t\t<\/div>\n\t\t\t\t<\/div>\n\t\t\t\t<div class=\"elementor-element elementor-element-b0f4ed7 elementor-position-top elementor-vertical-align-top elementor-widget elementor-widget-image-box\" data-id=\"b0f4ed7\" data-element_type=\"widget\" data-widget_type=\"image-box.default\">\n\t\t\t\t<div class=\"elementor-widget-container\">\n\t\t\t<div class=\"elementor-image-box-wrapper\"><figure class=\"elementor-image-box-img\"><a href=\"https:\/\/www.raytecvision.com\/es\/applicazioni\/cibo-confezionato\/\"><img decoding=\"async\" src=\"https:\/\/www.raytecvision.com\/wp-content\/uploads\/sites\/50\/cibo-confezionato.jpg\" title=\"\" alt=\"\" class=\"elementor-animation-sink\" loading=\"lazy\" \/><\/a><\/figure><div class=\"elementor-image-box-content\"><h5 class=\"elementor-image-box-title\"><a href=\"https:\/\/www.raytecvision.com\/es\/applicazioni\/cibo-confezionato\/\">Comida Empaquetada<\/a><\/h5><\/div><\/div>\t\t<\/div>\n\t\t\t\t<\/div>\n\t\t\t\t\t\t<\/div>\n\t\t\t\t\t<\/div>\n\t\t<\/div>\n\t\t\t\t\t\t\t\t<\/div>\n\t\t\t\t\t<\/div>\n\t\t<\/section>\n\t\t\t\t<section class=\"elementor-section elementor-top-section elementor-element elementor-element-fede386 elementor-section-stretched elementor-section-boxed elementor-section-height-default elementor-section-height-default\" data-id=\"fede386\" data-element_type=\"section\" data-settings=\"{&quot;stretch_section&quot;:&quot;section-stretched&quot;,&quot;background_background&quot;:&quot;classic&quot;}\">\n\t\t\t\t\t\t<div class=\"elementor-container elementor-column-gap-default\">\n\t\t\t\t\t\t\t<div class=\"elementor-row\">\n\t\t\t\t\t<div class=\"elementor-column elementor-col-50 elementor-top-column elementor-element elementor-element-81a6344\" data-id=\"81a6344\" data-element_type=\"column\">\n\t\t\t<div class=\"elementor-column-wrap elementor-element-populated\">\n\t\t\t\t\t\t\t<div class=\"elementor-widget-wrap\">\n\t\t\t\t\t\t<div class=\"elementor-element elementor-element-54afc2f elementor-widget elementor-widget-heading\" data-id=\"54afc2f\" data-element_type=\"widget\" data-widget_type=\"heading.default\">\n\t\t\t\t<div class=\"elementor-widget-container\">\n\t\t\t<h2 class=\"elementor-heading-title elementor-size-default\">Solicita informaci\u00f3n<\/h2>\t\t<\/div>\n\t\t\t\t<\/div>\n\t\t\t\t<div class=\"elementor-element elementor-element-f863b9f elementor-widget-divider--view-line elementor-widget elementor-widget-divider\" data-id=\"f863b9f\" data-element_type=\"widget\" data-widget_type=\"divider.default\">\n\t\t\t\t<div class=\"elementor-widget-container\">\n\t\t\t\t\t<div class=\"elementor-divider\">\n\t\t\t<span class=\"elementor-divider-separator\">\n\t\t\t\t\t\t<\/span>\n\t\t<\/div>\n\t\t\t\t<\/div>\n\t\t\t\t<\/div>\n\t\t\t\t<div class=\"elementor-element elementor-element-2255bd7 elementor-widget elementor-widget-text-editor\" data-id=\"2255bd7\" data-element_type=\"widget\" data-widget_type=\"text-editor.default\">\n\t\t\t\t<div class=\"elementor-widget-container\">\n\t\t\t\t\t\t\t\t<div class=\"elementor-text-editor elementor-clearfix\">\n\t\t\t\t<div class=\"sub-heading\"><div class=\"sub-heading\">Escriba para solicitar informaci\u00f3n o un presupuesto gratuito<\/div><\/div>\t\t\t\t\t<\/div>\n\t\t\t\t\t\t<\/div>\n\t\t\t\t<\/div>\n\t\t\t\t\t\t<\/div>\n\t\t\t\t\t<\/div>\n\t\t<\/div>\n\t\t\t\t<div class=\"elementor-column elementor-col-50 elementor-top-column elementor-element elementor-element-2b6e2de\" data-id=\"2b6e2de\" data-element_type=\"column\">\n\t\t\t<div class=\"elementor-column-wrap elementor-element-populated\">\n\t\t\t\t\t\t\t<div class=\"elementor-widget-wrap\">\n\t\t\t\t\t\t<div class=\"elementor-element elementor-element-c5c8f87 elementor-align-center elementor-widget elementor-widget-button\" data-id=\"c5c8f87\" data-element_type=\"widget\" data-widget_type=\"button.default\">\n\t\t\t\t<div class=\"elementor-widget-container\">\n\t\t\t\t\t<div class=\"elementor-button-wrapper\">\n\t\t\t<a class=\"elementor-button elementor-button-link elementor-size-md\" href=\"https:\/\/www.raytecvision.com\/es\/contacto\/\">\n\t\t\t\t\t\t<span class=\"elementor-button-content-wrapper\">\n\t\t\t\t\t\t<span class=\"elementor-button-text\">Contacto<\/span>\n\t\t<\/span>\n\t\t\t\t\t<\/a>\n\t\t<\/div>\n\t\t\t\t<\/div>\n\t\t\t\t<\/div>\n\t\t\t\t\t\t<\/div>\n\t\t\t\t\t<\/div>\n\t\t<\/div>\n\t\t\t\t\t\t\t\t<\/div>\n\t\t\t\t\t<\/div>\n\t\t<\/section>\n\t\t\t\t\t\t\t\t\t<\/div>\n\t\t\t<\/div>\n\t\t\t\t\t<\/div>\n\t\t","protected":false},"excerpt":{"rendered":"<p>Sectores de aplicaci\u00f3n Nuestras m\u00e1quinas de clasificaci\u00f3n de alimentos se pueden utilizar para muchas aplicaciones. Descubra todas las aplicaciones Fruta Vegetales Confiteria Patatas Frutos de mar Tomates Industria vitivin\u00edcola Comida Empaquetada Solicita informaci\u00f3n Escriba para solicitar informaci\u00f3n o un presupuesto gratuito Contacto<\/p>\n","protected":false},"author":3,"featured_media":0,"parent":0,"menu_order":0,"comment_status":"closed","ping_status":"closed","template":"","meta":{"inline_featured_image":false,"footnotes":""},"class_list":["post-5105","page","type-page","status-publish","hentry"],"yoast_head":"<!-- This site is optimized with the Yoast SEO Premium plugin v26.8 (Yoast SEO v26.8) - https:\/\/yoast.com\/product\/yoast-seo-premium-wordpress\/ -->\n<title>Scopri tutte le Aplicaciones alimentari delle macchine di Raytec Vision<\/title>\n<meta name=\"description\" content=\"In questa sezione vediamo le macchine di Raytec Vision in azione su varie tipologie di applicazioni alimentari. Guarda i video per info\" \/>\n<meta name=\"robots\" content=\"index, follow, max-snippet:-1, max-image-preview:large, max-video-preview:-1\" \/>\n<link rel=\"canonical\" href=\"https:\/\/www.raytecvision.com\/es\/aplicaciones\/\" \/>\n<meta property=\"og:locale\" content=\"es_ES\" \/>\n<meta property=\"og:type\" content=\"article\" \/>\n<meta property=\"og:title\" content=\"Aplicaciones\" \/>\n<meta property=\"og:description\" content=\"In questa sezione vediamo le macchine di Raytec Vision in azione su varie tipologie di applicazioni alimentari. Guarda i video per info\" \/>\n<meta property=\"og:url\" content=\"https:\/\/www.raytecvision.com\/es\/aplicaciones\/\" \/>\n<meta property=\"og:site_name\" content=\"Raytec Vision\" \/>\n<meta property=\"article:publisher\" content=\"https:\/\/www.facebook.com\/RaytecVision\" \/>\n<meta property=\"article:modified_time\" content=\"2025-09-22T07:41:52+00:00\" \/>\n<meta property=\"og:image\" content=\"https:\/\/www.raytecvision.com\/wp-content\/uploads\/sites\/50\/fragole.jpg\" \/>\n<meta name=\"twitter:card\" content=\"summary_large_image\" \/>\n<meta name=\"twitter:site\" content=\"@raytec_sorting\" \/>\n<meta name=\"twitter:label1\" content=\"Tiempo de lectura\" \/>\n\t<meta name=\"twitter:data1\" content=\"2 minutos\" \/>\n<script type=\"application\/ld+json\" class=\"yoast-schema-graph\">{\"@context\":\"https:\/\/schema.org\",\"@graph\":[{\"@type\":\"WebPage\",\"@id\":\"https:\/\/www.raytecvision.com\/es\/aplicaciones\/\",\"url\":\"https:\/\/www.raytecvision.com\/es\/aplicaciones\/\",\"name\":\"Scopri tutte le Aplicaciones alimentari delle macchine di Raytec Vision\",\"isPartOf\":{\"@id\":\"https:\/\/www.raytecvision.com\/es\/#website\"},\"primaryImageOfPage\":{\"@id\":\"https:\/\/www.raytecvision.com\/es\/aplicaciones\/#primaryimage\"},\"image\":{\"@id\":\"https:\/\/www.raytecvision.com\/es\/aplicaciones\/#primaryimage\"},\"thumbnailUrl\":\"https:\/\/www.raytecvision.com\/wp-content\/uploads\/sites\/50\/fragole.jpg\",\"datePublished\":\"2021-01-27T10:36:25+00:00\",\"dateModified\":\"2025-09-22T07:41:52+00:00\",\"description\":\"In questa sezione vediamo le macchine di Raytec Vision in azione su varie tipologie di applicazioni alimentari. Guarda i video per info\",\"breadcrumb\":{\"@id\":\"https:\/\/www.raytecvision.com\/es\/aplicaciones\/#breadcrumb\"},\"inLanguage\":\"es\",\"potentialAction\":[{\"@type\":\"ReadAction\",\"target\":[\"https:\/\/www.raytecvision.com\/es\/aplicaciones\/\"]}]},{\"@type\":\"ImageObject\",\"inLanguage\":\"es\",\"@id\":\"https:\/\/www.raytecvision.com\/es\/aplicaciones\/#primaryimage\",\"url\":\"https:\/\/www.raytecvision.com\/wp-content\/uploads\/sites\/50\/fragole.jpg\",\"contentUrl\":\"https:\/\/www.raytecvision.com\/wp-content\/uploads\/sites\/50\/fragole.jpg\"},{\"@type\":\"BreadcrumbList\",\"@id\":\"https:\/\/www.raytecvision.com\/es\/aplicaciones\/#breadcrumb\",\"itemListElement\":[{\"@type\":\"ListItem\",\"position\":1,\"name\":\"Home\",\"item\":\"https:\/\/www.raytecvision.com\/es\/\"},{\"@type\":\"ListItem\",\"position\":2,\"name\":\"Aplicaciones\"}]},{\"@type\":\"WebSite\",\"@id\":\"https:\/\/www.raytecvision.com\/es\/#website\",\"url\":\"https:\/\/www.raytecvision.com\/es\/\",\"name\":\"Raytec Vision\",\"description\":\"Innovation in Sorting Equipment\",\"publisher\":{\"@id\":\"https:\/\/www.raytecvision.com\/es\/#organization\"},\"potentialAction\":[{\"@type\":\"SearchAction\",\"target\":{\"@type\":\"EntryPoint\",\"urlTemplate\":\"https:\/\/www.raytecvision.com\/es\/?s={search_term_string}\"},\"query-input\":{\"@type\":\"PropertyValueSpecification\",\"valueRequired\":true,\"valueName\":\"search_term_string\"}}],\"inLanguage\":\"es\"},{\"@type\":\"Organization\",\"@id\":\"https:\/\/www.raytecvision.com\/es\/#organization\",\"name\":\"Raytec Vision\",\"url\":\"https:\/\/www.raytecvision.com\/es\/\",\"logo\":{\"@type\":\"ImageObject\",\"inLanguage\":\"es\",\"@id\":\"https:\/\/www.raytecvision.com\/es\/#\/schema\/logo\/image\/\",\"url\":\"\",\"contentUrl\":\"\",\"caption\":\"Raytec Vision\"},\"image\":{\"@id\":\"https:\/\/www.raytecvision.com\/es\/#\/schema\/logo\/image\/\"},\"sameAs\":[\"https:\/\/www.facebook.com\/RaytecVision\",\"https:\/\/x.com\/raytec_sorting\",\"https:\/\/www.linkedin.com\/company\/raytec-vision\/\"],\"publishingPrinciples\":\"https:\/\/www.raytecvision.com\/privacy-policy\/\",\"ownershipFundingInfo\":\"https:\/\/www.raytecvision.com\/chi-siamo-2\/la-nostra-storia\/\"}]}<\/script>\n<!-- \/ Yoast SEO Premium plugin. -->","yoast_head_json":{"title":"Scopri tutte le Aplicaciones alimentari delle macchine di Raytec Vision","description":"In questa sezione vediamo le macchine di Raytec Vision in azione su varie tipologie di applicazioni alimentari. Guarda i video per info","robots":{"index":"index","follow":"follow","max-snippet":"max-snippet:-1","max-image-preview":"max-image-preview:large","max-video-preview":"max-video-preview:-1"},"canonical":"https:\/\/www.raytecvision.com\/es\/aplicaciones\/","og_locale":"es_ES","og_type":"article","og_title":"Aplicaciones","og_description":"In questa sezione vediamo le macchine di Raytec Vision in azione su varie tipologie di applicazioni alimentari. Guarda i video per info","og_url":"https:\/\/www.raytecvision.com\/es\/aplicaciones\/","og_site_name":"Raytec Vision","article_publisher":"https:\/\/www.facebook.com\/RaytecVision","article_modified_time":"2025-09-22T07:41:52+00:00","og_image":[{"url":"https:\/\/www.raytecvision.com\/wp-content\/uploads\/sites\/50\/fragole.jpg","type":"","width":"","height":""}],"twitter_card":"summary_large_image","twitter_site":"@raytec_sorting","twitter_misc":{"Tiempo de lectura":"2 minutos"},"schema":{"@context":"https:\/\/schema.org","@graph":[{"@type":"WebPage","@id":"https:\/\/www.raytecvision.com\/es\/aplicaciones\/","url":"https:\/\/www.raytecvision.com\/es\/aplicaciones\/","name":"Scopri tutte le Aplicaciones alimentari delle macchine di Raytec Vision","isPartOf":{"@id":"https:\/\/www.raytecvision.com\/es\/#website"},"primaryImageOfPage":{"@id":"https:\/\/www.raytecvision.com\/es\/aplicaciones\/#primaryimage"},"image":{"@id":"https:\/\/www.raytecvision.com\/es\/aplicaciones\/#primaryimage"},"thumbnailUrl":"https:\/\/www.raytecvision.com\/wp-content\/uploads\/sites\/50\/fragole.jpg","datePublished":"2021-01-27T10:36:25+00:00","dateModified":"2025-09-22T07:41:52+00:00","description":"In questa sezione vediamo le macchine di Raytec Vision in azione su varie tipologie di applicazioni alimentari. Guarda i video per info","breadcrumb":{"@id":"https:\/\/www.raytecvision.com\/es\/aplicaciones\/#breadcrumb"},"inLanguage":"es","potentialAction":[{"@type":"ReadAction","target":["https:\/\/www.raytecvision.com\/es\/aplicaciones\/"]}]},{"@type":"ImageObject","inLanguage":"es","@id":"https:\/\/www.raytecvision.com\/es\/aplicaciones\/#primaryimage","url":"https:\/\/www.raytecvision.com\/wp-content\/uploads\/sites\/50\/fragole.jpg","contentUrl":"https:\/\/www.raytecvision.com\/wp-content\/uploads\/sites\/50\/fragole.jpg"},{"@type":"BreadcrumbList","@id":"https:\/\/www.raytecvision.com\/es\/aplicaciones\/#breadcrumb","itemListElement":[{"@type":"ListItem","position":1,"name":"Home","item":"https:\/\/www.raytecvision.com\/es\/"},{"@type":"ListItem","position":2,"name":"Aplicaciones"}]},{"@type":"WebSite","@id":"https:\/\/www.raytecvision.com\/es\/#website","url":"https:\/\/www.raytecvision.com\/es\/","name":"Raytec Vision","description":"Innovation in Sorting Equipment","publisher":{"@id":"https:\/\/www.raytecvision.com\/es\/#organization"},"potentialAction":[{"@type":"SearchAction","target":{"@type":"EntryPoint","urlTemplate":"https:\/\/www.raytecvision.com\/es\/?s={search_term_string}"},"query-input":{"@type":"PropertyValueSpecification","valueRequired":true,"valueName":"search_term_string"}}],"inLanguage":"es"},{"@type":"Organization","@id":"https:\/\/www.raytecvision.com\/es\/#organization","name":"Raytec Vision","url":"https:\/\/www.raytecvision.com\/es\/","logo":{"@type":"ImageObject","inLanguage":"es","@id":"https:\/\/www.raytecvision.com\/es\/#\/schema\/logo\/image\/","url":"","contentUrl":"","caption":"Raytec Vision"},"image":{"@id":"https:\/\/www.raytecvision.com\/es\/#\/schema\/logo\/image\/"},"sameAs":["https:\/\/www.facebook.com\/RaytecVision","https:\/\/x.com\/raytec_sorting","https:\/\/www.linkedin.com\/company\/raytec-vision\/"],"publishingPrinciples":"https:\/\/www.raytecvision.com\/privacy-policy\/","ownershipFundingInfo":"https:\/\/www.raytecvision.com\/chi-siamo-2\/la-nostra-storia\/"}]}},"jetpack_sharing_enabled":true,"_links":{"self":[{"href":"https:\/\/www.raytecvision.com\/es\/wp-json\/wp\/v2\/pages\/5105","targetHints":{"allow":["GET"]}}],"collection":[{"href":"https:\/\/www.raytecvision.com\/es\/wp-json\/wp\/v2\/pages"}],"about":[{"href":"https:\/\/www.raytecvision.com\/es\/wp-json\/wp\/v2\/types\/page"}],"author":[{"embeddable":true,"href":"https:\/\/www.raytecvision.com\/es\/wp-json\/wp\/v2\/users\/3"}],"replies":[{"embeddable":true,"href":"https:\/\/www.raytecvision.com\/es\/wp-json\/wp\/v2\/comments?post=5105"}],"version-history":[{"count":59,"href":"https:\/\/www.raytecvision.com\/es\/wp-json\/wp\/v2\/pages\/5105\/revisions"}],"predecessor-version":[{"id":34027,"href":"https:\/\/www.raytecvision.com\/es\/wp-json\/wp\/v2\/pages\/5105\/revisions\/34027"}],"wp:attachment":[{"href":"https:\/\/www.raytecvision.com\/es\/wp-json\/wp\/v2\/media?parent=5105"}],"curies":[{"name":"wp","href":"https:\/\/api.w.org\/{rel}","templated":true}]}}