{"id":5237,"date":"2021-02-18T10:51:29","date_gmt":"2021-02-18T09:51:29","guid":{"rendered":"https:\/\/www.raytecvision.com\/applicazioni\/frutta\/uvetta\/"},"modified":"2022-08-31T15:21:13","modified_gmt":"2022-08-31T14:21:13","slug":"uvas-pasas","status":"publish","type":"page","link":"https:\/\/www.raytecvision.com\/es\/aplicaciones\/fruta\/uvas-pasas\/","title":{"rendered":"Uvas Pasas"},"content":{"rendered":"\t\t<div data-elementor-type=\"wp-page\" data-elementor-id=\"5237\" class=\"elementor elementor-5237\">\n\t\t\t\t\t\t<div class=\"elementor-inner\">\n\t\t\t\t<div class=\"elementor-section-wrap\">\n\t\t\t\t\t\t\t\t\t<section class=\"elementor-section elementor-top-section elementor-element elementor-element-d778ab9 elementor-section-stretched elementor-section-boxed elementor-section-height-default elementor-section-height-default\" data-id=\"d778ab9\" data-element_type=\"section\" data-settings=\"{&quot;stretch_section&quot;:&quot;section-stretched&quot;}\">\n\t\t\t\t\t\t<div class=\"elementor-container elementor-column-gap-extended\">\n\t\t\t\t\t\t\t<div class=\"elementor-row\">\n\t\t\t\t\t<div class=\"elementor-column elementor-col-100 elementor-top-column elementor-element elementor-element-637ecb6\" data-id=\"637ecb6\" data-element_type=\"column\">\n\t\t\t<div class=\"elementor-column-wrap elementor-element-populated\">\n\t\t\t\t\t\t\t<div class=\"elementor-widget-wrap\">\n\t\t\t\t\t\t<div class=\"elementor-element elementor-element-345ee42 elementor-widget elementor-widget-video\" data-id=\"345ee42\" data-element_type=\"widget\" data-settings=\"{&quot;youtube_url&quot;:&quot;http:\\\/\\\/www.youtube.com\\\/watch?v=RUX89cKO0Tg&quot;,&quot;video_type&quot;:&quot;youtube&quot;,&quot;controls&quot;:&quot;yes&quot;}\" data-widget_type=\"video.default\">\n\t\t\t\t<div class=\"elementor-widget-container\">\n\t\t\t\t\t<div class=\"elementor-wrapper elementor-open-inline\">\n\t\t\t<div class=\"elementor-video\"><\/div>\t\t<\/div>\n\t\t\t\t<\/div>\n\t\t\t\t<\/div>\n\t\t\t\t<div class=\"elementor-element elementor-element-fca176e elementor-widget elementor-widget-spacer\" data-id=\"fca176e\" data-element_type=\"widget\" data-widget_type=\"spacer.default\">\n\t\t\t\t<div class=\"elementor-widget-container\">\n\t\t\t\t\t<div class=\"elementor-spacer\">\n\t\t\t<div class=\"elementor-spacer-inner\"><\/div>\n\t\t<\/div>\n\t\t\t\t<\/div>\n\t\t\t\t<\/div>\n\t\t\t\t<section class=\"elementor-section elementor-inner-section elementor-element elementor-element-d09036c elementor-section-boxed elementor-section-height-default elementor-section-height-default\" data-id=\"d09036c\" data-element_type=\"section\">\n\t\t\t\t\t\t<div class=\"elementor-container elementor-column-gap-default\">\n\t\t\t\t\t\t\t<div class=\"elementor-row\">\n\t\t\t\t\t<div class=\"elementor-column elementor-col-50 elementor-inner-column elementor-element elementor-element-8f6b119\" data-id=\"8f6b119\" data-element_type=\"column\">\n\t\t\t<div class=\"elementor-column-wrap elementor-element-populated\">\n\t\t\t\t\t\t\t<div class=\"elementor-widget-wrap\">\n\t\t\t\t\t\t<div class=\"elementor-element elementor-element-5d064af elementor-align-justify elementor-widget elementor-widget-button\" data-id=\"5d064af\" data-element_type=\"widget\" data-widget_type=\"button.default\">\n\t\t\t\t<div class=\"elementor-widget-container\">\n\t\t\t\t\t<div class=\"elementor-button-wrapper\">\n\t\t\t<a class=\"elementor-button elementor-button-link elementor-size-sm\" href=\"https:\/\/www.raytecvision.com\/wp-content\/uploads\/sites\/50\/Spray-Discovery-Scheda-Tecnica.pdf\" target=\"_blank\" rel=\"nofollow\">\n\t\t\t\t\t\t<span class=\"elementor-button-content-wrapper\">\n\t\t\t\t\t\t<span class=\"elementor-button-text\">Ficha T\u00e9cnica<\/span>\n\t\t<\/span>\n\t\t\t\t\t<\/a>\n\t\t<\/div>\n\t\t\t\t<\/div>\n\t\t\t\t<\/div>\n\t\t\t\t\t\t<\/div>\n\t\t\t\t\t<\/div>\n\t\t<\/div>\n\t\t\t\t<div class=\"elementor-column elementor-col-50 elementor-inner-column elementor-element elementor-element-c85499b\" data-id=\"c85499b\" data-element_type=\"column\">\n\t\t\t<div class=\"elementor-column-wrap elementor-element-populated\">\n\t\t\t\t\t\t\t<div class=\"elementor-widget-wrap\">\n\t\t\t\t\t\t<div class=\"elementor-element elementor-element-909d5ae elementor-align-justify elementor-widget elementor-widget-button\" data-id=\"909d5ae\" data-element_type=\"widget\" data-widget_type=\"button.default\">\n\t\t\t\t<div class=\"elementor-widget-container\">\n\t\t\t\t\t<div class=\"elementor-button-wrapper\">\n\t\t\t<a class=\"elementor-button elementor-button-link elementor-size-sm\" href=\"https:\/\/www.raytecvision.com\/es\/seleccionadores-opticos\/spray\/\">\n\t\t\t\t\t\t<span class=\"elementor-button-content-wrapper\">\n\t\t\t\t\t\t<span class=\"elementor-button-text\">Ficha Producto<\/span>\n\t\t<\/span>\n\t\t\t\t\t<\/a>\n\t\t<\/div>\n\t\t\t\t<\/div>\n\t\t\t\t<\/div>\n\t\t\t\t\t\t<\/div>\n\t\t\t\t\t<\/div>\n\t\t<\/div>\n\t\t\t\t\t\t\t\t<\/div>\n\t\t\t\t\t<\/div>\n\t\t<\/section>\n\t\t\t\t<div class=\"elementor-element elementor-element-bb043d1 elementor-widget elementor-widget-spacer\" data-id=\"bb043d1\" data-element_type=\"widget\" data-widget_type=\"spacer.default\">\n\t\t\t\t<div class=\"elementor-widget-container\">\n\t\t\t\t\t<div class=\"elementor-spacer\">\n\t\t\t<div class=\"elementor-spacer-inner\"><\/div>\n\t\t<\/div>\n\t\t\t\t<\/div>\n\t\t\t\t<\/div>\n\t\t\t\t\t\t<\/div>\n\t\t\t\t\t<\/div>\n\t\t<\/div>\n\t\t\t\t\t\t\t\t<\/div>\n\t\t\t\t\t<\/div>\n\t\t<\/section>\n\t\t\t\t<section class=\"elementor-section elementor-top-section elementor-element elementor-element-50e5c586 elementor-section-stretched elementor-section-boxed elementor-section-height-default elementor-section-height-default\" data-id=\"50e5c586\" data-element_type=\"section\" data-settings=\"{&quot;stretch_section&quot;:&quot;section-stretched&quot;,&quot;background_background&quot;:&quot;classic&quot;}\">\n\t\t\t\t\t\t<div class=\"elementor-container elementor-column-gap-default\">\n\t\t\t\t\t\t\t<div class=\"elementor-row\">\n\t\t\t\t\t<div class=\"elementor-column elementor-col-100 elementor-top-column elementor-element elementor-element-292e7bb6\" data-id=\"292e7bb6\" data-element_type=\"column\">\n\t\t\t<div class=\"elementor-column-wrap elementor-element-populated\">\n\t\t\t\t\t\t\t<div class=\"elementor-widget-wrap\">\n\t\t\t\t\t\t<section class=\"elementor-section elementor-inner-section elementor-element elementor-element-747a7b88 elementor-section-full_width elementor-section-height-default elementor-section-height-default\" data-id=\"747a7b88\" data-element_type=\"section\">\n\t\t\t\t\t\t<div class=\"elementor-container elementor-column-gap-default\">\n\t\t\t\t\t\t\t<div class=\"elementor-row\">\n\t\t\t\t\t<div class=\"elementor-column elementor-col-25 elementor-inner-column elementor-element elementor-element-5fbd24a1\" data-id=\"5fbd24a1\" data-element_type=\"column\">\n\t\t\t<div class=\"elementor-column-wrap elementor-element-populated\">\n\t\t\t\t\t\t\t<div class=\"elementor-widget-wrap\">\n\t\t\t\t\t\t<div class=\"elementor-element elementor-element-4dddceb elementor-widget elementor-widget-spacer\" data-id=\"4dddceb\" data-element_type=\"widget\" data-widget_type=\"spacer.default\">\n\t\t\t\t<div class=\"elementor-widget-container\">\n\t\t\t\t\t<div class=\"elementor-spacer\">\n\t\t\t<div class=\"elementor-spacer-inner\"><\/div>\n\t\t<\/div>\n\t\t\t\t<\/div>\n\t\t\t\t<\/div>\n\t\t\t\t<div class=\"elementor-element elementor-element-3689a1bd elementor-widget elementor-widget-spacer\" data-id=\"3689a1bd\" data-element_type=\"widget\" data-widget_type=\"spacer.default\">\n\t\t\t\t<div class=\"elementor-widget-container\">\n\t\t\t\t\t<div class=\"elementor-spacer\">\n\t\t\t<div class=\"elementor-spacer-inner\"><\/div>\n\t\t<\/div>\n\t\t\t\t<\/div>\n\t\t\t\t<\/div>\n\t\t\t\t\t\t<\/div>\n\t\t\t\t\t<\/div>\n\t\t<\/div>\n\t\t\t\t<div class=\"elementor-column elementor-col-25 elementor-inner-column elementor-element elementor-element-7de879e3\" data-id=\"7de879e3\" data-element_type=\"column\">\n\t\t\t<div class=\"elementor-column-wrap elementor-element-populated\">\n\t\t\t\t\t\t\t<div class=\"elementor-widget-wrap\">\n\t\t\t\t\t\t<div class=\"elementor-element elementor-element-26d45861 elementor-widget elementor-widget-spacer\" data-id=\"26d45861\" data-element_type=\"widget\" data-widget_type=\"spacer.default\">\n\t\t\t\t<div class=\"elementor-widget-container\">\n\t\t\t\t\t<div class=\"elementor-spacer\">\n\t\t\t<div class=\"elementor-spacer-inner\"><\/div>\n\t\t<\/div>\n\t\t\t\t<\/div>\n\t\t\t\t<\/div>\n\t\t\t\t<div class=\"elementor-element elementor-element-5da17e86 elementor-widget elementor-widget-spacer\" data-id=\"5da17e86\" data-element_type=\"widget\" data-widget_type=\"spacer.default\">\n\t\t\t\t<div class=\"elementor-widget-container\">\n\t\t\t\t\t<div class=\"elementor-spacer\">\n\t\t\t<div class=\"elementor-spacer-inner\"><\/div>\n\t\t<\/div>\n\t\t\t\t<\/div>\n\t\t\t\t<\/div>\n\t\t\t\t\t\t<\/div>\n\t\t\t\t\t<\/div>\n\t\t<\/div>\n\t\t\t\t<div class=\"elementor-column elementor-col-25 elementor-inner-column elementor-element elementor-element-70484d4\" data-id=\"70484d4\" data-element_type=\"column\">\n\t\t\t<div class=\"elementor-column-wrap elementor-element-populated\">\n\t\t\t\t\t\t\t<div class=\"elementor-widget-wrap\">\n\t\t\t\t\t\t<div class=\"elementor-element elementor-element-155e3ae4 elementor-widget elementor-widget-spacer\" data-id=\"155e3ae4\" data-element_type=\"widget\" data-widget_type=\"spacer.default\">\n\t\t\t\t<div class=\"elementor-widget-container\">\n\t\t\t\t\t<div class=\"elementor-spacer\">\n\t\t\t<div class=\"elementor-spacer-inner\"><\/div>\n\t\t<\/div>\n\t\t\t\t<\/div>\n\t\t\t\t<\/div>\n\t\t\t\t<div class=\"elementor-element elementor-element-545ca272 elementor-widget elementor-widget-spacer\" data-id=\"545ca272\" data-element_type=\"widget\" data-widget_type=\"spacer.default\">\n\t\t\t\t<div class=\"elementor-widget-container\">\n\t\t\t\t\t<div class=\"elementor-spacer\">\n\t\t\t<div class=\"elementor-spacer-inner\"><\/div>\n\t\t<\/div>\n\t\t\t\t<\/div>\n\t\t\t\t<\/div>\n\t\t\t\t\t\t<\/div>\n\t\t\t\t\t<\/div>\n\t\t<\/div>\n\t\t\t\t<div class=\"elementor-column elementor-col-25 elementor-inner-column elementor-element elementor-element-5cbc5b58\" data-id=\"5cbc5b58\" data-element_type=\"column\">\n\t\t\t<div class=\"elementor-column-wrap elementor-element-populated\">\n\t\t\t\t\t\t\t<div class=\"elementor-widget-wrap\">\n\t\t\t\t\t\t<div class=\"elementor-element elementor-element-45314e27 elementor-widget elementor-widget-spacer\" data-id=\"45314e27\" data-element_type=\"widget\" data-widget_type=\"spacer.default\">\n\t\t\t\t<div class=\"elementor-widget-container\">\n\t\t\t\t\t<div class=\"elementor-spacer\">\n\t\t\t<div class=\"elementor-spacer-inner\"><\/div>\n\t\t<\/div>\n\t\t\t\t<\/div>\n\t\t\t\t<\/div>\n\t\t\t\t<div class=\"elementor-element elementor-element-2c6e2914 elementor-widget elementor-widget-spacer\" data-id=\"2c6e2914\" data-element_type=\"widget\" data-widget_type=\"spacer.default\">\n\t\t\t\t<div class=\"elementor-widget-container\">\n\t\t\t\t\t<div class=\"elementor-spacer\">\n\t\t\t<div class=\"elementor-spacer-inner\"><\/div>\n\t\t<\/div>\n\t\t\t\t<\/div>\n\t\t\t\t<\/div>\n\t\t\t\t\t\t<\/div>\n\t\t\t\t\t<\/div>\n\t\t<\/div>\n\t\t\t\t\t\t\t\t<\/div>\n\t\t\t\t\t<\/div>\n\t\t<\/section>\n\t\t\t\t\t\t<\/div>\n\t\t\t\t\t<\/div>\n\t\t<\/div>\n\t\t\t\t\t\t\t\t<\/div>\n\t\t\t\t\t<\/div>\n\t\t<\/section>\n\t\t\t\t<section class=\"elementor-section elementor-top-section elementor-element elementor-element-4af858f elementor-section-stretched elementor-section-boxed elementor-section-height-default elementor-section-height-default\" data-id=\"4af858f\" data-element_type=\"section\" data-settings=\"{&quot;stretch_section&quot;:&quot;section-stretched&quot;,&quot;background_background&quot;:&quot;classic&quot;}\">\n\t\t\t\t\t\t<div class=\"elementor-container elementor-column-gap-default\">\n\t\t\t\t\t\t\t<div class=\"elementor-row\">\n\t\t\t\t\t<div class=\"elementor-column elementor-col-50 elementor-top-column elementor-element elementor-element-61230c86\" data-id=\"61230c86\" data-element_type=\"column\">\n\t\t\t<div class=\"elementor-column-wrap\">\n\t\t\t\t\t\t\t<div class=\"elementor-widget-wrap\">\n\t\t\t\t\t\t\t\t<\/div>\n\t\t\t\t\t<\/div>\n\t\t<\/div>\n\t\t\t\t<div class=\"elementor-column elementor-col-50 elementor-top-column elementor-element elementor-element-450d5d83\" data-id=\"450d5d83\" data-element_type=\"column\">\n\t\t\t<div class=\"elementor-column-wrap elementor-element-populated\">\n\t\t\t\t\t\t\t<div class=\"elementor-widget-wrap\">\n\t\t\t\t\t\t<div class=\"elementor-element elementor-element-3a691a1d elementor-align-center elementor-widget elementor-widget-button\" data-id=\"3a691a1d\" data-element_type=\"widget\" data-widget_type=\"button.default\">\n\t\t\t\t<div class=\"elementor-widget-container\">\n\t\t\t\t\t<div class=\"elementor-button-wrapper\">\n\t\t\t<a class=\"elementor-button elementor-button-link elementor-size-md\" href=\"https:\/\/www.raytecvision.com\/es\/contatti\/\">\n\t\t\t\t\t\t<span class=\"elementor-button-content-wrapper\">\n\t\t\t\t\t\t<span class=\"elementor-button-text\">Contacto<\/span>\n\t\t<\/span>\n\t\t\t\t\t<\/a>\n\t\t<\/div>\n\t\t\t\t<\/div>\n\t\t\t\t<\/div>\n\t\t\t\t\t\t<\/div>\n\t\t\t\t\t<\/div>\n\t\t<\/div>\n\t\t\t\t\t\t\t\t<\/div>\n\t\t\t\t\t<\/div>\n\t\t<\/section>\n\t\t\t\t\t\t\t\t\t<\/div>\n\t\t\t<\/div>\n\t\t\t\t\t<\/div>\n\t\t","protected":false},"excerpt":{"rendered":"<p>Uvas Pasas Secas Ficha T\u00e9cnica Ficha Producto Otros Sectores de Aplicaci\u00f3n Comida empaquetada Descubre m\u00e1s Ensaladas y hortalizas de hoja Descubre m\u00e1s Confiter\u00eda Descubre m\u00e1s Tomates Descubre m\u00e1s Frutos de mar Descubre m\u00e1s Vegetales Descubre m\u00e1s Producci\u00f3n vitivinicola Descubre m\u00e1s Patatas Descubre m\u00e1s Solicitar informaci\u00f3n P\u00f3ngase en contacto con nosotros<\/p>\n","protected":false},"author":3,"featured_media":0,"parent":5159,"menu_order":0,"comment_status":"closed","ping_status":"closed","template":"","meta":{"inline_featured_image":false,"footnotes":""},"class_list":["post-5237","page","type-page","status-publish","hentry"],"yoast_head":"<!-- This site is optimized with the Yoast SEO Premium plugin v26.8 (Yoast SEO v26.8) - https:\/\/yoast.com\/product\/yoast-seo-premium-wordpress\/ -->\n<title>Descubre los clasificadores de alimentos para Uvas Pasas por Raytec Vision<\/title>\n<meta name=\"description\" content=\"Descubra las clasificadoras de alimentos de leds pulsados de Raytec Vision para clasificar Uvas Pasas . Contacta nos para informarse.\" \/>\n<meta name=\"robots\" content=\"index, follow, max-snippet:-1, max-image-preview:large, max-video-preview:-1\" \/>\n<link rel=\"canonical\" href=\"https:\/\/www.raytecvision.com\/es\/aplicaciones\/fruta\/uvas-pasas\/\" \/>\n<meta property=\"og:locale\" content=\"es_ES\" \/>\n<meta property=\"og:type\" content=\"article\" \/>\n<meta property=\"og:title\" content=\"Uvas Pasas\" \/>\n<meta property=\"og:description\" content=\"Descubra las clasificadoras de alimentos de leds pulsados de Raytec Vision para clasificar Uvas Pasas . Contacta nos para informarse.\" \/>\n<meta property=\"og:url\" content=\"https:\/\/www.raytecvision.com\/es\/aplicaciones\/fruta\/uvas-pasas\/\" \/>\n<meta property=\"og:site_name\" content=\"Raytec Vision\" \/>\n<meta property=\"article:publisher\" content=\"https:\/\/www.facebook.com\/RaytecVision\" \/>\n<meta property=\"article:modified_time\" content=\"2022-08-31T14:21:13+00:00\" \/>\n<meta name=\"twitter:card\" content=\"summary_large_image\" \/>\n<meta name=\"twitter:site\" content=\"@raytec_sorting\" \/>\n<meta name=\"twitter:label1\" content=\"Tiempo de lectura\" \/>\n\t<meta name=\"twitter:data1\" content=\"1 minuto\" \/>\n<script type=\"application\/ld+json\" class=\"yoast-schema-graph\">{\"@context\":\"https:\/\/schema.org\",\"@graph\":[{\"@type\":\"WebPage\",\"@id\":\"https:\/\/www.raytecvision.com\/es\/aplicaciones\/fruta\/uvas-pasas\/\",\"url\":\"https:\/\/www.raytecvision.com\/es\/aplicaciones\/fruta\/uvas-pasas\/\",\"name\":\"Descubre los clasificadores de alimentos para Uvas Pasas por Raytec Vision\",\"isPartOf\":{\"@id\":\"https:\/\/www.raytecvision.com\/es\/#website\"},\"datePublished\":\"2021-02-18T09:51:29+00:00\",\"dateModified\":\"2022-08-31T14:21:13+00:00\",\"description\":\"Descubra las clasificadoras de alimentos de leds pulsados de Raytec Vision para clasificar Uvas Pasas . Contacta nos para informarse.\",\"breadcrumb\":{\"@id\":\"https:\/\/www.raytecvision.com\/es\/aplicaciones\/fruta\/uvas-pasas\/#breadcrumb\"},\"inLanguage\":\"es\",\"potentialAction\":[{\"@type\":\"ReadAction\",\"target\":[\"https:\/\/www.raytecvision.com\/es\/aplicaciones\/fruta\/uvas-pasas\/\"]}]},{\"@type\":\"BreadcrumbList\",\"@id\":\"https:\/\/www.raytecvision.com\/es\/aplicaciones\/fruta\/uvas-pasas\/#breadcrumb\",\"itemListElement\":[{\"@type\":\"ListItem\",\"position\":1,\"name\":\"Home\",\"item\":\"https:\/\/www.raytecvision.com\/es\/\"},{\"@type\":\"ListItem\",\"position\":2,\"name\":\"Aplicaciones\",\"item\":\"https:\/\/www.raytecvision.com\/es\/applications\/\"},{\"@type\":\"ListItem\",\"position\":3,\"name\":\"Fruta\",\"item\":\"https:\/\/www.raytecvision.com\/es\/applications\/fruit\/\"},{\"@type\":\"ListItem\",\"position\":4,\"name\":\"Uvas Pasas\"}]},{\"@type\":\"WebSite\",\"@id\":\"https:\/\/www.raytecvision.com\/es\/#website\",\"url\":\"https:\/\/www.raytecvision.com\/es\/\",\"name\":\"Raytec Vision\",\"description\":\"Innovation in Sorting Equipment\",\"publisher\":{\"@id\":\"https:\/\/www.raytecvision.com\/es\/#organization\"},\"potentialAction\":[{\"@type\":\"SearchAction\",\"target\":{\"@type\":\"EntryPoint\",\"urlTemplate\":\"https:\/\/www.raytecvision.com\/es\/?s={search_term_string}\"},\"query-input\":{\"@type\":\"PropertyValueSpecification\",\"valueRequired\":true,\"valueName\":\"search_term_string\"}}],\"inLanguage\":\"es\"},{\"@type\":\"Organization\",\"@id\":\"https:\/\/www.raytecvision.com\/es\/#organization\",\"name\":\"Raytec Vision\",\"url\":\"https:\/\/www.raytecvision.com\/es\/\",\"logo\":{\"@type\":\"ImageObject\",\"inLanguage\":\"es\",\"@id\":\"https:\/\/www.raytecvision.com\/es\/#\/schema\/logo\/image\/\",\"url\":\"\",\"contentUrl\":\"\",\"caption\":\"Raytec Vision\"},\"image\":{\"@id\":\"https:\/\/www.raytecvision.com\/es\/#\/schema\/logo\/image\/\"},\"sameAs\":[\"https:\/\/www.facebook.com\/RaytecVision\",\"https:\/\/x.com\/raytec_sorting\",\"https:\/\/www.linkedin.com\/company\/raytec-vision\/\"],\"publishingPrinciples\":\"https:\/\/www.raytecvision.com\/privacy-policy\/\",\"ownershipFundingInfo\":\"https:\/\/www.raytecvision.com\/chi-siamo-2\/la-nostra-storia\/\"}]}<\/script>\n<!-- \/ Yoast SEO Premium plugin. -->","yoast_head_json":{"title":"Descubre los clasificadores de alimentos para Uvas Pasas por Raytec Vision","description":"Descubra las clasificadoras de alimentos de leds pulsados de Raytec Vision para clasificar Uvas Pasas . Contacta nos para informarse.","robots":{"index":"index","follow":"follow","max-snippet":"max-snippet:-1","max-image-preview":"max-image-preview:large","max-video-preview":"max-video-preview:-1"},"canonical":"https:\/\/www.raytecvision.com\/es\/aplicaciones\/fruta\/uvas-pasas\/","og_locale":"es_ES","og_type":"article","og_title":"Uvas Pasas","og_description":"Descubra las clasificadoras de alimentos de leds pulsados de Raytec Vision para clasificar Uvas Pasas . Contacta nos para informarse.","og_url":"https:\/\/www.raytecvision.com\/es\/aplicaciones\/fruta\/uvas-pasas\/","og_site_name":"Raytec Vision","article_publisher":"https:\/\/www.facebook.com\/RaytecVision","article_modified_time":"2022-08-31T14:21:13+00:00","twitter_card":"summary_large_image","twitter_site":"@raytec_sorting","twitter_misc":{"Tiempo de lectura":"1 minuto"},"schema":{"@context":"https:\/\/schema.org","@graph":[{"@type":"WebPage","@id":"https:\/\/www.raytecvision.com\/es\/aplicaciones\/fruta\/uvas-pasas\/","url":"https:\/\/www.raytecvision.com\/es\/aplicaciones\/fruta\/uvas-pasas\/","name":"Descubre los clasificadores de alimentos para Uvas Pasas por Raytec Vision","isPartOf":{"@id":"https:\/\/www.raytecvision.com\/es\/#website"},"datePublished":"2021-02-18T09:51:29+00:00","dateModified":"2022-08-31T14:21:13+00:00","description":"Descubra las clasificadoras de alimentos de leds pulsados de Raytec Vision para clasificar Uvas Pasas . Contacta nos para informarse.","breadcrumb":{"@id":"https:\/\/www.raytecvision.com\/es\/aplicaciones\/fruta\/uvas-pasas\/#breadcrumb"},"inLanguage":"es","potentialAction":[{"@type":"ReadAction","target":["https:\/\/www.raytecvision.com\/es\/aplicaciones\/fruta\/uvas-pasas\/"]}]},{"@type":"BreadcrumbList","@id":"https:\/\/www.raytecvision.com\/es\/aplicaciones\/fruta\/uvas-pasas\/#breadcrumb","itemListElement":[{"@type":"ListItem","position":1,"name":"Home","item":"https:\/\/www.raytecvision.com\/es\/"},{"@type":"ListItem","position":2,"name":"Aplicaciones","item":"https:\/\/www.raytecvision.com\/es\/applications\/"},{"@type":"ListItem","position":3,"name":"Fruta","item":"https:\/\/www.raytecvision.com\/es\/applications\/fruit\/"},{"@type":"ListItem","position":4,"name":"Uvas Pasas"}]},{"@type":"WebSite","@id":"https:\/\/www.raytecvision.com\/es\/#website","url":"https:\/\/www.raytecvision.com\/es\/","name":"Raytec Vision","description":"Innovation in Sorting Equipment","publisher":{"@id":"https:\/\/www.raytecvision.com\/es\/#organization"},"potentialAction":[{"@type":"SearchAction","target":{"@type":"EntryPoint","urlTemplate":"https:\/\/www.raytecvision.com\/es\/?s={search_term_string}"},"query-input":{"@type":"PropertyValueSpecification","valueRequired":true,"valueName":"search_term_string"}}],"inLanguage":"es"},{"@type":"Organization","@id":"https:\/\/www.raytecvision.com\/es\/#organization","name":"Raytec Vision","url":"https:\/\/www.raytecvision.com\/es\/","logo":{"@type":"ImageObject","inLanguage":"es","@id":"https:\/\/www.raytecvision.com\/es\/#\/schema\/logo\/image\/","url":"","contentUrl":"","caption":"Raytec Vision"},"image":{"@id":"https:\/\/www.raytecvision.com\/es\/#\/schema\/logo\/image\/"},"sameAs":["https:\/\/www.facebook.com\/RaytecVision","https:\/\/x.com\/raytec_sorting","https:\/\/www.linkedin.com\/company\/raytec-vision\/"],"publishingPrinciples":"https:\/\/www.raytecvision.com\/privacy-policy\/","ownershipFundingInfo":"https:\/\/www.raytecvision.com\/chi-siamo-2\/la-nostra-storia\/"}]}},"jetpack_sharing_enabled":true,"_links":{"self":[{"href":"https:\/\/www.raytecvision.com\/es\/wp-json\/wp\/v2\/pages\/5237","targetHints":{"allow":["GET"]}}],"collection":[{"href":"https:\/\/www.raytecvision.com\/es\/wp-json\/wp\/v2\/pages"}],"about":[{"href":"https:\/\/www.raytecvision.com\/es\/wp-json\/wp\/v2\/types\/page"}],"author":[{"embeddable":true,"href":"https:\/\/www.raytecvision.com\/es\/wp-json\/wp\/v2\/users\/3"}],"replies":[{"embeddable":true,"href":"https:\/\/www.raytecvision.com\/es\/wp-json\/wp\/v2\/comments?post=5237"}],"version-history":[{"count":21,"href":"https:\/\/www.raytecvision.com\/es\/wp-json\/wp\/v2\/pages\/5237\/revisions"}],"predecessor-version":[{"id":21372,"href":"https:\/\/www.raytecvision.com\/es\/wp-json\/wp\/v2\/pages\/5237\/revisions\/21372"}],"up":[{"embeddable":true,"href":"https:\/\/www.raytecvision.com\/es\/wp-json\/wp\/v2\/pages\/5159"}],"wp:attachment":[{"href":"https:\/\/www.raytecvision.com\/es\/wp-json\/wp\/v2\/media?parent=5237"}],"curies":[{"name":"wp","href":"https:\/\/api.w.org\/{rel}","templated":true}]}}