{"id":5412,"date":"2021-02-11T11:25:23","date_gmt":"2021-02-11T10:25:23","guid":{"rendered":"https:\/\/www.raytecvision.com\/applicazioni\/insalata-e-ortaggi-a-foglia\/"},"modified":"2024-02-23T16:54:48","modified_gmt":"2024-02-23T15:54:48","slug":"ensaladas-y-hortalizas-en-hoja","status":"publish","type":"page","link":"https:\/\/www.raytecvision.com\/es\/aplicaciones\/ensaladas-y-hortalizas-en-hoja\/","title":{"rendered":"Ensaladas y Hortalizas en Hoja"},"content":{"rendered":"\t\t<div data-elementor-type=\"wp-page\" data-elementor-id=\"5412\" class=\"elementor elementor-5412\">\n\t\t\t\t\t\t<div class=\"elementor-inner\">\n\t\t\t\t<div class=\"elementor-section-wrap\">\n\t\t\t\t\t\t\t\t\t<section class=\"elementor-section elementor-top-section elementor-element elementor-element-24fb646a elementor-section-full_width elementor-section-height-default elementor-section-height-default\" data-id=\"24fb646a\" data-element_type=\"section\">\n\t\t\t\t\t\t<div class=\"elementor-container elementor-column-gap-narrow\">\n\t\t\t\t\t\t\t<div class=\"elementor-row\">\n\t\t\t\t\t<div class=\"elementor-column elementor-col-33 elementor-top-column elementor-element elementor-element-6ef18149\" data-id=\"6ef18149\" data-element_type=\"column\">\n\t\t\t<div class=\"elementor-column-wrap elementor-element-populated\">\n\t\t\t\t\t\t\t<div class=\"elementor-widget-wrap\">\n\t\t\t\t\t\t<div class=\"elementor-element elementor-element-54e6542b elementor-position-top elementor-vertical-align-top elementor-widget elementor-widget-image-box\" data-id=\"54e6542b\" data-element_type=\"widget\" data-widget_type=\"image-box.default\">\n\t\t\t\t<div class=\"elementor-widget-container\">\n\t\t\t<div class=\"elementor-image-box-wrapper\"><figure class=\"elementor-image-box-img\"><a href=\"https:\/\/www.raytecvision.com\/es\/applicazioni\/insalata-e-ortaggi-a-foglia\/baby-leaves\/\"><img loading=\"lazy\" decoding=\"async\" width=\"540\" height=\"398\" src=\"https:\/\/www.raytecvision.com\/wp-content\/uploads\/sites\/50\/2022\/04\/insalata-non-lavata.jpg\" class=\"elementor-animation-sink attachment-full size-full wp-image-17645\" alt=\"\" srcset=\"https:\/\/www.raytecvision.com\/wp-content\/uploads\/sites\/50\/2022\/04\/insalata-non-lavata.jpg 540w, https:\/\/www.raytecvision.com\/wp-content\/uploads\/sites\/50\/2022\/04\/insalata-non-lavata.jpg?resize=300,221 300w\" sizes=\"auto, (max-width: 540px) 100vw, 540px\" \/><\/a><\/figure><div class=\"elementor-image-box-content\"><h5 class=\"elementor-image-box-title\"><a href=\"https:\/\/www.raytecvision.com\/es\/applicazioni\/insalata-e-ortaggi-a-foglia\/baby-leaves\/\">Hojas Beb\u00e9<\/a><\/h5><\/div><\/div>\t\t<\/div>\n\t\t\t\t<\/div>\n\t\t\t\t\t\t<\/div>\n\t\t\t\t\t<\/div>\n\t\t<\/div>\n\t\t\t\t<div class=\"elementor-column elementor-col-33 elementor-top-column elementor-element elementor-element-a6dede6\" data-id=\"a6dede6\" data-element_type=\"column\" data-settings=\"{&quot;background_background&quot;:&quot;classic&quot;}\">\n\t\t\t<div class=\"elementor-column-wrap elementor-element-populated\">\n\t\t\t\t\t\t\t<div class=\"elementor-widget-wrap\">\n\t\t\t\t\t\t<div class=\"elementor-element elementor-element-6c2f487f elementor-position-top elementor-vertical-align-top elementor-widget elementor-widget-image-box\" data-id=\"6c2f487f\" data-element_type=\"widget\" data-widget_type=\"image-box.default\">\n\t\t\t\t<div class=\"elementor-widget-container\">\n\t\t\t<div class=\"elementor-image-box-wrapper\"><figure class=\"elementor-image-box-img\"><a href=\"https:\/\/www.raytecvision.com\/es\/applicazioni\/insalata-e-ortaggi-a-foglia\/insalata-mista\/\"><img loading=\"lazy\" decoding=\"async\" width=\"540\" height=\"398\" src=\"https:\/\/www.raytecvision.com\/wp-content\/uploads\/sites\/50\/2022\/04\/insalata-mista.jpg\" class=\"elementor-animation-sink attachment-full size-full wp-image-17651\" alt=\"\" srcset=\"https:\/\/www.raytecvision.com\/wp-content\/uploads\/sites\/50\/2022\/04\/insalata-mista.jpg 540w, https:\/\/www.raytecvision.com\/wp-content\/uploads\/sites\/50\/2022\/04\/insalata-mista.jpg?resize=300,221 300w\" sizes=\"auto, (max-width: 540px) 100vw, 540px\" \/><\/a><\/figure><div class=\"elementor-image-box-content\"><h5 class=\"elementor-image-box-title\"><a href=\"https:\/\/www.raytecvision.com\/es\/applicazioni\/insalata-e-ortaggi-a-foglia\/insalata-mista\/\">Ensaladas Mixtas<\/a><\/h5><\/div><\/div>\t\t<\/div>\n\t\t\t\t<\/div>\n\t\t\t\t\t\t<\/div>\n\t\t\t\t\t<\/div>\n\t\t<\/div>\n\t\t\t\t<div class=\"elementor-column elementor-col-33 elementor-top-column elementor-element elementor-element-2347fbc9\" data-id=\"2347fbc9\" data-element_type=\"column\">\n\t\t\t<div class=\"elementor-column-wrap elementor-element-populated\">\n\t\t\t\t\t\t\t<div class=\"elementor-widget-wrap\">\n\t\t\t\t\t\t<div class=\"elementor-element elementor-element-29ac68c elementor-position-top elementor-vertical-align-top elementor-widget elementor-widget-image-box\" data-id=\"29ac68c\" data-element_type=\"widget\" data-widget_type=\"image-box.default\">\n\t\t\t\t<div class=\"elementor-widget-container\">\n\t\t\t<div class=\"elementor-image-box-wrapper\"><figure class=\"elementor-image-box-img\"><a href=\"https:\/\/www.raytecvision.com\/es\/applicazioni\/insalata-e-ortaggi-a-foglia\/lattuga\/\"><img loading=\"lazy\" decoding=\"async\" width=\"540\" height=\"398\" src=\"https:\/\/www.raytecvision.com\/wp-content\/uploads\/sites\/50\/2022\/04\/lattuga.jpg\" class=\"elementor-animation-sink attachment-full size-full wp-image-17639\" alt=\"\" srcset=\"https:\/\/www.raytecvision.com\/wp-content\/uploads\/sites\/50\/2022\/04\/lattuga.jpg 540w, https:\/\/www.raytecvision.com\/wp-content\/uploads\/sites\/50\/2022\/04\/lattuga.jpg?resize=300,221 300w\" sizes=\"auto, (max-width: 540px) 100vw, 540px\" \/><\/a><\/figure><div class=\"elementor-image-box-content\"><h5 class=\"elementor-image-box-title\"><a href=\"https:\/\/www.raytecvision.com\/es\/applicazioni\/insalata-e-ortaggi-a-foglia\/lattuga\/\">Lechuga<\/a><\/h5><\/div><\/div>\t\t<\/div>\n\t\t\t\t<\/div>\n\t\t\t\t\t\t<\/div>\n\t\t\t\t\t<\/div>\n\t\t<\/div>\n\t\t\t\t\t\t\t\t<\/div>\n\t\t\t\t\t<\/div>\n\t\t<\/section>\n\t\t\t\t<section class=\"elementor-section elementor-top-section elementor-element elementor-element-5fc28c7 elementor-section-full_width elementor-section-height-default elementor-section-height-default\" data-id=\"5fc28c7\" data-element_type=\"section\">\n\t\t\t\t\t\t<div class=\"elementor-container elementor-column-gap-narrow\">\n\t\t\t\t\t\t\t<div class=\"elementor-row\">\n\t\t\t\t\t<div class=\"elementor-column elementor-col-33 elementor-top-column elementor-element elementor-element-64f546f5\" data-id=\"64f546f5\" data-element_type=\"column\">\n\t\t\t<div class=\"elementor-column-wrap elementor-element-populated\">\n\t\t\t\t\t\t\t<div class=\"elementor-widget-wrap\">\n\t\t\t\t\t\t<div class=\"elementor-element elementor-element-3680c143 elementor-position-top elementor-vertical-align-top elementor-widget elementor-widget-image-box\" data-id=\"3680c143\" data-element_type=\"widget\" data-widget_type=\"image-box.default\">\n\t\t\t\t<div class=\"elementor-widget-container\">\n\t\t\t<div class=\"elementor-image-box-wrapper\"><figure class=\"elementor-image-box-img\"><a href=\"https:\/\/www.raytecvision.com\/es\/applicazioni\/insalata-e-ortaggi-a-foglia\/lattughino\/\"><img loading=\"lazy\" decoding=\"async\" width=\"540\" height=\"398\" src=\"https:\/\/www.raytecvision.com\/wp-content\/uploads\/sites\/50\/2022\/04\/lattughino.jpg\" class=\"elementor-animation-sink attachment-full size-full wp-image-17633\" alt=\"\" srcset=\"https:\/\/www.raytecvision.com\/wp-content\/uploads\/sites\/50\/2022\/04\/lattughino.jpg 540w, https:\/\/www.raytecvision.com\/wp-content\/uploads\/sites\/50\/2022\/04\/lattughino.jpg?resize=300,221 300w\" sizes=\"auto, (max-width: 540px) 100vw, 540px\" \/><\/a><\/figure><div class=\"elementor-image-box-content\"><h5 class=\"elementor-image-box-title\"><a href=\"https:\/\/www.raytecvision.com\/es\/applicazioni\/insalata-e-ortaggi-a-foglia\/lattughino\/\">Lechuguina<\/a><\/h5><\/div><\/div>\t\t<\/div>\n\t\t\t\t<\/div>\n\t\t\t\t\t\t<\/div>\n\t\t\t\t\t<\/div>\n\t\t<\/div>\n\t\t\t\t<div class=\"elementor-column elementor-col-33 elementor-top-column elementor-element elementor-element-49826b5a\" data-id=\"49826b5a\" data-element_type=\"column\" data-settings=\"{&quot;background_background&quot;:&quot;classic&quot;}\">\n\t\t\t<div class=\"elementor-column-wrap elementor-element-populated\">\n\t\t\t\t\t\t\t<div class=\"elementor-widget-wrap\">\n\t\t\t\t\t\t<div class=\"elementor-element elementor-element-44ac4c3d elementor-position-top elementor-vertical-align-top elementor-widget elementor-widget-image-box\" data-id=\"44ac4c3d\" data-element_type=\"widget\" data-widget_type=\"image-box.default\">\n\t\t\t\t<div class=\"elementor-widget-container\">\n\t\t\t<div class=\"elementor-image-box-wrapper\"><figure class=\"elementor-image-box-img\"><a href=\"https:\/\/www.raytecvision.com\/es\/applicazioni\/insalata-e-ortaggi-a-foglia\/spinaci\/\"><img loading=\"lazy\" decoding=\"async\" width=\"540\" height=\"398\" src=\"https:\/\/www.raytecvision.com\/wp-content\/uploads\/sites\/50\/2022\/04\/spinaci.jpg\" class=\"elementor-animation-sink attachment-full size-full wp-image-17627\" alt=\"\" srcset=\"https:\/\/www.raytecvision.com\/wp-content\/uploads\/sites\/50\/2022\/04\/spinaci.jpg 540w, https:\/\/www.raytecvision.com\/wp-content\/uploads\/sites\/50\/2022\/04\/spinaci.jpg?resize=300,221 300w\" sizes=\"auto, (max-width: 540px) 100vw, 540px\" \/><\/a><\/figure><div class=\"elementor-image-box-content\"><h5 class=\"elementor-image-box-title\"><a href=\"https:\/\/www.raytecvision.com\/es\/applicazioni\/insalata-e-ortaggi-a-foglia\/spinaci\/\">Espinacas<\/a><\/h5><\/div><\/div>\t\t<\/div>\n\t\t\t\t<\/div>\n\t\t\t\t\t\t<\/div>\n\t\t\t\t\t<\/div>\n\t\t<\/div>\n\t\t\t\t<div class=\"elementor-column elementor-col-33 elementor-top-column elementor-element elementor-element-78bc63ce\" data-id=\"78bc63ce\" data-element_type=\"column\">\n\t\t\t<div class=\"elementor-column-wrap elementor-element-populated\">\n\t\t\t\t\t\t\t<div class=\"elementor-widget-wrap\">\n\t\t\t\t\t\t<div class=\"elementor-element elementor-element-6dbe34f elementor-position-top elementor-vertical-align-top elementor-widget elementor-widget-image-box\" data-id=\"6dbe34f\" data-element_type=\"widget\" data-widget_type=\"image-box.default\">\n\t\t\t\t<div class=\"elementor-widget-container\">\n\t\t\t<div class=\"elementor-image-box-wrapper\"><figure class=\"elementor-image-box-img\"><a href=\"https:\/\/www.raytecvision.com\/es\/applicazioni\/insalata-e-ortaggi-a-foglia\/spring-mix\/\"><img loading=\"lazy\" decoding=\"async\" width=\"540\" height=\"398\" src=\"https:\/\/www.raytecvision.com\/wp-content\/uploads\/sites\/50\/2022\/04\/insalata-iceberg.jpg\" class=\"elementor-animation-sink attachment-full size-full wp-image-17657\" alt=\"\" srcset=\"https:\/\/www.raytecvision.com\/wp-content\/uploads\/sites\/50\/2022\/04\/insalata-iceberg.jpg 540w, https:\/\/www.raytecvision.com\/wp-content\/uploads\/sites\/50\/2022\/04\/insalata-iceberg.jpg?resize=300,221 300w\" sizes=\"auto, (max-width: 540px) 100vw, 540px\" \/><\/a><\/figure><div class=\"elementor-image-box-content\"><h5 class=\"elementor-image-box-title\"><a href=\"https:\/\/www.raytecvision.com\/es\/applicazioni\/insalata-e-ortaggi-a-foglia\/spring-mix\/\">Mezcla de Primavera<\/a><\/h5><\/div><\/div>\t\t<\/div>\n\t\t\t\t<\/div>\n\t\t\t\t\t\t<\/div>\n\t\t\t\t\t<\/div>\n\t\t<\/div>\n\t\t\t\t\t\t\t\t<\/div>\n\t\t\t\t\t<\/div>\n\t\t<\/section>\n\t\t\t\t<section class=\"elementor-section elementor-top-section elementor-element elementor-element-3e13d91b elementor-section-stretched elementor-section-boxed elementor-section-height-default elementor-section-height-default\" data-id=\"3e13d91b\" data-element_type=\"section\" data-settings=\"{&quot;stretch_section&quot;:&quot;section-stretched&quot;,&quot;background_background&quot;:&quot;classic&quot;}\">\n\t\t\t\t\t\t<div class=\"elementor-container elementor-column-gap-default\">\n\t\t\t\t\t\t\t<div class=\"elementor-row\">\n\t\t\t\t\t<div class=\"elementor-column elementor-col-50 elementor-top-column elementor-element elementor-element-5ae01cc1\" data-id=\"5ae01cc1\" data-element_type=\"column\">\n\t\t\t<div class=\"elementor-column-wrap elementor-element-populated\">\n\t\t\t\t\t\t\t<div class=\"elementor-widget-wrap\">\n\t\t\t\t\t\t<div class=\"elementor-element elementor-element-44ab2522 elementor-widget elementor-widget-heading\" data-id=\"44ab2522\" data-element_type=\"widget\" data-widget_type=\"heading.default\">\n\t\t\t\t<div class=\"elementor-widget-container\">\n\t\t\t<h2 class=\"elementor-heading-title elementor-size-default\">Solicita informaci\u00f3n\n<\/h2>\t\t<\/div>\n\t\t\t\t<\/div>\n\t\t\t\t<div class=\"elementor-element elementor-element-7e369cf6 elementor-widget-divider--view-line elementor-widget elementor-widget-divider\" data-id=\"7e369cf6\" data-element_type=\"widget\" data-widget_type=\"divider.default\">\n\t\t\t\t<div class=\"elementor-widget-container\">\n\t\t\t\t\t<div class=\"elementor-divider\">\n\t\t\t<span class=\"elementor-divider-separator\">\n\t\t\t\t\t\t<\/span>\n\t\t<\/div>\n\t\t\t\t<\/div>\n\t\t\t\t<\/div>\n\t\t\t\t<div class=\"elementor-element elementor-element-651f7597 elementor-widget elementor-widget-text-editor\" data-id=\"651f7597\" data-element_type=\"widget\" data-widget_type=\"text-editor.default\">\n\t\t\t\t<div class=\"elementor-widget-container\">\n\t\t\t\t\t\t\t\t<div class=\"elementor-text-editor elementor-clearfix\">\n\t\t\t\t<div class=\"sub-heading\"><div class=\"sub-heading\">Escriba para solicitar informaci\u00f3n o un presupuesto gratuito<\/div><\/div>\t\t\t\t\t<\/div>\n\t\t\t\t\t\t<\/div>\n\t\t\t\t<\/div>\n\t\t\t\t\t\t<\/div>\n\t\t\t\t\t<\/div>\n\t\t<\/div>\n\t\t\t\t<div class=\"elementor-column elementor-col-50 elementor-top-column elementor-element elementor-element-6f707719\" data-id=\"6f707719\" data-element_type=\"column\">\n\t\t\t<div class=\"elementor-column-wrap elementor-element-populated\">\n\t\t\t\t\t\t\t<div class=\"elementor-widget-wrap\">\n\t\t\t\t\t\t<div class=\"elementor-element elementor-element-1a8baa2f elementor-align-center elementor-widget elementor-widget-button\" data-id=\"1a8baa2f\" data-element_type=\"widget\" data-widget_type=\"button.default\">\n\t\t\t\t<div class=\"elementor-widget-container\">\n\t\t\t\t\t<div class=\"elementor-button-wrapper\">\n\t\t\t<a class=\"elementor-button elementor-button-link elementor-size-md\" href=\"https:\/\/www.raytecvision.com\/es\/contatti\/\">\n\t\t\t\t\t\t<span class=\"elementor-button-content-wrapper\">\n\t\t\t\t\t\t<span class=\"elementor-button-text\">Cont\u00e1ctenos<\/span>\n\t\t<\/span>\n\t\t\t\t\t<\/a>\n\t\t<\/div>\n\t\t\t\t<\/div>\n\t\t\t\t<\/div>\n\t\t\t\t\t\t<\/div>\n\t\t\t\t\t<\/div>\n\t\t<\/div>\n\t\t\t\t\t\t\t\t<\/div>\n\t\t\t\t\t<\/div>\n\t\t<\/section>\n\t\t\t\t\t\t\t\t\t<\/div>\n\t\t\t<\/div>\n\t\t\t\t\t<\/div>\n\t\t","protected":false},"excerpt":{"rendered":"<p>Hojas Beb\u00e9 Ensaladas Mixtas Lechuga Lechuguina Espinacas Mezcla de Primavera Solicita informaci\u00f3n Escriba para solicitar informaci\u00f3n o un presupuesto gratuito Cont\u00e1ctenos<\/p>\n","protected":false},"author":3,"featured_media":0,"parent":5105,"menu_order":0,"comment_status":"closed","ping_status":"closed","template":"","meta":{"inline_featured_image":false,"footnotes":""},"class_list":["post-5412","page","type-page","status-publish","hentry"],"yoast_head":"<!-- This site is optimized with the Yoast SEO Premium plugin v26.8 (Yoast SEO v26.8) - https:\/\/yoast.com\/product\/yoast-seo-premium-wordpress\/ -->\n<title>Clasificadores \u00f3pticos para Ensaladas y Hortalizas en Hoja - Raytec Vision<\/title>\n<meta name=\"description\" content=\"Las m\u00e1quinas de clasificaci\u00f3n \u00f3ptica de Raytec Vision para descartar cuerpos extra\u00f1os y defectos en las ensaladas\" \/>\n<meta name=\"robots\" content=\"index, follow, max-snippet:-1, max-image-preview:large, max-video-preview:-1\" \/>\n<link rel=\"canonical\" href=\"https:\/\/www.raytecvision.com\/es\/aplicaciones\/ensaladas-y-hortalizas-en-hoja\/\" \/>\n<meta property=\"og:locale\" content=\"es_ES\" \/>\n<meta property=\"og:type\" content=\"article\" \/>\n<meta property=\"og:title\" content=\"Ensaladas y Hortalizas en Hoja\" \/>\n<meta property=\"og:description\" content=\"Las m\u00e1quinas de clasificaci\u00f3n \u00f3ptica de Raytec Vision para descartar cuerpos extra\u00f1os y defectos en las ensaladas\" \/>\n<meta property=\"og:url\" content=\"https:\/\/www.raytecvision.com\/es\/aplicaciones\/ensaladas-y-hortalizas-en-hoja\/\" \/>\n<meta property=\"og:site_name\" content=\"Raytec Vision\" \/>\n<meta property=\"article:publisher\" content=\"https:\/\/www.facebook.com\/RaytecVision\" \/>\n<meta property=\"article:modified_time\" content=\"2024-02-23T15:54:48+00:00\" \/>\n<meta property=\"og:image\" content=\"https:\/\/www.raytecvision.com\/wp-content\/uploads\/sites\/50\/2022\/04\/insalata-non-lavata.jpg\" \/>\n<meta name=\"twitter:card\" content=\"summary_large_image\" \/>\n<meta name=\"twitter:site\" content=\"@raytec_sorting\" \/>\n<meta name=\"twitter:label1\" content=\"Tiempo de lectura\" \/>\n\t<meta name=\"twitter:data1\" content=\"2 minutos\" \/>\n<script type=\"application\/ld+json\" class=\"yoast-schema-graph\">{\"@context\":\"https:\/\/schema.org\",\"@graph\":[{\"@type\":\"WebPage\",\"@id\":\"https:\/\/www.raytecvision.com\/es\/aplicaciones\/ensaladas-y-hortalizas-en-hoja\/\",\"url\":\"https:\/\/www.raytecvision.com\/es\/aplicaciones\/ensaladas-y-hortalizas-en-hoja\/\",\"name\":\"Clasificadores \u00f3pticos para Ensaladas y Hortalizas en Hoja - Raytec Vision\",\"isPartOf\":{\"@id\":\"https:\/\/www.raytecvision.com\/es\/#website\"},\"primaryImageOfPage\":{\"@id\":\"https:\/\/www.raytecvision.com\/es\/aplicaciones\/ensaladas-y-hortalizas-en-hoja\/#primaryimage\"},\"image\":{\"@id\":\"https:\/\/www.raytecvision.com\/es\/aplicaciones\/ensaladas-y-hortalizas-en-hoja\/#primaryimage\"},\"thumbnailUrl\":\"https:\/\/www.raytecvision.com\/wp-content\/uploads\/sites\/50\/2022\/04\/insalata-non-lavata.jpg\",\"datePublished\":\"2021-02-11T10:25:23+00:00\",\"dateModified\":\"2024-02-23T15:54:48+00:00\",\"description\":\"Las m\u00e1quinas de clasificaci\u00f3n \u00f3ptica de Raytec Vision para descartar cuerpos extra\u00f1os y defectos en las ensaladas\",\"breadcrumb\":{\"@id\":\"https:\/\/www.raytecvision.com\/es\/aplicaciones\/ensaladas-y-hortalizas-en-hoja\/#breadcrumb\"},\"inLanguage\":\"es\",\"potentialAction\":[{\"@type\":\"ReadAction\",\"target\":[\"https:\/\/www.raytecvision.com\/es\/aplicaciones\/ensaladas-y-hortalizas-en-hoja\/\"]}]},{\"@type\":\"ImageObject\",\"inLanguage\":\"es\",\"@id\":\"https:\/\/www.raytecvision.com\/es\/aplicaciones\/ensaladas-y-hortalizas-en-hoja\/#primaryimage\",\"url\":\"https:\/\/www.raytecvision.com\/wp-content\/uploads\/sites\/50\/2022\/04\/insalata-non-lavata.jpg\",\"contentUrl\":\"https:\/\/www.raytecvision.com\/wp-content\/uploads\/sites\/50\/2022\/04\/insalata-non-lavata.jpg\"},{\"@type\":\"BreadcrumbList\",\"@id\":\"https:\/\/www.raytecvision.com\/es\/aplicaciones\/ensaladas-y-hortalizas-en-hoja\/#breadcrumb\",\"itemListElement\":[{\"@type\":\"ListItem\",\"position\":1,\"name\":\"Home\",\"item\":\"https:\/\/www.raytecvision.com\/es\/\"},{\"@type\":\"ListItem\",\"position\":2,\"name\":\"Aplicaciones\",\"item\":\"https:\/\/www.raytecvision.com\/es\/applications\/\"},{\"@type\":\"ListItem\",\"position\":3,\"name\":\"Ensaladas y Hortalizas en Hoja\"}]},{\"@type\":\"WebSite\",\"@id\":\"https:\/\/www.raytecvision.com\/es\/#website\",\"url\":\"https:\/\/www.raytecvision.com\/es\/\",\"name\":\"Raytec Vision\",\"description\":\"Innovation in Sorting Equipment\",\"publisher\":{\"@id\":\"https:\/\/www.raytecvision.com\/es\/#organization\"},\"potentialAction\":[{\"@type\":\"SearchAction\",\"target\":{\"@type\":\"EntryPoint\",\"urlTemplate\":\"https:\/\/www.raytecvision.com\/es\/?s={search_term_string}\"},\"query-input\":{\"@type\":\"PropertyValueSpecification\",\"valueRequired\":true,\"valueName\":\"search_term_string\"}}],\"inLanguage\":\"es\"},{\"@type\":\"Organization\",\"@id\":\"https:\/\/www.raytecvision.com\/es\/#organization\",\"name\":\"Raytec Vision\",\"url\":\"https:\/\/www.raytecvision.com\/es\/\",\"logo\":{\"@type\":\"ImageObject\",\"inLanguage\":\"es\",\"@id\":\"https:\/\/www.raytecvision.com\/es\/#\/schema\/logo\/image\/\",\"url\":\"\",\"contentUrl\":\"\",\"caption\":\"Raytec Vision\"},\"image\":{\"@id\":\"https:\/\/www.raytecvision.com\/es\/#\/schema\/logo\/image\/\"},\"sameAs\":[\"https:\/\/www.facebook.com\/RaytecVision\",\"https:\/\/x.com\/raytec_sorting\",\"https:\/\/www.linkedin.com\/company\/raytec-vision\/\"],\"publishingPrinciples\":\"https:\/\/www.raytecvision.com\/privacy-policy\/\",\"ownershipFundingInfo\":\"https:\/\/www.raytecvision.com\/chi-siamo-2\/la-nostra-storia\/\"}]}<\/script>\n<!-- \/ Yoast SEO Premium plugin. -->","yoast_head_json":{"title":"Clasificadores \u00f3pticos para Ensaladas y Hortalizas en Hoja - Raytec Vision","description":"Las m\u00e1quinas de clasificaci\u00f3n \u00f3ptica de Raytec Vision para descartar cuerpos extra\u00f1os y defectos en las ensaladas","robots":{"index":"index","follow":"follow","max-snippet":"max-snippet:-1","max-image-preview":"max-image-preview:large","max-video-preview":"max-video-preview:-1"},"canonical":"https:\/\/www.raytecvision.com\/es\/aplicaciones\/ensaladas-y-hortalizas-en-hoja\/","og_locale":"es_ES","og_type":"article","og_title":"Ensaladas y Hortalizas en Hoja","og_description":"Las m\u00e1quinas de clasificaci\u00f3n \u00f3ptica de Raytec Vision para descartar cuerpos extra\u00f1os y defectos en las ensaladas","og_url":"https:\/\/www.raytecvision.com\/es\/aplicaciones\/ensaladas-y-hortalizas-en-hoja\/","og_site_name":"Raytec Vision","article_publisher":"https:\/\/www.facebook.com\/RaytecVision","article_modified_time":"2024-02-23T15:54:48+00:00","og_image":[{"url":"https:\/\/www.raytecvision.com\/wp-content\/uploads\/sites\/50\/2022\/04\/insalata-non-lavata.jpg","type":"","width":"","height":""}],"twitter_card":"summary_large_image","twitter_site":"@raytec_sorting","twitter_misc":{"Tiempo de lectura":"2 minutos"},"schema":{"@context":"https:\/\/schema.org","@graph":[{"@type":"WebPage","@id":"https:\/\/www.raytecvision.com\/es\/aplicaciones\/ensaladas-y-hortalizas-en-hoja\/","url":"https:\/\/www.raytecvision.com\/es\/aplicaciones\/ensaladas-y-hortalizas-en-hoja\/","name":"Clasificadores \u00f3pticos para Ensaladas y Hortalizas en Hoja - Raytec Vision","isPartOf":{"@id":"https:\/\/www.raytecvision.com\/es\/#website"},"primaryImageOfPage":{"@id":"https:\/\/www.raytecvision.com\/es\/aplicaciones\/ensaladas-y-hortalizas-en-hoja\/#primaryimage"},"image":{"@id":"https:\/\/www.raytecvision.com\/es\/aplicaciones\/ensaladas-y-hortalizas-en-hoja\/#primaryimage"},"thumbnailUrl":"https:\/\/www.raytecvision.com\/wp-content\/uploads\/sites\/50\/2022\/04\/insalata-non-lavata.jpg","datePublished":"2021-02-11T10:25:23+00:00","dateModified":"2024-02-23T15:54:48+00:00","description":"Las m\u00e1quinas de clasificaci\u00f3n \u00f3ptica de Raytec Vision para descartar cuerpos extra\u00f1os y defectos en las ensaladas","breadcrumb":{"@id":"https:\/\/www.raytecvision.com\/es\/aplicaciones\/ensaladas-y-hortalizas-en-hoja\/#breadcrumb"},"inLanguage":"es","potentialAction":[{"@type":"ReadAction","target":["https:\/\/www.raytecvision.com\/es\/aplicaciones\/ensaladas-y-hortalizas-en-hoja\/"]}]},{"@type":"ImageObject","inLanguage":"es","@id":"https:\/\/www.raytecvision.com\/es\/aplicaciones\/ensaladas-y-hortalizas-en-hoja\/#primaryimage","url":"https:\/\/www.raytecvision.com\/wp-content\/uploads\/sites\/50\/2022\/04\/insalata-non-lavata.jpg","contentUrl":"https:\/\/www.raytecvision.com\/wp-content\/uploads\/sites\/50\/2022\/04\/insalata-non-lavata.jpg"},{"@type":"BreadcrumbList","@id":"https:\/\/www.raytecvision.com\/es\/aplicaciones\/ensaladas-y-hortalizas-en-hoja\/#breadcrumb","itemListElement":[{"@type":"ListItem","position":1,"name":"Home","item":"https:\/\/www.raytecvision.com\/es\/"},{"@type":"ListItem","position":2,"name":"Aplicaciones","item":"https:\/\/www.raytecvision.com\/es\/applications\/"},{"@type":"ListItem","position":3,"name":"Ensaladas y Hortalizas en Hoja"}]},{"@type":"WebSite","@id":"https:\/\/www.raytecvision.com\/es\/#website","url":"https:\/\/www.raytecvision.com\/es\/","name":"Raytec Vision","description":"Innovation in Sorting Equipment","publisher":{"@id":"https:\/\/www.raytecvision.com\/es\/#organization"},"potentialAction":[{"@type":"SearchAction","target":{"@type":"EntryPoint","urlTemplate":"https:\/\/www.raytecvision.com\/es\/?s={search_term_string}"},"query-input":{"@type":"PropertyValueSpecification","valueRequired":true,"valueName":"search_term_string"}}],"inLanguage":"es"},{"@type":"Organization","@id":"https:\/\/www.raytecvision.com\/es\/#organization","name":"Raytec Vision","url":"https:\/\/www.raytecvision.com\/es\/","logo":{"@type":"ImageObject","inLanguage":"es","@id":"https:\/\/www.raytecvision.com\/es\/#\/schema\/logo\/image\/","url":"","contentUrl":"","caption":"Raytec Vision"},"image":{"@id":"https:\/\/www.raytecvision.com\/es\/#\/schema\/logo\/image\/"},"sameAs":["https:\/\/www.facebook.com\/RaytecVision","https:\/\/x.com\/raytec_sorting","https:\/\/www.linkedin.com\/company\/raytec-vision\/"],"publishingPrinciples":"https:\/\/www.raytecvision.com\/privacy-policy\/","ownershipFundingInfo":"https:\/\/www.raytecvision.com\/chi-siamo-2\/la-nostra-storia\/"}]}},"jetpack_sharing_enabled":true,"_links":{"self":[{"href":"https:\/\/www.raytecvision.com\/es\/wp-json\/wp\/v2\/pages\/5412","targetHints":{"allow":["GET"]}}],"collection":[{"href":"https:\/\/www.raytecvision.com\/es\/wp-json\/wp\/v2\/pages"}],"about":[{"href":"https:\/\/www.raytecvision.com\/es\/wp-json\/wp\/v2\/types\/page"}],"author":[{"embeddable":true,"href":"https:\/\/www.raytecvision.com\/es\/wp-json\/wp\/v2\/users\/3"}],"replies":[{"embeddable":true,"href":"https:\/\/www.raytecvision.com\/es\/wp-json\/wp\/v2\/comments?post=5412"}],"version-history":[{"count":33,"href":"https:\/\/www.raytecvision.com\/es\/wp-json\/wp\/v2\/pages\/5412\/revisions"}],"predecessor-version":[{"id":26121,"href":"https:\/\/www.raytecvision.com\/es\/wp-json\/wp\/v2\/pages\/5412\/revisions\/26121"}],"up":[{"embeddable":true,"href":"https:\/\/www.raytecvision.com\/es\/wp-json\/wp\/v2\/pages\/5105"}],"wp:attachment":[{"href":"https:\/\/www.raytecvision.com\/es\/wp-json\/wp\/v2\/media?parent=5412"}],"curies":[{"name":"wp","href":"https:\/\/api.w.org\/{rel}","templated":true}]}}