{"id":5701,"date":"2021-02-22T12:39:11","date_gmt":"2021-02-22T11:39:11","guid":{"rendered":"https:\/\/www.raytecvision.com\/career\/embedded-software-developer\/"},"modified":"2021-04-29T10:47:31","modified_gmt":"2021-04-29T09:47:31","slug":"desarrollador-de-software-integrado","status":"publish","type":"page","link":"https:\/\/www.raytecvision.com\/es\/quienes-somos\/raytec-people\/career\/desarrollador-de-software-integrado\/","title":{"rendered":"Desarrollador de Software Integrado"},"content":{"rendered":"\t\t<div data-elementor-type=\"wp-page\" data-elementor-id=\"5701\" class=\"elementor elementor-5701\">\n\t\t\t\t\t\t<div class=\"elementor-inner\">\n\t\t\t\t<div class=\"elementor-section-wrap\">\n\t\t\t\t\t\t\t\t\t<section class=\"elementor-section elementor-top-section elementor-element elementor-element-e583e56 elementor-section-boxed elementor-section-height-default elementor-section-height-default\" data-id=\"e583e56\" data-element_type=\"section\">\n\t\t\t\t\t\t<div class=\"elementor-container elementor-column-gap-default\">\n\t\t\t\t\t\t\t<div class=\"elementor-row\">\n\t\t\t\t\t<div class=\"elementor-column elementor-col-100 elementor-top-column elementor-element elementor-element-0246545\" data-id=\"0246545\" data-element_type=\"column\">\n\t\t\t<div class=\"elementor-column-wrap elementor-element-populated\">\n\t\t\t\t\t\t\t<div class=\"elementor-widget-wrap\">\n\t\t\t\t\t\t<div class=\"elementor-element elementor-element-88b6fd6 elementor-widget elementor-widget-heading\" data-id=\"88b6fd6\" data-element_type=\"widget\" data-widget_type=\"heading.default\">\n\t\t\t\t<div class=\"elementor-widget-container\">\n\t\t\t<h3 class=\"elementor-heading-title elementor-size-default\">Attivit\u00e0<\/h3>\t\t<\/div>\n\t\t\t\t<\/div>\n\t\t\t\t<div class=\"elementor-element elementor-element-4f997fb elementor-widget elementor-widget-spacer\" data-id=\"4f997fb\" data-element_type=\"widget\" data-widget_type=\"spacer.default\">\n\t\t\t\t<div class=\"elementor-widget-container\">\n\t\t\t\t\t<div class=\"elementor-spacer\">\n\t\t\t<div class=\"elementor-spacer-inner\"><\/div>\n\t\t<\/div>\n\t\t\t\t<\/div>\n\t\t\t\t<\/div>\n\t\t\t\t<div class=\"elementor-element elementor-element-4e9c238 elementor-widget elementor-widget-text-editor\" data-id=\"4e9c238\" data-element_type=\"widget\" data-widget_type=\"text-editor.default\">\n\t\t\t\t<div class=\"elementor-widget-container\">\n\t\t\t\t\t\t\t\t<div class=\"elementor-text-editor elementor-clearfix\">\n\t\t\t\tLa risorsa si occuper\u00e0 dello sviluppo di firmware embedded per selezionatrici ottiche in ambito industriale. L&#8217;attivit\u00e0 prevede nello specifico:\n\n<ul>\n \t<li>Sviluppo di algoritmi di visione artificiale orientati al controllo di qualit\u00e0<\/li>\n \t<li>Gestione di schede elettroniche per controlli di automazione industriale<\/li>\n<\/ul>\nL&#8217;attivit\u00e0, prevalentemente svolta in azienda, richiede saltuari viaggi presso clienti.\t\t\t\t\t<\/div>\n\t\t\t\t\t\t<\/div>\n\t\t\t\t<\/div>\n\t\t\t\t<div class=\"elementor-element elementor-element-51e8afd elementor-widget elementor-widget-spacer\" data-id=\"51e8afd\" data-element_type=\"widget\" data-widget_type=\"spacer.default\">\n\t\t\t\t<div class=\"elementor-widget-container\">\n\t\t\t\t\t<div class=\"elementor-spacer\">\n\t\t\t<div class=\"elementor-spacer-inner\"><\/div>\n\t\t<\/div>\n\t\t\t\t<\/div>\n\t\t\t\t<\/div>\n\t\t\t\t<div class=\"elementor-element elementor-element-72274ce elementor-widget elementor-widget-heading\" data-id=\"72274ce\" data-element_type=\"widget\" data-widget_type=\"heading.default\">\n\t\t\t\t<div class=\"elementor-widget-container\">\n\t\t\t<h3 class=\"elementor-heading-title elementor-size-default\">Requisiti richiesti<\/h3>\t\t<\/div>\n\t\t\t\t<\/div>\n\t\t\t\t<div class=\"elementor-element elementor-element-59d189c elementor-widget elementor-widget-spacer\" data-id=\"59d189c\" data-element_type=\"widget\" data-widget_type=\"spacer.default\">\n\t\t\t\t<div class=\"elementor-widget-container\">\n\t\t\t\t\t<div class=\"elementor-spacer\">\n\t\t\t<div class=\"elementor-spacer-inner\"><\/div>\n\t\t<\/div>\n\t\t\t\t<\/div>\n\t\t\t\t<\/div>\n\t\t\t\t<div class=\"elementor-element elementor-element-a0293b0 elementor-widget elementor-widget-text-editor\" data-id=\"a0293b0\" data-element_type=\"widget\" data-widget_type=\"text-editor.default\">\n\t\t\t\t<div class=\"elementor-widget-container\">\n\t\t\t\t\t\t\t\t<div class=\"elementor-text-editor elementor-clearfix\">\n\t\t\t\t<ul class=\"lista\"><li>Laurea in ingegneria, matematica o fisica;<\/li><li>Esperienza di almeno 3 anni maturata in posizione analoga;<\/li><li>Competenze di programmazione di microcontrollori in linguaggio C\/C++;<\/li><li>Conoscenza delle moderne piattaforme hardware per l&#8217;elaborazione di immagini tra cui GPU e ZINQ;<\/li><li>Programmazione di FPGA Xilinx in linguaggio Vhdl\/Verilog;<\/li><li>Conoscenza della lingua inglese;<\/li><li>Gradito atteggiamento propositivo e buone doti auto-organizzative nella mansione richiesta<\/li><\/ul>\t\t\t\t\t<\/div>\n\t\t\t\t\t\t<\/div>\n\t\t\t\t<\/div>\n\t\t\t\t<div class=\"elementor-element elementor-element-7f5a66a elementor-widget elementor-widget-spacer\" data-id=\"7f5a66a\" data-element_type=\"widget\" data-widget_type=\"spacer.default\">\n\t\t\t\t<div class=\"elementor-widget-container\">\n\t\t\t\t\t<div class=\"elementor-spacer\">\n\t\t\t<div class=\"elementor-spacer-inner\"><\/div>\n\t\t<\/div>\n\t\t\t\t<\/div>\n\t\t\t\t<\/div>\n\t\t\t\t<div class=\"elementor-element elementor-element-f3dfd4d elementor-widget elementor-widget-heading\" data-id=\"f3dfd4d\" data-element_type=\"widget\" data-widget_type=\"heading.default\">\n\t\t\t\t<div class=\"elementor-widget-container\">\n\t\t\t<h3 class=\"elementor-heading-title elementor-size-default\">Numero di addetti: 2<\/h3>\t\t<\/div>\n\t\t\t\t<\/div>\n\t\t\t\t<div class=\"elementor-element elementor-element-c6aeb95 elementor-widget elementor-widget-spacer\" data-id=\"c6aeb95\" data-element_type=\"widget\" data-widget_type=\"spacer.default\">\n\t\t\t\t<div class=\"elementor-widget-container\">\n\t\t\t\t\t<div class=\"elementor-spacer\">\n\t\t\t<div class=\"elementor-spacer-inner\"><\/div>\n\t\t<\/div>\n\t\t\t\t<\/div>\n\t\t\t\t<\/div>\n\t\t\t\t<div class=\"elementor-element elementor-element-61cc6df elementor-widget elementor-widget-heading\" data-id=\"61cc6df\" data-element_type=\"widget\" data-widget_type=\"heading.default\">\n\t\t\t\t<div class=\"elementor-widget-container\">\n\t\t\t<h3 class=\"elementor-heading-title elementor-size-default\">Sede di lavoro: Parma<\/h3>\t\t<\/div>\n\t\t\t\t<\/div>\n\t\t\t\t\t\t<\/div>\n\t\t\t\t\t<\/div>\n\t\t<\/div>\n\t\t\t\t\t\t\t\t<\/div>\n\t\t\t\t\t<\/div>\n\t\t<\/section>\n\t\t\t\t<section class=\"elementor-section elementor-top-section elementor-element elementor-element-1b3f833 elementor-section-content-middle elementor-section-stretched elementor-section-boxed elementor-section-height-default elementor-section-height-default\" data-id=\"1b3f833\" data-element_type=\"section\" data-settings=\"{&quot;stretch_section&quot;:&quot;section-stretched&quot;,&quot;background_background&quot;:&quot;classic&quot;}\">\n\t\t\t\t\t\t<div class=\"elementor-container elementor-column-gap-default\">\n\t\t\t\t\t\t\t<div class=\"elementor-row\">\n\t\t\t\t\t<div class=\"elementor-column elementor-col-100 elementor-top-column elementor-element elementor-element-f5ada5a\" data-id=\"f5ada5a\" data-element_type=\"column\">\n\t\t\t<div class=\"elementor-column-wrap elementor-element-populated\">\n\t\t\t\t\t\t\t<div class=\"elementor-widget-wrap\">\n\t\t\t\t\t\t<section class=\"elementor-section elementor-inner-section elementor-element elementor-element-4ee7a85 elementor-section-boxed elementor-section-height-default elementor-section-height-default\" data-id=\"4ee7a85\" data-element_type=\"section\">\n\t\t\t\t\t\t<div class=\"elementor-container elementor-column-gap-default\">\n\t\t\t\t\t\t\t<div class=\"elementor-row\">\n\t\t\t\t\t<div class=\"elementor-column elementor-col-66 elementor-inner-column elementor-element elementor-element-fb692a4\" data-id=\"fb692a4\" data-element_type=\"column\">\n\t\t\t<div class=\"elementor-column-wrap\">\n\t\t\t\t\t\t\t<div class=\"elementor-widget-wrap\">\n\t\t\t\t\t\t\t\t<\/div>\n\t\t\t\t\t<\/div>\n\t\t<\/div>\n\t\t\t\t<div class=\"elementor-column elementor-col-33 elementor-inner-column elementor-element elementor-element-7474430\" data-id=\"7474430\" data-element_type=\"column\">\n\t\t\t<div class=\"elementor-column-wrap\">\n\t\t\t\t\t\t\t<div class=\"elementor-widget-wrap\">\n\t\t\t\t\t\t\t\t<\/div>\n\t\t\t\t\t<\/div>\n\t\t<\/div>\n\t\t\t\t\t\t\t\t<\/div>\n\t\t\t\t\t<\/div>\n\t\t<\/section>\n\t\t\t\t\t\t<\/div>\n\t\t\t\t\t<\/div>\n\t\t<\/div>\n\t\t\t\t\t\t\t\t<\/div>\n\t\t\t\t\t<\/div>\n\t\t<\/section>\n\t\t\t\t\t\t\t\t\t<\/div>\n\t\t\t<\/div>\n\t\t\t\t\t<\/div>\n\t\t","protected":false},"excerpt":{"rendered":"<p>Attivit\u00e0 La risorsa si occuper\u00e0 dello sviluppo di firmware embedded per selezionatrici ottiche in ambito industriale. L&#8217;attivit\u00e0 prevede nello specifico: Sviluppo di algoritmi di visione artificiale orientati al controllo di qualit\u00e0 Gestione di schede elettroniche per controlli di automazione industriale L&#8217;attivit\u00e0, prevalentemente svolta in azienda, richiede saltuari viaggi presso clienti.<\/p>\n","protected":false},"author":2,"featured_media":0,"parent":5697,"menu_order":0,"comment_status":"closed","ping_status":"closed","template":"","meta":{"inline_featured_image":false,"footnotes":""},"class_list":["post-5701","page","type-page","status-publish","hentry"],"yoast_head":"<!-- This site is optimized with the Yoast SEO Premium plugin v26.8 (Yoast SEO v26.8) - https:\/\/yoast.com\/product\/yoast-seo-premium-wordpress\/ -->\n<title>Come diventare Embedded software developer nella selezione alimentare<\/title>\n<meta name=\"description\" content=\"L&#039;azienda Raytec Vision cerca un embedded software developer per il settore alimentare da inserire nel proprio organico. Inviaci il tuo CV!\" \/>\n<meta name=\"robots\" content=\"index, follow, max-snippet:-1, max-image-preview:large, max-video-preview:-1\" \/>\n<link rel=\"canonical\" href=\"https:\/\/www.raytecvision.com\/es\/quienes-somos\/raytec-people\/career\/desarrollador-de-software-integrado\/\" \/>\n<meta property=\"og:locale\" content=\"es_ES\" \/>\n<meta property=\"og:type\" content=\"article\" \/>\n<meta property=\"og:title\" content=\"Desarrollador de Software Integrado\" \/>\n<meta property=\"og:description\" content=\"L&#039;azienda Raytec Vision cerca un embedded software developer per il settore alimentare da inserire nel proprio organico. Inviaci il tuo CV!\" \/>\n<meta property=\"og:url\" content=\"https:\/\/www.raytecvision.com\/es\/quienes-somos\/raytec-people\/career\/desarrollador-de-software-integrado\/\" \/>\n<meta property=\"og:site_name\" content=\"Raytec Vision\" \/>\n<meta property=\"article:publisher\" content=\"https:\/\/www.facebook.com\/RaytecVision\" \/>\n<meta property=\"article:modified_time\" content=\"2021-04-29T09:47:31+00:00\" \/>\n<meta name=\"twitter:card\" content=\"summary_large_image\" \/>\n<meta name=\"twitter:site\" content=\"@raytec_sorting\" \/>\n<meta name=\"twitter:label1\" content=\"Tiempo de lectura\" \/>\n\t<meta name=\"twitter:data1\" content=\"1 minuto\" \/>\n<script type=\"application\/ld+json\" class=\"yoast-schema-graph\">{\"@context\":\"https:\/\/schema.org\",\"@graph\":[{\"@type\":\"WebPage\",\"@id\":\"https:\/\/www.raytecvision.com\/es\/quienes-somos\/raytec-people\/career\/desarrollador-de-software-integrado\/\",\"url\":\"https:\/\/www.raytecvision.com\/es\/quienes-somos\/raytec-people\/career\/desarrollador-de-software-integrado\/\",\"name\":\"Come diventare Embedded software developer nella selezione alimentare\",\"isPartOf\":{\"@id\":\"https:\/\/www.raytecvision.com\/es\/#website\"},\"datePublished\":\"2021-02-22T11:39:11+00:00\",\"dateModified\":\"2021-04-29T09:47:31+00:00\",\"description\":\"L'azienda Raytec Vision cerca un embedded software developer per il settore alimentare da inserire nel proprio organico. Inviaci il tuo CV!\",\"breadcrumb\":{\"@id\":\"https:\/\/www.raytecvision.com\/es\/quienes-somos\/raytec-people\/career\/desarrollador-de-software-integrado\/#breadcrumb\"},\"inLanguage\":\"es\",\"potentialAction\":[{\"@type\":\"ReadAction\",\"target\":[\"https:\/\/www.raytecvision.com\/es\/quienes-somos\/raytec-people\/career\/desarrollador-de-software-integrado\/\"]}]},{\"@type\":\"BreadcrumbList\",\"@id\":\"https:\/\/www.raytecvision.com\/es\/quienes-somos\/raytec-people\/career\/desarrollador-de-software-integrado\/#breadcrumb\",\"itemListElement\":[{\"@type\":\"ListItem\",\"position\":1,\"name\":\"Home\",\"item\":\"https:\/\/www.raytecvision.com\/es\/\"},{\"@type\":\"ListItem\",\"position\":2,\"name\":\"Qui\u00e9nes Somos\",\"item\":\"https:\/\/www.raytecvision.com\/es\/a-propos-de-nous\/\"},{\"@type\":\"ListItem\",\"position\":3,\"name\":\"Raytec People\",\"item\":\"https:\/\/www.raytecvision.com\/es\/a-propos-de-nous\/raytec-people\/\"},{\"@type\":\"ListItem\",\"position\":4,\"name\":\"Ofertas de Empleo\",\"item\":\"https:\/\/www.raytecvision.com\/es\/a-propos-de-nous\/raytec-people\/carriere\/\"},{\"@type\":\"ListItem\",\"position\":5,\"name\":\"Desarrollador de Software Integrado\"}]},{\"@type\":\"WebSite\",\"@id\":\"https:\/\/www.raytecvision.com\/es\/#website\",\"url\":\"https:\/\/www.raytecvision.com\/es\/\",\"name\":\"Raytec Vision\",\"description\":\"Innovation in Sorting Equipment\",\"publisher\":{\"@id\":\"https:\/\/www.raytecvision.com\/es\/#organization\"},\"potentialAction\":[{\"@type\":\"SearchAction\",\"target\":{\"@type\":\"EntryPoint\",\"urlTemplate\":\"https:\/\/www.raytecvision.com\/es\/?s={search_term_string}\"},\"query-input\":{\"@type\":\"PropertyValueSpecification\",\"valueRequired\":true,\"valueName\":\"search_term_string\"}}],\"inLanguage\":\"es\"},{\"@type\":\"Organization\",\"@id\":\"https:\/\/www.raytecvision.com\/es\/#organization\",\"name\":\"Raytec Vision\",\"url\":\"https:\/\/www.raytecvision.com\/es\/\",\"logo\":{\"@type\":\"ImageObject\",\"inLanguage\":\"es\",\"@id\":\"https:\/\/www.raytecvision.com\/es\/#\/schema\/logo\/image\/\",\"url\":\"\",\"contentUrl\":\"\",\"caption\":\"Raytec Vision\"},\"image\":{\"@id\":\"https:\/\/www.raytecvision.com\/es\/#\/schema\/logo\/image\/\"},\"sameAs\":[\"https:\/\/www.facebook.com\/RaytecVision\",\"https:\/\/x.com\/raytec_sorting\",\"https:\/\/www.linkedin.com\/company\/raytec-vision\/\"],\"publishingPrinciples\":\"https:\/\/www.raytecvision.com\/privacy-policy\/\",\"ownershipFundingInfo\":\"https:\/\/www.raytecvision.com\/chi-siamo-2\/la-nostra-storia\/\"}]}<\/script>\n<!-- \/ Yoast SEO Premium plugin. -->","yoast_head_json":{"title":"Come diventare Embedded software developer nella selezione alimentare","description":"L'azienda Raytec Vision cerca un embedded software developer per il settore alimentare da inserire nel proprio organico. Inviaci il tuo CV!","robots":{"index":"index","follow":"follow","max-snippet":"max-snippet:-1","max-image-preview":"max-image-preview:large","max-video-preview":"max-video-preview:-1"},"canonical":"https:\/\/www.raytecvision.com\/es\/quienes-somos\/raytec-people\/career\/desarrollador-de-software-integrado\/","og_locale":"es_ES","og_type":"article","og_title":"Desarrollador de Software Integrado","og_description":"L'azienda Raytec Vision cerca un embedded software developer per il settore alimentare da inserire nel proprio organico. Inviaci il tuo CV!","og_url":"https:\/\/www.raytecvision.com\/es\/quienes-somos\/raytec-people\/career\/desarrollador-de-software-integrado\/","og_site_name":"Raytec Vision","article_publisher":"https:\/\/www.facebook.com\/RaytecVision","article_modified_time":"2021-04-29T09:47:31+00:00","twitter_card":"summary_large_image","twitter_site":"@raytec_sorting","twitter_misc":{"Tiempo de lectura":"1 minuto"},"schema":{"@context":"https:\/\/schema.org","@graph":[{"@type":"WebPage","@id":"https:\/\/www.raytecvision.com\/es\/quienes-somos\/raytec-people\/career\/desarrollador-de-software-integrado\/","url":"https:\/\/www.raytecvision.com\/es\/quienes-somos\/raytec-people\/career\/desarrollador-de-software-integrado\/","name":"Come diventare Embedded software developer nella selezione alimentare","isPartOf":{"@id":"https:\/\/www.raytecvision.com\/es\/#website"},"datePublished":"2021-02-22T11:39:11+00:00","dateModified":"2021-04-29T09:47:31+00:00","description":"L'azienda Raytec Vision cerca un embedded software developer per il settore alimentare da inserire nel proprio organico. Inviaci il tuo CV!","breadcrumb":{"@id":"https:\/\/www.raytecvision.com\/es\/quienes-somos\/raytec-people\/career\/desarrollador-de-software-integrado\/#breadcrumb"},"inLanguage":"es","potentialAction":[{"@type":"ReadAction","target":["https:\/\/www.raytecvision.com\/es\/quienes-somos\/raytec-people\/career\/desarrollador-de-software-integrado\/"]}]},{"@type":"BreadcrumbList","@id":"https:\/\/www.raytecvision.com\/es\/quienes-somos\/raytec-people\/career\/desarrollador-de-software-integrado\/#breadcrumb","itemListElement":[{"@type":"ListItem","position":1,"name":"Home","item":"https:\/\/www.raytecvision.com\/es\/"},{"@type":"ListItem","position":2,"name":"Qui\u00e9nes Somos","item":"https:\/\/www.raytecvision.com\/es\/a-propos-de-nous\/"},{"@type":"ListItem","position":3,"name":"Raytec People","item":"https:\/\/www.raytecvision.com\/es\/a-propos-de-nous\/raytec-people\/"},{"@type":"ListItem","position":4,"name":"Ofertas de Empleo","item":"https:\/\/www.raytecvision.com\/es\/a-propos-de-nous\/raytec-people\/carriere\/"},{"@type":"ListItem","position":5,"name":"Desarrollador de Software Integrado"}]},{"@type":"WebSite","@id":"https:\/\/www.raytecvision.com\/es\/#website","url":"https:\/\/www.raytecvision.com\/es\/","name":"Raytec Vision","description":"Innovation in Sorting Equipment","publisher":{"@id":"https:\/\/www.raytecvision.com\/es\/#organization"},"potentialAction":[{"@type":"SearchAction","target":{"@type":"EntryPoint","urlTemplate":"https:\/\/www.raytecvision.com\/es\/?s={search_term_string}"},"query-input":{"@type":"PropertyValueSpecification","valueRequired":true,"valueName":"search_term_string"}}],"inLanguage":"es"},{"@type":"Organization","@id":"https:\/\/www.raytecvision.com\/es\/#organization","name":"Raytec Vision","url":"https:\/\/www.raytecvision.com\/es\/","logo":{"@type":"ImageObject","inLanguage":"es","@id":"https:\/\/www.raytecvision.com\/es\/#\/schema\/logo\/image\/","url":"","contentUrl":"","caption":"Raytec Vision"},"image":{"@id":"https:\/\/www.raytecvision.com\/es\/#\/schema\/logo\/image\/"},"sameAs":["https:\/\/www.facebook.com\/RaytecVision","https:\/\/x.com\/raytec_sorting","https:\/\/www.linkedin.com\/company\/raytec-vision\/"],"publishingPrinciples":"https:\/\/www.raytecvision.com\/privacy-policy\/","ownershipFundingInfo":"https:\/\/www.raytecvision.com\/chi-siamo-2\/la-nostra-storia\/"}]}},"jetpack_sharing_enabled":true,"_links":{"self":[{"href":"https:\/\/www.raytecvision.com\/es\/wp-json\/wp\/v2\/pages\/5701","targetHints":{"allow":["GET"]}}],"collection":[{"href":"https:\/\/www.raytecvision.com\/es\/wp-json\/wp\/v2\/pages"}],"about":[{"href":"https:\/\/www.raytecvision.com\/es\/wp-json\/wp\/v2\/types\/page"}],"author":[{"embeddable":true,"href":"https:\/\/www.raytecvision.com\/es\/wp-json\/wp\/v2\/users\/2"}],"replies":[{"embeddable":true,"href":"https:\/\/www.raytecvision.com\/es\/wp-json\/wp\/v2\/comments?post=5701"}],"version-history":[{"count":1,"href":"https:\/\/www.raytecvision.com\/es\/wp-json\/wp\/v2\/pages\/5701\/revisions"}],"predecessor-version":[{"id":10480,"href":"https:\/\/www.raytecvision.com\/es\/wp-json\/wp\/v2\/pages\/5701\/revisions\/10480"}],"up":[{"embeddable":true,"href":"https:\/\/www.raytecvision.com\/es\/wp-json\/wp\/v2\/pages\/5697"}],"wp:attachment":[{"href":"https:\/\/www.raytecvision.com\/es\/wp-json\/wp\/v2\/media?parent=5701"}],"curies":[{"name":"wp","href":"https:\/\/api.w.org\/{rel}","templated":true}]}}