{"id":5909,"date":"2021-02-19T14:34:51","date_gmt":"2021-02-19T13:34:51","guid":{"rendered":"https:\/\/www.raytecvision.com\/applicazioni\/vegetali\/mix-di-legumi\/"},"modified":"2022-09-01T09:14:14","modified_gmt":"2022-09-01T08:14:14","slug":"legumbres-mezcladas","status":"publish","type":"page","link":"https:\/\/www.raytecvision.com\/es\/aplicaciones\/vegetales\/legumbres-mezcladas\/","title":{"rendered":"Legumbres Mezcladas"},"content":{"rendered":"\t\t<div data-elementor-type=\"wp-page\" data-elementor-id=\"5909\" class=\"elementor elementor-5909\">\n\t\t\t\t\t\t<div class=\"elementor-inner\">\n\t\t\t\t<div class=\"elementor-section-wrap\">\n\t\t\t\t\t\t\t\t\t<section class=\"elementor-section elementor-top-section elementor-element elementor-element-d778ab9 elementor-section-stretched elementor-section-boxed elementor-section-height-default elementor-section-height-default\" data-id=\"d778ab9\" data-element_type=\"section\" data-settings=\"{&quot;stretch_section&quot;:&quot;section-stretched&quot;}\">\n\t\t\t\t\t\t<div class=\"elementor-container elementor-column-gap-extended\">\n\t\t\t\t\t\t\t<div class=\"elementor-row\">\n\t\t\t\t\t<div class=\"elementor-column elementor-col-100 elementor-top-column elementor-element elementor-element-cd3985c\" data-id=\"cd3985c\" data-element_type=\"column\">\n\t\t\t<div class=\"elementor-column-wrap elementor-element-populated\">\n\t\t\t\t\t\t\t<div class=\"elementor-widget-wrap\">\n\t\t\t\t\t\t<div class=\"elementor-element elementor-element-1b25de5 elementor-widget elementor-widget-video\" data-id=\"1b25de5\" data-element_type=\"widget\" data-settings=\"{&quot;youtube_url&quot;:&quot;http:\\\/\\\/www.youtube.com\\\/watch?v=NsiGAlC20Fo&quot;,&quot;video_type&quot;:&quot;youtube&quot;,&quot;controls&quot;:&quot;yes&quot;}\" data-widget_type=\"video.default\">\n\t\t\t\t<div class=\"elementor-widget-container\">\n\t\t\t\t\t<div class=\"elementor-wrapper elementor-open-inline\">\n\t\t\t<div class=\"elementor-video\"><\/div>\t\t<\/div>\n\t\t\t\t<\/div>\n\t\t\t\t<\/div>\n\t\t\t\t<div class=\"elementor-element elementor-element-daf9981 elementor-widget elementor-widget-spacer\" data-id=\"daf9981\" data-element_type=\"widget\" data-widget_type=\"spacer.default\">\n\t\t\t\t<div class=\"elementor-widget-container\">\n\t\t\t\t\t<div class=\"elementor-spacer\">\n\t\t\t<div class=\"elementor-spacer-inner\"><\/div>\n\t\t<\/div>\n\t\t\t\t<\/div>\n\t\t\t\t<\/div>\n\t\t\t\t<section class=\"elementor-section elementor-inner-section elementor-element elementor-element-4066eee elementor-section-boxed elementor-section-height-default elementor-section-height-default\" data-id=\"4066eee\" data-element_type=\"section\">\n\t\t\t\t\t\t<div class=\"elementor-container elementor-column-gap-default\">\n\t\t\t\t\t\t\t<div class=\"elementor-row\">\n\t\t\t\t\t<div class=\"elementor-column elementor-col-50 elementor-inner-column elementor-element elementor-element-b76c7cd\" data-id=\"b76c7cd\" data-element_type=\"column\">\n\t\t\t<div class=\"elementor-column-wrap elementor-element-populated\">\n\t\t\t\t\t\t\t<div class=\"elementor-widget-wrap\">\n\t\t\t\t\t\t<div class=\"elementor-element elementor-element-2f271a8 elementor-align-justify elementor-widget elementor-widget-button\" data-id=\"2f271a8\" data-element_type=\"widget\" data-widget_type=\"button.default\">\n\t\t\t\t<div class=\"elementor-widget-container\">\n\t\t\t\t\t<div class=\"elementor-button-wrapper\">\n\t\t\t<a class=\"elementor-button elementor-button-link elementor-size-sm\" href=\"https:\/\/www.raytecvision.com\/wp-content\/uploads\/sites\/50\/Spray-Discovery-Scheda-Tecnica.pdf\" target=\"_blank\" rel=\"nofollow\">\n\t\t\t\t\t\t<span class=\"elementor-button-content-wrapper\">\n\t\t\t\t\t\t<span class=\"elementor-button-text\">Ficha T\u00e9cnica<\/span>\n\t\t<\/span>\n\t\t\t\t\t<\/a>\n\t\t<\/div>\n\t\t\t\t<\/div>\n\t\t\t\t<\/div>\n\t\t\t\t\t\t<\/div>\n\t\t\t\t\t<\/div>\n\t\t<\/div>\n\t\t\t\t<div class=\"elementor-column elementor-col-50 elementor-inner-column elementor-element elementor-element-deb975b\" data-id=\"deb975b\" data-element_type=\"column\">\n\t\t\t<div class=\"elementor-column-wrap elementor-element-populated\">\n\t\t\t\t\t\t\t<div class=\"elementor-widget-wrap\">\n\t\t\t\t\t\t<div class=\"elementor-element elementor-element-f4e821d elementor-align-justify elementor-widget elementor-widget-button\" data-id=\"f4e821d\" data-element_type=\"widget\" data-widget_type=\"button.default\">\n\t\t\t\t<div class=\"elementor-widget-container\">\n\t\t\t\t\t<div class=\"elementor-button-wrapper\">\n\t\t\t<a class=\"elementor-button elementor-button-link elementor-size-sm\" href=\"https:\/\/www.raytecvision.com\/es\/seleccionadores-opticos\/spray\/\">\n\t\t\t\t\t\t<span class=\"elementor-button-content-wrapper\">\n\t\t\t\t\t\t<span class=\"elementor-button-text\">Ficha Producto<\/span>\n\t\t<\/span>\n\t\t\t\t\t<\/a>\n\t\t<\/div>\n\t\t\t\t<\/div>\n\t\t\t\t<\/div>\n\t\t\t\t\t\t<\/div>\n\t\t\t\t\t<\/div>\n\t\t<\/div>\n\t\t\t\t\t\t\t\t<\/div>\n\t\t\t\t\t<\/div>\n\t\t<\/section>\n\t\t\t\t<div class=\"elementor-element elementor-element-2389bd8 elementor-widget elementor-widget-spacer\" data-id=\"2389bd8\" data-element_type=\"widget\" data-widget_type=\"spacer.default\">\n\t\t\t\t<div class=\"elementor-widget-container\">\n\t\t\t\t\t<div class=\"elementor-spacer\">\n\t\t\t<div class=\"elementor-spacer-inner\"><\/div>\n\t\t<\/div>\n\t\t\t\t<\/div>\n\t\t\t\t<\/div>\n\t\t\t\t\t\t<\/div>\n\t\t\t\t\t<\/div>\n\t\t<\/div>\n\t\t\t\t\t\t\t\t<\/div>\n\t\t\t\t\t<\/div>\n\t\t<\/section>\n\t\t\t\t<section class=\"elementor-section elementor-top-section elementor-element elementor-element-19ce1d85 elementor-section-stretched elementor-section-boxed elementor-section-height-default elementor-section-height-default\" data-id=\"19ce1d85\" data-element_type=\"section\" data-settings=\"{&quot;stretch_section&quot;:&quot;section-stretched&quot;,&quot;background_background&quot;:&quot;classic&quot;}\">\n\t\t\t\t\t\t<div class=\"elementor-container elementor-column-gap-default\">\n\t\t\t\t\t\t\t<div class=\"elementor-row\">\n\t\t\t\t\t<div class=\"elementor-column elementor-col-100 elementor-top-column elementor-element elementor-element-2f123ed6\" data-id=\"2f123ed6\" data-element_type=\"column\">\n\t\t\t<div class=\"elementor-column-wrap elementor-element-populated\">\n\t\t\t\t\t\t\t<div class=\"elementor-widget-wrap\">\n\t\t\t\t\t\t<section class=\"elementor-section elementor-inner-section elementor-element elementor-element-58741ade elementor-section-full_width elementor-section-height-default elementor-section-height-default\" data-id=\"58741ade\" data-element_type=\"section\">\n\t\t\t\t\t\t<div class=\"elementor-container elementor-column-gap-default\">\n\t\t\t\t\t\t\t<div class=\"elementor-row\">\n\t\t\t\t\t<div class=\"elementor-column elementor-col-25 elementor-inner-column elementor-element elementor-element-53db4c7e\" data-id=\"53db4c7e\" data-element_type=\"column\">\n\t\t\t<div class=\"elementor-column-wrap elementor-element-populated\">\n\t\t\t\t\t\t\t<div class=\"elementor-widget-wrap\">\n\t\t\t\t\t\t<div class=\"elementor-element elementor-element-cae031 elementor-widget elementor-widget-spacer\" data-id=\"cae031\" data-element_type=\"widget\" data-widget_type=\"spacer.default\">\n\t\t\t\t<div class=\"elementor-widget-container\">\n\t\t\t\t\t<div class=\"elementor-spacer\">\n\t\t\t<div class=\"elementor-spacer-inner\"><\/div>\n\t\t<\/div>\n\t\t\t\t<\/div>\n\t\t\t\t<\/div>\n\t\t\t\t<div class=\"elementor-element elementor-element-6962cf42 elementor-widget elementor-widget-spacer\" data-id=\"6962cf42\" data-element_type=\"widget\" data-widget_type=\"spacer.default\">\n\t\t\t\t<div class=\"elementor-widget-container\">\n\t\t\t\t\t<div class=\"elementor-spacer\">\n\t\t\t<div class=\"elementor-spacer-inner\"><\/div>\n\t\t<\/div>\n\t\t\t\t<\/div>\n\t\t\t\t<\/div>\n\t\t\t\t\t\t<\/div>\n\t\t\t\t\t<\/div>\n\t\t<\/div>\n\t\t\t\t<div class=\"elementor-column elementor-col-25 elementor-inner-column elementor-element elementor-element-676d1be3\" data-id=\"676d1be3\" data-element_type=\"column\">\n\t\t\t<div class=\"elementor-column-wrap elementor-element-populated\">\n\t\t\t\t\t\t\t<div class=\"elementor-widget-wrap\">\n\t\t\t\t\t\t<div class=\"elementor-element elementor-element-71657ce5 elementor-widget elementor-widget-spacer\" data-id=\"71657ce5\" data-element_type=\"widget\" data-widget_type=\"spacer.default\">\n\t\t\t\t<div class=\"elementor-widget-container\">\n\t\t\t\t\t<div class=\"elementor-spacer\">\n\t\t\t<div class=\"elementor-spacer-inner\"><\/div>\n\t\t<\/div>\n\t\t\t\t<\/div>\n\t\t\t\t<\/div>\n\t\t\t\t<div class=\"elementor-element elementor-element-231b2cc2 elementor-widget elementor-widget-spacer\" data-id=\"231b2cc2\" data-element_type=\"widget\" data-widget_type=\"spacer.default\">\n\t\t\t\t<div class=\"elementor-widget-container\">\n\t\t\t\t\t<div class=\"elementor-spacer\">\n\t\t\t<div class=\"elementor-spacer-inner\"><\/div>\n\t\t<\/div>\n\t\t\t\t<\/div>\n\t\t\t\t<\/div>\n\t\t\t\t\t\t<\/div>\n\t\t\t\t\t<\/div>\n\t\t<\/div>\n\t\t\t\t<div class=\"elementor-column elementor-col-25 elementor-inner-column elementor-element elementor-element-57270fe7\" data-id=\"57270fe7\" data-element_type=\"column\">\n\t\t\t<div class=\"elementor-column-wrap elementor-element-populated\">\n\t\t\t\t\t\t\t<div class=\"elementor-widget-wrap\">\n\t\t\t\t\t\t<div class=\"elementor-element elementor-element-4f2bf68c elementor-widget elementor-widget-spacer\" data-id=\"4f2bf68c\" data-element_type=\"widget\" data-widget_type=\"spacer.default\">\n\t\t\t\t<div class=\"elementor-widget-container\">\n\t\t\t\t\t<div class=\"elementor-spacer\">\n\t\t\t<div class=\"elementor-spacer-inner\"><\/div>\n\t\t<\/div>\n\t\t\t\t<\/div>\n\t\t\t\t<\/div>\n\t\t\t\t<div class=\"elementor-element elementor-element-416c90d3 elementor-widget elementor-widget-spacer\" data-id=\"416c90d3\" data-element_type=\"widget\" data-widget_type=\"spacer.default\">\n\t\t\t\t<div class=\"elementor-widget-container\">\n\t\t\t\t\t<div class=\"elementor-spacer\">\n\t\t\t<div class=\"elementor-spacer-inner\"><\/div>\n\t\t<\/div>\n\t\t\t\t<\/div>\n\t\t\t\t<\/div>\n\t\t\t\t\t\t<\/div>\n\t\t\t\t\t<\/div>\n\t\t<\/div>\n\t\t\t\t<div class=\"elementor-column elementor-col-25 elementor-inner-column elementor-element elementor-element-52ad60a8\" data-id=\"52ad60a8\" data-element_type=\"column\">\n\t\t\t<div class=\"elementor-column-wrap elementor-element-populated\">\n\t\t\t\t\t\t\t<div class=\"elementor-widget-wrap\">\n\t\t\t\t\t\t<div class=\"elementor-element elementor-element-59ebf0da elementor-widget elementor-widget-spacer\" data-id=\"59ebf0da\" data-element_type=\"widget\" data-widget_type=\"spacer.default\">\n\t\t\t\t<div class=\"elementor-widget-container\">\n\t\t\t\t\t<div class=\"elementor-spacer\">\n\t\t\t<div class=\"elementor-spacer-inner\"><\/div>\n\t\t<\/div>\n\t\t\t\t<\/div>\n\t\t\t\t<\/div>\n\t\t\t\t<div class=\"elementor-element elementor-element-6b67f72c elementor-widget elementor-widget-spacer\" data-id=\"6b67f72c\" data-element_type=\"widget\" data-widget_type=\"spacer.default\">\n\t\t\t\t<div class=\"elementor-widget-container\">\n\t\t\t\t\t<div class=\"elementor-spacer\">\n\t\t\t<div class=\"elementor-spacer-inner\"><\/div>\n\t\t<\/div>\n\t\t\t\t<\/div>\n\t\t\t\t<\/div>\n\t\t\t\t\t\t<\/div>\n\t\t\t\t\t<\/div>\n\t\t<\/div>\n\t\t\t\t\t\t\t\t<\/div>\n\t\t\t\t\t<\/div>\n\t\t<\/section>\n\t\t\t\t\t\t<\/div>\n\t\t\t\t\t<\/div>\n\t\t<\/div>\n\t\t\t\t\t\t\t\t<\/div>\n\t\t\t\t\t<\/div>\n\t\t<\/section>\n\t\t\t\t<section class=\"elementor-section elementor-top-section elementor-element elementor-element-4274c58d elementor-section-stretched elementor-section-boxed elementor-section-height-default elementor-section-height-default\" data-id=\"4274c58d\" data-element_type=\"section\" data-settings=\"{&quot;stretch_section&quot;:&quot;section-stretched&quot;,&quot;background_background&quot;:&quot;classic&quot;}\">\n\t\t\t\t\t\t<div class=\"elementor-container elementor-column-gap-default\">\n\t\t\t\t\t\t\t<div class=\"elementor-row\">\n\t\t\t\t\t<div class=\"elementor-column elementor-col-50 elementor-top-column elementor-element elementor-element-11aaf7fc\" data-id=\"11aaf7fc\" data-element_type=\"column\">\n\t\t\t<div class=\"elementor-column-wrap\">\n\t\t\t\t\t\t\t<div class=\"elementor-widget-wrap\">\n\t\t\t\t\t\t\t\t<\/div>\n\t\t\t\t\t<\/div>\n\t\t<\/div>\n\t\t\t\t<div class=\"elementor-column elementor-col-50 elementor-top-column elementor-element elementor-element-65c5349e\" data-id=\"65c5349e\" data-element_type=\"column\">\n\t\t\t<div class=\"elementor-column-wrap elementor-element-populated\">\n\t\t\t\t\t\t\t<div class=\"elementor-widget-wrap\">\n\t\t\t\t\t\t<div class=\"elementor-element elementor-element-108b3bb3 elementor-align-center elementor-widget elementor-widget-button\" data-id=\"108b3bb3\" data-element_type=\"widget\" data-widget_type=\"button.default\">\n\t\t\t\t<div class=\"elementor-widget-container\">\n\t\t\t\t\t<div class=\"elementor-button-wrapper\">\n\t\t\t<a class=\"elementor-button elementor-button-link elementor-size-md\" href=\"https:\/\/www.raytecvision.com\/es\/contatti\/\">\n\t\t\t\t\t\t<span class=\"elementor-button-content-wrapper\">\n\t\t\t\t\t\t<span class=\"elementor-button-text\">Contacto<\/span>\n\t\t<\/span>\n\t\t\t\t\t<\/a>\n\t\t<\/div>\n\t\t\t\t<\/div>\n\t\t\t\t<\/div>\n\t\t\t\t\t\t<\/div>\n\t\t\t\t\t<\/div>\n\t\t<\/div>\n\t\t\t\t\t\t\t\t<\/div>\n\t\t\t\t\t<\/div>\n\t\t<\/section>\n\t\t\t\t\t\t\t\t\t<\/div>\n\t\t\t<\/div>\n\t\t\t\t\t<\/div>\n\t\t","protected":false},"excerpt":{"rendered":"<p>Guisantes Rehidratados y Ma\u00edz en Granos Ficha T\u00e9cnica Ficha Producto Otros Sectores de Aplicaci\u00f3n Frutas Descubre m\u00e1s Comida empaquetada Descubre m\u00e1s Confiter\u00eda Descubre m\u00e1s Ensaladas y hortalizas de hoja Descubre m\u00e1s Frutos de mar Descubre m\u00e1s Tomates Descubre m\u00e1s Producci\u00f3n vitivinicola Descubre m\u00e1s Patatas Descubre m\u00e1s Solicitar informaci\u00f3n P\u00f3ngase en<\/p>\n","protected":false},"author":3,"featured_media":0,"parent":5602,"menu_order":0,"comment_status":"closed","ping_status":"closed","template":"","meta":{"inline_featured_image":false,"footnotes":""},"class_list":["post-5909","page","type-page","status-publish","hentry"],"yoast_head":"<!-- This site is optimized with the Yoast SEO Premium plugin v26.8 (Yoast SEO v26.8) - https:\/\/yoast.com\/product\/yoast-seo-premium-wordpress\/ -->\n<title>Descubre los clasificadores de alimentos para Legumbres Mezcladas por Raytec Vision<\/title>\n<meta name=\"description\" content=\"Descubra las clasificadoras de alimentos de leds pulsados de Raytec Vision para clasificar Legumbres Mezcladas . Contacta nos para informarse.\" \/>\n<meta name=\"robots\" content=\"index, follow, max-snippet:-1, max-image-preview:large, max-video-preview:-1\" \/>\n<link rel=\"canonical\" href=\"https:\/\/www.raytecvision.com\/es\/aplicaciones\/vegetales\/legumbres-mezcladas\/\" \/>\n<meta property=\"og:locale\" content=\"es_ES\" \/>\n<meta property=\"og:type\" content=\"article\" \/>\n<meta property=\"og:title\" content=\"Legumbres Mezcladas\" \/>\n<meta property=\"og:description\" content=\"Descubra las clasificadoras de alimentos de leds pulsados de Raytec Vision para clasificar Legumbres Mezcladas . Contacta nos para informarse.\" \/>\n<meta property=\"og:url\" content=\"https:\/\/www.raytecvision.com\/es\/aplicaciones\/vegetales\/legumbres-mezcladas\/\" \/>\n<meta property=\"og:site_name\" content=\"Raytec Vision\" \/>\n<meta property=\"article:publisher\" content=\"https:\/\/www.facebook.com\/RaytecVision\" \/>\n<meta property=\"article:modified_time\" content=\"2022-09-01T08:14:14+00:00\" \/>\n<meta name=\"twitter:card\" content=\"summary_large_image\" \/>\n<meta name=\"twitter:site\" content=\"@raytec_sorting\" \/>\n<meta name=\"twitter:label1\" content=\"Tiempo de lectura\" \/>\n\t<meta name=\"twitter:data1\" content=\"1 minuto\" \/>\n<script type=\"application\/ld+json\" class=\"yoast-schema-graph\">{\"@context\":\"https:\/\/schema.org\",\"@graph\":[{\"@type\":\"WebPage\",\"@id\":\"https:\/\/www.raytecvision.com\/es\/aplicaciones\/vegetales\/legumbres-mezcladas\/\",\"url\":\"https:\/\/www.raytecvision.com\/es\/aplicaciones\/vegetales\/legumbres-mezcladas\/\",\"name\":\"Descubre los clasificadores de alimentos para Legumbres Mezcladas por Raytec Vision\",\"isPartOf\":{\"@id\":\"https:\/\/www.raytecvision.com\/es\/#website\"},\"datePublished\":\"2021-02-19T13:34:51+00:00\",\"dateModified\":\"2022-09-01T08:14:14+00:00\",\"description\":\"Descubra las clasificadoras de alimentos de leds pulsados de Raytec Vision para clasificar Legumbres Mezcladas . Contacta nos para informarse.\",\"breadcrumb\":{\"@id\":\"https:\/\/www.raytecvision.com\/es\/aplicaciones\/vegetales\/legumbres-mezcladas\/#breadcrumb\"},\"inLanguage\":\"es\",\"potentialAction\":[{\"@type\":\"ReadAction\",\"target\":[\"https:\/\/www.raytecvision.com\/es\/aplicaciones\/vegetales\/legumbres-mezcladas\/\"]}]},{\"@type\":\"BreadcrumbList\",\"@id\":\"https:\/\/www.raytecvision.com\/es\/aplicaciones\/vegetales\/legumbres-mezcladas\/#breadcrumb\",\"itemListElement\":[{\"@type\":\"ListItem\",\"position\":1,\"name\":\"Home\",\"item\":\"https:\/\/www.raytecvision.com\/es\/\"},{\"@type\":\"ListItem\",\"position\":2,\"name\":\"Aplicaciones\",\"item\":\"https:\/\/www.raytecvision.com\/es\/applications\/\"},{\"@type\":\"ListItem\",\"position\":3,\"name\":\"Vegetales\",\"item\":\"https:\/\/www.raytecvision.com\/es\/applications\/vegetables\/\"},{\"@type\":\"ListItem\",\"position\":4,\"name\":\"Legumbres Mezcladas\"}]},{\"@type\":\"WebSite\",\"@id\":\"https:\/\/www.raytecvision.com\/es\/#website\",\"url\":\"https:\/\/www.raytecvision.com\/es\/\",\"name\":\"Raytec Vision\",\"description\":\"Innovation in Sorting Equipment\",\"publisher\":{\"@id\":\"https:\/\/www.raytecvision.com\/es\/#organization\"},\"potentialAction\":[{\"@type\":\"SearchAction\",\"target\":{\"@type\":\"EntryPoint\",\"urlTemplate\":\"https:\/\/www.raytecvision.com\/es\/?s={search_term_string}\"},\"query-input\":{\"@type\":\"PropertyValueSpecification\",\"valueRequired\":true,\"valueName\":\"search_term_string\"}}],\"inLanguage\":\"es\"},{\"@type\":\"Organization\",\"@id\":\"https:\/\/www.raytecvision.com\/es\/#organization\",\"name\":\"Raytec Vision\",\"url\":\"https:\/\/www.raytecvision.com\/es\/\",\"logo\":{\"@type\":\"ImageObject\",\"inLanguage\":\"es\",\"@id\":\"https:\/\/www.raytecvision.com\/es\/#\/schema\/logo\/image\/\",\"url\":\"\",\"contentUrl\":\"\",\"caption\":\"Raytec Vision\"},\"image\":{\"@id\":\"https:\/\/www.raytecvision.com\/es\/#\/schema\/logo\/image\/\"},\"sameAs\":[\"https:\/\/www.facebook.com\/RaytecVision\",\"https:\/\/x.com\/raytec_sorting\",\"https:\/\/www.linkedin.com\/company\/raytec-vision\/\"],\"publishingPrinciples\":\"https:\/\/www.raytecvision.com\/privacy-policy\/\",\"ownershipFundingInfo\":\"https:\/\/www.raytecvision.com\/chi-siamo-2\/la-nostra-storia\/\"}]}<\/script>\n<!-- \/ Yoast SEO Premium plugin. -->","yoast_head_json":{"title":"Descubre los clasificadores de alimentos para Legumbres Mezcladas por Raytec Vision","description":"Descubra las clasificadoras de alimentos de leds pulsados de Raytec Vision para clasificar Legumbres Mezcladas . Contacta nos para informarse.","robots":{"index":"index","follow":"follow","max-snippet":"max-snippet:-1","max-image-preview":"max-image-preview:large","max-video-preview":"max-video-preview:-1"},"canonical":"https:\/\/www.raytecvision.com\/es\/aplicaciones\/vegetales\/legumbres-mezcladas\/","og_locale":"es_ES","og_type":"article","og_title":"Legumbres Mezcladas","og_description":"Descubra las clasificadoras de alimentos de leds pulsados de Raytec Vision para clasificar Legumbres Mezcladas . Contacta nos para informarse.","og_url":"https:\/\/www.raytecvision.com\/es\/aplicaciones\/vegetales\/legumbres-mezcladas\/","og_site_name":"Raytec Vision","article_publisher":"https:\/\/www.facebook.com\/RaytecVision","article_modified_time":"2022-09-01T08:14:14+00:00","twitter_card":"summary_large_image","twitter_site":"@raytec_sorting","twitter_misc":{"Tiempo de lectura":"1 minuto"},"schema":{"@context":"https:\/\/schema.org","@graph":[{"@type":"WebPage","@id":"https:\/\/www.raytecvision.com\/es\/aplicaciones\/vegetales\/legumbres-mezcladas\/","url":"https:\/\/www.raytecvision.com\/es\/aplicaciones\/vegetales\/legumbres-mezcladas\/","name":"Descubre los clasificadores de alimentos para Legumbres Mezcladas por Raytec Vision","isPartOf":{"@id":"https:\/\/www.raytecvision.com\/es\/#website"},"datePublished":"2021-02-19T13:34:51+00:00","dateModified":"2022-09-01T08:14:14+00:00","description":"Descubra las clasificadoras de alimentos de leds pulsados de Raytec Vision para clasificar Legumbres Mezcladas . Contacta nos para informarse.","breadcrumb":{"@id":"https:\/\/www.raytecvision.com\/es\/aplicaciones\/vegetales\/legumbres-mezcladas\/#breadcrumb"},"inLanguage":"es","potentialAction":[{"@type":"ReadAction","target":["https:\/\/www.raytecvision.com\/es\/aplicaciones\/vegetales\/legumbres-mezcladas\/"]}]},{"@type":"BreadcrumbList","@id":"https:\/\/www.raytecvision.com\/es\/aplicaciones\/vegetales\/legumbres-mezcladas\/#breadcrumb","itemListElement":[{"@type":"ListItem","position":1,"name":"Home","item":"https:\/\/www.raytecvision.com\/es\/"},{"@type":"ListItem","position":2,"name":"Aplicaciones","item":"https:\/\/www.raytecvision.com\/es\/applications\/"},{"@type":"ListItem","position":3,"name":"Vegetales","item":"https:\/\/www.raytecvision.com\/es\/applications\/vegetables\/"},{"@type":"ListItem","position":4,"name":"Legumbres Mezcladas"}]},{"@type":"WebSite","@id":"https:\/\/www.raytecvision.com\/es\/#website","url":"https:\/\/www.raytecvision.com\/es\/","name":"Raytec Vision","description":"Innovation in Sorting Equipment","publisher":{"@id":"https:\/\/www.raytecvision.com\/es\/#organization"},"potentialAction":[{"@type":"SearchAction","target":{"@type":"EntryPoint","urlTemplate":"https:\/\/www.raytecvision.com\/es\/?s={search_term_string}"},"query-input":{"@type":"PropertyValueSpecification","valueRequired":true,"valueName":"search_term_string"}}],"inLanguage":"es"},{"@type":"Organization","@id":"https:\/\/www.raytecvision.com\/es\/#organization","name":"Raytec Vision","url":"https:\/\/www.raytecvision.com\/es\/","logo":{"@type":"ImageObject","inLanguage":"es","@id":"https:\/\/www.raytecvision.com\/es\/#\/schema\/logo\/image\/","url":"","contentUrl":"","caption":"Raytec Vision"},"image":{"@id":"https:\/\/www.raytecvision.com\/es\/#\/schema\/logo\/image\/"},"sameAs":["https:\/\/www.facebook.com\/RaytecVision","https:\/\/x.com\/raytec_sorting","https:\/\/www.linkedin.com\/company\/raytec-vision\/"],"publishingPrinciples":"https:\/\/www.raytecvision.com\/privacy-policy\/","ownershipFundingInfo":"https:\/\/www.raytecvision.com\/chi-siamo-2\/la-nostra-storia\/"}]}},"jetpack_sharing_enabled":true,"_links":{"self":[{"href":"https:\/\/www.raytecvision.com\/es\/wp-json\/wp\/v2\/pages\/5909","targetHints":{"allow":["GET"]}}],"collection":[{"href":"https:\/\/www.raytecvision.com\/es\/wp-json\/wp\/v2\/pages"}],"about":[{"href":"https:\/\/www.raytecvision.com\/es\/wp-json\/wp\/v2\/types\/page"}],"author":[{"embeddable":true,"href":"https:\/\/www.raytecvision.com\/es\/wp-json\/wp\/v2\/users\/3"}],"replies":[{"embeddable":true,"href":"https:\/\/www.raytecvision.com\/es\/wp-json\/wp\/v2\/comments?post=5909"}],"version-history":[{"count":23,"href":"https:\/\/www.raytecvision.com\/es\/wp-json\/wp\/v2\/pages\/5909\/revisions"}],"predecessor-version":[{"id":21479,"href":"https:\/\/www.raytecvision.com\/es\/wp-json\/wp\/v2\/pages\/5909\/revisions\/21479"}],"up":[{"embeddable":true,"href":"https:\/\/www.raytecvision.com\/es\/wp-json\/wp\/v2\/pages\/5602"}],"wp:attachment":[{"href":"https:\/\/www.raytecvision.com\/es\/wp-json\/wp\/v2\/media?parent=5909"}],"curies":[{"name":"wp","href":"https:\/\/api.w.org\/{rel}","templated":true}]}}