{"id":5995,"date":"2021-02-22T13:00:33","date_gmt":"2021-02-22T12:00:33","guid":{"rendered":"https:\/\/www.raytecvision.com\/chi-siamo\/raytec-people\/career\/tecnico-collaudatore-laboratorio-elettronico\/"},"modified":"2021-02-22T13:00:33","modified_gmt":"2021-02-22T12:00:33","slug":"tecnico-collaudatore-laboratorio-elettronico","status":"publish","type":"page","link":"https:\/\/www.raytecvision.com\/es\/quienes-somos\/raytec-people\/career\/tecnico-collaudatore-laboratorio-elettronico\/","title":{"rendered":"Tecnico collaudatore laboratorio elettronico"},"content":{"rendered":"\t\t<div data-elementor-type=\"wp-page\" data-elementor-id=\"5995\" class=\"elementor elementor-5995\">\n\t\t\t\t\t\t<div class=\"elementor-inner\">\n\t\t\t\t<div class=\"elementor-section-wrap\">\n\t\t\t\t\t\t\t\t\t<section class=\"elementor-section elementor-top-section elementor-element elementor-element-e583e56 elementor-section-boxed elementor-section-height-default elementor-section-height-default\" data-id=\"e583e56\" data-element_type=\"section\">\n\t\t\t\t\t\t<div class=\"elementor-container elementor-column-gap-default\">\n\t\t\t\t\t\t\t<div class=\"elementor-row\">\n\t\t\t\t\t<div class=\"elementor-column elementor-col-100 elementor-top-column elementor-element elementor-element-0246545\" data-id=\"0246545\" data-element_type=\"column\">\n\t\t\t<div class=\"elementor-column-wrap elementor-element-populated\">\n\t\t\t\t\t\t\t<div class=\"elementor-widget-wrap\">\n\t\t\t\t\t\t<div class=\"elementor-element elementor-element-88b6fd6 elementor-widget elementor-widget-heading\" data-id=\"88b6fd6\" data-element_type=\"widget\" data-widget_type=\"heading.default\">\n\t\t\t\t<div class=\"elementor-widget-container\">\n\t\t\t<h3 class=\"elementor-heading-title elementor-size-default\">Attivit\u00e0<\/h3>\t\t<\/div>\n\t\t\t\t<\/div>\n\t\t\t\t<div class=\"elementor-element elementor-element-4f997fb elementor-widget elementor-widget-spacer\" data-id=\"4f997fb\" data-element_type=\"widget\" data-widget_type=\"spacer.default\">\n\t\t\t\t<div class=\"elementor-widget-container\">\n\t\t\t\t\t<div class=\"elementor-spacer\">\n\t\t\t<div class=\"elementor-spacer-inner\"><\/div>\n\t\t<\/div>\n\t\t\t\t<\/div>\n\t\t\t\t<\/div>\n\t\t\t\t<div class=\"elementor-element elementor-element-4e9c238 elementor-widget elementor-widget-text-editor\" data-id=\"4e9c238\" data-element_type=\"widget\" data-widget_type=\"text-editor.default\">\n\t\t\t\t<div class=\"elementor-widget-container\">\n\t\t\t\t\t\t\t\t<div class=\"elementor-text-editor elementor-clearfix\">\n\t\t\t\tLa risorsa, in rapporto diretto al responsabile di laboratorio, si occuper\u00e0 di tutte le attivit\u00e0 del laboratorio elettronico per la produzione degli apparati opto-elettronici che compongono le nostre selezionatrici ottiche e ispezionartici x-ray. Produciamo macchine elettroniche dedicate al mondo agroalimentare, con un forte contenuto di innovazione elettronica e tecnologia ottica e cerchiamo collaboratori con conoscenza dell&#8217;elettronica digitale, fortemente motivati.\t\t\t\t\t<\/div>\n\t\t\t\t\t\t<\/div>\n\t\t\t\t<\/div>\n\t\t\t\t<div class=\"elementor-element elementor-element-51e8afd elementor-widget elementor-widget-spacer\" data-id=\"51e8afd\" data-element_type=\"widget\" data-widget_type=\"spacer.default\">\n\t\t\t\t<div class=\"elementor-widget-container\">\n\t\t\t\t\t<div class=\"elementor-spacer\">\n\t\t\t<div class=\"elementor-spacer-inner\"><\/div>\n\t\t<\/div>\n\t\t\t\t<\/div>\n\t\t\t\t<\/div>\n\t\t\t\t<div class=\"elementor-element elementor-element-72274ce elementor-widget elementor-widget-heading\" data-id=\"72274ce\" data-element_type=\"widget\" data-widget_type=\"heading.default\">\n\t\t\t\t<div class=\"elementor-widget-container\">\n\t\t\t<h3 class=\"elementor-heading-title elementor-size-default\">Requisiti richiesti<\/h3>\t\t<\/div>\n\t\t\t\t<\/div>\n\t\t\t\t<div class=\"elementor-element elementor-element-59d189c elementor-widget elementor-widget-spacer\" data-id=\"59d189c\" data-element_type=\"widget\" data-widget_type=\"spacer.default\">\n\t\t\t\t<div class=\"elementor-widget-container\">\n\t\t\t\t\t<div class=\"elementor-spacer\">\n\t\t\t<div class=\"elementor-spacer-inner\"><\/div>\n\t\t<\/div>\n\t\t\t\t<\/div>\n\t\t\t\t<\/div>\n\t\t\t\t<div class=\"elementor-element elementor-element-a0293b0 elementor-widget elementor-widget-text-editor\" data-id=\"a0293b0\" data-element_type=\"widget\" data-widget_type=\"text-editor.default\">\n\t\t\t\t<div class=\"elementor-widget-container\">\n\t\t\t\t\t\t\t\t<div class=\"elementor-text-editor elementor-clearfix\">\n\t\t\t\t<ul class=\"lista\"><li>Diploma di perito elettronico;<\/li><li>Esperienza di almeno 3 anni maturata in posizione analoga;<\/li><li>Competenze nell\u2019uso di strumentazione di laboratorio (multimetri, frequenzimetri, oscilloscopio digitale);<\/li><li>Nozioni di programmazione in C+;<\/li><li>Utilizzo di CAD elettronici (esempio Orcad) e conseguente ottima capacit\u00e0 di lettura e analisi degli schemi;<\/li><li>Capacit\u00e0 di ricerca e riparazione guasti;<\/li><li>Energia, passione per il prodotto, buone doti di analisi;<\/li><li>Doti di ordine e precisione;<\/li><li>Forte capacit\u00e0 di mantenere attenzione e concentrazione<\/li><\/ul>\t\t\t\t\t<\/div>\n\t\t\t\t\t\t<\/div>\n\t\t\t\t<\/div>\n\t\t\t\t<div class=\"elementor-element elementor-element-7f5a66a elementor-widget elementor-widget-spacer\" data-id=\"7f5a66a\" data-element_type=\"widget\" data-widget_type=\"spacer.default\">\n\t\t\t\t<div class=\"elementor-widget-container\">\n\t\t\t\t\t<div class=\"elementor-spacer\">\n\t\t\t<div class=\"elementor-spacer-inner\"><\/div>\n\t\t<\/div>\n\t\t\t\t<\/div>\n\t\t\t\t<\/div>\n\t\t\t\t<div class=\"elementor-element elementor-element-f3dfd4d elementor-widget elementor-widget-heading\" data-id=\"f3dfd4d\" data-element_type=\"widget\" data-widget_type=\"heading.default\">\n\t\t\t\t<div class=\"elementor-widget-container\">\n\t\t\t<h3 class=\"elementor-heading-title elementor-size-default\">Tempistica: Urgente<\/h3>\t\t<\/div>\n\t\t\t\t<\/div>\n\t\t\t\t<div class=\"elementor-element elementor-element-d034907 elementor-widget elementor-widget-spacer\" data-id=\"d034907\" data-element_type=\"widget\" data-widget_type=\"spacer.default\">\n\t\t\t\t<div class=\"elementor-widget-container\">\n\t\t\t\t\t<div class=\"elementor-spacer\">\n\t\t\t<div class=\"elementor-spacer-inner\"><\/div>\n\t\t<\/div>\n\t\t\t\t<\/div>\n\t\t\t\t<\/div>\n\t\t\t\t<div class=\"elementor-element elementor-element-6b36e02 elementor-widget elementor-widget-heading\" data-id=\"6b36e02\" data-element_type=\"widget\" data-widget_type=\"heading.default\">\n\t\t\t\t<div class=\"elementor-widget-container\">\n\t\t\t<h3 class=\"elementor-heading-title elementor-size-default\">Numero di addetti: 2<\/h3>\t\t<\/div>\n\t\t\t\t<\/div>\n\t\t\t\t<div class=\"elementor-element elementor-element-c6aeb95 elementor-widget elementor-widget-spacer\" data-id=\"c6aeb95\" data-element_type=\"widget\" data-widget_type=\"spacer.default\">\n\t\t\t\t<div class=\"elementor-widget-container\">\n\t\t\t\t\t<div class=\"elementor-spacer\">\n\t\t\t<div class=\"elementor-spacer-inner\"><\/div>\n\t\t<\/div>\n\t\t\t\t<\/div>\n\t\t\t\t<\/div>\n\t\t\t\t<div class=\"elementor-element elementor-element-61cc6df elementor-widget elementor-widget-heading\" data-id=\"61cc6df\" data-element_type=\"widget\" data-widget_type=\"heading.default\">\n\t\t\t\t<div class=\"elementor-widget-container\">\n\t\t\t<h3 class=\"elementor-heading-title elementor-size-default\">Sede di lavoro: Parma<\/h3>\t\t<\/div>\n\t\t\t\t<\/div>\n\t\t\t\t\t\t<\/div>\n\t\t\t\t\t<\/div>\n\t\t<\/div>\n\t\t\t\t\t\t\t\t<\/div>\n\t\t\t\t\t<\/div>\n\t\t<\/section>\n\t\t\t\t<section class=\"elementor-section elementor-top-section elementor-element elementor-element-1b3f833 elementor-section-content-middle elementor-section-stretched elementor-section-boxed elementor-section-height-default elementor-section-height-default\" data-id=\"1b3f833\" data-element_type=\"section\" data-settings=\"{&quot;stretch_section&quot;:&quot;section-stretched&quot;,&quot;background_background&quot;:&quot;classic&quot;}\">\n\t\t\t\t\t\t<div class=\"elementor-container elementor-column-gap-default\">\n\t\t\t\t\t\t\t<div class=\"elementor-row\">\n\t\t\t\t\t<div class=\"elementor-column elementor-col-100 elementor-top-column elementor-element elementor-element-f5ada5a\" data-id=\"f5ada5a\" data-element_type=\"column\">\n\t\t\t<div class=\"elementor-column-wrap elementor-element-populated\">\n\t\t\t\t\t\t\t<div class=\"elementor-widget-wrap\">\n\t\t\t\t\t\t<section class=\"elementor-section elementor-inner-section elementor-element elementor-element-4ee7a85 elementor-section-boxed elementor-section-height-default elementor-section-height-default\" data-id=\"4ee7a85\" data-element_type=\"section\">\n\t\t\t\t\t\t<div class=\"elementor-container elementor-column-gap-default\">\n\t\t\t\t\t\t\t<div class=\"elementor-row\">\n\t\t\t\t\t<div class=\"elementor-column elementor-col-66 elementor-inner-column elementor-element elementor-element-fb692a4\" data-id=\"fb692a4\" data-element_type=\"column\">\n\t\t\t<div class=\"elementor-column-wrap\">\n\t\t\t\t\t\t\t<div class=\"elementor-widget-wrap\">\n\t\t\t\t\t\t\t\t<\/div>\n\t\t\t\t\t<\/div>\n\t\t<\/div>\n\t\t\t\t<div class=\"elementor-column elementor-col-33 elementor-inner-column elementor-element elementor-element-7474430\" data-id=\"7474430\" data-element_type=\"column\">\n\t\t\t<div class=\"elementor-column-wrap\">\n\t\t\t\t\t\t\t<div class=\"elementor-widget-wrap\">\n\t\t\t\t\t\t\t\t<\/div>\n\t\t\t\t\t<\/div>\n\t\t<\/div>\n\t\t\t\t\t\t\t\t<\/div>\n\t\t\t\t\t<\/div>\n\t\t<\/section>\n\t\t\t\t\t\t<\/div>\n\t\t\t\t\t<\/div>\n\t\t<\/div>\n\t\t\t\t\t\t\t\t<\/div>\n\t\t\t\t\t<\/div>\n\t\t<\/section>\n\t\t\t\t\t\t\t\t\t<\/div>\n\t\t\t<\/div>\n\t\t\t\t\t<\/div>\n\t\t","protected":false},"excerpt":{"rendered":"<p>Attivit\u00e0 La risorsa, in rapporto diretto al responsabile di laboratorio, si occuper\u00e0 di tutte le attivit\u00e0 del laboratorio elettronico per la produzione degli apparati opto-elettronici che compongono le nostre selezionatrici ottiche e ispezionartici x-ray. Produciamo macchine elettroniche dedicate al mondo agroalimentare, con un forte contenuto di innovazione elettronica e tecnologia<\/p>\n","protected":false},"author":2,"featured_media":0,"parent":5697,"menu_order":0,"comment_status":"closed","ping_status":"closed","template":"","meta":{"inline_featured_image":false,"footnotes":""},"class_list":["post-5995","page","type-page","status-publish","hentry"],"yoast_head":"<!-- This site is optimized with the Yoast SEO Premium plugin v26.8 (Yoast SEO v26.8) - https:\/\/yoast.com\/product\/yoast-seo-premium-wordpress\/ -->\n<title>Tecnico collaudatore laboratorio elettronico nella selezione alimentare<\/title>\n<meta name=\"description\" content=\"L&#039;azienda Raytec Vision cerca un tecnico collaudatore laboratorio elettronico per il settore alimentare da inserire nel proprio organico. Inviaci il tuo CV!\" \/>\n<meta name=\"robots\" content=\"index, follow, max-snippet:-1, max-image-preview:large, max-video-preview:-1\" \/>\n<link rel=\"canonical\" href=\"https:\/\/www.raytecvision.com\/es\/quienes-somos\/raytec-people\/career\/tecnico-collaudatore-laboratorio-elettronico\/\" \/>\n<meta property=\"og:locale\" content=\"es_ES\" \/>\n<meta property=\"og:type\" content=\"article\" \/>\n<meta property=\"og:title\" content=\"Tecnico collaudatore laboratorio elettronico\" \/>\n<meta property=\"og:description\" content=\"L&#039;azienda Raytec Vision cerca un tecnico collaudatore laboratorio elettronico per il settore alimentare da inserire nel proprio organico. Inviaci il tuo CV!\" \/>\n<meta property=\"og:url\" content=\"https:\/\/www.raytecvision.com\/es\/quienes-somos\/raytec-people\/career\/tecnico-collaudatore-laboratorio-elettronico\/\" \/>\n<meta property=\"og:site_name\" content=\"Raytec Vision\" \/>\n<meta property=\"article:publisher\" content=\"https:\/\/www.facebook.com\/RaytecVision\" \/>\n<meta name=\"twitter:card\" content=\"summary_large_image\" \/>\n<meta name=\"twitter:site\" content=\"@raytec_sorting\" \/>\n<meta name=\"twitter:label1\" content=\"Tiempo de lectura\" \/>\n\t<meta name=\"twitter:data1\" content=\"1 minuto\" \/>\n<script type=\"application\/ld+json\" class=\"yoast-schema-graph\">{\"@context\":\"https:\/\/schema.org\",\"@graph\":[{\"@type\":\"WebPage\",\"@id\":\"https:\/\/www.raytecvision.com\/es\/quienes-somos\/raytec-people\/career\/tecnico-collaudatore-laboratorio-elettronico\/\",\"url\":\"https:\/\/www.raytecvision.com\/es\/quienes-somos\/raytec-people\/career\/tecnico-collaudatore-laboratorio-elettronico\/\",\"name\":\"Tecnico collaudatore laboratorio elettronico nella selezione alimentare\",\"isPartOf\":{\"@id\":\"https:\/\/www.raytecvision.com\/es\/#website\"},\"datePublished\":\"2021-02-22T12:00:33+00:00\",\"description\":\"L'azienda Raytec Vision cerca un tecnico collaudatore laboratorio elettronico per il settore alimentare da inserire nel proprio organico. Inviaci il tuo CV!\",\"breadcrumb\":{\"@id\":\"https:\/\/www.raytecvision.com\/es\/quienes-somos\/raytec-people\/career\/tecnico-collaudatore-laboratorio-elettronico\/#breadcrumb\"},\"inLanguage\":\"es\",\"potentialAction\":[{\"@type\":\"ReadAction\",\"target\":[\"https:\/\/www.raytecvision.com\/es\/quienes-somos\/raytec-people\/career\/tecnico-collaudatore-laboratorio-elettronico\/\"]}]},{\"@type\":\"BreadcrumbList\",\"@id\":\"https:\/\/www.raytecvision.com\/es\/quienes-somos\/raytec-people\/career\/tecnico-collaudatore-laboratorio-elettronico\/#breadcrumb\",\"itemListElement\":[{\"@type\":\"ListItem\",\"position\":1,\"name\":\"Home\",\"item\":\"https:\/\/www.raytecvision.com\/es\/\"},{\"@type\":\"ListItem\",\"position\":2,\"name\":\"Qui\u00e9nes Somos\",\"item\":\"https:\/\/www.raytecvision.com\/es\/a-propos-de-nous\/\"},{\"@type\":\"ListItem\",\"position\":3,\"name\":\"Raytec People\",\"item\":\"https:\/\/www.raytecvision.com\/es\/a-propos-de-nous\/raytec-people\/\"},{\"@type\":\"ListItem\",\"position\":4,\"name\":\"Ofertas de Empleo\",\"item\":\"https:\/\/www.raytecvision.com\/es\/a-propos-de-nous\/raytec-people\/carriere\/\"},{\"@type\":\"ListItem\",\"position\":5,\"name\":\"Tecnico collaudatore laboratorio elettronico\"}]},{\"@type\":\"WebSite\",\"@id\":\"https:\/\/www.raytecvision.com\/es\/#website\",\"url\":\"https:\/\/www.raytecvision.com\/es\/\",\"name\":\"Raytec Vision\",\"description\":\"Innovation in Sorting Equipment\",\"publisher\":{\"@id\":\"https:\/\/www.raytecvision.com\/es\/#organization\"},\"potentialAction\":[{\"@type\":\"SearchAction\",\"target\":{\"@type\":\"EntryPoint\",\"urlTemplate\":\"https:\/\/www.raytecvision.com\/es\/?s={search_term_string}\"},\"query-input\":{\"@type\":\"PropertyValueSpecification\",\"valueRequired\":true,\"valueName\":\"search_term_string\"}}],\"inLanguage\":\"es\"},{\"@type\":\"Organization\",\"@id\":\"https:\/\/www.raytecvision.com\/es\/#organization\",\"name\":\"Raytec Vision\",\"url\":\"https:\/\/www.raytecvision.com\/es\/\",\"logo\":{\"@type\":\"ImageObject\",\"inLanguage\":\"es\",\"@id\":\"https:\/\/www.raytecvision.com\/es\/#\/schema\/logo\/image\/\",\"url\":\"\",\"contentUrl\":\"\",\"caption\":\"Raytec Vision\"},\"image\":{\"@id\":\"https:\/\/www.raytecvision.com\/es\/#\/schema\/logo\/image\/\"},\"sameAs\":[\"https:\/\/www.facebook.com\/RaytecVision\",\"https:\/\/x.com\/raytec_sorting\",\"https:\/\/www.linkedin.com\/company\/raytec-vision\/\"],\"publishingPrinciples\":\"https:\/\/www.raytecvision.com\/privacy-policy\/\",\"ownershipFundingInfo\":\"https:\/\/www.raytecvision.com\/chi-siamo-2\/la-nostra-storia\/\"}]}<\/script>\n<!-- \/ Yoast SEO Premium plugin. -->","yoast_head_json":{"title":"Tecnico collaudatore laboratorio elettronico nella selezione alimentare","description":"L'azienda Raytec Vision cerca un tecnico collaudatore laboratorio elettronico per il settore alimentare da inserire nel proprio organico. Inviaci il tuo CV!","robots":{"index":"index","follow":"follow","max-snippet":"max-snippet:-1","max-image-preview":"max-image-preview:large","max-video-preview":"max-video-preview:-1"},"canonical":"https:\/\/www.raytecvision.com\/es\/quienes-somos\/raytec-people\/career\/tecnico-collaudatore-laboratorio-elettronico\/","og_locale":"es_ES","og_type":"article","og_title":"Tecnico collaudatore laboratorio elettronico","og_description":"L'azienda Raytec Vision cerca un tecnico collaudatore laboratorio elettronico per il settore alimentare da inserire nel proprio organico. Inviaci il tuo CV!","og_url":"https:\/\/www.raytecvision.com\/es\/quienes-somos\/raytec-people\/career\/tecnico-collaudatore-laboratorio-elettronico\/","og_site_name":"Raytec Vision","article_publisher":"https:\/\/www.facebook.com\/RaytecVision","twitter_card":"summary_large_image","twitter_site":"@raytec_sorting","twitter_misc":{"Tiempo de lectura":"1 minuto"},"schema":{"@context":"https:\/\/schema.org","@graph":[{"@type":"WebPage","@id":"https:\/\/www.raytecvision.com\/es\/quienes-somos\/raytec-people\/career\/tecnico-collaudatore-laboratorio-elettronico\/","url":"https:\/\/www.raytecvision.com\/es\/quienes-somos\/raytec-people\/career\/tecnico-collaudatore-laboratorio-elettronico\/","name":"Tecnico collaudatore laboratorio elettronico nella selezione alimentare","isPartOf":{"@id":"https:\/\/www.raytecvision.com\/es\/#website"},"datePublished":"2021-02-22T12:00:33+00:00","description":"L'azienda Raytec Vision cerca un tecnico collaudatore laboratorio elettronico per il settore alimentare da inserire nel proprio organico. Inviaci il tuo CV!","breadcrumb":{"@id":"https:\/\/www.raytecvision.com\/es\/quienes-somos\/raytec-people\/career\/tecnico-collaudatore-laboratorio-elettronico\/#breadcrumb"},"inLanguage":"es","potentialAction":[{"@type":"ReadAction","target":["https:\/\/www.raytecvision.com\/es\/quienes-somos\/raytec-people\/career\/tecnico-collaudatore-laboratorio-elettronico\/"]}]},{"@type":"BreadcrumbList","@id":"https:\/\/www.raytecvision.com\/es\/quienes-somos\/raytec-people\/career\/tecnico-collaudatore-laboratorio-elettronico\/#breadcrumb","itemListElement":[{"@type":"ListItem","position":1,"name":"Home","item":"https:\/\/www.raytecvision.com\/es\/"},{"@type":"ListItem","position":2,"name":"Qui\u00e9nes Somos","item":"https:\/\/www.raytecvision.com\/es\/a-propos-de-nous\/"},{"@type":"ListItem","position":3,"name":"Raytec People","item":"https:\/\/www.raytecvision.com\/es\/a-propos-de-nous\/raytec-people\/"},{"@type":"ListItem","position":4,"name":"Ofertas de Empleo","item":"https:\/\/www.raytecvision.com\/es\/a-propos-de-nous\/raytec-people\/carriere\/"},{"@type":"ListItem","position":5,"name":"Tecnico collaudatore laboratorio elettronico"}]},{"@type":"WebSite","@id":"https:\/\/www.raytecvision.com\/es\/#website","url":"https:\/\/www.raytecvision.com\/es\/","name":"Raytec Vision","description":"Innovation in Sorting Equipment","publisher":{"@id":"https:\/\/www.raytecvision.com\/es\/#organization"},"potentialAction":[{"@type":"SearchAction","target":{"@type":"EntryPoint","urlTemplate":"https:\/\/www.raytecvision.com\/es\/?s={search_term_string}"},"query-input":{"@type":"PropertyValueSpecification","valueRequired":true,"valueName":"search_term_string"}}],"inLanguage":"es"},{"@type":"Organization","@id":"https:\/\/www.raytecvision.com\/es\/#organization","name":"Raytec Vision","url":"https:\/\/www.raytecvision.com\/es\/","logo":{"@type":"ImageObject","inLanguage":"es","@id":"https:\/\/www.raytecvision.com\/es\/#\/schema\/logo\/image\/","url":"","contentUrl":"","caption":"Raytec Vision"},"image":{"@id":"https:\/\/www.raytecvision.com\/es\/#\/schema\/logo\/image\/"},"sameAs":["https:\/\/www.facebook.com\/RaytecVision","https:\/\/x.com\/raytec_sorting","https:\/\/www.linkedin.com\/company\/raytec-vision\/"],"publishingPrinciples":"https:\/\/www.raytecvision.com\/privacy-policy\/","ownershipFundingInfo":"https:\/\/www.raytecvision.com\/chi-siamo-2\/la-nostra-storia\/"}]}},"jetpack_sharing_enabled":true,"_links":{"self":[{"href":"https:\/\/www.raytecvision.com\/es\/wp-json\/wp\/v2\/pages\/5995","targetHints":{"allow":["GET"]}}],"collection":[{"href":"https:\/\/www.raytecvision.com\/es\/wp-json\/wp\/v2\/pages"}],"about":[{"href":"https:\/\/www.raytecvision.com\/es\/wp-json\/wp\/v2\/types\/page"}],"author":[{"embeddable":true,"href":"https:\/\/www.raytecvision.com\/es\/wp-json\/wp\/v2\/users\/2"}],"replies":[{"embeddable":true,"href":"https:\/\/www.raytecvision.com\/es\/wp-json\/wp\/v2\/comments?post=5995"}],"version-history":[{"count":0,"href":"https:\/\/www.raytecvision.com\/es\/wp-json\/wp\/v2\/pages\/5995\/revisions"}],"up":[{"embeddable":true,"href":"https:\/\/www.raytecvision.com\/es\/wp-json\/wp\/v2\/pages\/5697"}],"wp:attachment":[{"href":"https:\/\/www.raytecvision.com\/es\/wp-json\/wp\/v2\/media?parent=5995"}],"curies":[{"name":"wp","href":"https:\/\/api.w.org\/{rel}","templated":true}]}}