{"id":13207,"date":"2021-03-04T11:42:26","date_gmt":"2021-03-04T10:42:26","guid":{"rendered":"https:\/\/www.raytecvision.com\/cookie-policy\/"},"modified":"2023-03-27T15:31:57","modified_gmt":"2023-03-27T14:31:57","slug":"cookie-policy","status":"publish","type":"page","link":"https:\/\/www.raytecvision.com\/fr\/cookie-policy\/","title":{"rendered":"Cookie Policy"},"content":{"rendered":"\r\n<p>La gestion de la propension est la gestion de l\u2019inclinaison ou de la tendance naturelle d\u2019un individu vers certains int\u00e9r\u00eats, produits, besoins, etc. Afin d\u2019adapter nos communications avec vous pour nous assurer que nous r\u00e9pondons \u00e0 vos besoins et que nous ne vous submergeons pas d\u2019informations non souhait\u00e9es, nous utilisons des t\u00e9moins pour g\u00e9rer la propension. Un t\u00e9moin est un fichier d\u2019information stock\u00e9 sur le disque dur de votre ordinateur par votre navigateur. Lorsque vous visitez de nouveau nos sites, notre serveur reconna\u00eet le t\u00e9moin, qui nous donne des informations sur votre derni\u00e8re visite. La plupart des navigateurs acceptent les t\u00e9moins par d\u00e9faut, mais vous pouvez modifier les param\u00e8tres de votre navigateur pour pr\u00e9venir l\u2019acceptation automatique. Si vous pr\u00e9f\u00e9rez ne pas recevoir de t\u00e9moins, vous pouvez d\u00e9sactiver la fonction dans votre navigateur. Vous pourrez toutefois continuer d\u2019utiliser la plupart des caract\u00e9ristiques de notre site.<\/p>\r\n<ol>\r\n<li><strong>Utilisation des t\u00e9moins par ATS<\/strong><\/li>\r\n<\/ol>\r\n<p>La pr\u00e9sente politique en mati\u00e8re de t\u00e9moins d\u00e9crit la mani\u00e8re dont ATS, ses partenaires et ses autres tiers utilisent les t\u00e9moins ou des technologies similaires (telles que les pixels espions, les pixels invisibles, les GIF invisibles, JavaScript et le stockage local). Dans la pr\u00e9sente politique, nous faisons r\u00e9f\u00e9rence aux t\u00e9moins et autres technologies similaires en utilisant l\u2019expression \u00ab\u00a0t\u00e9moins\u00a0\u00bb. Nous pr\u00e9sentons aussi les diverses options \u00e0 votre disposition concernant ces t\u00e9moins. La pr\u00e9sente politique couvre l\u2019utilisation par ATS des t\u00e9moins pouvant \u00eatre employ\u00e9s en relation avec les sites Web (y compris les sites et applications mobiles) d\u00e9tenus et contr\u00f4l\u00e9s par ATS (les \u00ab\u00a0sites\u00a0\u00bb).<\/p>\r\n<p>Dans certains cas, nous pouvons avoir recours \u00e0 des t\u00e9moins pour recueillir des renseignements qui sont d\u00e9finis comme \u00e9tant des donn\u00e9es personnelles, ou qui peuvent devenir des donn\u00e9es personnelles s\u2019ils sont combin\u00e9s \u00e0 d\u2019autres renseignements. Dans de tels cas, la Politique en mati\u00e8re de donn\u00e9es \u00e9lectroniques de l\u2019entreprise s\u2019appliquera en plus de la pr\u00e9sente politique en mati\u00e8re de t\u00e9moins.<\/p>\r\n<ol start=\"2\">\r\n<li><strong>Que sont les t\u00e9moins?<\/strong><\/li>\r\n<\/ol>\r\n<p>Les t\u00e9moins sont de petits fichiers, g\u00e9n\u00e9ralement compos\u00e9s de lettres et de chiffres, plac\u00e9s dans votre ordinateur, tablette, t\u00e9l\u00e9phone ou autre appareil similaire, lorsque vous utilisez cet appareil pour visiter un site Web. Les t\u00e9moins sont largement utilis\u00e9s par les propri\u00e9taires de sites Web afin de faire fonctionner leurs sites plus efficacement et leur fournir des donn\u00e9es analytiques.<\/p>\r\n<p>Voici les divers types de t\u00e9moins que nous et nos fournisseurs de services pouvons utiliser sur nos sites\u00a0:<\/p>\r\n<ul>\r\n<li><strong>T\u00e9moins strictement n\u00e9cessaires.<\/strong>\u00a0Ces t\u00e9moins sont n\u00e9cessaires au fonctionnement de nos sites (par exemple, pour vous permettre de vous connecter \u00e0 des zones s\u00e9curis\u00e9es de notre site Web). Ils vous permettent de naviguer sur les sites et d\u2019utiliser leurs fonctionnalit\u00e9s. La d\u00e9sactivation de ces t\u00e9moins entravera le fonctionnement des sites et peut rendre indisponibles certaines fonctions et certains services.<\/li>\r\n<li><strong>T\u00e9moins analytiques et de rendement.<\/strong>\u00a0Ces t\u00e9moins nous permettent d\u2019analyser les activit\u00e9s sur nos sites et sur d\u2019autres sites o\u00f9 nous publions du contenu afin d\u2019am\u00e9liorer et d\u2019optimiser le fonctionnement de nos sites. Par exemple, nous pouvons utiliser ce type de t\u00e9moins pour faire en sorte que les visiteurs puissent trouver facilement les renseignements qu\u2019ils recherchent sur nos sites. L\u2019une des fa\u00e7ons d\u2019y parvenir est de compter le nombre de visiteurs et de voir comment ils se d\u00e9placent sur nos sites lorsqu\u2019ils les utilisent. Les t\u00e9moins analytiques nous aident \u00e9galement \u00e0 mesurer le rendement de nos campagnes publicitaires afin de nous aider \u00e0 am\u00e9liorer nos campagnes et \u00e0 optimiser le contenu de nos sites pour les personnes qui r\u00e9agissent \u00e0 notre publicit\u00e9.<\/li>\r\n<li><strong>T\u00e9moins de fonctionnalit\u00e9.<\/strong>\u00a0Ces t\u00e9moins servent \u00e0 vous reconna\u00eetre lorsque vous visitez de nouveau nos sites. Cela nous permet de personnaliser notre contenu pour vous, de vous saluer par votre nom et de nous souvenir de vos pr\u00e9f\u00e9rences (par exemple, votre choix de langue ou de r\u00e9gion).<\/li>\r\n<li><strong>T\u00e9moins publicitaires.<\/strong>\u00a0Ces t\u00e9moins enregistrent vos activit\u00e9s en ligne, y compris vos visites sur nos sites, les pages que vous avez visit\u00e9es et les liens et publicit\u00e9s sur lesquels vous avez cliqu\u00e9. Cela permet notamment de rendre le contenu affich\u00e9 sur nos sites plus pertinent pour vous. Un autre objectif est de nous permettre, ainsi qu\u2019\u00e0 nos fournisseurs de services, de vous proposer des publicit\u00e9s ou d\u2019autres communications con\u00e7ues pour \u00eatre plus pertinentes par rapport \u00e0 vos int\u00e9r\u00eats apparents. (Lorsque nous et nos fournisseurs de services le faisons, cela implique \u00e9galement des partenaires tels que des \u00e9diteurs, des plateformes de gestion des donn\u00e9es et des plateformes c\u00f4t\u00e9 demande qui aident \u00e0 g\u00e9rer les donn\u00e9es). Par exemple, si vous consultez une page sur l\u2019un de nos sites, nous pouvons faire en sorte qu\u2019une publicit\u00e9 vous soit adress\u00e9e, sur nos sites ou sur d\u2019autres sites, pour les produits mentionn\u00e9s sur cette page ou pour des produits et services similaires. Nous et nos fournisseurs de services et partenaires pouvons \u00e9galement ajouter d\u2019autres donn\u00e9es aux renseignements recueillis par ces t\u00e9moins, y compris des renseignements obtenus aupr\u00e8s de tiers, et partager ces renseignements avec des tiers dans le but de vous proposer des publicit\u00e9s.<\/li>\r\n<\/ul>\r\n<ol start=\"3\">\r\n<li><strong>Comment ATS collecte-t-elle et utilise-t-elle d\u2019autres renseignements?<\/strong><\/li>\r\n<\/ol>\r\n<p>Nous et nos fournisseurs de services pouvons utiliser des t\u00e9moins \u00e0 des fins diverses, notamment pour\u00a0:<\/p>\r\n<ul>\r\n<li>nous aider nous et des tiers \u00e0 obtenir des renseignements concernant vos visites sur nos sites;<\/li>\r\n<li>traiter vos commandes;<\/li>\r\n<li>analyser vos habitudes de visite afin d\u2019am\u00e9liorer nos sites;<\/li>\r\n<li>diffuser des publicit\u00e9s, des communications, des \u00e9l\u00e9ments sociaux et du contenu de notre part et de celle de tiers, sur nos sites et ceux de tiers, en fonction de vos int\u00e9r\u00eats;<\/li>\r\n<li>nous souvenir de votre langue et de votre r\u00e9gion;<\/li>\r\n<li>vous aider \u00e0 trouver les renseignements que vous cherchez;<\/li>\r\n<li>fournir un service s\u00fbr et s\u00e9curitaire pour les transactions en ligne;<\/li>\r\n<li>mesurer le nombre de personnes qui utilisent nos sites et comment elles les utilisent, afin d\u2019assurer le fonctionnement efficace de nos sites et de mieux comprendre l\u2019audience de nos sites;<\/li>\r\n<li>Si vous vous inscrivez sur l\u2019un de nos sites ou si vous nous fournissez autrement vos renseignements personnels, nous pouvons associer ces renseignements \u00e0 d\u2019autres renseignements que nous recueillons aupr\u00e8s de vous ou \u00e0 votre sujet ou que vous fournissez, \u00e0 des renseignements concernant votre utilisation de nos sites ou \u00e0 des renseignements que nous recevons de tiers ou \u00e0 votre sujet. Nous utiliserons ces donn\u00e9es combin\u00e9es \u00e0 des fins de marketing et d\u2019analyse.<\/li>\r\n<\/ul>\r\n<ol start=\"4\">\r\n<li><strong>Combien de temps les t\u00e9moins demeurent-ils dans les appareils?<\/strong><\/li>\r\n<\/ol>\r\n<p>Certains de nos t\u00e9moins fonctionnent \u00e0 partir du moment o\u00f9 vous visitez un service ATS jusqu\u2019\u00e0 la fin de cette session de navigation sur Internet. Ces t\u00e9moins expirent et sont automatiquement supprim\u00e9s d\u00e8s que vous fermez votre navigateur. Ces t\u00e9moins sont appel\u00e9s t\u00e9moins volatils.<\/p>\r\n<p>Certains t\u00e9moins demeurent dans votre appareil entre les sessions de navigation. Ils n\u2019expirent pas quand vous fermez votre navigateur. Ces t\u00e9moins sont appel\u00e9s t\u00e9moins persistants. La dur\u00e9e pendant laquelle un t\u00e9moin persistant demeure dans votre appareil varie d\u2019un t\u00e9moin \u00e0 l\u2019autre. Nous et d\u2019autres utilisons des t\u00e9moins persistants \u00e0 des fins diverses, notamment pour enregistrer vos pr\u00e9f\u00e9rences afin qu\u2019elles soient disponibles lors de votre prochaine visite, et pour tenir un compte plus pr\u00e9cis de la fr\u00e9quence de vos visites sur nos sites, de la fr\u00e9quence de vos retours, de la fa\u00e7on dont votre utilisation des sites peut varier dans le temps et de l\u2019efficacit\u00e9 des campagnes publicitaires.<\/p>\r\n<ol start=\"5\">\r\n<li><strong>Qui place les t\u00e9moins dans les appareils?<\/strong><\/li>\r\n<\/ol>\r\n<p>Des t\u00e9moins peuvent \u00eatre plac\u00e9s dans votre appareil par ATS en tant qu\u2019exploitant du site. Ces t\u00e9moins sont appel\u00e9s \u00ab\u00a0t\u00e9moins de premi\u00e8re partie\u00a0\u00bb.\u00a0 Certains t\u00e9moins peuvent \u00eatre plac\u00e9s dans votre appareil par un tiers autre qu\u2019ATS. Ces t\u00e9moins sont appel\u00e9s \u00ab\u00a0t\u00e9moins de tiers\u00a0\u00bb. Par exemple, un partenaire d\u2019ATS peut placer un t\u00e9moin de tiers pour activer les services de clavardage en ligne.<\/p>\r\n<p>Des t\u00e9moins peuvent \u00e9galement \u00eatre utilis\u00e9s pour nous permettre, ainsi qu\u2019\u00e0 des tiers, de savoir quand vous visitez nos sites et de comprendre comment vous interagissez avec les courriels, les publicit\u00e9s ou d\u2019autres contenus. Gr\u00e2ce aux t\u00e9moins, des renseignements globaux et d\u2019autres renseignements qui ne sont pas consid\u00e9r\u00e9s comme des donn\u00e9es personnelles (comme votre syst\u00e8me d\u2019exploitation, la version de votre navigateur et l\u2019URL d\u2019o\u00f9 vous venez, y compris dans des courriers \u00e9lectroniques et des publicit\u00e9s) peuvent \u00eatre obtenus et utilis\u00e9s pour am\u00e9liorer votre exp\u00e9rience et comprendre les habitudes de transmission. Cette technologie compte le nombre d\u2019utilisateurs qui visitent un service particulier \u00e0 partir de banni\u00e8res publicitaires sp\u00e9cifiques en dehors du site d\u2019ATS ou qui ont cliqu\u00e9 sur des liens ou des graphiques inclus dans des bulletins d&rsquo;information \u00e9lectroniques re\u00e7us d\u2019ATS. Elle est \u00e9galement utilis\u00e9e comme outil pour compiler des statistiques globales sur la fa\u00e7on dont les sites d\u2019ATS sont utilis\u00e9s, pour effectuer des analyses et nous aider \u00e0 optimiser nos sites, et pour vous proposer des publicit\u00e9s en fonction de vos int\u00e9r\u00eats, comme nous le d\u00e9crivons plus en d\u00e9tail ci-dessous.<\/p>\r\n<ol start=\"6\">\r\n<li><strong>Comment ATS utilise-t-elle la publicit\u00e9 en ligne et mobile?<\/strong><\/li>\r\n<\/ol>\r\n<p>Nous et des tiers, y compris des partenaires technologiques et des fournisseurs de services, pratiquons la publicit\u00e9 bas\u00e9e sur les centres d\u2019int\u00e9r\u00eat pour diffuser des publicit\u00e9s et des contenus personnalis\u00e9s qui, selon nous et d\u2019autres annonceurs, sont susceptibles de vous int\u00e9resser. Dans la mesure o\u00f9 des fournisseurs tiers utilisent des t\u00e9moins pour fournir ces services \u00e0 ATS, ATS ne contr\u00f4le pas l\u2019utilisation de cette technologie ni les informations qui en r\u00e9sultent et n\u2019est pas responsable des actions ou politiques de ces tiers.<\/p>\r\n<p>Des publicit\u00e9s peuvent vous \u00eatre diffus\u00e9es en fonction de votre comportement en ligne ou sur appareil mobile (sur les sites appartenant ATS comme les sites n\u2019appartenant pas ATS), de votre activit\u00e9 de recherche, de votre r\u00e9action \u00e0 l\u2019une de nos publicit\u00e9s ou \u00e0 l\u2019un de nos courriels, des pages que vous visitez, de votre situation g\u00e9ographique g\u00e9n\u00e9rale ou d\u2019autres informations. Ces publicit\u00e9s peuvent appara\u00eetre sur nos sites comme sur les sites de tiers.<\/p>\r\n<ol start=\"7\">\r\n<li><strong>Comment puis-je g\u00e9rer les t\u00e9moins?<\/strong><\/li>\r\n<\/ol>\r\n<p>Vous pouvez choisir d\u2019accepter ou non les t\u00e9moins.\u00a0 ATS se conforme \u00e0 toutes les lois applicables en mati\u00e8re de protection des donn\u00e9es, y compris, sans s\u2019y limiter, le RGPD de l\u2019UE, et \u00e0 toutes les r\u00e9glementations mondiales applicables li\u00e9es \u00e0 l\u2019utilisation des t\u00e9moins. L\u00e0 o\u00f9 la l\u00e9gislation locale l\u2019exige, il est demand\u00e9 aux visiteurs de nos sites s\u2019ils souhaitent ou non que des t\u00e9moins soient plac\u00e9s dans leur navigateur. Si vous choisissez de ne pas faire placer de t\u00e9moins dans votre appareil, ATS se conformera \u00e0 votre refus et aucun t\u00e9moin que nous contr\u00f4lons personnellement ne sera plac\u00e9 dans votre appareil. Dans les pays o\u00f9 un consentement explicite n\u2019est pas requis, nous vous offrons la possibilit\u00e9 de vous d\u00e9sengager \u00e0 tout moment; dans le cas contraire, nous placerons des t\u00e9moins dans votre appareil aux fins mentionn\u00e9es ci-dessus.<\/p>\r\n<p>Il est important de savoir qu\u2019ATS adh\u00e8re \u00e0 toutes les r\u00e9glementations applicables en mati\u00e8re de t\u00e9moins et lois sur la protection des donn\u00e9es. Au fur et \u00e0 mesure que les lois sur la protection des donn\u00e9es \u00e9voluent dans le monde, ATS modifie ses politiques, proc\u00e9dures et processus afin de se conformer \u00e0 toutes les lois, r\u00e9glementations et directives pertinentes.<\/p>\r\n<ol start=\"8\">\r\n<li><strong>Conformit\u00e9 d\u2019ATS aux lois et r\u00e8glements sur les t\u00e9moins<\/strong><\/li>\r\n<\/ol>\r\n<p>ATS s\u2019engage \u00e0 respecter toutes les lois applicables propres \u00e0 chaque pays, quel que soit le lieu o\u00f9 se trouve notre si\u00e8ge social. Nous prenons la confidentialit\u00e9 de nos employ\u00e9s, clients, clients potentiels, fournisseurs, partenaires et visiteurs de nos sites tr\u00e8s au s\u00e9rieux et veillons \u00e0 mettre en \u0153uvre les politiques, proc\u00e9dures et processus n\u00e9cessaires pour nous assurer de respecter nos obligations l\u00e9gales et de prot\u00e9ger la confidentialit\u00e9 de toutes les personnes concern\u00e9es. L\u00e0 o\u00f9 la loi l\u2019exige, nous vous demandons votre consentement avant de placer des t\u00e9moins dans votre appareil. Si les lois locales n\u2019exigent pas un consentement explicite, nous vous offrons la possibilit\u00e9 de refuser. Toutefois, nous placerons des t\u00e9moins dans votre appareil jusqu\u2019\u00e0 ce que vous les refusiez.<\/p>\r\n<ol start=\"9\">\r\n<li><strong>Confidentialit\u00e9 \u00e0 ATS<\/strong><\/li>\r\n<\/ol>\r\n<p>ATS s\u2019engage \u00e0 respecter la confidentialit\u00e9. Pour en savoir plus \u00e0 propos de l\u2019approche d\u2019ATS en mati\u00e8re de confidentialit\u00e9, veuillez consulter notre politique mondiale en mati\u00e8re de confidentialit\u00e9 ou nous \u00e9crire \u00e0 <u>privacy@atsautomation.com<\/u>.<\/p>\r\n<ol start=\"10\">\r\n<li><strong>Communiquer avec nous<\/strong><\/li>\r\n<\/ol>\r\n<p>Si vous avez des questions sur la fa\u00e7on dont ATS utilise les t\u00e9moins, veuillez nous envoyer un courriel \u00e0\u00a0<a href=\"mailto:privacy@atsautomation.com\">privacy@atsautomation.com<\/a>. Veuillez inclure vos coordonn\u00e9es, le nom du site ou du service d\u2019ATS concern\u00e9 et une description d\u00e9taill\u00e9e de votre demande ou de votre pr\u00e9occupation concernant les t\u00e9moins.<\/p>\r\n<p><strong>\u00a0<\/strong><strong>ATS Automation Tooling Systems Inc.<\/strong><\/p>\r\n<p><strong>\u00c0 l\u2019attention de\u00a0: Conformit\u00e9 d\u2019entreprise<\/strong><\/p>\r\n<p><strong>730 Fountain Street North, Building #3<\/strong><\/p>\r\n<p><strong>Cambridge, Ontario, Canada<\/strong> <strong>N3H 4R7<\/strong><\/p>\r\n<p>Nous pourrions modifier la pr\u00e9sente politique en tout temps. Toute modification apport\u00e9e \u00e0 la pr\u00e9sente politique entrera en vigueur une fois la politique modifi\u00e9e accessible sur ce site ou par le biais de celui-ci.<\/p>\r\n","protected":false},"excerpt":{"rendered":"<p>La gestion de la propension est la gestion de l\u2019inclinaison ou de la tendance naturelle d\u2019un individu vers certains int\u00e9r\u00eats, produits, besoins, etc. Afin d\u2019adapter nos communications avec vous pour nous assurer que nous r\u00e9pondons \u00e0 vos besoins et que nous ne vous submergeons pas d\u2019informations non souhait\u00e9es, nous utilisons<\/p>\n","protected":false},"author":3,"featured_media":0,"parent":0,"menu_order":0,"comment_status":"closed","ping_status":"closed","template":"","meta":{"inline_featured_image":false,"footnotes":""},"class_list":["post-13207","page","type-page","status-publish","hentry"],"yoast_head":"<!-- This site is optimized with the Yoast SEO Premium plugin v26.8 (Yoast SEO v26.8) - https:\/\/yoast.com\/product\/yoast-seo-premium-wordpress\/ -->\n<title>Cookie Policy - Raytec Vision<\/title>\n<meta name=\"robots\" content=\"index, nofollow, max-snippet:-1, max-image-preview:large, max-video-preview:-1\" \/>\n<link rel=\"canonical\" href=\"https:\/\/www.raytecvision.com\/fr\/cookie-policy\/\" \/>\n<meta property=\"og:locale\" content=\"fr_FR\" \/>\n<meta property=\"og:type\" content=\"article\" \/>\n<meta property=\"og:title\" content=\"Cookie Policy\" \/>\n<meta property=\"og:description\" content=\"La gestion de la propension est la gestion de l\u2019inclinaison ou de la tendance naturelle d\u2019un individu vers certains int\u00e9r\u00eats, produits, besoins, etc. Afin d\u2019adapter nos communications avec vous pour nous assurer que nous r\u00e9pondons \u00e0 vos besoins et que nous ne vous submergeons pas d\u2019informations non souhait\u00e9es, nous utilisons\" \/>\n<meta property=\"og:url\" content=\"https:\/\/www.raytecvision.com\/fr\/cookie-policy\/\" \/>\n<meta property=\"og:site_name\" content=\"Raytec Vision\" \/>\n<meta property=\"article:publisher\" content=\"https:\/\/www.facebook.com\/RaytecVision\" \/>\n<meta property=\"article:modified_time\" content=\"2023-03-27T14:31:57+00:00\" \/>\n<meta name=\"twitter:card\" content=\"summary_large_image\" \/>\n<meta name=\"twitter:site\" content=\"@raytec_sorting\" \/>\n<meta name=\"twitter:label1\" content=\"Dur\u00e9e de lecture estim\u00e9e\" \/>\n\t<meta name=\"twitter:data1\" content=\"12 minutes\" \/>\n<script type=\"application\/ld+json\" class=\"yoast-schema-graph\">{\"@context\":\"https:\/\/schema.org\",\"@graph\":[{\"@type\":\"WebPage\",\"@id\":\"https:\/\/www.raytecvision.com\/fr\/cookie-policy\/\",\"url\":\"https:\/\/www.raytecvision.com\/fr\/cookie-policy\/\",\"name\":\"Cookie Policy - Raytec Vision\",\"isPartOf\":{\"@id\":\"https:\/\/www.raytecvision.com\/fr\/#website\"},\"datePublished\":\"2021-03-04T10:42:26+00:00\",\"dateModified\":\"2023-03-27T14:31:57+00:00\",\"breadcrumb\":{\"@id\":\"https:\/\/www.raytecvision.com\/fr\/cookie-policy\/#breadcrumb\"},\"inLanguage\":\"fr-FR\",\"potentialAction\":[{\"@type\":\"ReadAction\",\"target\":[\"https:\/\/www.raytecvision.com\/fr\/cookie-policy\/\"]}]},{\"@type\":\"BreadcrumbList\",\"@id\":\"https:\/\/www.raytecvision.com\/fr\/cookie-policy\/#breadcrumb\",\"itemListElement\":[{\"@type\":\"ListItem\",\"position\":1,\"name\":\"Home\",\"item\":\"https:\/\/www.raytecvision.com\/fr\/\"},{\"@type\":\"ListItem\",\"position\":2,\"name\":\"Cookie Policy\"}]},{\"@type\":\"WebSite\",\"@id\":\"https:\/\/www.raytecvision.com\/fr\/#website\",\"url\":\"https:\/\/www.raytecvision.com\/fr\/\",\"name\":\"Raytec Vision\",\"description\":\"Innovation in Sorting Equipment\",\"publisher\":{\"@id\":\"https:\/\/www.raytecvision.com\/fr\/#organization\"},\"potentialAction\":[{\"@type\":\"SearchAction\",\"target\":{\"@type\":\"EntryPoint\",\"urlTemplate\":\"https:\/\/www.raytecvision.com\/fr\/?s={search_term_string}\"},\"query-input\":{\"@type\":\"PropertyValueSpecification\",\"valueRequired\":true,\"valueName\":\"search_term_string\"}}],\"inLanguage\":\"fr-FR\"},{\"@type\":\"Organization\",\"@id\":\"https:\/\/www.raytecvision.com\/fr\/#organization\",\"name\":\"Raytec Vision\",\"url\":\"https:\/\/www.raytecvision.com\/fr\/\",\"logo\":{\"@type\":\"ImageObject\",\"inLanguage\":\"fr-FR\",\"@id\":\"https:\/\/www.raytecvision.com\/fr\/#\/schema\/logo\/image\/\",\"url\":\"\",\"contentUrl\":\"\",\"caption\":\"Raytec Vision\"},\"image\":{\"@id\":\"https:\/\/www.raytecvision.com\/fr\/#\/schema\/logo\/image\/\"},\"sameAs\":[\"https:\/\/www.facebook.com\/RaytecVision\",\"https:\/\/x.com\/raytec_sorting\",\"https:\/\/www.linkedin.com\/company\/raytec-vision\/\"],\"publishingPrinciples\":\"https:\/\/www.raytecvision.com\/privacy-policy\/\",\"ownershipFundingInfo\":\"https:\/\/www.raytecvision.com\/chi-siamo-2\/la-nostra-storia\/\"}]}<\/script>\n<!-- \/ Yoast SEO Premium plugin. -->","yoast_head_json":{"title":"Cookie Policy - Raytec Vision","robots":{"index":"index","follow":"nofollow","max-snippet":"max-snippet:-1","max-image-preview":"max-image-preview:large","max-video-preview":"max-video-preview:-1"},"canonical":"https:\/\/www.raytecvision.com\/fr\/cookie-policy\/","og_locale":"fr_FR","og_type":"article","og_title":"Cookie Policy","og_description":"La gestion de la propension est la gestion de l\u2019inclinaison ou de la tendance naturelle d\u2019un individu vers certains int\u00e9r\u00eats, produits, besoins, etc. Afin d\u2019adapter nos communications avec vous pour nous assurer que nous r\u00e9pondons \u00e0 vos besoins et que nous ne vous submergeons pas d\u2019informations non souhait\u00e9es, nous utilisons","og_url":"https:\/\/www.raytecvision.com\/fr\/cookie-policy\/","og_site_name":"Raytec Vision","article_publisher":"https:\/\/www.facebook.com\/RaytecVision","article_modified_time":"2023-03-27T14:31:57+00:00","twitter_card":"summary_large_image","twitter_site":"@raytec_sorting","twitter_misc":{"Dur\u00e9e de lecture estim\u00e9e":"12 minutes"},"schema":{"@context":"https:\/\/schema.org","@graph":[{"@type":"WebPage","@id":"https:\/\/www.raytecvision.com\/fr\/cookie-policy\/","url":"https:\/\/www.raytecvision.com\/fr\/cookie-policy\/","name":"Cookie Policy - Raytec Vision","isPartOf":{"@id":"https:\/\/www.raytecvision.com\/fr\/#website"},"datePublished":"2021-03-04T10:42:26+00:00","dateModified":"2023-03-27T14:31:57+00:00","breadcrumb":{"@id":"https:\/\/www.raytecvision.com\/fr\/cookie-policy\/#breadcrumb"},"inLanguage":"fr-FR","potentialAction":[{"@type":"ReadAction","target":["https:\/\/www.raytecvision.com\/fr\/cookie-policy\/"]}]},{"@type":"BreadcrumbList","@id":"https:\/\/www.raytecvision.com\/fr\/cookie-policy\/#breadcrumb","itemListElement":[{"@type":"ListItem","position":1,"name":"Home","item":"https:\/\/www.raytecvision.com\/fr\/"},{"@type":"ListItem","position":2,"name":"Cookie Policy"}]},{"@type":"WebSite","@id":"https:\/\/www.raytecvision.com\/fr\/#website","url":"https:\/\/www.raytecvision.com\/fr\/","name":"Raytec Vision","description":"Innovation in Sorting Equipment","publisher":{"@id":"https:\/\/www.raytecvision.com\/fr\/#organization"},"potentialAction":[{"@type":"SearchAction","target":{"@type":"EntryPoint","urlTemplate":"https:\/\/www.raytecvision.com\/fr\/?s={search_term_string}"},"query-input":{"@type":"PropertyValueSpecification","valueRequired":true,"valueName":"search_term_string"}}],"inLanguage":"fr-FR"},{"@type":"Organization","@id":"https:\/\/www.raytecvision.com\/fr\/#organization","name":"Raytec Vision","url":"https:\/\/www.raytecvision.com\/fr\/","logo":{"@type":"ImageObject","inLanguage":"fr-FR","@id":"https:\/\/www.raytecvision.com\/fr\/#\/schema\/logo\/image\/","url":"","contentUrl":"","caption":"Raytec Vision"},"image":{"@id":"https:\/\/www.raytecvision.com\/fr\/#\/schema\/logo\/image\/"},"sameAs":["https:\/\/www.facebook.com\/RaytecVision","https:\/\/x.com\/raytec_sorting","https:\/\/www.linkedin.com\/company\/raytec-vision\/"],"publishingPrinciples":"https:\/\/www.raytecvision.com\/privacy-policy\/","ownershipFundingInfo":"https:\/\/www.raytecvision.com\/chi-siamo-2\/la-nostra-storia\/"}]}},"jetpack_sharing_enabled":true,"_links":{"self":[{"href":"https:\/\/www.raytecvision.com\/fr\/wp-json\/wp\/v2\/pages\/13207","targetHints":{"allow":["GET"]}}],"collection":[{"href":"https:\/\/www.raytecvision.com\/fr\/wp-json\/wp\/v2\/pages"}],"about":[{"href":"https:\/\/www.raytecvision.com\/fr\/wp-json\/wp\/v2\/types\/page"}],"author":[{"embeddable":true,"href":"https:\/\/www.raytecvision.com\/fr\/wp-json\/wp\/v2\/users\/3"}],"replies":[{"embeddable":true,"href":"https:\/\/www.raytecvision.com\/fr\/wp-json\/wp\/v2\/comments?post=13207"}],"version-history":[{"count":2,"href":"https:\/\/www.raytecvision.com\/fr\/wp-json\/wp\/v2\/pages\/13207\/revisions"}],"predecessor-version":[{"id":23541,"href":"https:\/\/www.raytecvision.com\/fr\/wp-json\/wp\/v2\/pages\/13207\/revisions\/23541"}],"wp:attachment":[{"href":"https:\/\/www.raytecvision.com\/fr\/wp-json\/wp\/v2\/media?parent=13207"}],"curies":[{"name":"wp","href":"https:\/\/api.w.org\/{rel}","templated":true}]}}