{"id":20561,"date":"2021-08-06T15:29:47","date_gmt":"2021-08-06T14:29:47","guid":{"rendered":"https:\/\/www.raytecvision.com\/macchine-ispezionatrici-raggi-x-alimentari\/"},"modified":"2024-07-11T14:54:06","modified_gmt":"2024-07-11T13:54:06","slug":"machines-rayons-x","status":"publish","type":"page","link":"https:\/\/www.raytecvision.com\/fr\/machines-rayons-x\/","title":{"rendered":"Machines \u00e0 rayons X"},"content":{"rendered":"\t\t<div data-elementor-type=\"wp-page\" data-elementor-id=\"20561\" class=\"elementor elementor-20561\">\n\t\t\t\t\t\t<div class=\"elementor-inner\">\n\t\t\t\t<div class=\"elementor-section-wrap\">\n\t\t\t\t\t\t\t\t\t<section class=\"elementor-section elementor-top-section elementor-element elementor-element-06e4042 elementor-section-boxed elementor-section-height-default elementor-section-height-default\" data-id=\"06e4042\" data-element_type=\"section\">\n\t\t\t\t\t\t<div class=\"elementor-container elementor-column-gap-default\">\n\t\t\t\t\t\t\t<div class=\"elementor-row\">\n\t\t\t\t\t<div class=\"elementor-column elementor-col-100 elementor-top-column elementor-element elementor-element-70154ad\" data-id=\"70154ad\" data-element_type=\"column\">\n\t\t\t<div class=\"elementor-column-wrap elementor-element-populated\">\n\t\t\t\t\t\t\t<div class=\"elementor-widget-wrap\">\n\t\t\t\t\t\t<div class=\"elementor-element elementor-element-005272c elementor-widget elementor-widget-text-editor\" data-id=\"005272c\" data-element_type=\"widget\" data-widget_type=\"text-editor.default\">\n\t\t\t\t<div class=\"elementor-widget-container\">\n\t\t\t\t\t\t\t\t<div class=\"elementor-text-editor elementor-clearfix\">\n\t\t\t\t<p>Les trieuses optiques produites par Raytec Vision combinent la technologie de vision la plus avanc\u00e9e avec une conception m\u00e9canique ergonomique pour s&rsquo;adapter aux besoins des lignes de transformation alimentaire<\/p>\t\t\t\t\t<\/div>\n\t\t\t\t\t\t<\/div>\n\t\t\t\t<\/div>\n\t\t\t\t\t\t<\/div>\n\t\t\t\t\t<\/div>\n\t\t<\/div>\n\t\t\t\t\t\t\t\t<\/div>\n\t\t\t\t\t<\/div>\n\t\t<\/section>\n\t\t\t\t<section class=\"elementor-section elementor-top-section elementor-element elementor-element-d6eb2a3 elementor-section-boxed elementor-section-height-default elementor-section-height-default\" data-id=\"d6eb2a3\" data-element_type=\"section\">\n\t\t\t\t\t\t<div class=\"elementor-container elementor-column-gap-default\">\n\t\t\t\t\t\t\t<div class=\"elementor-row\">\n\t\t\t\t\t<div class=\"elementor-column elementor-col-33 elementor-top-column elementor-element elementor-element-cd494ee\" data-id=\"cd494ee\" data-element_type=\"column\">\n\t\t\t<div class=\"elementor-column-wrap elementor-element-populated\">\n\t\t\t\t\t\t\t<div class=\"elementor-widget-wrap\">\n\t\t\t\t\t\t<div class=\"elementor-element elementor-element-9be1976 elementor-widget elementor-widget-image\" data-id=\"9be1976\" data-element_type=\"widget\" data-widget_type=\"image.default\">\n\t\t\t\t<div class=\"elementor-widget-container\">\n\t\t\t\t\t\t\t\t<div class=\"elementor-image\">\n\t\t\t\t\t\t\t\t\t\t\t\t\t<a href=\"https:\/\/www.raytecvision.com\/fr\/machines-rayons-x\/raybox\/\">\n\t\t\t\t\t\t\t<img decoding=\"async\" src=\"https:\/\/www.raytecvision.com\/wp-content\/uploads\/sites\/50\/2022\/04\/raybox-pag-inspecting.jpg?w=516\" title=\"raybox-pag-inspecting\" alt=\"raybox-pag-inspecting\" loading=\"lazy\" \/>\t\t\t\t\t\t\t\t<\/a>\n\t\t\t\t\t\t\t\t\t\t\t\t\t\t<\/div>\n\t\t\t\t\t\t<\/div>\n\t\t\t\t<\/div>\n\t\t\t\t\t\t<\/div>\n\t\t\t\t\t<\/div>\n\t\t<\/div>\n\t\t\t\t<div class=\"elementor-column elementor-col-33 elementor-top-column elementor-element elementor-element-682abcc\" data-id=\"682abcc\" data-element_type=\"column\">\n\t\t\t<div class=\"elementor-column-wrap\">\n\t\t\t\t\t\t\t<div class=\"elementor-widget-wrap\">\n\t\t\t\t\t\t\t\t<\/div>\n\t\t\t\t\t<\/div>\n\t\t<\/div>\n\t\t\t\t<div class=\"elementor-column elementor-col-33 elementor-top-column elementor-element elementor-element-f1a5fa3\" data-id=\"f1a5fa3\" data-element_type=\"column\">\n\t\t\t<div class=\"elementor-column-wrap\">\n\t\t\t\t\t\t\t<div class=\"elementor-widget-wrap\">\n\t\t\t\t\t\t\t\t<\/div>\n\t\t\t\t\t<\/div>\n\t\t<\/div>\n\t\t\t\t\t\t\t\t<\/div>\n\t\t\t\t\t<\/div>\n\t\t<\/section>\n\t\t\t\t<section class=\"elementor-section elementor-top-section elementor-element elementor-element-ee6d543 elementor-section-stretched elementor-section-boxed elementor-section-height-default elementor-section-height-default\" data-id=\"ee6d543\" data-element_type=\"section\" data-settings=\"{&quot;stretch_section&quot;:&quot;section-stretched&quot;,&quot;background_background&quot;:&quot;classic&quot;}\">\n\t\t\t\t\t\t<div class=\"elementor-container elementor-column-gap-default\">\n\t\t\t\t\t\t\t<div class=\"elementor-row\">\n\t\t\t\t\t<div class=\"elementor-column elementor-col-50 elementor-top-column elementor-element elementor-element-16d5a9a\" data-id=\"16d5a9a\" data-element_type=\"column\">\n\t\t\t<div class=\"elementor-column-wrap elementor-element-populated\">\n\t\t\t\t\t\t\t<div class=\"elementor-widget-wrap\">\n\t\t\t\t\t\t<div class=\"elementor-element elementor-element-bad3e7a elementor-widget elementor-widget-heading\" data-id=\"bad3e7a\" data-element_type=\"widget\" data-widget_type=\"heading.default\">\n\t\t\t\t<div class=\"elementor-widget-container\">\n\t\t\t<h2 class=\"elementor-heading-title elementor-size-default\">Demande d'information<\/h2>\t\t<\/div>\n\t\t\t\t<\/div>\n\t\t\t\t<div class=\"elementor-element elementor-element-53de519 elementor-widget-divider--view-line elementor-widget elementor-widget-divider\" data-id=\"53de519\" data-element_type=\"widget\" data-widget_type=\"divider.default\">\n\t\t\t\t<div class=\"elementor-widget-container\">\n\t\t\t\t\t<div class=\"elementor-divider\">\n\t\t\t<span class=\"elementor-divider-separator\">\n\t\t\t\t\t\t<\/span>\n\t\t<\/div>\n\t\t\t\t<\/div>\n\t\t\t\t<\/div>\n\t\t\t\t<div class=\"elementor-element elementor-element-c6852f5 elementor-widget elementor-widget-text-editor\" data-id=\"c6852f5\" data-element_type=\"widget\" data-widget_type=\"text-editor.default\">\n\t\t\t\t<div class=\"elementor-widget-container\">\n\t\t\t\t\t\t\t\t<div class=\"elementor-text-editor elementor-clearfix\">\n\t\t\t\t<div class=\"sub-heading\"><div class=\"sub-heading\">\u00c9crivez pour demander des informations ou un devis gratuit<\/div><\/div>\t\t\t\t\t<\/div>\n\t\t\t\t\t\t<\/div>\n\t\t\t\t<\/div>\n\t\t\t\t\t\t<\/div>\n\t\t\t\t\t<\/div>\n\t\t<\/div>\n\t\t\t\t<div class=\"elementor-column elementor-col-50 elementor-top-column elementor-element elementor-element-b4ae98f\" data-id=\"b4ae98f\" data-element_type=\"column\">\n\t\t\t<div class=\"elementor-column-wrap elementor-element-populated\">\n\t\t\t\t\t\t\t<div class=\"elementor-widget-wrap\">\n\t\t\t\t\t\t<div class=\"elementor-element elementor-element-33e7160 elementor-align-center elementor-widget elementor-widget-button\" data-id=\"33e7160\" data-element_type=\"widget\" data-widget_type=\"button.default\">\n\t\t\t\t<div class=\"elementor-widget-container\">\n\t\t\t\t\t<div class=\"elementor-button-wrapper\">\n\t\t\t<a class=\"elementor-button elementor-button-link elementor-size-md\" href=\"https:\/\/www.raytecvision.com\/fr\/contacts\/\">\n\t\t\t\t\t\t<span class=\"elementor-button-content-wrapper\">\n\t\t\t\t\t\t<span class=\"elementor-button-text\">Contactez-nous<\/span>\n\t\t<\/span>\n\t\t\t\t\t<\/a>\n\t\t<\/div>\n\t\t\t\t<\/div>\n\t\t\t\t<\/div>\n\t\t\t\t\t\t<\/div>\n\t\t\t\t\t<\/div>\n\t\t<\/div>\n\t\t\t\t\t\t\t\t<\/div>\n\t\t\t\t\t<\/div>\n\t\t<\/section>\n\t\t\t\t\t\t\t\t\t<\/div>\n\t\t\t<\/div>\n\t\t\t\t\t<\/div>\n\t\t","protected":false},"excerpt":{"rendered":"<p>Les trieuses optiques produites par Raytec Vision combinent la technologie de vision la plus avanc\u00e9e avec une conception m\u00e9canique ergonomique pour s&rsquo;adapter aux besoins des lignes de transformation alimentaire Demande d&rsquo;information \u00c9crivez pour demander des informations ou un devis gratuit Contactez-nous<\/p>\n","protected":false},"author":253,"featured_media":0,"parent":0,"menu_order":0,"comment_status":"closed","ping_status":"closed","template":"","meta":{"inline_featured_image":false,"footnotes":""},"class_list":["post-20561","page","type-page","status-publish","hentry"],"yoast_head":"<!-- This site is optimized with the Yoast SEO Premium plugin v26.8 (Yoast SEO v26.8) - https:\/\/yoast.com\/product\/yoast-seo-premium-wordpress\/ -->\n<title>Machines \u00e0 rayons X pour l&#039;inspection alimentaire de Raytec Vision<\/title>\n<meta name=\"description\" content=\"Voyons le Machines \u00e0 rayons X de Raytec Vision pour l&#039;inspection alimentaire. D\u00e9couvrez toute la gamme de produits!\" \/>\n<meta name=\"robots\" content=\"index, follow, max-snippet:-1, max-image-preview:large, max-video-preview:-1\" \/>\n<link rel=\"canonical\" href=\"https:\/\/www.raytecvision.com\/fr\/machines-rayons-x\/\" \/>\n<meta property=\"og:locale\" content=\"fr_FR\" \/>\n<meta property=\"og:type\" content=\"article\" \/>\n<meta property=\"og:title\" content=\"Machines \u00e0 rayons X\" \/>\n<meta property=\"og:description\" content=\"Voyons le Machines \u00e0 rayons X de Raytec Vision pour l&#039;inspection alimentaire. D\u00e9couvrez toute la gamme de produits!\" \/>\n<meta property=\"og:url\" content=\"https:\/\/www.raytecvision.com\/fr\/machines-rayons-x\/\" \/>\n<meta property=\"og:site_name\" content=\"Raytec Vision\" \/>\n<meta property=\"article:publisher\" content=\"https:\/\/www.facebook.com\/RaytecVision\" \/>\n<meta property=\"article:modified_time\" content=\"2024-07-11T13:54:06+00:00\" \/>\n<meta property=\"og:image\" content=\"https:\/\/www.raytecvision.com\/wp-content\/uploads\/sites\/50\/2022\/04\/raybox-pag-inspecting.jpg?w=516\" \/>\n<meta name=\"twitter:card\" content=\"summary_large_image\" \/>\n<meta name=\"twitter:site\" content=\"@raytec_sorting\" \/>\n<meta name=\"twitter:label1\" content=\"Dur\u00e9e de lecture estim\u00e9e\" \/>\n\t<meta name=\"twitter:data1\" content=\"1 minute\" \/>\n<script type=\"application\/ld+json\" class=\"yoast-schema-graph\">{\"@context\":\"https:\/\/schema.org\",\"@graph\":[{\"@type\":\"WebPage\",\"@id\":\"https:\/\/www.raytecvision.com\/fr\/machines-rayons-x\/\",\"url\":\"https:\/\/www.raytecvision.com\/fr\/machines-rayons-x\/\",\"name\":\"Machines \u00e0 rayons X pour l'inspection alimentaire de Raytec Vision\",\"isPartOf\":{\"@id\":\"https:\/\/www.raytecvision.com\/fr\/#website\"},\"primaryImageOfPage\":{\"@id\":\"https:\/\/www.raytecvision.com\/fr\/machines-rayons-x\/#primaryimage\"},\"image\":{\"@id\":\"https:\/\/www.raytecvision.com\/fr\/machines-rayons-x\/#primaryimage\"},\"thumbnailUrl\":\"https:\/\/www.raytecvision.com\/wp-content\/uploads\/sites\/50\/2022\/04\/raybox-pag-inspecting.jpg?w=516\",\"datePublished\":\"2021-08-06T14:29:47+00:00\",\"dateModified\":\"2024-07-11T13:54:06+00:00\",\"description\":\"Voyons le Machines \u00e0 rayons X de Raytec Vision pour l'inspection alimentaire. D\u00e9couvrez toute la gamme de produits!\",\"breadcrumb\":{\"@id\":\"https:\/\/www.raytecvision.com\/fr\/machines-rayons-x\/#breadcrumb\"},\"inLanguage\":\"fr-FR\",\"potentialAction\":[{\"@type\":\"ReadAction\",\"target\":[\"https:\/\/www.raytecvision.com\/fr\/machines-rayons-x\/\"]}]},{\"@type\":\"ImageObject\",\"inLanguage\":\"fr-FR\",\"@id\":\"https:\/\/www.raytecvision.com\/fr\/machines-rayons-x\/#primaryimage\",\"url\":\"https:\/\/www.raytecvision.com\/wp-content\/uploads\/sites\/50\/2022\/04\/raybox-pag-inspecting.jpg?w=516\",\"contentUrl\":\"https:\/\/www.raytecvision.com\/wp-content\/uploads\/sites\/50\/2022\/04\/raybox-pag-inspecting.jpg?w=516\"},{\"@type\":\"BreadcrumbList\",\"@id\":\"https:\/\/www.raytecvision.com\/fr\/machines-rayons-x\/#breadcrumb\",\"itemListElement\":[{\"@type\":\"ListItem\",\"position\":1,\"name\":\"Home\",\"item\":\"https:\/\/www.raytecvision.com\/fr\/\"},{\"@type\":\"ListItem\",\"position\":2,\"name\":\"Machines \u00e0 rayons X\"}]},{\"@type\":\"WebSite\",\"@id\":\"https:\/\/www.raytecvision.com\/fr\/#website\",\"url\":\"https:\/\/www.raytecvision.com\/fr\/\",\"name\":\"Raytec Vision\",\"description\":\"Innovation in Sorting Equipment\",\"publisher\":{\"@id\":\"https:\/\/www.raytecvision.com\/fr\/#organization\"},\"potentialAction\":[{\"@type\":\"SearchAction\",\"target\":{\"@type\":\"EntryPoint\",\"urlTemplate\":\"https:\/\/www.raytecvision.com\/fr\/?s={search_term_string}\"},\"query-input\":{\"@type\":\"PropertyValueSpecification\",\"valueRequired\":true,\"valueName\":\"search_term_string\"}}],\"inLanguage\":\"fr-FR\"},{\"@type\":\"Organization\",\"@id\":\"https:\/\/www.raytecvision.com\/fr\/#organization\",\"name\":\"Raytec Vision\",\"url\":\"https:\/\/www.raytecvision.com\/fr\/\",\"logo\":{\"@type\":\"ImageObject\",\"inLanguage\":\"fr-FR\",\"@id\":\"https:\/\/www.raytecvision.com\/fr\/#\/schema\/logo\/image\/\",\"url\":\"\",\"contentUrl\":\"\",\"caption\":\"Raytec Vision\"},\"image\":{\"@id\":\"https:\/\/www.raytecvision.com\/fr\/#\/schema\/logo\/image\/\"},\"sameAs\":[\"https:\/\/www.facebook.com\/RaytecVision\",\"https:\/\/x.com\/raytec_sorting\",\"https:\/\/www.linkedin.com\/company\/raytec-vision\/\"],\"publishingPrinciples\":\"https:\/\/www.raytecvision.com\/privacy-policy\/\",\"ownershipFundingInfo\":\"https:\/\/www.raytecvision.com\/chi-siamo-2\/la-nostra-storia\/\"}]}<\/script>\n<!-- \/ Yoast SEO Premium plugin. -->","yoast_head_json":{"title":"Machines \u00e0 rayons X pour l'inspection alimentaire de Raytec Vision","description":"Voyons le Machines \u00e0 rayons X de Raytec Vision pour l'inspection alimentaire. D\u00e9couvrez toute la gamme de produits!","robots":{"index":"index","follow":"follow","max-snippet":"max-snippet:-1","max-image-preview":"max-image-preview:large","max-video-preview":"max-video-preview:-1"},"canonical":"https:\/\/www.raytecvision.com\/fr\/machines-rayons-x\/","og_locale":"fr_FR","og_type":"article","og_title":"Machines \u00e0 rayons X","og_description":"Voyons le Machines \u00e0 rayons X de Raytec Vision pour l'inspection alimentaire. D\u00e9couvrez toute la gamme de produits!","og_url":"https:\/\/www.raytecvision.com\/fr\/machines-rayons-x\/","og_site_name":"Raytec Vision","article_publisher":"https:\/\/www.facebook.com\/RaytecVision","article_modified_time":"2024-07-11T13:54:06+00:00","og_image":[{"url":"https:\/\/www.raytecvision.com\/wp-content\/uploads\/sites\/50\/2022\/04\/raybox-pag-inspecting.jpg?w=516","type":"","width":"","height":""}],"twitter_card":"summary_large_image","twitter_site":"@raytec_sorting","twitter_misc":{"Dur\u00e9e de lecture estim\u00e9e":"1 minute"},"schema":{"@context":"https:\/\/schema.org","@graph":[{"@type":"WebPage","@id":"https:\/\/www.raytecvision.com\/fr\/machines-rayons-x\/","url":"https:\/\/www.raytecvision.com\/fr\/machines-rayons-x\/","name":"Machines \u00e0 rayons X pour l'inspection alimentaire de Raytec Vision","isPartOf":{"@id":"https:\/\/www.raytecvision.com\/fr\/#website"},"primaryImageOfPage":{"@id":"https:\/\/www.raytecvision.com\/fr\/machines-rayons-x\/#primaryimage"},"image":{"@id":"https:\/\/www.raytecvision.com\/fr\/machines-rayons-x\/#primaryimage"},"thumbnailUrl":"https:\/\/www.raytecvision.com\/wp-content\/uploads\/sites\/50\/2022\/04\/raybox-pag-inspecting.jpg?w=516","datePublished":"2021-08-06T14:29:47+00:00","dateModified":"2024-07-11T13:54:06+00:00","description":"Voyons le Machines \u00e0 rayons X de Raytec Vision pour l'inspection alimentaire. D\u00e9couvrez toute la gamme de produits!","breadcrumb":{"@id":"https:\/\/www.raytecvision.com\/fr\/machines-rayons-x\/#breadcrumb"},"inLanguage":"fr-FR","potentialAction":[{"@type":"ReadAction","target":["https:\/\/www.raytecvision.com\/fr\/machines-rayons-x\/"]}]},{"@type":"ImageObject","inLanguage":"fr-FR","@id":"https:\/\/www.raytecvision.com\/fr\/machines-rayons-x\/#primaryimage","url":"https:\/\/www.raytecvision.com\/wp-content\/uploads\/sites\/50\/2022\/04\/raybox-pag-inspecting.jpg?w=516","contentUrl":"https:\/\/www.raytecvision.com\/wp-content\/uploads\/sites\/50\/2022\/04\/raybox-pag-inspecting.jpg?w=516"},{"@type":"BreadcrumbList","@id":"https:\/\/www.raytecvision.com\/fr\/machines-rayons-x\/#breadcrumb","itemListElement":[{"@type":"ListItem","position":1,"name":"Home","item":"https:\/\/www.raytecvision.com\/fr\/"},{"@type":"ListItem","position":2,"name":"Machines \u00e0 rayons X"}]},{"@type":"WebSite","@id":"https:\/\/www.raytecvision.com\/fr\/#website","url":"https:\/\/www.raytecvision.com\/fr\/","name":"Raytec Vision","description":"Innovation in Sorting Equipment","publisher":{"@id":"https:\/\/www.raytecvision.com\/fr\/#organization"},"potentialAction":[{"@type":"SearchAction","target":{"@type":"EntryPoint","urlTemplate":"https:\/\/www.raytecvision.com\/fr\/?s={search_term_string}"},"query-input":{"@type":"PropertyValueSpecification","valueRequired":true,"valueName":"search_term_string"}}],"inLanguage":"fr-FR"},{"@type":"Organization","@id":"https:\/\/www.raytecvision.com\/fr\/#organization","name":"Raytec Vision","url":"https:\/\/www.raytecvision.com\/fr\/","logo":{"@type":"ImageObject","inLanguage":"fr-FR","@id":"https:\/\/www.raytecvision.com\/fr\/#\/schema\/logo\/image\/","url":"","contentUrl":"","caption":"Raytec Vision"},"image":{"@id":"https:\/\/www.raytecvision.com\/fr\/#\/schema\/logo\/image\/"},"sameAs":["https:\/\/www.facebook.com\/RaytecVision","https:\/\/x.com\/raytec_sorting","https:\/\/www.linkedin.com\/company\/raytec-vision\/"],"publishingPrinciples":"https:\/\/www.raytecvision.com\/privacy-policy\/","ownershipFundingInfo":"https:\/\/www.raytecvision.com\/chi-siamo-2\/la-nostra-storia\/"}]}},"jetpack_sharing_enabled":true,"_links":{"self":[{"href":"https:\/\/www.raytecvision.com\/fr\/wp-json\/wp\/v2\/pages\/20561","targetHints":{"allow":["GET"]}}],"collection":[{"href":"https:\/\/www.raytecvision.com\/fr\/wp-json\/wp\/v2\/pages"}],"about":[{"href":"https:\/\/www.raytecvision.com\/fr\/wp-json\/wp\/v2\/types\/page"}],"author":[{"embeddable":true,"href":"https:\/\/www.raytecvision.com\/fr\/wp-json\/wp\/v2\/users\/253"}],"replies":[{"embeddable":true,"href":"https:\/\/www.raytecvision.com\/fr\/wp-json\/wp\/v2\/comments?post=20561"}],"version-history":[{"count":12,"href":"https:\/\/www.raytecvision.com\/fr\/wp-json\/wp\/v2\/pages\/20561\/revisions"}],"predecessor-version":[{"id":29009,"href":"https:\/\/www.raytecvision.com\/fr\/wp-json\/wp\/v2\/pages\/20561\/revisions\/29009"}],"wp:attachment":[{"href":"https:\/\/www.raytecvision.com\/fr\/wp-json\/wp\/v2\/media?parent=20561"}],"curies":[{"name":"wp","href":"https:\/\/api.w.org\/{rel}","templated":true}]}}