{"id":30139,"date":"2024-09-23T08:48:25","date_gmt":"2024-09-23T07:48:25","guid":{"rendered":"https:\/\/www.raytecvision.com\/triage-fruits-et-legumes-merci-2\/"},"modified":"2024-09-23T08:51:42","modified_gmt":"2024-09-23T07:51:42","slug":"triage-des-pommes-de-terre-entieres-merci","status":"publish","type":"page","link":"https:\/\/www.raytecvision.com\/fr\/triage-des-pommes-de-terre-entieres-merci\/","title":{"rendered":"Triage des pommes de terre entieres &#8211; merci"},"content":{"rendered":"\t\t<div data-elementor-type=\"wp-page\" data-elementor-id=\"30139\" class=\"elementor elementor-30139\">\n\t\t\t\t\t\t<div class=\"elementor-inner\">\n\t\t\t\t<div class=\"elementor-section-wrap\">\n\t\t\t\t\t\t\t\t\t<section class=\"elementor-section elementor-top-section elementor-element elementor-element-2158895d elementor-section-boxed elementor-section-height-default elementor-section-height-default\" data-id=\"2158895d\" data-element_type=\"section\" data-settings=\"{&quot;background_background&quot;:&quot;classic&quot;}\">\n\t\t\t\t\t\t\t<div class=\"elementor-background-overlay\"><\/div>\n\t\t\t\t\t\t\t<div class=\"elementor-container elementor-column-gap-default\">\n\t\t\t\t\t\t\t<div class=\"elementor-row\">\n\t\t\t\t\t<div class=\"elementor-column elementor-col-100 elementor-top-column elementor-element elementor-element-263a0\" data-id=\"263a0\" data-element_type=\"column\">\n\t\t\t<div class=\"elementor-column-wrap elementor-element-populated\">\n\t\t\t\t\t\t\t<div class=\"elementor-widget-wrap\">\n\t\t\t\t\t\t<div class=\"elementor-element elementor-element-525adc28 elementor-widget-tablet__width-inherit elementor-widget elementor-widget-image\" data-id=\"525adc28\" data-element_type=\"widget\" data-widget_type=\"image.default\">\n\t\t\t\t<div class=\"elementor-widget-container\">\n\t\t\t\t\t\t\t\t<div class=\"elementor-image\">\n\t\t\t\t\t\t\t\t\t\t\t\t<img decoding=\"async\" src=\"https:\/\/www.raytecvision.com\/wp-content\/uploads\/sites\/50\/2023\/03\/Logo-Raytec-ATS-nopayoff-1.png?w=706\" title=\"Logo-Raytec-ATS\" alt=\"Logo-Raytec-ATS\" loading=\"lazy\" \/>\t\t\t\t\t\t\t\t\t\t\t\t\t\t<\/div>\n\t\t\t\t\t\t<\/div>\n\t\t\t\t<\/div>\n\t\t\t\t<div class=\"elementor-element elementor-element-1f428d6a elementor-invisible elementor-widget elementor-widget-heading\" data-id=\"1f428d6a\" data-element_type=\"widget\" data-settings=\"{&quot;_animation&quot;:&quot;fadeInUp&quot;}\" data-widget_type=\"heading.default\">\n\t\t\t\t<div class=\"elementor-widget-container\">\n\t\t\t<h2 class=\"elementor-heading-title elementor-size-default\">Merci de<\/h2>\t\t<\/div>\n\t\t\t\t<\/div>\n\t\t\t\t<div class=\"elementor-element elementor-element-0ee1439 elementor-invisible elementor-widget elementor-widget-image\" data-id=\"0ee1439\" data-element_type=\"widget\" data-settings=\"{&quot;_animation&quot;:&quot;fadeInUp&quot;}\" data-widget_type=\"image.default\">\n\t\t\t\t<div class=\"elementor-widget-container\">\n\t\t\t\t\t\t\t\t<div class=\"elementor-image\">\n\t\t\t\t\t\t\t\t\t\t\t\t<img decoding=\"async\" src=\"https:\/\/www.raytecvision.com\/wp-content\/uploads\/sites\/50\/2024\/09\/nous-envoyer.png?w=709\" title=\"nous envoyer\" alt=\"nous envoyer\" loading=\"lazy\" \/>\t\t\t\t\t\t\t\t\t\t\t\t\t\t<\/div>\n\t\t\t\t\t\t<\/div>\n\t\t\t\t<\/div>\n\t\t\t\t<div class=\"elementor-element elementor-element-6cf0fc7 elementor-align-center elementor-mobile-align-center elementor-icon-list--layout-traditional elementor-list-item-link-full_width elementor-invisible elementor-widget elementor-widget-icon-list\" data-id=\"6cf0fc7\" data-element_type=\"widget\" data-settings=\"{&quot;_animation&quot;:&quot;fadeInUp&quot;}\" data-widget_type=\"icon-list.default\">\n\t\t\t\t<div class=\"elementor-widget-container\">\n\t\t\t\t\t<ul class=\"elementor-icon-list-items\">\n\t\t\t\t\t\t\t<li class=\"elementor-icon-list-item\">\n\t\t\t\t\t\t\t\t\t\t\t<span class=\"elementor-icon-list-icon\">\n\t\t\t\t\t\t\t<svg aria-hidden=\"true\" class=\"e-font-icon-svg e-far-envelope\" viewBox=\"0 0 512 512\" xmlns=\"http:\/\/www.w3.org\/2000\/svg\"><path d=\"M464 64H48C21.49 64 0 85.49 0 112v288c0 26.51 21.49 48 48 48h416c26.51 0 48-21.49 48-48V112c0-26.51-21.49-48-48-48zm0 48v40.805c-22.422 18.259-58.168 46.651-134.587 106.49-16.841 13.247-50.201 45.072-73.413 44.701-23.208.375-56.579-31.459-73.413-44.701C106.18 199.465 70.425 171.067 48 152.805V112h416zM48 400V214.398c22.914 18.251 55.409 43.862 104.938 82.646 21.857 17.205 60.134 55.186 103.062 54.955 42.717.231 80.509-37.199 103.053-54.947 49.528-38.783 82.032-64.401 104.947-82.653V400H48z\"><\/path><\/svg>\t\t\t\t\t\t<\/span>\n\t\t\t\t\t\t\t\t\t\t<span class=\"elementor-icon-list-text\">Votre message a \u00e9t\u00e9 envoy\u00e9<\/span>\n\t\t\t\t\t\t\t\t\t<\/li>\n\t\t\t\t\t\t<\/ul>\n\t\t\t\t<\/div>\n\t\t\t\t<\/div>\n\t\t\t\t<div class=\"elementor-element elementor-element-ef59860 elementor-align-center elementor-mobile-align-center elementor-widget elementor-widget-button\" data-id=\"ef59860\" data-element_type=\"widget\" data-widget_type=\"button.default\">\n\t\t\t\t<div class=\"elementor-widget-container\">\n\t\t\t\t\t<div class=\"elementor-button-wrapper\">\n\t\t\t<a class=\"elementor-button elementor-button-link elementor-size-lg\" href=\"https:\/\/www.raytecvision.com\/fr\/\" target=\"_blank\">\n\t\t\t\t\t\t<span class=\"elementor-button-content-wrapper\">\n\t\t\t\t\t\t<span class=\"elementor-button-text\">Retour \u00e0 l'accueil<\/span>\n\t\t<\/span>\n\t\t\t\t\t<\/a>\n\t\t<\/div>\n\t\t\t\t<\/div>\n\t\t\t\t<\/div>\n\t\t\t\t\t\t<\/div>\n\t\t\t\t\t<\/div>\n\t\t<\/div>\n\t\t\t\t\t\t\t\t<\/div>\n\t\t\t\t\t<\/div>\n\t\t<\/section>\n\t\t\t\t<section class=\"elementor-section elementor-top-section elementor-element elementor-element-1832cd7f elementor-section-boxed elementor-section-height-default elementor-section-height-default\" data-id=\"1832cd7f\" data-element_type=\"section\" data-settings=\"{&quot;background_background&quot;:&quot;classic&quot;}\">\n\t\t\t\t\t\t<div class=\"elementor-container elementor-column-gap-default\">\n\t\t\t\t\t\t\t<div class=\"elementor-row\">\n\t\t\t\t\t<div class=\"elementor-column elementor-col-100 elementor-top-column elementor-element elementor-element-47c54c48\" data-id=\"47c54c48\" data-element_type=\"column\">\n\t\t\t<div class=\"elementor-column-wrap elementor-element-populated\">\n\t\t\t\t\t\t\t<div class=\"elementor-widget-wrap\">\n\t\t\t\t\t\t<section class=\"elementor-section elementor-inner-section elementor-element elementor-element-733f8c8a elementor-section-boxed elementor-section-height-default elementor-section-height-default\" data-id=\"733f8c8a\" data-element_type=\"section\">\n\t\t\t\t\t\t<div class=\"elementor-container elementor-column-gap-default\">\n\t\t\t\t\t\t\t<div class=\"elementor-row\">\n\t\t\t\t\t<div class=\"elementor-column elementor-col-33 elementor-inner-column elementor-element elementor-element-d468ce5\" data-id=\"d468ce5\" data-element_type=\"column\">\n\t\t\t<div class=\"elementor-column-wrap elementor-element-populated\">\n\t\t\t\t\t\t\t<div class=\"elementor-widget-wrap\">\n\t\t\t\t\t\t<div class=\"elementor-element elementor-element-59303d60 elementor-widget elementor-widget-image\" data-id=\"59303d60\" data-element_type=\"widget\" data-widget_type=\"image.default\">\n\t\t\t\t<div class=\"elementor-widget-container\">\n\t\t\t\t\t\t\t\t<div class=\"elementor-image\">\n\t\t\t\t\t\t\t\t\t\t\t\t<img decoding=\"async\" src=\"https:\/\/www.raytecvision.com\/wp-content\/uploads\/sites\/50\/2023\/09\/logo-raytec-white.png?w=304\" title=\"logo-raytec-white\" alt=\"logo-raytec-white\" loading=\"lazy\" \/>\t\t\t\t\t\t\t\t\t\t\t\t\t\t<\/div>\n\t\t\t\t\t\t<\/div>\n\t\t\t\t<\/div>\n\t\t\t\t<div class=\"elementor-element elementor-element-5a9cd56a elementor-widget elementor-widget-image\" data-id=\"5a9cd56a\" data-element_type=\"widget\" data-widget_type=\"image.default\">\n\t\t\t\t<div class=\"elementor-widget-container\">\n\t\t\t\t\t\t\t\t<div class=\"elementor-image\">\n\t\t\t\t\t\t\t\t\t\t\t\t<img decoding=\"async\" src=\"https:\/\/www.raytecvision.com\/wp-content\/uploads\/sites\/50\/2023\/09\/CFT.png?w=270\" title=\"CFT\" alt=\"CFT\" loading=\"lazy\" \/>\t\t\t\t\t\t\t\t\t\t\t\t\t\t<\/div>\n\t\t\t\t\t\t<\/div>\n\t\t\t\t<\/div>\n\t\t\t\t\t\t<\/div>\n\t\t\t\t\t<\/div>\n\t\t<\/div>\n\t\t\t\t<div class=\"elementor-column elementor-col-33 elementor-inner-column elementor-element elementor-element-79e6bc2\" data-id=\"79e6bc2\" data-element_type=\"column\">\n\t\t\t<div class=\"elementor-column-wrap elementor-element-populated\">\n\t\t\t\t\t\t\t<div class=\"elementor-widget-wrap\">\n\t\t\t\t\t\t<div class=\"elementor-element elementor-element-53e719a9 elementor-widget elementor-widget-text-editor\" data-id=\"53e719a9\" data-element_type=\"widget\" data-widget_type=\"text-editor.default\">\n\t\t\t\t<div class=\"elementor-widget-container\">\n\t\t\t\t\t\t\t\t<div class=\"elementor-text-editor elementor-clearfix\">\n\t\t\t\t<p><strong>OPERATIONAL HEADQUARTERS<\/strong><\/p><p>Via F.lli Lumiere 30\/A<br \/>43122 Parma \u2013 Italy<\/p>\t\t\t\t\t<\/div>\n\t\t\t\t\t\t<\/div>\n\t\t\t\t<\/div>\n\t\t\t\t<div class=\"elementor-element elementor-element-5dc35abe elementor-widget elementor-widget-text-editor\" data-id=\"5dc35abe\" data-element_type=\"widget\" data-widget_type=\"text-editor.default\">\n\t\t\t\t<div class=\"elementor-widget-container\">\n\t\t\t\t\t\t\t\t<div class=\"elementor-text-editor elementor-clearfix\">\n\t\t\t\t<p><strong>LEGAL HEADQUARTERS<\/strong><\/p><p>Via Paradigna 94\/A<br \/>43122 Parma \u2013 Italy<\/p>\t\t\t\t\t<\/div>\n\t\t\t\t\t\t<\/div>\n\t\t\t\t<\/div>\n\t\t\t\t\t\t<\/div>\n\t\t\t\t\t<\/div>\n\t\t<\/div>\n\t\t\t\t<div class=\"elementor-column elementor-col-33 elementor-inner-column elementor-element elementor-element-3efa13bb\" data-id=\"3efa13bb\" data-element_type=\"column\">\n\t\t\t<div class=\"elementor-column-wrap elementor-element-populated\">\n\t\t\t\t\t\t\t<div class=\"elementor-widget-wrap\">\n\t\t\t\t\t\t<div class=\"elementor-element elementor-element-6e97d89c elementor-widget elementor-widget-text-editor\" data-id=\"6e97d89c\" data-element_type=\"widget\" data-widget_type=\"text-editor.default\">\n\t\t\t\t<div class=\"elementor-widget-container\">\n\t\t\t\t\t\t\t\t<div class=\"elementor-text-editor elementor-clearfix\">\n\t\t\t\t<p><strong>Contacts<\/strong><br \/>Tel.+39.0521.303.427<br \/>info@raytecvision.com<\/p><p><br \/><strong>LEGAL<\/strong><br \/>Cod. Fisc. e P.IVA 02219260342<br \/>Cap. Sociale: \u20ac 1.000.000,00 i.v.<br \/>N\u00b0 Reg. Imprese di Parma: 02219260342<br \/>REA: 220302<\/p>\t\t\t\t\t<\/div>\n\t\t\t\t\t\t<\/div>\n\t\t\t\t<\/div>\n\t\t\t\t\t\t<\/div>\n\t\t\t\t\t<\/div>\n\t\t<\/div>\n\t\t\t\t\t\t\t\t<\/div>\n\t\t\t\t\t<\/div>\n\t\t<\/section>\n\t\t\t\t\t\t<\/div>\n\t\t\t\t\t<\/div>\n\t\t<\/div>\n\t\t\t\t\t\t\t\t<\/div>\n\t\t\t\t\t<\/div>\n\t\t<\/section>\n\t\t\t\t<section class=\"elementor-section elementor-top-section elementor-element elementor-element-2a630e92 elementor-section-boxed elementor-section-height-default elementor-section-height-default\" data-id=\"2a630e92\" data-element_type=\"section\" data-settings=\"{&quot;background_background&quot;:&quot;classic&quot;}\">\n\t\t\t\t\t\t<div class=\"elementor-container elementor-column-gap-default\">\n\t\t\t\t\t\t\t<div class=\"elementor-row\">\n\t\t\t\t\t<div class=\"elementor-column elementor-col-100 elementor-top-column elementor-element elementor-element-32107103\" data-id=\"32107103\" data-element_type=\"column\">\n\t\t\t<div class=\"elementor-column-wrap elementor-element-populated\">\n\t\t\t\t\t\t\t<div class=\"elementor-widget-wrap\">\n\t\t\t\t\t\t<div class=\"elementor-element elementor-element-753bfd80 elementor-widget elementor-widget-heading\" data-id=\"753bfd80\" data-element_type=\"widget\" data-widget_type=\"heading.default\">\n\t\t\t\t<div class=\"elementor-widget-container\">\n\t\t\t<p class=\"elementor-heading-title elementor-size-default\">\u00a9 2024 Raytec Vision SPA - All rights reserved - <a href=\"https:\/\/www.raytecvision.com\/privacy-policy\/\">Privacy Policy<\/a> - <a href=\"https:\/\/www.raytecvision.com\/cookie-policy\/\">Cookie Policy<\/a><\/p>\t\t<\/div>\n\t\t\t\t<\/div>\n\t\t\t\t\t\t<\/div>\n\t\t\t\t\t<\/div>\n\t\t<\/div>\n\t\t\t\t\t\t\t\t<\/div>\n\t\t\t\t\t<\/div>\n\t\t<\/section>\n\t\t\t\t\t\t\t\t\t<\/div>\n\t\t\t<\/div>\n\t\t\t\t\t<\/div>\n\t\t","protected":false},"excerpt":{"rendered":"<p>Merci de Votre message a \u00e9t\u00e9 envoy\u00e9 Retour \u00e0 l&rsquo;accueil OPERATIONAL HEADQUARTERS Via F.lli Lumiere 30\/A43122 Parma \u2013 Italy LEGAL HEADQUARTERS Via Paradigna 94\/A43122 Parma \u2013 Italy ContactsTel.+39.0521.303.427info@raytecvision.com LEGALCod. Fisc. e P.IVA 02219260342Cap. Sociale: \u20ac 1.000.000,00 i.v.N\u00b0 Reg. Imprese di Parma: 02219260342REA: 220302 \u00a9 2024 Raytec Vision SPA &#8211; All<\/p>\n","protected":false},"author":253,"featured_media":0,"parent":0,"menu_order":0,"comment_status":"closed","ping_status":"closed","template":"elementor_canvas","meta":{"inline_featured_image":false,"footnotes":""},"class_list":["post-30139","page","type-page","status-publish","hentry"],"yoast_head":"<!-- This site is optimized with the Yoast SEO Premium plugin v26.8 (Yoast SEO v26.8) - https:\/\/yoast.com\/product\/yoast-seo-premium-wordpress\/ -->\n<title>Triage des pommes de terre entieres - merci - Raytec Vision<\/title>\n<meta name=\"robots\" content=\"index, follow, max-snippet:-1, max-image-preview:large, max-video-preview:-1\" \/>\n<link rel=\"canonical\" href=\"https:\/\/www.raytecvision.com\/fr\/triage-des-pommes-de-terre-entieres-merci\/\" \/>\n<meta property=\"og:locale\" content=\"fr_FR\" \/>\n<meta property=\"og:type\" content=\"article\" \/>\n<meta property=\"og:title\" content=\"Triage des pommes de terre entieres - merci\" \/>\n<meta property=\"og:description\" content=\"Merci de Votre message a \u00e9t\u00e9 envoy\u00e9 Retour \u00e0 l&rsquo;accueil OPERATIONAL HEADQUARTERS Via F.lli Lumiere 30\/A43122 Parma \u2013 Italy LEGAL HEADQUARTERS Via Paradigna 94\/A43122 Parma \u2013 Italy ContactsTel.+39.0521.303.427info@raytecvision.com LEGALCod. Fisc. e P.IVA 02219260342Cap. Sociale: \u20ac 1.000.000,00 i.v.N\u00b0 Reg. Imprese di Parma: 02219260342REA: 220302 \u00a9 2024 Raytec Vision SPA &#8211; All\" \/>\n<meta property=\"og:url\" content=\"https:\/\/www.raytecvision.com\/fr\/triage-des-pommes-de-terre-entieres-merci\/\" \/>\n<meta property=\"og:site_name\" content=\"Raytec Vision\" \/>\n<meta property=\"article:publisher\" content=\"https:\/\/www.facebook.com\/RaytecVision\" \/>\n<meta property=\"article:modified_time\" content=\"2024-09-23T07:51:42+00:00\" \/>\n<meta property=\"og:image\" content=\"https:\/\/www.raytecvision.com\/wp-content\/uploads\/sites\/50\/2023\/03\/Logo-Raytec-ATS-nopayoff-1.png?w=706\" \/>\n<meta name=\"twitter:card\" content=\"summary_large_image\" \/>\n<meta name=\"twitter:site\" content=\"@raytec_sorting\" \/>\n<meta name=\"twitter:label1\" content=\"Dur\u00e9e de lecture estim\u00e9e\" \/>\n\t<meta name=\"twitter:data1\" content=\"2 minutes\" \/>\n<script type=\"application\/ld+json\" class=\"yoast-schema-graph\">{\"@context\":\"https:\/\/schema.org\",\"@graph\":[{\"@type\":\"WebPage\",\"@id\":\"https:\/\/www.raytecvision.com\/fr\/triage-des-pommes-de-terre-entieres-merci\/\",\"url\":\"https:\/\/www.raytecvision.com\/fr\/triage-des-pommes-de-terre-entieres-merci\/\",\"name\":\"Triage des pommes de terre entieres - merci - Raytec Vision\",\"isPartOf\":{\"@id\":\"https:\/\/www.raytecvision.com\/fr\/#website\"},\"primaryImageOfPage\":{\"@id\":\"https:\/\/www.raytecvision.com\/fr\/triage-des-pommes-de-terre-entieres-merci\/#primaryimage\"},\"image\":{\"@id\":\"https:\/\/www.raytecvision.com\/fr\/triage-des-pommes-de-terre-entieres-merci\/#primaryimage\"},\"thumbnailUrl\":\"https:\/\/www.raytecvision.com\/wp-content\/uploads\/sites\/50\/2023\/03\/Logo-Raytec-ATS-nopayoff-1.png?w=706\",\"datePublished\":\"2024-09-23T07:48:25+00:00\",\"dateModified\":\"2024-09-23T07:51:42+00:00\",\"breadcrumb\":{\"@id\":\"https:\/\/www.raytecvision.com\/fr\/triage-des-pommes-de-terre-entieres-merci\/#breadcrumb\"},\"inLanguage\":\"fr-FR\",\"potentialAction\":[{\"@type\":\"ReadAction\",\"target\":[\"https:\/\/www.raytecvision.com\/fr\/triage-des-pommes-de-terre-entieres-merci\/\"]}]},{\"@type\":\"ImageObject\",\"inLanguage\":\"fr-FR\",\"@id\":\"https:\/\/www.raytecvision.com\/fr\/triage-des-pommes-de-terre-entieres-merci\/#primaryimage\",\"url\":\"https:\/\/www.raytecvision.com\/wp-content\/uploads\/sites\/50\/2023\/03\/Logo-Raytec-ATS-nopayoff-1.png?w=706\",\"contentUrl\":\"https:\/\/www.raytecvision.com\/wp-content\/uploads\/sites\/50\/2023\/03\/Logo-Raytec-ATS-nopayoff-1.png?w=706\"},{\"@type\":\"BreadcrumbList\",\"@id\":\"https:\/\/www.raytecvision.com\/fr\/triage-des-pommes-de-terre-entieres-merci\/#breadcrumb\",\"itemListElement\":[{\"@type\":\"ListItem\",\"position\":1,\"name\":\"Home\",\"item\":\"https:\/\/www.raytecvision.com\/fr\/\"},{\"@type\":\"ListItem\",\"position\":2,\"name\":\"Triage des pommes de terre entieres &#8211; merci\"}]},{\"@type\":\"WebSite\",\"@id\":\"https:\/\/www.raytecvision.com\/fr\/#website\",\"url\":\"https:\/\/www.raytecvision.com\/fr\/\",\"name\":\"Raytec Vision\",\"description\":\"Innovation in Sorting Equipment\",\"publisher\":{\"@id\":\"https:\/\/www.raytecvision.com\/fr\/#organization\"},\"potentialAction\":[{\"@type\":\"SearchAction\",\"target\":{\"@type\":\"EntryPoint\",\"urlTemplate\":\"https:\/\/www.raytecvision.com\/fr\/?s={search_term_string}\"},\"query-input\":{\"@type\":\"PropertyValueSpecification\",\"valueRequired\":true,\"valueName\":\"search_term_string\"}}],\"inLanguage\":\"fr-FR\"},{\"@type\":\"Organization\",\"@id\":\"https:\/\/www.raytecvision.com\/fr\/#organization\",\"name\":\"Raytec Vision\",\"url\":\"https:\/\/www.raytecvision.com\/fr\/\",\"logo\":{\"@type\":\"ImageObject\",\"inLanguage\":\"fr-FR\",\"@id\":\"https:\/\/www.raytecvision.com\/fr\/#\/schema\/logo\/image\/\",\"url\":\"\",\"contentUrl\":\"\",\"caption\":\"Raytec Vision\"},\"image\":{\"@id\":\"https:\/\/www.raytecvision.com\/fr\/#\/schema\/logo\/image\/\"},\"sameAs\":[\"https:\/\/www.facebook.com\/RaytecVision\",\"https:\/\/x.com\/raytec_sorting\",\"https:\/\/www.linkedin.com\/company\/raytec-vision\/\"],\"publishingPrinciples\":\"https:\/\/www.raytecvision.com\/privacy-policy\/\",\"ownershipFundingInfo\":\"https:\/\/www.raytecvision.com\/chi-siamo-2\/la-nostra-storia\/\"}]}<\/script>\n<!-- \/ Yoast SEO Premium plugin. -->","yoast_head_json":{"title":"Triage des pommes de terre entieres - merci - Raytec Vision","robots":{"index":"index","follow":"follow","max-snippet":"max-snippet:-1","max-image-preview":"max-image-preview:large","max-video-preview":"max-video-preview:-1"},"canonical":"https:\/\/www.raytecvision.com\/fr\/triage-des-pommes-de-terre-entieres-merci\/","og_locale":"fr_FR","og_type":"article","og_title":"Triage des pommes de terre entieres - merci","og_description":"Merci de Votre message a \u00e9t\u00e9 envoy\u00e9 Retour \u00e0 l&rsquo;accueil OPERATIONAL HEADQUARTERS Via F.lli Lumiere 30\/A43122 Parma \u2013 Italy LEGAL HEADQUARTERS Via Paradigna 94\/A43122 Parma \u2013 Italy ContactsTel.+39.0521.303.427info@raytecvision.com LEGALCod. Fisc. e P.IVA 02219260342Cap. Sociale: \u20ac 1.000.000,00 i.v.N\u00b0 Reg. Imprese di Parma: 02219260342REA: 220302 \u00a9 2024 Raytec Vision SPA &#8211; All","og_url":"https:\/\/www.raytecvision.com\/fr\/triage-des-pommes-de-terre-entieres-merci\/","og_site_name":"Raytec Vision","article_publisher":"https:\/\/www.facebook.com\/RaytecVision","article_modified_time":"2024-09-23T07:51:42+00:00","og_image":[{"url":"https:\/\/www.raytecvision.com\/wp-content\/uploads\/sites\/50\/2023\/03\/Logo-Raytec-ATS-nopayoff-1.png?w=706","type":"","width":"","height":""}],"twitter_card":"summary_large_image","twitter_site":"@raytec_sorting","twitter_misc":{"Dur\u00e9e de lecture estim\u00e9e":"2 minutes"},"schema":{"@context":"https:\/\/schema.org","@graph":[{"@type":"WebPage","@id":"https:\/\/www.raytecvision.com\/fr\/triage-des-pommes-de-terre-entieres-merci\/","url":"https:\/\/www.raytecvision.com\/fr\/triage-des-pommes-de-terre-entieres-merci\/","name":"Triage des pommes de terre entieres - merci - Raytec Vision","isPartOf":{"@id":"https:\/\/www.raytecvision.com\/fr\/#website"},"primaryImageOfPage":{"@id":"https:\/\/www.raytecvision.com\/fr\/triage-des-pommes-de-terre-entieres-merci\/#primaryimage"},"image":{"@id":"https:\/\/www.raytecvision.com\/fr\/triage-des-pommes-de-terre-entieres-merci\/#primaryimage"},"thumbnailUrl":"https:\/\/www.raytecvision.com\/wp-content\/uploads\/sites\/50\/2023\/03\/Logo-Raytec-ATS-nopayoff-1.png?w=706","datePublished":"2024-09-23T07:48:25+00:00","dateModified":"2024-09-23T07:51:42+00:00","breadcrumb":{"@id":"https:\/\/www.raytecvision.com\/fr\/triage-des-pommes-de-terre-entieres-merci\/#breadcrumb"},"inLanguage":"fr-FR","potentialAction":[{"@type":"ReadAction","target":["https:\/\/www.raytecvision.com\/fr\/triage-des-pommes-de-terre-entieres-merci\/"]}]},{"@type":"ImageObject","inLanguage":"fr-FR","@id":"https:\/\/www.raytecvision.com\/fr\/triage-des-pommes-de-terre-entieres-merci\/#primaryimage","url":"https:\/\/www.raytecvision.com\/wp-content\/uploads\/sites\/50\/2023\/03\/Logo-Raytec-ATS-nopayoff-1.png?w=706","contentUrl":"https:\/\/www.raytecvision.com\/wp-content\/uploads\/sites\/50\/2023\/03\/Logo-Raytec-ATS-nopayoff-1.png?w=706"},{"@type":"BreadcrumbList","@id":"https:\/\/www.raytecvision.com\/fr\/triage-des-pommes-de-terre-entieres-merci\/#breadcrumb","itemListElement":[{"@type":"ListItem","position":1,"name":"Home","item":"https:\/\/www.raytecvision.com\/fr\/"},{"@type":"ListItem","position":2,"name":"Triage des pommes de terre entieres &#8211; merci"}]},{"@type":"WebSite","@id":"https:\/\/www.raytecvision.com\/fr\/#website","url":"https:\/\/www.raytecvision.com\/fr\/","name":"Raytec Vision","description":"Innovation in Sorting Equipment","publisher":{"@id":"https:\/\/www.raytecvision.com\/fr\/#organization"},"potentialAction":[{"@type":"SearchAction","target":{"@type":"EntryPoint","urlTemplate":"https:\/\/www.raytecvision.com\/fr\/?s={search_term_string}"},"query-input":{"@type":"PropertyValueSpecification","valueRequired":true,"valueName":"search_term_string"}}],"inLanguage":"fr-FR"},{"@type":"Organization","@id":"https:\/\/www.raytecvision.com\/fr\/#organization","name":"Raytec Vision","url":"https:\/\/www.raytecvision.com\/fr\/","logo":{"@type":"ImageObject","inLanguage":"fr-FR","@id":"https:\/\/www.raytecvision.com\/fr\/#\/schema\/logo\/image\/","url":"","contentUrl":"","caption":"Raytec Vision"},"image":{"@id":"https:\/\/www.raytecvision.com\/fr\/#\/schema\/logo\/image\/"},"sameAs":["https:\/\/www.facebook.com\/RaytecVision","https:\/\/x.com\/raytec_sorting","https:\/\/www.linkedin.com\/company\/raytec-vision\/"],"publishingPrinciples":"https:\/\/www.raytecvision.com\/privacy-policy\/","ownershipFundingInfo":"https:\/\/www.raytecvision.com\/chi-siamo-2\/la-nostra-storia\/"}]}},"jetpack_sharing_enabled":true,"_links":{"self":[{"href":"https:\/\/www.raytecvision.com\/fr\/wp-json\/wp\/v2\/pages\/30139","targetHints":{"allow":["GET"]}}],"collection":[{"href":"https:\/\/www.raytecvision.com\/fr\/wp-json\/wp\/v2\/pages"}],"about":[{"href":"https:\/\/www.raytecvision.com\/fr\/wp-json\/wp\/v2\/types\/page"}],"author":[{"embeddable":true,"href":"https:\/\/www.raytecvision.com\/fr\/wp-json\/wp\/v2\/users\/253"}],"replies":[{"embeddable":true,"href":"https:\/\/www.raytecvision.com\/fr\/wp-json\/wp\/v2\/comments?post=30139"}],"version-history":[{"count":5,"href":"https:\/\/www.raytecvision.com\/fr\/wp-json\/wp\/v2\/pages\/30139\/revisions"}],"predecessor-version":[{"id":30144,"href":"https:\/\/www.raytecvision.com\/fr\/wp-json\/wp\/v2\/pages\/30139\/revisions\/30144"}],"wp:attachment":[{"href":"https:\/\/www.raytecvision.com\/fr\/wp-json\/wp\/v2\/media?parent=30139"}],"curies":[{"name":"wp","href":"https:\/\/api.w.org\/{rel}","templated":true}]}}