{"id":8906,"date":"2021-02-11T11:25:23","date_gmt":"2021-02-11T10:25:23","guid":{"rendered":"https:\/\/www.raytecvision.com\/applications\/insalata-e-ortaggi-a-foglia\/"},"modified":"2024-02-23T16:47:05","modified_gmt":"2024-02-23T15:47:05","slug":"insalata-e-ortaggi-a-foglia","status":"publish","type":"page","link":"https:\/\/www.raytecvision.com\/fr\/applications\/insalata-e-ortaggi-a-foglia\/","title":{"rendered":"Salade et l\u00e9gumes \u00e0 feuilles"},"content":{"rendered":"\t\t<div data-elementor-type=\"wp-page\" data-elementor-id=\"8906\" class=\"elementor elementor-8906\">\n\t\t\t\t\t\t<div class=\"elementor-inner\">\n\t\t\t\t<div class=\"elementor-section-wrap\">\n\t\t\t\t\t\t\t\t\t<section class=\"elementor-section elementor-top-section elementor-element elementor-element-4fd18217 elementor-section-full_width elementor-section-height-default elementor-section-height-default\" data-id=\"4fd18217\" data-element_type=\"section\">\n\t\t\t\t\t\t<div class=\"elementor-container elementor-column-gap-narrow\">\n\t\t\t\t\t\t\t<div class=\"elementor-row\">\n\t\t\t\t\t<div class=\"elementor-column elementor-col-33 elementor-top-column elementor-element elementor-element-48b4b101\" data-id=\"48b4b101\" data-element_type=\"column\">\n\t\t\t<div class=\"elementor-column-wrap elementor-element-populated\">\n\t\t\t\t\t\t\t<div class=\"elementor-widget-wrap\">\n\t\t\t\t\t\t<div class=\"elementor-element elementor-element-50ca20cb elementor-position-top elementor-vertical-align-top elementor-widget elementor-widget-image-box\" data-id=\"50ca20cb\" data-element_type=\"widget\" data-widget_type=\"image-box.default\">\n\t\t\t\t<div class=\"elementor-widget-container\">\n\t\t\t<div class=\"elementor-image-box-wrapper\"><figure class=\"elementor-image-box-img\"><a href=\"https:\/\/www.raytecvision.com\/fr\/applicazioni\/insalata-e-ortaggi-a-foglia\/baby-leaves\/\"><img loading=\"lazy\" decoding=\"async\" width=\"540\" height=\"398\" src=\"https:\/\/www.raytecvision.com\/wp-content\/uploads\/sites\/50\/2022\/04\/insalata-non-lavata.jpg\" class=\"elementor-animation-sink attachment-full size-full wp-image-17645\" alt=\"\" srcset=\"https:\/\/www.raytecvision.com\/wp-content\/uploads\/sites\/50\/2022\/04\/insalata-non-lavata.jpg 540w, https:\/\/www.raytecvision.com\/wp-content\/uploads\/sites\/50\/2022\/04\/insalata-non-lavata.jpg?resize=300,221 300w\" sizes=\"auto, (max-width: 540px) 100vw, 540px\" \/><\/a><\/figure><div class=\"elementor-image-box-content\"><h5 class=\"elementor-image-box-title\"><a href=\"https:\/\/www.raytecvision.com\/fr\/applicazioni\/insalata-e-ortaggi-a-foglia\/baby-leaves\/\">Jeunes Feuilles<\/a><\/h5><\/div><\/div>\t\t<\/div>\n\t\t\t\t<\/div>\n\t\t\t\t\t\t<\/div>\n\t\t\t\t\t<\/div>\n\t\t<\/div>\n\t\t\t\t<div class=\"elementor-column elementor-col-33 elementor-top-column elementor-element elementor-element-16e6864e\" data-id=\"16e6864e\" data-element_type=\"column\" data-settings=\"{&quot;background_background&quot;:&quot;classic&quot;}\">\n\t\t\t<div class=\"elementor-column-wrap elementor-element-populated\">\n\t\t\t\t\t\t\t<div class=\"elementor-widget-wrap\">\n\t\t\t\t\t\t<div class=\"elementor-element elementor-element-6dd85280 elementor-position-top elementor-vertical-align-top elementor-widget elementor-widget-image-box\" data-id=\"6dd85280\" data-element_type=\"widget\" data-widget_type=\"image-box.default\">\n\t\t\t\t<div class=\"elementor-widget-container\">\n\t\t\t<div class=\"elementor-image-box-wrapper\"><figure class=\"elementor-image-box-img\"><a href=\"https:\/\/www.raytecvision.com\/fr\/applicazioni\/insalata-e-ortaggi-a-foglia\/insalata-mista\/\"><img loading=\"lazy\" decoding=\"async\" width=\"540\" height=\"398\" src=\"https:\/\/www.raytecvision.com\/wp-content\/uploads\/sites\/50\/2022\/04\/insalata-mista.jpg\" class=\"elementor-animation-sink attachment-full size-full wp-image-17651\" alt=\"\" srcset=\"https:\/\/www.raytecvision.com\/wp-content\/uploads\/sites\/50\/2022\/04\/insalata-mista.jpg 540w, https:\/\/www.raytecvision.com\/wp-content\/uploads\/sites\/50\/2022\/04\/insalata-mista.jpg?resize=300,221 300w\" sizes=\"auto, (max-width: 540px) 100vw, 540px\" \/><\/a><\/figure><div class=\"elementor-image-box-content\"><h5 class=\"elementor-image-box-title\"><a href=\"https:\/\/www.raytecvision.com\/fr\/applicazioni\/insalata-e-ortaggi-a-foglia\/insalata-mista\/\">Salades Compos\u00e9es<\/a><\/h5><\/div><\/div>\t\t<\/div>\n\t\t\t\t<\/div>\n\t\t\t\t\t\t<\/div>\n\t\t\t\t\t<\/div>\n\t\t<\/div>\n\t\t\t\t<div class=\"elementor-column elementor-col-33 elementor-top-column elementor-element elementor-element-7fac7bfb\" data-id=\"7fac7bfb\" data-element_type=\"column\">\n\t\t\t<div class=\"elementor-column-wrap elementor-element-populated\">\n\t\t\t\t\t\t\t<div class=\"elementor-widget-wrap\">\n\t\t\t\t\t\t<div class=\"elementor-element elementor-element-5fc7065d elementor-position-top elementor-vertical-align-top elementor-widget elementor-widget-image-box\" data-id=\"5fc7065d\" data-element_type=\"widget\" data-widget_type=\"image-box.default\">\n\t\t\t\t<div class=\"elementor-widget-container\">\n\t\t\t<div class=\"elementor-image-box-wrapper\"><figure class=\"elementor-image-box-img\"><a href=\"https:\/\/www.raytecvision.com\/fr\/applicazioni\/insalata-e-ortaggi-a-foglia\/lattuga\/\"><img loading=\"lazy\" decoding=\"async\" width=\"540\" height=\"398\" src=\"https:\/\/www.raytecvision.com\/wp-content\/uploads\/sites\/50\/2022\/04\/lattuga.jpg\" class=\"elementor-animation-sink attachment-full size-full wp-image-17639\" alt=\"\" srcset=\"https:\/\/www.raytecvision.com\/wp-content\/uploads\/sites\/50\/2022\/04\/lattuga.jpg 540w, https:\/\/www.raytecvision.com\/wp-content\/uploads\/sites\/50\/2022\/04\/lattuga.jpg?resize=300,221 300w\" sizes=\"auto, (max-width: 540px) 100vw, 540px\" \/><\/a><\/figure><div class=\"elementor-image-box-content\"><h5 class=\"elementor-image-box-title\"><a href=\"https:\/\/www.raytecvision.com\/fr\/applicazioni\/insalata-e-ortaggi-a-foglia\/lattuga\/\">Laitue<\/a><\/h5><\/div><\/div>\t\t<\/div>\n\t\t\t\t<\/div>\n\t\t\t\t\t\t<\/div>\n\t\t\t\t\t<\/div>\n\t\t<\/div>\n\t\t\t\t\t\t\t\t<\/div>\n\t\t\t\t\t<\/div>\n\t\t<\/section>\n\t\t\t\t<section class=\"elementor-section elementor-top-section elementor-element elementor-element-6b1b9467 elementor-section-full_width elementor-section-height-default elementor-section-height-default\" data-id=\"6b1b9467\" data-element_type=\"section\">\n\t\t\t\t\t\t<div class=\"elementor-container elementor-column-gap-narrow\">\n\t\t\t\t\t\t\t<div class=\"elementor-row\">\n\t\t\t\t\t<div class=\"elementor-column elementor-col-33 elementor-top-column elementor-element elementor-element-713655eb\" data-id=\"713655eb\" data-element_type=\"column\">\n\t\t\t<div class=\"elementor-column-wrap elementor-element-populated\">\n\t\t\t\t\t\t\t<div class=\"elementor-widget-wrap\">\n\t\t\t\t\t\t<div class=\"elementor-element elementor-element-2576eb41 elementor-position-top elementor-vertical-align-top elementor-widget elementor-widget-image-box\" data-id=\"2576eb41\" data-element_type=\"widget\" data-widget_type=\"image-box.default\">\n\t\t\t\t<div class=\"elementor-widget-container\">\n\t\t\t<div class=\"elementor-image-box-wrapper\"><figure class=\"elementor-image-box-img\"><a href=\"https:\/\/www.raytecvision.com\/fr\/applicazioni\/insalata-e-ortaggi-a-foglia\/lattughino\/\"><img loading=\"lazy\" decoding=\"async\" width=\"540\" height=\"398\" src=\"https:\/\/www.raytecvision.com\/wp-content\/uploads\/sites\/50\/2022\/04\/lattughino.jpg\" class=\"elementor-animation-sink attachment-full size-full wp-image-17633\" alt=\"\" srcset=\"https:\/\/www.raytecvision.com\/wp-content\/uploads\/sites\/50\/2022\/04\/lattughino.jpg 540w, https:\/\/www.raytecvision.com\/wp-content\/uploads\/sites\/50\/2022\/04\/lattughino.jpg?resize=300,221 300w\" sizes=\"auto, (max-width: 540px) 100vw, 540px\" \/><\/a><\/figure><div class=\"elementor-image-box-content\"><h5 class=\"elementor-image-box-title\"><a href=\"https:\/\/www.raytecvision.com\/fr\/applicazioni\/insalata-e-ortaggi-a-foglia\/lattughino\/\">Jeune Pousse<\/a><\/h5><\/div><\/div>\t\t<\/div>\n\t\t\t\t<\/div>\n\t\t\t\t\t\t<\/div>\n\t\t\t\t\t<\/div>\n\t\t<\/div>\n\t\t\t\t<div class=\"elementor-column elementor-col-33 elementor-top-column elementor-element elementor-element-7109f3f9\" data-id=\"7109f3f9\" data-element_type=\"column\" data-settings=\"{&quot;background_background&quot;:&quot;classic&quot;}\">\n\t\t\t<div class=\"elementor-column-wrap elementor-element-populated\">\n\t\t\t\t\t\t\t<div class=\"elementor-widget-wrap\">\n\t\t\t\t\t\t<div class=\"elementor-element elementor-element-15a136ae elementor-position-top elementor-vertical-align-top elementor-widget elementor-widget-image-box\" data-id=\"15a136ae\" data-element_type=\"widget\" data-widget_type=\"image-box.default\">\n\t\t\t\t<div class=\"elementor-widget-container\">\n\t\t\t<div class=\"elementor-image-box-wrapper\"><figure class=\"elementor-image-box-img\"><a href=\"https:\/\/www.raytecvision.com\/fr\/applicazioni\/insalata-e-ortaggi-a-foglia\/spinaci\/\"><img loading=\"lazy\" decoding=\"async\" width=\"540\" height=\"398\" src=\"https:\/\/www.raytecvision.com\/wp-content\/uploads\/sites\/50\/2022\/04\/spinaci.jpg\" class=\"elementor-animation-sink attachment-full size-full wp-image-17627\" alt=\"\" srcset=\"https:\/\/www.raytecvision.com\/wp-content\/uploads\/sites\/50\/2022\/04\/spinaci.jpg 540w, https:\/\/www.raytecvision.com\/wp-content\/uploads\/sites\/50\/2022\/04\/spinaci.jpg?resize=300,221 300w\" sizes=\"auto, (max-width: 540px) 100vw, 540px\" \/><\/a><\/figure><div class=\"elementor-image-box-content\"><h5 class=\"elementor-image-box-title\"><a href=\"https:\/\/www.raytecvision.com\/fr\/applicazioni\/insalata-e-ortaggi-a-foglia\/spinaci\/\">\u00c9pinards<\/a><\/h5><\/div><\/div>\t\t<\/div>\n\t\t\t\t<\/div>\n\t\t\t\t\t\t<\/div>\n\t\t\t\t\t<\/div>\n\t\t<\/div>\n\t\t\t\t<div class=\"elementor-column elementor-col-33 elementor-top-column elementor-element elementor-element-318f3e30\" data-id=\"318f3e30\" data-element_type=\"column\">\n\t\t\t<div class=\"elementor-column-wrap elementor-element-populated\">\n\t\t\t\t\t\t\t<div class=\"elementor-widget-wrap\">\n\t\t\t\t\t\t<div class=\"elementor-element elementor-element-7d3fc7ea elementor-position-top elementor-vertical-align-top elementor-widget elementor-widget-image-box\" data-id=\"7d3fc7ea\" data-element_type=\"widget\" data-widget_type=\"image-box.default\">\n\t\t\t\t<div class=\"elementor-widget-container\">\n\t\t\t<div class=\"elementor-image-box-wrapper\"><figure class=\"elementor-image-box-img\"><a href=\"https:\/\/www.raytecvision.com\/fr\/applicazioni\/insalata-e-ortaggi-a-foglia\/spring-mix\/\"><img loading=\"lazy\" decoding=\"async\" width=\"540\" height=\"398\" src=\"https:\/\/www.raytecvision.com\/wp-content\/uploads\/sites\/50\/2022\/04\/insalata-iceberg.jpg\" class=\"elementor-animation-sink attachment-full size-full wp-image-17657\" alt=\"\" srcset=\"https:\/\/www.raytecvision.com\/wp-content\/uploads\/sites\/50\/2022\/04\/insalata-iceberg.jpg 540w, https:\/\/www.raytecvision.com\/wp-content\/uploads\/sites\/50\/2022\/04\/insalata-iceberg.jpg?resize=300,221 300w\" sizes=\"auto, (max-width: 540px) 100vw, 540px\" \/><\/a><\/figure><div class=\"elementor-image-box-content\"><h5 class=\"elementor-image-box-title\"><a href=\"https:\/\/www.raytecvision.com\/fr\/applicazioni\/insalata-e-ortaggi-a-foglia\/spring-mix\/\">M\u00e9lange Printanier<\/a><\/h5><\/div><\/div>\t\t<\/div>\n\t\t\t\t<\/div>\n\t\t\t\t\t\t<\/div>\n\t\t\t\t\t<\/div>\n\t\t<\/div>\n\t\t\t\t\t\t\t\t<\/div>\n\t\t\t\t\t<\/div>\n\t\t<\/section>\n\t\t\t\t<section class=\"elementor-section elementor-top-section elementor-element elementor-element-19507232 elementor-section-stretched elementor-section-boxed elementor-section-height-default elementor-section-height-default\" data-id=\"19507232\" data-element_type=\"section\" data-settings=\"{&quot;stretch_section&quot;:&quot;section-stretched&quot;,&quot;background_background&quot;:&quot;classic&quot;}\">\n\t\t\t\t\t\t<div class=\"elementor-container elementor-column-gap-default\">\n\t\t\t\t\t\t\t<div class=\"elementor-row\">\n\t\t\t\t\t<div class=\"elementor-column elementor-col-50 elementor-top-column elementor-element elementor-element-2cb937c6\" data-id=\"2cb937c6\" data-element_type=\"column\">\n\t\t\t<div class=\"elementor-column-wrap elementor-element-populated\">\n\t\t\t\t\t\t\t<div class=\"elementor-widget-wrap\">\n\t\t\t\t\t\t<div class=\"elementor-element elementor-element-c50c986 elementor-widget elementor-widget-heading\" data-id=\"c50c986\" data-element_type=\"widget\" data-widget_type=\"heading.default\">\n\t\t\t\t<div class=\"elementor-widget-container\">\n\t\t\t<h2 class=\"elementor-heading-title elementor-size-default\">Demande d'information<\/h2>\t\t<\/div>\n\t\t\t\t<\/div>\n\t\t\t\t<div class=\"elementor-element elementor-element-498eb855 elementor-widget-divider--view-line elementor-widget elementor-widget-divider\" data-id=\"498eb855\" data-element_type=\"widget\" data-widget_type=\"divider.default\">\n\t\t\t\t<div class=\"elementor-widget-container\">\n\t\t\t\t\t<div class=\"elementor-divider\">\n\t\t\t<span class=\"elementor-divider-separator\">\n\t\t\t\t\t\t<\/span>\n\t\t<\/div>\n\t\t\t\t<\/div>\n\t\t\t\t<\/div>\n\t\t\t\t<div class=\"elementor-element elementor-element-5cc340e8 elementor-widget elementor-widget-text-editor\" data-id=\"5cc340e8\" data-element_type=\"widget\" data-widget_type=\"text-editor.default\">\n\t\t\t\t<div class=\"elementor-widget-container\">\n\t\t\t\t\t\t\t\t<div class=\"elementor-text-editor elementor-clearfix\">\n\t\t\t\t<div class=\"sub-heading\"><div class=\"sub-heading\">\u00c9crivez pour demander des informations ou un devis gratuit<\/div><\/div>\t\t\t\t\t<\/div>\n\t\t\t\t\t\t<\/div>\n\t\t\t\t<\/div>\n\t\t\t\t\t\t<\/div>\n\t\t\t\t\t<\/div>\n\t\t<\/div>\n\t\t\t\t<div class=\"elementor-column elementor-col-50 elementor-top-column elementor-element elementor-element-552d70c1\" data-id=\"552d70c1\" data-element_type=\"column\">\n\t\t\t<div class=\"elementor-column-wrap elementor-element-populated\">\n\t\t\t\t\t\t\t<div class=\"elementor-widget-wrap\">\n\t\t\t\t\t\t<div class=\"elementor-element elementor-element-32bc5518 elementor-align-center elementor-widget elementor-widget-button\" data-id=\"32bc5518\" data-element_type=\"widget\" data-widget_type=\"button.default\">\n\t\t\t\t<div class=\"elementor-widget-container\">\n\t\t\t\t\t<div class=\"elementor-button-wrapper\">\n\t\t\t<a class=\"elementor-button elementor-button-link elementor-size-md\" href=\"https:\/\/www.raytecvision.com\/fr\/contatti\/\">\n\t\t\t\t\t\t<span class=\"elementor-button-content-wrapper\">\n\t\t\t\t\t\t<span class=\"elementor-button-text\">Contactez-nous<\/span>\n\t\t<\/span>\n\t\t\t\t\t<\/a>\n\t\t<\/div>\n\t\t\t\t<\/div>\n\t\t\t\t<\/div>\n\t\t\t\t\t\t<\/div>\n\t\t\t\t\t<\/div>\n\t\t<\/div>\n\t\t\t\t\t\t\t\t<\/div>\n\t\t\t\t\t<\/div>\n\t\t<\/section>\n\t\t\t\t\t\t\t\t\t<\/div>\n\t\t\t<\/div>\n\t\t\t\t\t<\/div>\n\t\t","protected":false},"excerpt":{"rendered":"<p>Jeunes Feuilles Salades Compos\u00e9es Laitue Jeune Pousse \u00c9pinards M\u00e9lange Printanier Demande d&rsquo;information \u00c9crivez pour demander des informations ou un devis gratuit Contactez-nous<\/p>\n","protected":false},"author":3,"featured_media":0,"parent":8791,"menu_order":0,"comment_status":"closed","ping_status":"closed","template":"","meta":{"inline_featured_image":false,"footnotes":""},"class_list":["post-8906","page","type-page","status-publish","hentry"],"yoast_head":"<!-- This site is optimized with the Yoast SEO Premium plugin v26.8 (Yoast SEO v26.8) - https:\/\/yoast.com\/product\/yoast-seo-premium-wordpress\/ -->\n<title>Selezionatrici ottiche per Salade et l\u00e9gumes \u00e0 feuilles - Raytec Vision<\/title>\n<meta name=\"description\" content=\"Selezionatrici ottiche per la IV gamma di Raytec Vision azienda che produce macchine per scartare corpi estranei e difetti nelle insalate\" \/>\n<meta name=\"robots\" content=\"index, follow, max-snippet:-1, max-image-preview:large, max-video-preview:-1\" \/>\n<link rel=\"canonical\" href=\"https:\/\/www.raytecvision.com\/fr\/applications\/insalata-e-ortaggi-a-foglia\/\" \/>\n<meta property=\"og:locale\" content=\"fr_FR\" \/>\n<meta property=\"og:type\" content=\"article\" \/>\n<meta property=\"og:title\" content=\"Salade et l\u00e9gumes \u00e0 feuilles\" \/>\n<meta property=\"og:description\" content=\"Selezionatrici ottiche per la IV gamma di Raytec Vision azienda che produce macchine per scartare corpi estranei e difetti nelle insalate\" \/>\n<meta property=\"og:url\" content=\"https:\/\/www.raytecvision.com\/fr\/applications\/insalata-e-ortaggi-a-foglia\/\" \/>\n<meta property=\"og:site_name\" content=\"Raytec Vision\" \/>\n<meta property=\"article:publisher\" content=\"https:\/\/www.facebook.com\/RaytecVision\" \/>\n<meta property=\"article:modified_time\" content=\"2024-02-23T15:47:05+00:00\" \/>\n<meta property=\"og:image\" content=\"https:\/\/www.raytecvision.com\/wp-content\/uploads\/sites\/50\/2022\/04\/insalata-non-lavata.jpg\" \/>\n<meta name=\"twitter:card\" content=\"summary_large_image\" \/>\n<meta name=\"twitter:site\" content=\"@raytec_sorting\" \/>\n<meta name=\"twitter:label1\" content=\"Dur\u00e9e de lecture estim\u00e9e\" \/>\n\t<meta name=\"twitter:data1\" content=\"2 minutes\" \/>\n<script type=\"application\/ld+json\" class=\"yoast-schema-graph\">{\"@context\":\"https:\/\/schema.org\",\"@graph\":[{\"@type\":\"WebPage\",\"@id\":\"https:\/\/www.raytecvision.com\/fr\/applications\/insalata-e-ortaggi-a-foglia\/\",\"url\":\"https:\/\/www.raytecvision.com\/fr\/applications\/insalata-e-ortaggi-a-foglia\/\",\"name\":\"Selezionatrici ottiche per Salade et l\u00e9gumes \u00e0 feuilles - Raytec Vision\",\"isPartOf\":{\"@id\":\"https:\/\/www.raytecvision.com\/fr\/#website\"},\"primaryImageOfPage\":{\"@id\":\"https:\/\/www.raytecvision.com\/fr\/applications\/insalata-e-ortaggi-a-foglia\/#primaryimage\"},\"image\":{\"@id\":\"https:\/\/www.raytecvision.com\/fr\/applications\/insalata-e-ortaggi-a-foglia\/#primaryimage\"},\"thumbnailUrl\":\"https:\/\/www.raytecvision.com\/wp-content\/uploads\/sites\/50\/2022\/04\/insalata-non-lavata.jpg\",\"datePublished\":\"2021-02-11T10:25:23+00:00\",\"dateModified\":\"2024-02-23T15:47:05+00:00\",\"description\":\"Selezionatrici ottiche per la IV gamma di Raytec Vision azienda che produce macchine per scartare corpi estranei e difetti nelle insalate\",\"breadcrumb\":{\"@id\":\"https:\/\/www.raytecvision.com\/fr\/applications\/insalata-e-ortaggi-a-foglia\/#breadcrumb\"},\"inLanguage\":\"fr-FR\",\"potentialAction\":[{\"@type\":\"ReadAction\",\"target\":[\"https:\/\/www.raytecvision.com\/fr\/applications\/insalata-e-ortaggi-a-foglia\/\"]}]},{\"@type\":\"ImageObject\",\"inLanguage\":\"fr-FR\",\"@id\":\"https:\/\/www.raytecvision.com\/fr\/applications\/insalata-e-ortaggi-a-foglia\/#primaryimage\",\"url\":\"https:\/\/www.raytecvision.com\/wp-content\/uploads\/sites\/50\/2022\/04\/insalata-non-lavata.jpg\",\"contentUrl\":\"https:\/\/www.raytecvision.com\/wp-content\/uploads\/sites\/50\/2022\/04\/insalata-non-lavata.jpg\"},{\"@type\":\"BreadcrumbList\",\"@id\":\"https:\/\/www.raytecvision.com\/fr\/applications\/insalata-e-ortaggi-a-foglia\/#breadcrumb\",\"itemListElement\":[{\"@type\":\"ListItem\",\"position\":1,\"name\":\"Home\",\"item\":\"https:\/\/www.raytecvision.com\/fr\/\"},{\"@type\":\"ListItem\",\"position\":2,\"name\":\"Applications\",\"item\":\"https:\/\/www.raytecvision.com\/fr\/applications\/\"},{\"@type\":\"ListItem\",\"position\":3,\"name\":\"Salade et l\u00e9gumes \u00e0 feuilles\"}]},{\"@type\":\"WebSite\",\"@id\":\"https:\/\/www.raytecvision.com\/fr\/#website\",\"url\":\"https:\/\/www.raytecvision.com\/fr\/\",\"name\":\"Raytec Vision\",\"description\":\"Innovation in Sorting Equipment\",\"publisher\":{\"@id\":\"https:\/\/www.raytecvision.com\/fr\/#organization\"},\"potentialAction\":[{\"@type\":\"SearchAction\",\"target\":{\"@type\":\"EntryPoint\",\"urlTemplate\":\"https:\/\/www.raytecvision.com\/fr\/?s={search_term_string}\"},\"query-input\":{\"@type\":\"PropertyValueSpecification\",\"valueRequired\":true,\"valueName\":\"search_term_string\"}}],\"inLanguage\":\"fr-FR\"},{\"@type\":\"Organization\",\"@id\":\"https:\/\/www.raytecvision.com\/fr\/#organization\",\"name\":\"Raytec Vision\",\"url\":\"https:\/\/www.raytecvision.com\/fr\/\",\"logo\":{\"@type\":\"ImageObject\",\"inLanguage\":\"fr-FR\",\"@id\":\"https:\/\/www.raytecvision.com\/fr\/#\/schema\/logo\/image\/\",\"url\":\"\",\"contentUrl\":\"\",\"caption\":\"Raytec Vision\"},\"image\":{\"@id\":\"https:\/\/www.raytecvision.com\/fr\/#\/schema\/logo\/image\/\"},\"sameAs\":[\"https:\/\/www.facebook.com\/RaytecVision\",\"https:\/\/x.com\/raytec_sorting\",\"https:\/\/www.linkedin.com\/company\/raytec-vision\/\"],\"publishingPrinciples\":\"https:\/\/www.raytecvision.com\/privacy-policy\/\",\"ownershipFundingInfo\":\"https:\/\/www.raytecvision.com\/chi-siamo-2\/la-nostra-storia\/\"}]}<\/script>\n<!-- \/ Yoast SEO Premium plugin. -->","yoast_head_json":{"title":"Selezionatrici ottiche per Salade et l\u00e9gumes \u00e0 feuilles - Raytec Vision","description":"Selezionatrici ottiche per la IV gamma di Raytec Vision azienda che produce macchine per scartare corpi estranei e difetti nelle insalate","robots":{"index":"index","follow":"follow","max-snippet":"max-snippet:-1","max-image-preview":"max-image-preview:large","max-video-preview":"max-video-preview:-1"},"canonical":"https:\/\/www.raytecvision.com\/fr\/applications\/insalata-e-ortaggi-a-foglia\/","og_locale":"fr_FR","og_type":"article","og_title":"Salade et l\u00e9gumes \u00e0 feuilles","og_description":"Selezionatrici ottiche per la IV gamma di Raytec Vision azienda che produce macchine per scartare corpi estranei e difetti nelle insalate","og_url":"https:\/\/www.raytecvision.com\/fr\/applications\/insalata-e-ortaggi-a-foglia\/","og_site_name":"Raytec Vision","article_publisher":"https:\/\/www.facebook.com\/RaytecVision","article_modified_time":"2024-02-23T15:47:05+00:00","og_image":[{"url":"https:\/\/www.raytecvision.com\/wp-content\/uploads\/sites\/50\/2022\/04\/insalata-non-lavata.jpg","type":"","width":"","height":""}],"twitter_card":"summary_large_image","twitter_site":"@raytec_sorting","twitter_misc":{"Dur\u00e9e de lecture estim\u00e9e":"2 minutes"},"schema":{"@context":"https:\/\/schema.org","@graph":[{"@type":"WebPage","@id":"https:\/\/www.raytecvision.com\/fr\/applications\/insalata-e-ortaggi-a-foglia\/","url":"https:\/\/www.raytecvision.com\/fr\/applications\/insalata-e-ortaggi-a-foglia\/","name":"Selezionatrici ottiche per Salade et l\u00e9gumes \u00e0 feuilles - Raytec Vision","isPartOf":{"@id":"https:\/\/www.raytecvision.com\/fr\/#website"},"primaryImageOfPage":{"@id":"https:\/\/www.raytecvision.com\/fr\/applications\/insalata-e-ortaggi-a-foglia\/#primaryimage"},"image":{"@id":"https:\/\/www.raytecvision.com\/fr\/applications\/insalata-e-ortaggi-a-foglia\/#primaryimage"},"thumbnailUrl":"https:\/\/www.raytecvision.com\/wp-content\/uploads\/sites\/50\/2022\/04\/insalata-non-lavata.jpg","datePublished":"2021-02-11T10:25:23+00:00","dateModified":"2024-02-23T15:47:05+00:00","description":"Selezionatrici ottiche per la IV gamma di Raytec Vision azienda che produce macchine per scartare corpi estranei e difetti nelle insalate","breadcrumb":{"@id":"https:\/\/www.raytecvision.com\/fr\/applications\/insalata-e-ortaggi-a-foglia\/#breadcrumb"},"inLanguage":"fr-FR","potentialAction":[{"@type":"ReadAction","target":["https:\/\/www.raytecvision.com\/fr\/applications\/insalata-e-ortaggi-a-foglia\/"]}]},{"@type":"ImageObject","inLanguage":"fr-FR","@id":"https:\/\/www.raytecvision.com\/fr\/applications\/insalata-e-ortaggi-a-foglia\/#primaryimage","url":"https:\/\/www.raytecvision.com\/wp-content\/uploads\/sites\/50\/2022\/04\/insalata-non-lavata.jpg","contentUrl":"https:\/\/www.raytecvision.com\/wp-content\/uploads\/sites\/50\/2022\/04\/insalata-non-lavata.jpg"},{"@type":"BreadcrumbList","@id":"https:\/\/www.raytecvision.com\/fr\/applications\/insalata-e-ortaggi-a-foglia\/#breadcrumb","itemListElement":[{"@type":"ListItem","position":1,"name":"Home","item":"https:\/\/www.raytecvision.com\/fr\/"},{"@type":"ListItem","position":2,"name":"Applications","item":"https:\/\/www.raytecvision.com\/fr\/applications\/"},{"@type":"ListItem","position":3,"name":"Salade et l\u00e9gumes \u00e0 feuilles"}]},{"@type":"WebSite","@id":"https:\/\/www.raytecvision.com\/fr\/#website","url":"https:\/\/www.raytecvision.com\/fr\/","name":"Raytec Vision","description":"Innovation in Sorting Equipment","publisher":{"@id":"https:\/\/www.raytecvision.com\/fr\/#organization"},"potentialAction":[{"@type":"SearchAction","target":{"@type":"EntryPoint","urlTemplate":"https:\/\/www.raytecvision.com\/fr\/?s={search_term_string}"},"query-input":{"@type":"PropertyValueSpecification","valueRequired":true,"valueName":"search_term_string"}}],"inLanguage":"fr-FR"},{"@type":"Organization","@id":"https:\/\/www.raytecvision.com\/fr\/#organization","name":"Raytec Vision","url":"https:\/\/www.raytecvision.com\/fr\/","logo":{"@type":"ImageObject","inLanguage":"fr-FR","@id":"https:\/\/www.raytecvision.com\/fr\/#\/schema\/logo\/image\/","url":"","contentUrl":"","caption":"Raytec Vision"},"image":{"@id":"https:\/\/www.raytecvision.com\/fr\/#\/schema\/logo\/image\/"},"sameAs":["https:\/\/www.facebook.com\/RaytecVision","https:\/\/x.com\/raytec_sorting","https:\/\/www.linkedin.com\/company\/raytec-vision\/"],"publishingPrinciples":"https:\/\/www.raytecvision.com\/privacy-policy\/","ownershipFundingInfo":"https:\/\/www.raytecvision.com\/chi-siamo-2\/la-nostra-storia\/"}]}},"jetpack_sharing_enabled":true,"_links":{"self":[{"href":"https:\/\/www.raytecvision.com\/fr\/wp-json\/wp\/v2\/pages\/8906","targetHints":{"allow":["GET"]}}],"collection":[{"href":"https:\/\/www.raytecvision.com\/fr\/wp-json\/wp\/v2\/pages"}],"about":[{"href":"https:\/\/www.raytecvision.com\/fr\/wp-json\/wp\/v2\/types\/page"}],"author":[{"embeddable":true,"href":"https:\/\/www.raytecvision.com\/fr\/wp-json\/wp\/v2\/users\/3"}],"replies":[{"embeddable":true,"href":"https:\/\/www.raytecvision.com\/fr\/wp-json\/wp\/v2\/comments?post=8906"}],"version-history":[{"count":47,"href":"https:\/\/www.raytecvision.com\/fr\/wp-json\/wp\/v2\/pages\/8906\/revisions"}],"predecessor-version":[{"id":26117,"href":"https:\/\/www.raytecvision.com\/fr\/wp-json\/wp\/v2\/pages\/8906\/revisions\/26117"}],"up":[{"embeddable":true,"href":"https:\/\/www.raytecvision.com\/fr\/wp-json\/wp\/v2\/pages\/8791"}],"wp:attachment":[{"href":"https:\/\/www.raytecvision.com\/fr\/wp-json\/wp\/v2\/media?parent=8906"}],"curies":[{"name":"wp","href":"https:\/\/api.w.org\/{rel}","templated":true}]}}